

{"id":119385,"date":"2025-01-21T11:50:54","date_gmt":"2025-01-21T10:50:54","guid":{"rendered":"https:\/\/www.amanprana.eu\/bestes-biologisches-olivenoel-amanprana-verde-salud-winning-mit-35-awards\/"},"modified":"2025-01-21T11:52:12","modified_gmt":"2025-01-21T10:52:12","slug":"bestes-biologisches-olivenoel-amanprana-verde-salud-winning-mit-35-awards","status":"publish","type":"page","link":"https:\/\/www.amanprana.eu\/de\/bestes-biologisches-olivenoel-amanprana-verde-salud-winning-mit-35-awards\/","title":{"rendered":"Bestes Bio-Oliven\u00f6l: Amanprana Verde Salud mit 35 Auszeichnungen pr\u00e4miert"},"content":{"rendered":"<p>Jeder Tropfen Amanprana Verde Salud erz\u00e4hlt eine Geschichte von Tradition, Hingabe und unvergleichlicher Qualit\u00e4t. Von jahrhundertealten Olivenb\u00e4umen bis hin zu prestigetr\u00e4chtigen internationalen B\u00fchnen hat Verde Salud der Welt gezeigt, was echtes biologisches natives Oliven\u00f6l extra bedeutet. Dieses einzigartige Oliven\u00f6l wurde mit beeindruckenden <strong>35 internationalen Auszeichnungen<\/strong> geehrt, ein Zeugnis unserer Leidenschaft und unseres Handwerks.<\/p>\n<p>Neugierig auf die beeindruckende Liste der Auszeichnungen? Entdecken Sie die Ehrungen, die Verde Salud zu einer Ikone in der Welt des Oliven\u00f6ls gemacht haben.<\/p>\n<hr>\n<h2>Highlights unserer Erfolge<\/h2>\n<ul>\n<li>\ud83e\udd47 <strong>Goldmedaille, Ecotrama Medalla Gran Oro (2019)<\/strong><\/li>\n<li>\ud83e\udd47 <strong>Goldener Alcuza-Preis (2025)<\/strong><\/li>\n<li>\ud83e\udd47 <strong>Goldener Lechuza-Preis (2024)<\/strong><\/li>\n<li>\ud83e\udd47 <strong>EcoTrama-Preis: Bestes biologisches natives Oliven\u00f6l extra von kleinen Produzenten (2022)<\/strong><\/li>\n<li>\ud83e\udd48 <strong>Silbermedaille, XV Internationaler Wettbewerb f\u00fcr biologisches natives Oliven\u00f6l extra (2016)<\/strong><\/li>\n<\/ul>\n<hr>\n<h2>Vollst\u00e4ndige Liste der Auszeichnungen nach Jahr<\/h2>\n<h3>2025<\/h3>\n<ul>\n<li>\ud83e\udd47 Goldener Alcuza-Preis<\/li>\n<\/ul>\n<h3>2024<\/h3>\n<ul>\n<li>\ud83e\udd47 Goldener Lechuza-Preis<\/li>\n<li>\ud83e\udd47 Goldener Alcuza-Preis<\/li>\n<\/ul>\n<h3>2023<\/h3>\n<ul>\n<li>\ud83e\udd47 Goldener Lechuza-Preis<\/li>\n<li>\ud83e\udd47 Goldener Alcuza-Preis<\/li>\n<\/ul>\n<h3>2022<\/h3>\n<ul>\n<li>\ud83e\udd47 EcoTrama-Preis (Bestes biologisches natives Oliven\u00f6l extra von kleinen Produzenten)<\/li>\n<li>\ud83e\udd47 Goldener Lechuza-Preis<\/li>\n<\/ul>\n<h3>2020-2021<\/h3>\n<ul>\n<li>\ud83e\udd47 Goldener Lechuza-Preis<\/li>\n<\/ul>\n<h3>2019<\/h3>\n<ul>\n<li>\ud83e\udd47 Goldmedaille, Ecotrama Medalla Gran Oro<\/li>\n<li>\ud83e\udd49 Bronzemedaille, Premio Mezquita<\/li>\n<\/ul>\n<h3>2017<\/h3>\n<ul>\n<li>\ud83e\udd47 Goldener Lechuza-Preis<\/li>\n<\/ul>\n<h3>2016<\/h3>\n<ul>\n<li>\ud83e\udd48 Silberner Lechuza-Preis<\/li>\n<li>\ud83e\udd48 Silbermedaille, XV Internationaler Wettbewerb f\u00fcr biologisches natives Oliven\u00f6l extra<\/li>\n<\/ul>\n<h3>2015<\/h3>\n<ul>\n<li>\ud83e\udd47 Goldener Alcuza-Preis f\u00fcr das beste \u00d6l mit Ursprungsbezeichnung Sierra M\u00e1gina<\/li>\n<li>\ud83e\udd47 Goldmedaille, XIV Internationaler Wettbewerb f\u00fcr biologisches natives Oliven\u00f6l extra<\/li>\n<\/ul>\n<h3>2014<\/h3>\n<ul>\n<li>\ud83e\udd47 Goldener Lechuza-Preis<\/li>\n<li>\ud83e\udd48 Silbermedaille f\u00fcr das beste biologische gr\u00fcne \u00d6l auf der XVI Fira Natura<\/li>\n<\/ul>\n<h3>2012<\/h3>\n<ul>\n<li>\ud83e\udd48 Silberner Alcuza-Preis<\/li>\n<li>\ud83e\udd48 Silberner Lechuza-Preis<\/li>\n<\/ul>\n<h3>2011<\/h3>\n<ul>\n<li>\ud83e\udd48 Silberner Alcuza-Preis<\/li>\n<\/ul>\n<h3>2010<\/h3>\n<ul>\n<li>\ud83e\udd47 Goldener Alcuza-Preis<\/li>\n<li>\ud83e\udd48 Silberner Lechuza-Preis<\/li>\n<\/ul>\n<h3>2009<\/h3>\n<ul>\n<li>Preg\u00f3nero-Preis<\/li>\n<li>\ud83e\udd47 Goldener Alcuza-Preis<\/li>\n<\/ul>\n<h3>2008<\/h3>\n<ul>\n<li>\ud83e\udd47 Goldener Lechuza-Preis<\/li>\n<li>\ud83e\udd48 Silberner Alcuza-Preis<\/li>\n<\/ul>\n<h3>2006<\/h3>\n<ul>\n<li>\ud83e\udd47 Goldener Lechuza-Preis<\/li>\n<li>Preis f\u00fcr die nachhaltige Entwicklung des Naturparks Sierra M\u00e1gina<\/li>\n<\/ul>\n<h3>2005<\/h3>\n<ul>\n<li>\ud83e\udd47 Goldener Lechuza-Preis<\/li>\n<li>\ud83e\udd47 Goldener Alcuza-Preis, VI Weltfestival des Olivenbaums<\/li>\n<\/ul>\n<h3>2003<\/h3>\n<ul>\n<li>\ud83e\udd48 Silberner Alcuza-Preis<\/li>\n<li>Anerkennung durch das Landwirtschaftsministerium<\/li>\n<\/ul>\n<h3>2001, 2002 und 2003<\/h3>\n<ul>\n<li>\ud83e\udd47 Goldener Lechuza-Preis<\/li>\n<\/ul>\n<hr>\n<h2>Erleben Sie es selbst: Probieren Sie Amanprana Verde Salud<\/h2>\n<p>Diese Auszeichnungen best\u00e4tigen, dass Amanprana Verde Salud eine au\u00dfergew\u00f6hnliche Wahl f\u00fcr alle ist, die reines und biologisches natives Oliven\u00f6l extra genie\u00dfen. F\u00fcgen Sie dieses au\u00dfergew\u00f6hnliche \u00d6l Ihrer K\u00fcche hinzu und erleben Sie den Unterschied.<\/p>\n<p><a href=\"https:\/\/www.amanprana.eu\/de\/produkt\/lebensmittel\/olivenol-verde-salud\/\" class=\"btn btn-primary\">Jetzt Verde Salud Bestellen<\/a><\/p>\n","protected":false},"excerpt":{"rendered":"<p>Jeder Tropfen Amanprana Verde Salud erz\u00e4hlt eine Geschichte von Tradition, Hingabe und unvergleichlicher Qualit\u00e4t. Von jahrhundertealten Olivenb\u00e4umen bis hin zu prestigetr\u00e4chtigen internationalen B\u00fchnen hat Verde Salud der Welt gezeigt, was &#8230;<\/p>\n","protected":false},"author":12,"featured_media":0,"parent":0,"menu_order":1,"comment_status":"closed","ping_status":"closed","template":"","meta":{"_acf_changed":false,"rating_form_position":"","rating_results_position":"","mr_structured_data_type":"","footnotes":""},"class_list":["post-119385","page","type-page","status-publish","hentry","no-post-thumbnail"],"acf":[],"yoast_head":"<!-- This site is optimized with the Yoast SEO plugin v24.7 - https:\/\/yoast.com\/wordpress\/plugins\/seo\/ -->\n<title>Bestes Bio-Oliven\u00f6l: Amanprana Verde Salud mit 35 Auszeichnungen pr\u00e4miert - Amanprana<\/title>\n<meta name=\"description\" content=\"Entdecken Sie, warum Amanprana Verde Salud, ausgezeichnet mit 35 internationalen Preisen, die beste Wahl f\u00fcr biologisches natives Oliven\u00f6l extra ist. Bestellen Sie jetzt und schmecken Sie den Unterschied!\" \/>\n<meta name=\"robots\" content=\"index, follow, max-snippet:-1, max-image-preview:large, max-video-preview:-1\" \/>\n<link rel=\"canonical\" href=\"https:\/\/www.amanprana.eu\/de\/bestes-biologisches-olivenoel-amanprana-verde-salud-winning-mit-35-awards\/\" \/>\n<meta property=\"og:locale\" content=\"de_DE\" \/>\n<meta property=\"og:type\" content=\"article\" \/>\n<meta property=\"og:title\" content=\"Bestes Bio-Oliven\u00f6l: Amanprana Verde Salud mit 35 Auszeichnungen pr\u00e4miert - Amanprana\" \/>\n<meta property=\"og:description\" content=\"Entdecken Sie, warum Amanprana Verde Salud, ausgezeichnet mit 35 internationalen Preisen, die beste Wahl f\u00fcr biologisches natives Oliven\u00f6l extra ist. Bestellen Sie jetzt und schmecken Sie den Unterschied!\" \/>\n<meta property=\"og:url\" content=\"https:\/\/www.amanprana.eu\/de\/bestes-biologisches-olivenoel-amanprana-verde-salud-winning-mit-35-awards\/\" \/>\n<meta property=\"og:site_name\" content=\"Amanprana\" \/>\n<meta property=\"article:publisher\" content=\"https:\/\/www.facebook.com\/Amanpranaproducts\/\" \/>\n<meta property=\"article:modified_time\" content=\"2025-01-21T10:52:12+00:00\" \/>\n<meta property=\"og:image\" content=\"https:\/\/www.amanprana.eu\/wp-content\/uploads\/hires-amanprana-logo.jpg\" \/>\n\t<meta property=\"og:image:width\" content=\"2362\" \/>\n\t<meta property=\"og:image:height\" content=\"2362\" \/>\n\t<meta property=\"og:image:type\" content=\"image\/jpeg\" \/>\n<meta name=\"twitter:card\" content=\"summary_large_image\" \/>\n<meta name=\"twitter:label1\" content=\"Gesch\u00e4tzte Lesezeit\" \/>\n\t<meta name=\"twitter:data1\" content=\"2\u00a0Minuten\" \/>\n<script type=\"application\/ld+json\" class=\"yoast-schema-graph\">{\"@context\":\"https:\/\/schema.org\",\"@graph\":[{\"@type\":\"WebPage\",\"@id\":\"https:\/\/www.amanprana.eu\/de\/bestes-biologisches-olivenoel-amanprana-verde-salud-winning-mit-35-awards\/\",\"url\":\"https:\/\/www.amanprana.eu\/de\/bestes-biologisches-olivenoel-amanprana-verde-salud-winning-mit-35-awards\/\",\"name\":\"Bestes Bio-Oliven\u00f6l: Amanprana Verde Salud mit 35 Auszeichnungen pr\u00e4miert - Amanprana\",\"isPartOf\":{\"@id\":\"https:\/\/www.amanprana.eu\/de\/#website\"},\"datePublished\":\"2025-01-21T10:50:54+00:00\",\"dateModified\":\"2025-01-21T10:52:12+00:00\",\"description\":\"Entdecken Sie, warum Amanprana Verde Salud, ausgezeichnet mit 35 internationalen Preisen, die beste Wahl f\u00fcr biologisches natives Oliven\u00f6l extra ist. Bestellen Sie jetzt und schmecken Sie den Unterschied!\",\"breadcrumb\":{\"@id\":\"https:\/\/www.amanprana.eu\/de\/bestes-biologisches-olivenoel-amanprana-verde-salud-winning-mit-35-awards\/#breadcrumb\"},\"inLanguage\":\"de\",\"potentialAction\":[{\"@type\":\"ReadAction\",\"target\":[\"https:\/\/www.amanprana.eu\/de\/bestes-biologisches-olivenoel-amanprana-verde-salud-winning-mit-35-awards\/\"]}]},{\"@type\":\"BreadcrumbList\",\"@id\":\"https:\/\/www.amanprana.eu\/de\/bestes-biologisches-olivenoel-amanprana-verde-salud-winning-mit-35-awards\/#breadcrumb\",\"itemListElement\":[{\"@type\":\"ListItem\",\"position\":1,\"name\":\"Amanprana.eu\",\"item\":\"https:\/\/www.amanprana.eu\/de\/\"},{\"@type\":\"ListItem\",\"position\":2,\"name\":\"Bestes Bio-Oliven\u00f6l: Amanprana Verde Salud mit 35 Auszeichnungen pr\u00e4miert\"}]},{\"@type\":\"WebSite\",\"@id\":\"https:\/\/www.amanprana.eu\/de\/#website\",\"url\":\"https:\/\/www.amanprana.eu\/de\/\",\"name\":\"Amanprana\",\"description\":\"Serene levenskracht\",\"publisher\":{\"@id\":\"https:\/\/www.amanprana.eu\/de\/#organization\"},\"potentialAction\":[{\"@type\":\"SearchAction\",\"target\":{\"@type\":\"EntryPoint\",\"urlTemplate\":\"https:\/\/www.amanprana.eu\/de\/?s={search_term_string}\"},\"query-input\":{\"@type\":\"PropertyValueSpecification\",\"valueRequired\":true,\"valueName\":\"search_term_string\"}}],\"inLanguage\":\"de\"},{\"@type\":\"Organization\",\"@id\":\"https:\/\/www.amanprana.eu\/de\/#organization\",\"name\":\"Amanprana\",\"url\":\"https:\/\/www.amanprana.eu\/de\/\",\"logo\":{\"@type\":\"ImageObject\",\"inLanguage\":\"de\",\"@id\":\"https:\/\/www.amanprana.eu\/de\/#\/schema\/logo\/image\/\",\"url\":\"https:\/\/www.amanprana.eu\/wp-content\/uploads\/webres-amanprana-logo.jpg\",\"contentUrl\":\"https:\/\/www.amanprana.eu\/wp-content\/uploads\/webres-amanprana-logo.jpg\",\"width\":300,\"height\":300,\"caption\":\"Amanprana\"},\"image\":{\"@id\":\"https:\/\/www.amanprana.eu\/de\/#\/schema\/logo\/image\/\"},\"sameAs\":[\"https:\/\/www.facebook.com\/Amanpranaproducts\/\",\"https:\/\/www.instagram.com\/amanprana\/\",\"https:\/\/nl.pinterest.com\/amanprana\/pins\/\"]}]}<\/script>\n<!-- \/ Yoast SEO plugin. -->","yoast_head_json":{"title":"Bestes Bio-Oliven\u00f6l: Amanprana Verde Salud mit 35 Auszeichnungen pr\u00e4miert - Amanprana","description":"Entdecken Sie, warum Amanprana Verde Salud, ausgezeichnet mit 35 internationalen Preisen, die beste Wahl f\u00fcr biologisches natives Oliven\u00f6l extra ist. Bestellen Sie jetzt und schmecken Sie den Unterschied!","robots":{"index":"index","follow":"follow","max-snippet":"max-snippet:-1","max-image-preview":"max-image-preview:large","max-video-preview":"max-video-preview:-1"},"canonical":"https:\/\/www.amanprana.eu\/de\/bestes-biologisches-olivenoel-amanprana-verde-salud-winning-mit-35-awards\/","og_locale":"de_DE","og_type":"article","og_title":"Bestes Bio-Oliven\u00f6l: Amanprana Verde Salud mit 35 Auszeichnungen pr\u00e4miert - Amanprana","og_description":"Entdecken Sie, warum Amanprana Verde Salud, ausgezeichnet mit 35 internationalen Preisen, die beste Wahl f\u00fcr biologisches natives Oliven\u00f6l extra ist. Bestellen Sie jetzt und schmecken Sie den Unterschied!","og_url":"https:\/\/www.amanprana.eu\/de\/bestes-biologisches-olivenoel-amanprana-verde-salud-winning-mit-35-awards\/","og_site_name":"Amanprana","article_publisher":"https:\/\/www.facebook.com\/Amanpranaproducts\/","article_modified_time":"2025-01-21T10:52:12+00:00","og_image":[{"width":2362,"height":2362,"url":"https:\/\/www.amanprana.eu\/wp-content\/uploads\/hires-amanprana-logo.jpg","type":"image\/jpeg"}],"twitter_card":"summary_large_image","twitter_misc":{"Gesch\u00e4tzte Lesezeit":"2\u00a0Minuten"},"schema":{"@context":"https:\/\/schema.org","@graph":[{"@type":"WebPage","@id":"https:\/\/www.amanprana.eu\/de\/bestes-biologisches-olivenoel-amanprana-verde-salud-winning-mit-35-awards\/","url":"https:\/\/www.amanprana.eu\/de\/bestes-biologisches-olivenoel-amanprana-verde-salud-winning-mit-35-awards\/","name":"Bestes Bio-Oliven\u00f6l: Amanprana Verde Salud mit 35 Auszeichnungen pr\u00e4miert - Amanprana","isPartOf":{"@id":"https:\/\/www.amanprana.eu\/de\/#website"},"datePublished":"2025-01-21T10:50:54+00:00","dateModified":"2025-01-21T10:52:12+00:00","description":"Entdecken Sie, warum Amanprana Verde Salud, ausgezeichnet mit 35 internationalen Preisen, die beste Wahl f\u00fcr biologisches natives Oliven\u00f6l extra ist. Bestellen Sie jetzt und schmecken Sie den Unterschied!","breadcrumb":{"@id":"https:\/\/www.amanprana.eu\/de\/bestes-biologisches-olivenoel-amanprana-verde-salud-winning-mit-35-awards\/#breadcrumb"},"inLanguage":"de","potentialAction":[{"@type":"ReadAction","target":["https:\/\/www.amanprana.eu\/de\/bestes-biologisches-olivenoel-amanprana-verde-salud-winning-mit-35-awards\/"]}]},{"@type":"BreadcrumbList","@id":"https:\/\/www.amanprana.eu\/de\/bestes-biologisches-olivenoel-amanprana-verde-salud-winning-mit-35-awards\/#breadcrumb","itemListElement":[{"@type":"ListItem","position":1,"name":"Amanprana.eu","item":"https:\/\/www.amanprana.eu\/de\/"},{"@type":"ListItem","position":2,"name":"Bestes Bio-Oliven\u00f6l: Amanprana Verde Salud mit 35 Auszeichnungen pr\u00e4miert"}]},{"@type":"WebSite","@id":"https:\/\/www.amanprana.eu\/de\/#website","url":"https:\/\/www.amanprana.eu\/de\/","name":"Amanprana","description":"Serene levenskracht","publisher":{"@id":"https:\/\/www.amanprana.eu\/de\/#organization"},"potentialAction":[{"@type":"SearchAction","target":{"@type":"EntryPoint","urlTemplate":"https:\/\/www.amanprana.eu\/de\/?s={search_term_string}"},"query-input":{"@type":"PropertyValueSpecification","valueRequired":true,"valueName":"search_term_string"}}],"inLanguage":"de"},{"@type":"Organization","@id":"https:\/\/www.amanprana.eu\/de\/#organization","name":"Amanprana","url":"https:\/\/www.amanprana.eu\/de\/","logo":{"@type":"ImageObject","inLanguage":"de","@id":"https:\/\/www.amanprana.eu\/de\/#\/schema\/logo\/image\/","url":"https:\/\/www.amanprana.eu\/wp-content\/uploads\/webres-amanprana-logo.jpg","contentUrl":"https:\/\/www.amanprana.eu\/wp-content\/uploads\/webres-amanprana-logo.jpg","width":300,"height":300,"caption":"Amanprana"},"image":{"@id":"https:\/\/www.amanprana.eu\/de\/#\/schema\/logo\/image\/"},"sameAs":["https:\/\/www.facebook.com\/Amanpranaproducts\/","https:\/\/www.instagram.com\/amanprana\/","https:\/\/nl.pinterest.com\/amanprana\/pins\/"]}]}},"multi-rating":{"mr_rating_results":[]},"_links":{"self":[{"href":"https:\/\/www.amanprana.eu\/de\/wp-json\/wp\/v2\/pages\/119385","targetHints":{"allow":["GET"]}}],"collection":[{"href":"https:\/\/www.amanprana.eu\/de\/wp-json\/wp\/v2\/pages"}],"about":[{"href":"https:\/\/www.amanprana.eu\/de\/wp-json\/wp\/v2\/types\/page"}],"author":[{"embeddable":true,"href":"https:\/\/www.amanprana.eu\/de\/wp-json\/wp\/v2\/users\/12"}],"replies":[{"embeddable":true,"href":"https:\/\/www.amanprana.eu\/de\/wp-json\/wp\/v2\/comments?post=119385"}],"version-history":[{"count":1,"href":"https:\/\/www.amanprana.eu\/de\/wp-json\/wp\/v2\/pages\/119385\/revisions"}],"predecessor-version":[{"id":119387,"href":"https:\/\/www.amanprana.eu\/de\/wp-json\/wp\/v2\/pages\/119385\/revisions\/119387"}],"wp:attachment":[{"href":"https:\/\/www.amanprana.eu\/de\/wp-json\/wp\/v2\/media?parent=119385"}],"curies":[{"name":"wp","href":"https:\/\/api.w.org\/{rel}","templated":true}]}}