

{"id":28722,"date":"2018-06-20T17:49:16","date_gmt":"2018-06-20T15:49:16","guid":{"rendered":"https:\/\/www.amanprana.eu\/newsletter-abonnieren\/"},"modified":"2021-10-01T11:23:08","modified_gmt":"2021-10-01T09:23:08","slug":"newsletter-abonnieren","status":"publish","type":"page","link":"https:\/\/www.amanprana.eu\/de\/newsletter-abonnieren\/","title":{"rendered":"Newsletter abonnieren"},"content":{"rendered":"\n<p>Wir m\u00f6chten unsere Kunden mit exklusiven Informationen und den neuesten Nachrichten \u00fcberraschen. Lassen Sie sich keine ausf\u00fchrlichen Artikel \u00fcber Ern\u00e4hrung als Medizin und nat\u00fcrliche K\u00f6rperpflege entgehen. Im Amanprana Newsletter geht es um Ihre Gesundheit. Erg\u00e4nzt mit leckeren Rezepten und n\u00fctzlichen Tipps. Melden Sie sich jetzt f\u00fcr den Amanprana Newsletter an, wir halten Sie auf dem Laufenden und Sie verpassen nichts mehr.  <\/p>\n\n<div class=\"wp-block-columns is-layout-flex wp-container-core-columns-is-layout-1 wp-block-columns-is-layout-flex\">\n<div class=\"wp-block-column is-layout-flow wp-block-column-is-layout-flow\">\n<h4 class=\"wp-block-heading\">Exklusive Tipps<\/h4>\n\n\n\n<p>Nur f\u00fcr Newsletter-Leser<\/p>\n<\/div>\n\n\n\n<div class=\"wp-block-column is-layout-flow wp-block-column-is-layout-flow\">\n<h4 class=\"wp-block-heading\">Die neuesten Produkte<\/h4>\n\n\n\n<p>Als erster informiert<\/p>\n<\/div>\n\n\n\n<div class=\"wp-block-column is-layout-flow wp-block-column-is-layout-flow\">\n<h4 class=\"wp-block-heading\">K\u00f6stliche Rezepte<\/h4>\n\n\n\n<p>Entdecken Sie unsere Empfehlungen<\/p>\n<\/div>\n<\/div>\n\n<p><\/p>\n","protected":false},"excerpt":{"rendered":"<p>Wir m\u00f6chten unsere Kunden mit exklusiven Informationen und den neuesten Nachrichten \u00fcberraschen. Lassen Sie sich keine ausf\u00fchrlichen Artikel \u00fcber Ern\u00e4hrung als Medizin und nat\u00fcrliche K\u00f6rperpflege entgehen. Im Amanprana Newsletter geht &#8230;<\/p>\n","protected":false},"author":9,"featured_media":0,"parent":0,"menu_order":79,"comment_status":"closed","ping_status":"closed","template":"","meta":{"_acf_changed":false,"rating_form_position":"","rating_results_position":"","mr_structured_data_type":"","footnotes":""},"class_list":["post-28722","page","type-page","status-publish","hentry","no-post-thumbnail"],"acf":[],"yoast_head":"<!-- This site is optimized with the Yoast SEO plugin v24.7 - https:\/\/yoast.com\/wordpress\/plugins\/seo\/ -->\n<title>Abonnieren Sie den monatlichen Amanprana Newsletter<\/title>\n<meta name=\"description\" content=\"Der Amanprana Newsletter informiert Sie jeden Monat \u00fcber Ern\u00e4hrung als Medizin und nat\u00fcrliche K\u00f6rperpflege mit n\u00fctzlichen Tipps und leckeren gesunden Rezepten\" \/>\n<meta name=\"robots\" content=\"index, follow, max-snippet:-1, max-image-preview:large, max-video-preview:-1\" \/>\n<link rel=\"canonical\" href=\"https:\/\/www.amanprana.eu\/de\/newsletter-abonnieren\/\" \/>\n<meta property=\"og:locale\" content=\"de_DE\" \/>\n<meta property=\"og:type\" content=\"article\" \/>\n<meta property=\"og:title\" content=\"Abonnieren Sie den monatlichen Amanprana Newsletter\" \/>\n<meta property=\"og:description\" content=\"Der Amanprana Newsletter informiert Sie jeden Monat \u00fcber Ern\u00e4hrung als Medizin und nat\u00fcrliche K\u00f6rperpflege mit n\u00fctzlichen Tipps und leckeren gesunden Rezepten\" \/>\n<meta property=\"og:url\" content=\"https:\/\/www.amanprana.eu\/de\/newsletter-abonnieren\/\" \/>\n<meta property=\"og:site_name\" content=\"Amanprana\" \/>\n<meta property=\"article:publisher\" content=\"https:\/\/www.facebook.com\/Amanpranaproducts\/\" \/>\n<meta property=\"article:modified_time\" content=\"2021-10-01T09:23:08+00:00\" \/>\n<meta property=\"og:image\" content=\"https:\/\/www.amanprana.eu\/wp-content\/uploads\/hires-amanprana-logo.jpg\" \/>\n\t<meta property=\"og:image:width\" content=\"2362\" \/>\n\t<meta property=\"og:image:height\" content=\"2362\" \/>\n\t<meta property=\"og:image:type\" content=\"image\/jpeg\" \/>\n<meta name=\"twitter:card\" content=\"summary_large_image\" \/>\n<script type=\"application\/ld+json\" class=\"yoast-schema-graph\">{\"@context\":\"https:\/\/schema.org\",\"@graph\":[{\"@type\":\"WebPage\",\"@id\":\"https:\/\/www.amanprana.eu\/de\/newsletter-abonnieren\/\",\"url\":\"https:\/\/www.amanprana.eu\/de\/newsletter-abonnieren\/\",\"name\":\"Abonnieren Sie den monatlichen Amanprana Newsletter\",\"isPartOf\":{\"@id\":\"https:\/\/www.amanprana.eu\/de\/#website\"},\"datePublished\":\"2018-06-20T15:49:16+00:00\",\"dateModified\":\"2021-10-01T09:23:08+00:00\",\"description\":\"Der Amanprana Newsletter informiert Sie jeden Monat \u00fcber Ern\u00e4hrung als Medizin und nat\u00fcrliche K\u00f6rperpflege mit n\u00fctzlichen Tipps und leckeren gesunden Rezepten\",\"breadcrumb\":{\"@id\":\"https:\/\/www.amanprana.eu\/de\/newsletter-abonnieren\/#breadcrumb\"},\"inLanguage\":\"de\",\"potentialAction\":[{\"@type\":\"ReadAction\",\"target\":[\"https:\/\/www.amanprana.eu\/de\/newsletter-abonnieren\/\"]}]},{\"@type\":\"BreadcrumbList\",\"@id\":\"https:\/\/www.amanprana.eu\/de\/newsletter-abonnieren\/#breadcrumb\",\"itemListElement\":[{\"@type\":\"ListItem\",\"position\":1,\"name\":\"Amanprana.eu\",\"item\":\"https:\/\/www.amanprana.eu\/de\/\"},{\"@type\":\"ListItem\",\"position\":2,\"name\":\"Newsletter abonnieren\"}]},{\"@type\":\"WebSite\",\"@id\":\"https:\/\/www.amanprana.eu\/de\/#website\",\"url\":\"https:\/\/www.amanprana.eu\/de\/\",\"name\":\"Amanprana\",\"description\":\"Serene levenskracht\",\"publisher\":{\"@id\":\"https:\/\/www.amanprana.eu\/de\/#organization\"},\"potentialAction\":[{\"@type\":\"SearchAction\",\"target\":{\"@type\":\"EntryPoint\",\"urlTemplate\":\"https:\/\/www.amanprana.eu\/de\/?s={search_term_string}\"},\"query-input\":{\"@type\":\"PropertyValueSpecification\",\"valueRequired\":true,\"valueName\":\"search_term_string\"}}],\"inLanguage\":\"de\"},{\"@type\":\"Organization\",\"@id\":\"https:\/\/www.amanprana.eu\/de\/#organization\",\"name\":\"Amanprana\",\"url\":\"https:\/\/www.amanprana.eu\/de\/\",\"logo\":{\"@type\":\"ImageObject\",\"inLanguage\":\"de\",\"@id\":\"https:\/\/www.amanprana.eu\/de\/#\/schema\/logo\/image\/\",\"url\":\"https:\/\/www.amanprana.eu\/wp-content\/uploads\/webres-amanprana-logo.jpg\",\"contentUrl\":\"https:\/\/www.amanprana.eu\/wp-content\/uploads\/webres-amanprana-logo.jpg\",\"width\":300,\"height\":300,\"caption\":\"Amanprana\"},\"image\":{\"@id\":\"https:\/\/www.amanprana.eu\/de\/#\/schema\/logo\/image\/\"},\"sameAs\":[\"https:\/\/www.facebook.com\/Amanpranaproducts\/\",\"https:\/\/www.instagram.com\/amanprana\/\",\"https:\/\/nl.pinterest.com\/amanprana\/pins\/\"]}]}<\/script>\n<!-- \/ Yoast SEO plugin. -->","yoast_head_json":{"title":"Abonnieren Sie den monatlichen Amanprana Newsletter","description":"Der Amanprana Newsletter informiert Sie jeden Monat \u00fcber Ern\u00e4hrung als Medizin und nat\u00fcrliche K\u00f6rperpflege mit n\u00fctzlichen Tipps und leckeren gesunden Rezepten","robots":{"index":"index","follow":"follow","max-snippet":"max-snippet:-1","max-image-preview":"max-image-preview:large","max-video-preview":"max-video-preview:-1"},"canonical":"https:\/\/www.amanprana.eu\/de\/newsletter-abonnieren\/","og_locale":"de_DE","og_type":"article","og_title":"Abonnieren Sie den monatlichen Amanprana Newsletter","og_description":"Der Amanprana Newsletter informiert Sie jeden Monat \u00fcber Ern\u00e4hrung als Medizin und nat\u00fcrliche K\u00f6rperpflege mit n\u00fctzlichen Tipps und leckeren gesunden Rezepten","og_url":"https:\/\/www.amanprana.eu\/de\/newsletter-abonnieren\/","og_site_name":"Amanprana","article_publisher":"https:\/\/www.facebook.com\/Amanpranaproducts\/","article_modified_time":"2021-10-01T09:23:08+00:00","og_image":[{"width":2362,"height":2362,"url":"https:\/\/www.amanprana.eu\/wp-content\/uploads\/hires-amanprana-logo.jpg","type":"image\/jpeg"}],"twitter_card":"summary_large_image","schema":{"@context":"https:\/\/schema.org","@graph":[{"@type":"WebPage","@id":"https:\/\/www.amanprana.eu\/de\/newsletter-abonnieren\/","url":"https:\/\/www.amanprana.eu\/de\/newsletter-abonnieren\/","name":"Abonnieren Sie den monatlichen Amanprana Newsletter","isPartOf":{"@id":"https:\/\/www.amanprana.eu\/de\/#website"},"datePublished":"2018-06-20T15:49:16+00:00","dateModified":"2021-10-01T09:23:08+00:00","description":"Der Amanprana Newsletter informiert Sie jeden Monat \u00fcber Ern\u00e4hrung als Medizin und nat\u00fcrliche K\u00f6rperpflege mit n\u00fctzlichen Tipps und leckeren gesunden Rezepten","breadcrumb":{"@id":"https:\/\/www.amanprana.eu\/de\/newsletter-abonnieren\/#breadcrumb"},"inLanguage":"de","potentialAction":[{"@type":"ReadAction","target":["https:\/\/www.amanprana.eu\/de\/newsletter-abonnieren\/"]}]},{"@type":"BreadcrumbList","@id":"https:\/\/www.amanprana.eu\/de\/newsletter-abonnieren\/#breadcrumb","itemListElement":[{"@type":"ListItem","position":1,"name":"Amanprana.eu","item":"https:\/\/www.amanprana.eu\/de\/"},{"@type":"ListItem","position":2,"name":"Newsletter abonnieren"}]},{"@type":"WebSite","@id":"https:\/\/www.amanprana.eu\/de\/#website","url":"https:\/\/www.amanprana.eu\/de\/","name":"Amanprana","description":"Serene levenskracht","publisher":{"@id":"https:\/\/www.amanprana.eu\/de\/#organization"},"potentialAction":[{"@type":"SearchAction","target":{"@type":"EntryPoint","urlTemplate":"https:\/\/www.amanprana.eu\/de\/?s={search_term_string}"},"query-input":{"@type":"PropertyValueSpecification","valueRequired":true,"valueName":"search_term_string"}}],"inLanguage":"de"},{"@type":"Organization","@id":"https:\/\/www.amanprana.eu\/de\/#organization","name":"Amanprana","url":"https:\/\/www.amanprana.eu\/de\/","logo":{"@type":"ImageObject","inLanguage":"de","@id":"https:\/\/www.amanprana.eu\/de\/#\/schema\/logo\/image\/","url":"https:\/\/www.amanprana.eu\/wp-content\/uploads\/webres-amanprana-logo.jpg","contentUrl":"https:\/\/www.amanprana.eu\/wp-content\/uploads\/webres-amanprana-logo.jpg","width":300,"height":300,"caption":"Amanprana"},"image":{"@id":"https:\/\/www.amanprana.eu\/de\/#\/schema\/logo\/image\/"},"sameAs":["https:\/\/www.facebook.com\/Amanpranaproducts\/","https:\/\/www.instagram.com\/amanprana\/","https:\/\/nl.pinterest.com\/amanprana\/pins\/"]}]}},"multi-rating":{"mr_rating_results":[]},"_links":{"self":[{"href":"https:\/\/www.amanprana.eu\/de\/wp-json\/wp\/v2\/pages\/28722","targetHints":{"allow":["GET"]}}],"collection":[{"href":"https:\/\/www.amanprana.eu\/de\/wp-json\/wp\/v2\/pages"}],"about":[{"href":"https:\/\/www.amanprana.eu\/de\/wp-json\/wp\/v2\/types\/page"}],"author":[{"embeddable":true,"href":"https:\/\/www.amanprana.eu\/de\/wp-json\/wp\/v2\/users\/9"}],"replies":[{"embeddable":true,"href":"https:\/\/www.amanprana.eu\/de\/wp-json\/wp\/v2\/comments?post=28722"}],"version-history":[{"count":4,"href":"https:\/\/www.amanprana.eu\/de\/wp-json\/wp\/v2\/pages\/28722\/revisions"}],"predecessor-version":[{"id":64223,"href":"https:\/\/www.amanprana.eu\/de\/wp-json\/wp\/v2\/pages\/28722\/revisions\/64223"}],"wp:attachment":[{"href":"https:\/\/www.amanprana.eu\/de\/wp-json\/wp\/v2\/media?parent=28722"}],"curies":[{"name":"wp","href":"https:\/\/api.w.org\/{rel}","templated":true}]}}