

{"id":42114,"date":"2018-12-20T10:52:53","date_gmt":"2018-12-20T09:52:53","guid":{"rendered":"https:\/\/www.amanprana.eu\/philosophie\/amanprana-biologisch\/"},"modified":"2022-06-29T18:39:03","modified_gmt":"2022-06-29T16:39:03","slug":"amanprana-biologisch","status":"publish","type":"page","link":"https:\/\/www.amanprana.eu\/de\/philosophie\/amanprana-biologisch\/","title":{"rendered":"Amanprana Bio"},"content":{"rendered":"\n<p>Nach den Vorstellungen von Hippokrates sieht Amanprana auch \u201eNahrung als Medizin\u201c. Urspr\u00fcnglich ist Amanprana biologisch, denn gesunde Ern\u00e4hrung steht f\u00fcr einen gesunden K\u00f6rper und einen gesunden Geist. Ern\u00e4hrung ist daher die Essenz von Gesundheit. Bei Amanprana gehen wir von Lebensmitteln aus, die uns die Natur bietet. Raffinierte Lebensmittel verursachen viele westliche Zivilisationskrankheiten und schlechte Gesundheit. Genau aus diesem Grund ist Amanprana 100 % biologisch. Sowohl die\u00a0<a href=\"https:\/\/www.amanprana.eu\/de\/lebensmittel\/\"><strong>Nahrungsmittel<\/strong><\/a>, wobei von dem Prinzip \u201eNahrung als Medizin\u201c ausgegangen wird, wie auch die\u00a0<a href=\"https:\/\/www.amanprana.eu\/de\/produkte\/koerperpflege\/\"><strong>K\u00f6rperpflege<\/strong><\/a>\u00a0wo wir f\u00fcr das Motto \u201eWas du nicht essen kannst, das du nicht essen kannst, das legst du nicht auf deine Haut\u201c eintreten.<\/p>\n\n<h2 class=\"wp-block-heading\">Was ist bio? Biologische Nahrungsmittel und Produkte<\/h2>\n<div class=\"wp-block-image wp-image-32195 size-medium\">\n<figure class=\"alignright\"><img decoding=\"async\" width=\"300\" height=\"199\" src=\"https:\/\/www.amanprana.eu\/wp-content\/uploads\/\/Europees-Keurmerk-Biologisch-eten-Amanprana-300x199.jpg\" alt=\"Amanprana hat das Europ&#xE4;ische Qualit&#xE4;tszeichen f&#xFC;r Bio-Lebensmittel\" class=\"wp-image-32195\" srcset=\"https:\/\/www.amanprana.eu\/wp-content\/uploads\/Europees-Keurmerk-Biologisch-eten-Amanprana-300x199.jpg 300w, https:\/\/www.amanprana.eu\/wp-content\/uploads\/Europees-Keurmerk-Biologisch-eten-Amanprana-100x66.jpg 100w, https:\/\/www.amanprana.eu\/wp-content\/uploads\/Europees-Keurmerk-Biologisch-eten-Amanprana.jpg 498w\" sizes=\"(max-width: 300px) 100vw, 300px\" \/><figcaption>Europ\u00e4ische G\u00fctesiegel biologische Lebensmittel<\/figcaption><\/figure><\/div>\n<p>Bei Amanprana produzieren wir mit 100 % biologischen Produkten. Aber was bedeutet bio nun eigentlich? Biologische Produkte stammen aus einem biologischen Anbau. Das bedeutet Landwirtschaft mit Respekt vor Natur und Tieren. Wer sich f\u00fcr Bio entscheidet, entscheidet sich f\u00fcr umwelt- und tierfreundliche Produktionsmethoden. Im \u00f6kologischen Landbau geht es nicht darum, die Pflanze, sondern den Boden zu ern\u00e4hren. Im biologischen Landbau kommen keine chemischen Pestizide, D\u00fcngemittel oder pr\u00e4ventiven Antibiotika zum Einsatz. Au\u00dferdem werden keine gentechnisch ver\u00e4nderten Organismen verwendet. Auf diese Weise ist die Nahrung so naturnah wie m\u00f6glich.&#13;\n<\/p>\n\n<h2 class=\"wp-block-heading\">Amanprana 100 % Bio Lebensmittel und biologische K\u00f6rperpflege<\/h2>\n\n<p><div id=\"\" class=\"x-container max width\">&#13;\n<div class=\"x-column x-sm x-1-1\">&#13;\n<div id=\"\" class=\"x-text\">&#13;\n&#13;\nEurop\u00e4isches G\u00fctesiegel. Ein Qualit\u00e4tssiegel f\u00fcr biologische Nahrungsstoffwe und biologische Produkte. Unternehmen, die propagieren wollen, dass sie biologisch sind, sollten im Besitz von Zertifikaten sein, die nur ausgestellt werden, wenn sie strenge Bedingungen erf\u00fcllen. Bei Amanprana sind alle Produkte\u00a0<strong>100 % biologisch und zertifiziert<\/strong>&#13;\n&#13;\n<\/div>&#13;\n<\/div>&#13;\n<\/div><\/p>\n","protected":false},"excerpt":{"rendered":"<p>Nach den Vorstellungen von Hippokrates sieht Amanprana auch \u201eNahrung als Medizin\u201c. Urspr\u00fcnglich ist Amanprana biologisch, denn gesunde Ern\u00e4hrung steht f\u00fcr einen gesunden K\u00f6rper und einen gesunden Geist. Ern\u00e4hrung ist daher &#8230;<\/p>\n","protected":false},"author":9,"featured_media":32195,"parent":42112,"menu_order":22,"comment_status":"closed","ping_status":"closed","template":"","meta":{"_acf_changed":false,"rating_form_position":"","rating_results_position":"","mr_structured_data_type":"","footnotes":""},"class_list":["post-42114","page","type-page","status-publish","has-post-thumbnail","hentry"],"acf":[],"yoast_head":"<!-- This site is optimized with the Yoast SEO plugin v24.7 - https:\/\/yoast.com\/wordpress\/plugins\/seo\/ -->\n<title>100 % biologische und nat\u00fcrliche Nahrung und Pflege<\/title>\n<meta name=\"description\" content=\"Amanprana Produkte sind 100 % biologisch. Neben biologischen Lebensmitteln auch biologische Produkte zur K\u00f6rperpflege. Bio nicht nur gesund, sondern auch schmackhaft\" \/>\n<meta name=\"robots\" content=\"index, follow, max-snippet:-1, max-image-preview:large, max-video-preview:-1\" \/>\n<link rel=\"canonical\" href=\"https:\/\/www.amanprana.eu\/de\/philosophie\/amanprana-biologisch\/\" \/>\n<meta property=\"og:locale\" content=\"de_DE\" \/>\n<meta property=\"og:type\" content=\"article\" \/>\n<meta property=\"og:title\" content=\"100 % biologische und nat\u00fcrliche Nahrung und Pflege\" \/>\n<meta property=\"og:description\" content=\"Amanprana Produkte sind 100 % biologisch. Neben biologischen Lebensmitteln auch biologische Produkte zur K\u00f6rperpflege. Bio nicht nur gesund, sondern auch schmackhaft\" \/>\n<meta property=\"og:url\" content=\"https:\/\/www.amanprana.eu\/de\/philosophie\/amanprana-biologisch\/\" \/>\n<meta property=\"og:site_name\" content=\"Amanprana\" \/>\n<meta property=\"article:publisher\" content=\"https:\/\/www.facebook.com\/Amanpranaproducts\/\" \/>\n<meta property=\"article:modified_time\" content=\"2022-06-29T16:39:03+00:00\" \/>\n<meta property=\"og:image\" content=\"https:\/\/www.amanprana.eu\/wp-content\/uploads\/Europees-Keurmerk-Biologisch-eten-Amanprana.jpg\" \/>\n\t<meta property=\"og:image:width\" content=\"498\" \/>\n\t<meta property=\"og:image:height\" content=\"330\" \/>\n\t<meta property=\"og:image:type\" content=\"image\/jpeg\" \/>\n<meta name=\"twitter:card\" content=\"summary_large_image\" \/>\n<meta name=\"twitter:label1\" content=\"Gesch\u00e4tzte Lesezeit\" \/>\n\t<meta name=\"twitter:data1\" content=\"2\u00a0Minuten\" \/>\n<script type=\"application\/ld+json\" class=\"yoast-schema-graph\">{\"@context\":\"https:\/\/schema.org\",\"@graph\":[{\"@type\":\"WebPage\",\"@id\":\"https:\/\/www.amanprana.eu\/de\/philosophie\/amanprana-biologisch\/\",\"url\":\"https:\/\/www.amanprana.eu\/de\/philosophie\/amanprana-biologisch\/\",\"name\":\"100 % biologische und nat\u00fcrliche Nahrung und Pflege\",\"isPartOf\":{\"@id\":\"https:\/\/www.amanprana.eu\/de\/#website\"},\"primaryImageOfPage\":{\"@id\":\"https:\/\/www.amanprana.eu\/de\/philosophie\/amanprana-biologisch\/#primaryimage\"},\"image\":{\"@id\":\"https:\/\/www.amanprana.eu\/de\/philosophie\/amanprana-biologisch\/#primaryimage\"},\"thumbnailUrl\":\"https:\/\/www.amanprana.eu\/wp-content\/uploads\/Europees-Keurmerk-Biologisch-eten-Amanprana.jpg\",\"datePublished\":\"2018-12-20T09:52:53+00:00\",\"dateModified\":\"2022-06-29T16:39:03+00:00\",\"description\":\"Amanprana Produkte sind 100 % biologisch. Neben biologischen Lebensmitteln auch biologische Produkte zur K\u00f6rperpflege. Bio nicht nur gesund, sondern auch schmackhaft\",\"breadcrumb\":{\"@id\":\"https:\/\/www.amanprana.eu\/de\/philosophie\/amanprana-biologisch\/#breadcrumb\"},\"inLanguage\":\"de\",\"potentialAction\":[{\"@type\":\"ReadAction\",\"target\":[\"https:\/\/www.amanprana.eu\/de\/philosophie\/amanprana-biologisch\/\"]}]},{\"@type\":\"ImageObject\",\"inLanguage\":\"de\",\"@id\":\"https:\/\/www.amanprana.eu\/de\/philosophie\/amanprana-biologisch\/#primaryimage\",\"url\":\"https:\/\/www.amanprana.eu\/wp-content\/uploads\/Europees-Keurmerk-Biologisch-eten-Amanprana.jpg\",\"contentUrl\":\"https:\/\/www.amanprana.eu\/wp-content\/uploads\/Europees-Keurmerk-Biologisch-eten-Amanprana.jpg\",\"width\":498,\"height\":330,\"caption\":\"Europ\u00e4isches G\u00fctesiegel biologisches Essen\"},{\"@type\":\"BreadcrumbList\",\"@id\":\"https:\/\/www.amanprana.eu\/de\/philosophie\/amanprana-biologisch\/#breadcrumb\",\"itemListElement\":[{\"@type\":\"ListItem\",\"position\":1,\"name\":\"Amanprana.eu\",\"item\":\"https:\/\/www.amanprana.eu\/de\/\"},{\"@type\":\"ListItem\",\"position\":2,\"name\":\"Philosophie\",\"item\":\"https:\/\/www.amanprana.eu\/de\/philosophie\/\"},{\"@type\":\"ListItem\",\"position\":3,\"name\":\"Amanprana Bio\"}]},{\"@type\":\"WebSite\",\"@id\":\"https:\/\/www.amanprana.eu\/de\/#website\",\"url\":\"https:\/\/www.amanprana.eu\/de\/\",\"name\":\"Amanprana\",\"description\":\"Serene levenskracht\",\"publisher\":{\"@id\":\"https:\/\/www.amanprana.eu\/de\/#organization\"},\"potentialAction\":[{\"@type\":\"SearchAction\",\"target\":{\"@type\":\"EntryPoint\",\"urlTemplate\":\"https:\/\/www.amanprana.eu\/de\/?s={search_term_string}\"},\"query-input\":{\"@type\":\"PropertyValueSpecification\",\"valueRequired\":true,\"valueName\":\"search_term_string\"}}],\"inLanguage\":\"de\"},{\"@type\":\"Organization\",\"@id\":\"https:\/\/www.amanprana.eu\/de\/#organization\",\"name\":\"Amanprana\",\"url\":\"https:\/\/www.amanprana.eu\/de\/\",\"logo\":{\"@type\":\"ImageObject\",\"inLanguage\":\"de\",\"@id\":\"https:\/\/www.amanprana.eu\/de\/#\/schema\/logo\/image\/\",\"url\":\"https:\/\/www.amanprana.eu\/wp-content\/uploads\/webres-amanprana-logo.jpg\",\"contentUrl\":\"https:\/\/www.amanprana.eu\/wp-content\/uploads\/webres-amanprana-logo.jpg\",\"width\":300,\"height\":300,\"caption\":\"Amanprana\"},\"image\":{\"@id\":\"https:\/\/www.amanprana.eu\/de\/#\/schema\/logo\/image\/\"},\"sameAs\":[\"https:\/\/www.facebook.com\/Amanpranaproducts\/\",\"https:\/\/www.instagram.com\/amanprana\/\",\"https:\/\/nl.pinterest.com\/amanprana\/pins\/\"]}]}<\/script>\n<!-- \/ Yoast SEO plugin. -->","yoast_head_json":{"title":"100 % biologische und nat\u00fcrliche Nahrung und Pflege","description":"Amanprana Produkte sind 100 % biologisch. Neben biologischen Lebensmitteln auch biologische Produkte zur K\u00f6rperpflege. Bio nicht nur gesund, sondern auch schmackhaft","robots":{"index":"index","follow":"follow","max-snippet":"max-snippet:-1","max-image-preview":"max-image-preview:large","max-video-preview":"max-video-preview:-1"},"canonical":"https:\/\/www.amanprana.eu\/de\/philosophie\/amanprana-biologisch\/","og_locale":"de_DE","og_type":"article","og_title":"100 % biologische und nat\u00fcrliche Nahrung und Pflege","og_description":"Amanprana Produkte sind 100 % biologisch. Neben biologischen Lebensmitteln auch biologische Produkte zur K\u00f6rperpflege. Bio nicht nur gesund, sondern auch schmackhaft","og_url":"https:\/\/www.amanprana.eu\/de\/philosophie\/amanprana-biologisch\/","og_site_name":"Amanprana","article_publisher":"https:\/\/www.facebook.com\/Amanpranaproducts\/","article_modified_time":"2022-06-29T16:39:03+00:00","og_image":[{"width":498,"height":330,"url":"https:\/\/www.amanprana.eu\/wp-content\/uploads\/Europees-Keurmerk-Biologisch-eten-Amanprana.jpg","type":"image\/jpeg"}],"twitter_card":"summary_large_image","twitter_misc":{"Gesch\u00e4tzte Lesezeit":"2\u00a0Minuten"},"schema":{"@context":"https:\/\/schema.org","@graph":[{"@type":"WebPage","@id":"https:\/\/www.amanprana.eu\/de\/philosophie\/amanprana-biologisch\/","url":"https:\/\/www.amanprana.eu\/de\/philosophie\/amanprana-biologisch\/","name":"100 % biologische und nat\u00fcrliche Nahrung und Pflege","isPartOf":{"@id":"https:\/\/www.amanprana.eu\/de\/#website"},"primaryImageOfPage":{"@id":"https:\/\/www.amanprana.eu\/de\/philosophie\/amanprana-biologisch\/#primaryimage"},"image":{"@id":"https:\/\/www.amanprana.eu\/de\/philosophie\/amanprana-biologisch\/#primaryimage"},"thumbnailUrl":"https:\/\/www.amanprana.eu\/wp-content\/uploads\/Europees-Keurmerk-Biologisch-eten-Amanprana.jpg","datePublished":"2018-12-20T09:52:53+00:00","dateModified":"2022-06-29T16:39:03+00:00","description":"Amanprana Produkte sind 100 % biologisch. Neben biologischen Lebensmitteln auch biologische Produkte zur K\u00f6rperpflege. Bio nicht nur gesund, sondern auch schmackhaft","breadcrumb":{"@id":"https:\/\/www.amanprana.eu\/de\/philosophie\/amanprana-biologisch\/#breadcrumb"},"inLanguage":"de","potentialAction":[{"@type":"ReadAction","target":["https:\/\/www.amanprana.eu\/de\/philosophie\/amanprana-biologisch\/"]}]},{"@type":"ImageObject","inLanguage":"de","@id":"https:\/\/www.amanprana.eu\/de\/philosophie\/amanprana-biologisch\/#primaryimage","url":"https:\/\/www.amanprana.eu\/wp-content\/uploads\/Europees-Keurmerk-Biologisch-eten-Amanprana.jpg","contentUrl":"https:\/\/www.amanprana.eu\/wp-content\/uploads\/Europees-Keurmerk-Biologisch-eten-Amanprana.jpg","width":498,"height":330,"caption":"Europ\u00e4isches G\u00fctesiegel biologisches Essen"},{"@type":"BreadcrumbList","@id":"https:\/\/www.amanprana.eu\/de\/philosophie\/amanprana-biologisch\/#breadcrumb","itemListElement":[{"@type":"ListItem","position":1,"name":"Amanprana.eu","item":"https:\/\/www.amanprana.eu\/de\/"},{"@type":"ListItem","position":2,"name":"Philosophie","item":"https:\/\/www.amanprana.eu\/de\/philosophie\/"},{"@type":"ListItem","position":3,"name":"Amanprana Bio"}]},{"@type":"WebSite","@id":"https:\/\/www.amanprana.eu\/de\/#website","url":"https:\/\/www.amanprana.eu\/de\/","name":"Amanprana","description":"Serene levenskracht","publisher":{"@id":"https:\/\/www.amanprana.eu\/de\/#organization"},"potentialAction":[{"@type":"SearchAction","target":{"@type":"EntryPoint","urlTemplate":"https:\/\/www.amanprana.eu\/de\/?s={search_term_string}"},"query-input":{"@type":"PropertyValueSpecification","valueRequired":true,"valueName":"search_term_string"}}],"inLanguage":"de"},{"@type":"Organization","@id":"https:\/\/www.amanprana.eu\/de\/#organization","name":"Amanprana","url":"https:\/\/www.amanprana.eu\/de\/","logo":{"@type":"ImageObject","inLanguage":"de","@id":"https:\/\/www.amanprana.eu\/de\/#\/schema\/logo\/image\/","url":"https:\/\/www.amanprana.eu\/wp-content\/uploads\/webres-amanprana-logo.jpg","contentUrl":"https:\/\/www.amanprana.eu\/wp-content\/uploads\/webres-amanprana-logo.jpg","width":300,"height":300,"caption":"Amanprana"},"image":{"@id":"https:\/\/www.amanprana.eu\/de\/#\/schema\/logo\/image\/"},"sameAs":["https:\/\/www.facebook.com\/Amanpranaproducts\/","https:\/\/www.instagram.com\/amanprana\/","https:\/\/nl.pinterest.com\/amanprana\/pins\/"]}]}},"multi-rating":{"mr_rating_results":[]},"_links":{"self":[{"href":"https:\/\/www.amanprana.eu\/de\/wp-json\/wp\/v2\/pages\/42114","targetHints":{"allow":["GET"]}}],"collection":[{"href":"https:\/\/www.amanprana.eu\/de\/wp-json\/wp\/v2\/pages"}],"about":[{"href":"https:\/\/www.amanprana.eu\/de\/wp-json\/wp\/v2\/types\/page"}],"author":[{"embeddable":true,"href":"https:\/\/www.amanprana.eu\/de\/wp-json\/wp\/v2\/users\/9"}],"replies":[{"embeddable":true,"href":"https:\/\/www.amanprana.eu\/de\/wp-json\/wp\/v2\/comments?post=42114"}],"version-history":[{"count":4,"href":"https:\/\/www.amanprana.eu\/de\/wp-json\/wp\/v2\/pages\/42114\/revisions"}],"predecessor-version":[{"id":80837,"href":"https:\/\/www.amanprana.eu\/de\/wp-json\/wp\/v2\/pages\/42114\/revisions\/80837"}],"up":[{"embeddable":true,"href":"https:\/\/www.amanprana.eu\/de\/wp-json\/wp\/v2\/pages\/42112"}],"wp:featuredmedia":[{"embeddable":true,"href":"https:\/\/www.amanprana.eu\/de\/wp-json\/wp\/v2\/media\/32195"}],"wp:attachment":[{"href":"https:\/\/www.amanprana.eu\/de\/wp-json\/wp\/v2\/media?parent=42114"}],"curies":[{"name":"wp","href":"https:\/\/api.w.org\/{rel}","templated":true}]}}