

{"id":60167,"date":"2020-12-08T16:04:42","date_gmt":"2020-12-08T15:04:42","guid":{"rendered":"https:\/\/www.amanprana.eu\/?page_id=60167"},"modified":"2025-06-10T16:42:18","modified_gmt":"2025-06-10T14:42:18","slug":"zertifikate","status":"publish","type":"page","link":"https:\/\/www.amanprana.eu\/de\/zertifikate\/","title":{"rendered":"Zertifikate"},"content":{"rendered":"&#13;\n<h1 class=\"wp-block-heading\">Amanprana-Zertifikate<\/h1>&#13;\n&#13;\n<p>Die Begriffe \u201ebio\u201c und \u201ebiologisch\u201c sind gesch\u00fctzte Begriffe. Nicht jeder kann diese Namen einfach so verwenden. Wenn Sie als Unternehmen diese Begriffe verwenden m\u00f6chten, m\u00fcssen Ihre Produkte den gesetzlich festgelegten Produktionsvorschriften entsprechen. Dar\u00fcber hinaus sind Sie verpflichtet, die Kontrolle durch eine anerkannte Pr\u00fcfstelle vornehmen zu lassen.<\/p>&#13;\n&#13;\n<p><strong><a href=\"https:\/\/www.tuv-nord.com\/\" target=\"_blank\" rel=\"noopener noreferrer\">T\u00dcV NORD INTEGRA<\/a><\/strong>\u00a0ist eine anerkannte und unabh\u00e4ngige Kontrollstelle, die unsere Produkte jedes Jahr \u00fcberpr\u00fcft.<\/p>&#13;\n&#13;\n<p>Daneben bekommen wir auch das Natrue-Zertifikat. Damit wir unseren Pflegeprodukten das Natrue-Label verleihen k\u00f6nnen. <strong><a href=\"https:\/\/www.natrue.org\/de\/\" target=\"_blank\" rel=\"noopener noreferrer\">Natrue\u00a0<\/a><\/strong>ist eine Organisation, die nat\u00fcrliche und biologische Pflegeprodukte sch\u00fctzt und f\u00f6rdert.<\/p>&#13;\n","protected":false},"excerpt":{"rendered":"<p>&#13; Amanprana-Zertifikate &#13; &#13; Die Begriffe \u201ebio\u201c und \u201ebiologisch\u201c sind gesch\u00fctzte Begriffe. Nicht jeder kann diese Namen einfach so verwenden. Wenn Sie als Unternehmen diese Begriffe verwenden m\u00f6chten, m\u00fcssen Ihre &#8230;<\/p>\n","protected":false},"author":15,"featured_media":0,"parent":0,"menu_order":35,"comment_status":"closed","ping_status":"closed","template":"page-certificaat.php","meta":{"_acf_changed":false,"rating_form_position":"","rating_results_position":"","mr_structured_data_type":"","footnotes":""},"class_list":["post-60167","page","type-page","status-publish","hentry","no-post-thumbnail"],"acf":[],"yoast_head":"<!-- This site is optimized with the Yoast SEO plugin v24.7 - https:\/\/yoast.com\/wordpress\/plugins\/seo\/ -->\n<title>Amanprana-Zertifikate anzeigen | Bio | Natrue | Koscher<\/title>\n<meta name=\"description\" content=\"Die Begriffe &quot;Bio&quot; und &quot;Bio&quot; sind gesch\u00fctzte Begriffe. Nicht jeder kann diese Namen einfach so verwenden. Amanprana-Zertifikate anzeigen\" \/>\n<meta name=\"robots\" content=\"noindex, nofollow\" \/>\n<meta property=\"og:locale\" content=\"de_DE\" \/>\n<meta property=\"og:type\" content=\"article\" \/>\n<meta property=\"og:title\" content=\"Amanprana-Zertifikate anzeigen | Bio | Natrue | Koscher\" \/>\n<meta property=\"og:description\" content=\"Die Begriffe &quot;Bio&quot; und &quot;Bio&quot; sind gesch\u00fctzte Begriffe. Nicht jeder kann diese Namen einfach so verwenden. Amanprana-Zertifikate anzeigen\" \/>\n<meta property=\"og:url\" content=\"https:\/\/www.amanprana.eu\/de\/zertifikate\/\" \/>\n<meta property=\"og:site_name\" content=\"Amanprana\" \/>\n<meta property=\"article:publisher\" content=\"https:\/\/www.facebook.com\/Amanpranaproducts\/\" \/>\n<meta property=\"article:modified_time\" content=\"2025-06-10T14:42:18+00:00\" \/>\n<meta property=\"og:image\" content=\"https:\/\/www.amanprana.eu\/wp-content\/uploads\/hires-amanprana-logo.jpg\" \/>\n\t<meta property=\"og:image:width\" content=\"2362\" \/>\n\t<meta property=\"og:image:height\" content=\"2362\" \/>\n\t<meta property=\"og:image:type\" content=\"image\/jpeg\" \/>\n<meta name=\"twitter:card\" content=\"summary_large_image\" \/>\n<meta name=\"twitter:label1\" content=\"Gesch\u00e4tzte Lesezeit\" \/>\n\t<meta name=\"twitter:data1\" content=\"1\u00a0Minute\" \/>\n<script type=\"application\/ld+json\" class=\"yoast-schema-graph\">{\"@context\":\"https:\/\/schema.org\",\"@graph\":[{\"@type\":\"WebPage\",\"@id\":\"https:\/\/www.amanprana.eu\/de\/zertifikate\/\",\"url\":\"https:\/\/www.amanprana.eu\/de\/zertifikate\/\",\"name\":\"Amanprana-Zertifikate anzeigen | Bio | Natrue | Koscher\",\"isPartOf\":{\"@id\":\"https:\/\/www.amanprana.eu\/de\/#website\"},\"datePublished\":\"2020-12-08T15:04:42+00:00\",\"dateModified\":\"2025-06-10T14:42:18+00:00\",\"description\":\"Die Begriffe \\\"Bio\\\" und \\\"Bio\\\" sind gesch\u00fctzte Begriffe. Nicht jeder kann diese Namen einfach so verwenden. Amanprana-Zertifikate anzeigen\",\"breadcrumb\":{\"@id\":\"https:\/\/www.amanprana.eu\/de\/zertifikate\/#breadcrumb\"},\"inLanguage\":\"de\",\"potentialAction\":[{\"@type\":\"ReadAction\",\"target\":[\"https:\/\/www.amanprana.eu\/de\/zertifikate\/\"]}]},{\"@type\":\"BreadcrumbList\",\"@id\":\"https:\/\/www.amanprana.eu\/de\/zertifikate\/#breadcrumb\",\"itemListElement\":[{\"@type\":\"ListItem\",\"position\":1,\"name\":\"Amanprana.eu\",\"item\":\"https:\/\/www.amanprana.eu\/de\/\"},{\"@type\":\"ListItem\",\"position\":2,\"name\":\"Zertifikate\"}]},{\"@type\":\"WebSite\",\"@id\":\"https:\/\/www.amanprana.eu\/de\/#website\",\"url\":\"https:\/\/www.amanprana.eu\/de\/\",\"name\":\"Amanprana\",\"description\":\"Serene levenskracht\",\"publisher\":{\"@id\":\"https:\/\/www.amanprana.eu\/de\/#organization\"},\"potentialAction\":[{\"@type\":\"SearchAction\",\"target\":{\"@type\":\"EntryPoint\",\"urlTemplate\":\"https:\/\/www.amanprana.eu\/de\/?s={search_term_string}\"},\"query-input\":{\"@type\":\"PropertyValueSpecification\",\"valueRequired\":true,\"valueName\":\"search_term_string\"}}],\"inLanguage\":\"de\"},{\"@type\":\"Organization\",\"@id\":\"https:\/\/www.amanprana.eu\/de\/#organization\",\"name\":\"Amanprana\",\"url\":\"https:\/\/www.amanprana.eu\/de\/\",\"logo\":{\"@type\":\"ImageObject\",\"inLanguage\":\"de\",\"@id\":\"https:\/\/www.amanprana.eu\/de\/#\/schema\/logo\/image\/\",\"url\":\"https:\/\/www.amanprana.eu\/wp-content\/uploads\/webres-amanprana-logo.jpg\",\"contentUrl\":\"https:\/\/www.amanprana.eu\/wp-content\/uploads\/webres-amanprana-logo.jpg\",\"width\":300,\"height\":300,\"caption\":\"Amanprana\"},\"image\":{\"@id\":\"https:\/\/www.amanprana.eu\/de\/#\/schema\/logo\/image\/\"},\"sameAs\":[\"https:\/\/www.facebook.com\/Amanpranaproducts\/\",\"https:\/\/www.instagram.com\/amanprana\/\",\"https:\/\/nl.pinterest.com\/amanprana\/pins\/\"]}]}<\/script>\n<!-- \/ Yoast SEO plugin. -->","yoast_head_json":{"title":"Amanprana-Zertifikate anzeigen | Bio | Natrue | Koscher","description":"Die Begriffe \"Bio\" und \"Bio\" sind gesch\u00fctzte Begriffe. Nicht jeder kann diese Namen einfach so verwenden. Amanprana-Zertifikate anzeigen","robots":{"index":"noindex","follow":"nofollow"},"og_locale":"de_DE","og_type":"article","og_title":"Amanprana-Zertifikate anzeigen | Bio | Natrue | Koscher","og_description":"Die Begriffe \"Bio\" und \"Bio\" sind gesch\u00fctzte Begriffe. Nicht jeder kann diese Namen einfach so verwenden. Amanprana-Zertifikate anzeigen","og_url":"https:\/\/www.amanprana.eu\/de\/zertifikate\/","og_site_name":"Amanprana","article_publisher":"https:\/\/www.facebook.com\/Amanpranaproducts\/","article_modified_time":"2025-06-10T14:42:18+00:00","og_image":[{"width":2362,"height":2362,"url":"https:\/\/www.amanprana.eu\/wp-content\/uploads\/hires-amanprana-logo.jpg","type":"image\/jpeg"}],"twitter_card":"summary_large_image","twitter_misc":{"Gesch\u00e4tzte Lesezeit":"1\u00a0Minute"},"schema":{"@context":"https:\/\/schema.org","@graph":[{"@type":"WebPage","@id":"https:\/\/www.amanprana.eu\/de\/zertifikate\/","url":"https:\/\/www.amanprana.eu\/de\/zertifikate\/","name":"Amanprana-Zertifikate anzeigen | Bio | Natrue | Koscher","isPartOf":{"@id":"https:\/\/www.amanprana.eu\/de\/#website"},"datePublished":"2020-12-08T15:04:42+00:00","dateModified":"2025-06-10T14:42:18+00:00","description":"Die Begriffe \"Bio\" und \"Bio\" sind gesch\u00fctzte Begriffe. Nicht jeder kann diese Namen einfach so verwenden. Amanprana-Zertifikate anzeigen","breadcrumb":{"@id":"https:\/\/www.amanprana.eu\/de\/zertifikate\/#breadcrumb"},"inLanguage":"de","potentialAction":[{"@type":"ReadAction","target":["https:\/\/www.amanprana.eu\/de\/zertifikate\/"]}]},{"@type":"BreadcrumbList","@id":"https:\/\/www.amanprana.eu\/de\/zertifikate\/#breadcrumb","itemListElement":[{"@type":"ListItem","position":1,"name":"Amanprana.eu","item":"https:\/\/www.amanprana.eu\/de\/"},{"@type":"ListItem","position":2,"name":"Zertifikate"}]},{"@type":"WebSite","@id":"https:\/\/www.amanprana.eu\/de\/#website","url":"https:\/\/www.amanprana.eu\/de\/","name":"Amanprana","description":"Serene levenskracht","publisher":{"@id":"https:\/\/www.amanprana.eu\/de\/#organization"},"potentialAction":[{"@type":"SearchAction","target":{"@type":"EntryPoint","urlTemplate":"https:\/\/www.amanprana.eu\/de\/?s={search_term_string}"},"query-input":{"@type":"PropertyValueSpecification","valueRequired":true,"valueName":"search_term_string"}}],"inLanguage":"de"},{"@type":"Organization","@id":"https:\/\/www.amanprana.eu\/de\/#organization","name":"Amanprana","url":"https:\/\/www.amanprana.eu\/de\/","logo":{"@type":"ImageObject","inLanguage":"de","@id":"https:\/\/www.amanprana.eu\/de\/#\/schema\/logo\/image\/","url":"https:\/\/www.amanprana.eu\/wp-content\/uploads\/webres-amanprana-logo.jpg","contentUrl":"https:\/\/www.amanprana.eu\/wp-content\/uploads\/webres-amanprana-logo.jpg","width":300,"height":300,"caption":"Amanprana"},"image":{"@id":"https:\/\/www.amanprana.eu\/de\/#\/schema\/logo\/image\/"},"sameAs":["https:\/\/www.facebook.com\/Amanpranaproducts\/","https:\/\/www.instagram.com\/amanprana\/","https:\/\/nl.pinterest.com\/amanprana\/pins\/"]}]}},"multi-rating":{"mr_rating_results":[]},"_links":{"self":[{"href":"https:\/\/www.amanprana.eu\/de\/wp-json\/wp\/v2\/pages\/60167","targetHints":{"allow":["GET"]}}],"collection":[{"href":"https:\/\/www.amanprana.eu\/de\/wp-json\/wp\/v2\/pages"}],"about":[{"href":"https:\/\/www.amanprana.eu\/de\/wp-json\/wp\/v2\/types\/page"}],"author":[{"embeddable":true,"href":"https:\/\/www.amanprana.eu\/de\/wp-json\/wp\/v2\/users\/15"}],"replies":[{"embeddable":true,"href":"https:\/\/www.amanprana.eu\/de\/wp-json\/wp\/v2\/comments?post=60167"}],"version-history":[{"count":4,"href":"https:\/\/www.amanprana.eu\/de\/wp-json\/wp\/v2\/pages\/60167\/revisions"}],"predecessor-version":[{"id":117250,"href":"https:\/\/www.amanprana.eu\/de\/wp-json\/wp\/v2\/pages\/60167\/revisions\/117250"}],"wp:attachment":[{"href":"https:\/\/www.amanprana.eu\/de\/wp-json\/wp\/v2\/media?parent=60167"}],"curies":[{"name":"wp","href":"https:\/\/api.w.org\/{rel}","templated":true}]}}