

{"id":61503,"date":"2021-01-08T12:35:21","date_gmt":"2021-01-08T11:35:21","guid":{"rendered":"https:\/\/www.amanprana.eu\/nachhaltiges-verpackungsmaterial\/"},"modified":"2022-06-29T18:42:55","modified_gmt":"2022-06-29T16:42:55","slug":"nachhaltiges-verpackungsmaterial","status":"publish","type":"page","link":"https:\/\/www.amanprana.eu\/de\/philosophie\/nachhaltiges-verpackungsmaterial\/","title":{"rendered":"Nachhaltiges Verpackungsmaterial"},"content":{"rendered":"\n<p><strong>Nachhaltige Verpackung bedeutet f\u00fcr uns: Glas anstelle von Kunststoffverpackungen, \u00f6kologisches Papier und keine Probenmuster.<\/strong><\/p>\n\n<p>Bei Amanprana bevorzugen wir Glas anstelle von Kunststoff. Wir drucken, wenn m\u00f6glich, mit pflanzlichen Farben auf umweltfreundlichem Papier. Wir achten gerne auf \u00f6kologische und gesunde Verpackungen. Wie Sie lesen k\u00f6nnen, glauben wir an das Ganze und nicht an die einzelnen Teile, so dass unsere Produkte so wenig wie m\u00f6glich verarbeitet werden. Auch bei der Produktion ber\u00fccksichtigen so weit wie m\u00f6glich auch Mensch, Tier und Umwelt.<\/p>\n\n<h2 class=\"wp-block-heading\">Cradle-to-Cradle-Prinzip<\/h2>\n\n<p>Bei Amanprana glauben wir fest an das Cradle-to-Cradle-Prinzip. Das Cradle-to-Cradle-Prinzip ist eine revolution\u00e4re Vision des Produktdesigns, die vom deutschen Chemiker Michael Braungart und dem amerikanischen Architekten William McDonough (2002) entwickelt wurde, und der Kern der Vision ist Abfall = Nahrung. Der Abfall des einen Produkts ist der Rohstoff f\u00fcr das andere Produkt.<\/p>\n\n<p>Das Cradle-to-Cradle-Prinzip unterscheidet f\u00fcnf Schritte auf dem Weg zum \u00f6koeffizienten Produktdesign:<\/p>\n\n<ol class=\"wp-block-list\"><li>Verwenden Sie keine Stoffe, von denen bekannt ist, dass sie sch\u00e4dlich sind.<\/li><li>In F\u00e4llen, in denen eine hundertprozentige Sicherheit \u00fcber die Unsch\u00e4dlichkeit eines Produkts oder einer Substanz nicht m\u00f6glich ist, versuchen Sie, so sicher wie m\u00f6glich zu sein.<\/li><li>Erstellen Sie eine &#8222;Positivliste&#8220; von Stoffen, die sich als harmlos und sicher erwiesen haben.<\/li><li>Verwenden Sie nur noch Produkte oder Stoffe von der Positivliste.<\/li><li>Erfinden Sie das Produkt neu.<\/li><\/ol>\n\n<h2 class=\"wp-block-heading\">Warum eine Glasverpackung?<\/h2>\n\n<p>Verpackungsmaterial aus Glas ist besser f\u00fcr Ihre Gesundheit und Glas ist besser f\u00fcr die Umwelt.<\/p>\n\n<p>Eine Glasverpackung von Produkten ist nicht nur besser f\u00fcr Ihre Gesundheit, sondern auch f\u00fcr die Umwelt. Glas wird n\u00e4mlich aus nat\u00fcrlichen Rohstoffen hergestellt. Es sind keine Giftstoffe enthalten, die man in Kunststoffflaschen finden kann. Denken Sie dabei an Substanzen wie Vinylchlorid und Dioxine. Wenn Kunststoff verbrannt wird, gelangen diese n\u00e4mlich in die Luft. Dar\u00fcber hinaus bleibt das Glas in der Umgebung nicht zur\u00fcck.<\/p>\n\n<h2 class=\"wp-block-heading\">Nachhaltige Etiketten, FSC-Kartonverpackungen und \u00b4Bio Kleber<\/h2>\n\n<p>Die Etiketten und Kartonagen der Amanprana Produkte bestehen aus Bio-Papier. Die Etiketten werden aus Zuckerrohrfasern hergestellt. Das Zuckerrohrfaserpapier stammt aus den Abf\u00e4llen der Zuckerrohrplantagen. Das bedeutet, dass der Zucker aus der Pflanze gewonnen wird, woraufhin die Faser zur Papierherstellung verwendet wird. F\u00fcr diesen Zweck werden keine B\u00e4ume gef\u00e4llt oder Lebensmittel geopfert. Es ist auch deshalb haltbar, weil das Material nur in geringem Umfang zu Papier verarbeitet werden muss, um m\u00f6glichst naturnah und leicht kompostierbar zu sein. In Kombination mit organischem Klebstoff, der es auf Glasverpackungen h\u00e4lt, ist es ein sch\u00f6nes, effektives und umweltfreundliches Etikett, das in die nachhaltige Strategie von Amanprana passt.<\/p>\n\n<h2 class=\"wp-block-heading\">Amanprana geht \u00fcber nachhaltiges Verpackungsmaterial hinaus.<\/h2>\n\n<p>Wir versuchen auch, die Umwelt w\u00e4hrend des Produktionsprozesses so weit wie m\u00f6glich zu ber\u00fccksichtigen. So enthalten beispielsweise die im Produktionsprozess, aber auch au\u00dferhalb des Produktionsprozesses verwendeten Reinigungsprodukte so weit wie m\u00f6glich pflanzliche Inhaltsstoffe. Das gesamte in unseren B\u00fcros verwendete Papier ist FSC-zertifiziert, wird nicht unn\u00f6tig gedruckt und landet so weit wie m\u00f6glich im Aktenvernichter, wo es als F\u00fcllmaterial f\u00fcr den sicheren Transport den versandten Paketen beigef\u00fcgt werden kann.<\/p>\n\n<h2 class=\"wp-block-heading\">Amanprana hat keine Probenmuster\/Beispiele\/Tester<\/h2>\n\n<p>Neben nachhaltigem Verpackungsmaterial stellt Amanprana auch keine Muster mehr zur Verf\u00fcgung. Dies ist eine bewusste Entscheidung. Auf diese Weise wird dabei nicht nur Verpackung eingespart. Diese sorgen auch daf\u00fcr, dass neben dem laufenden Produktionsprozess f\u00fcr die verkauften Produkte auch ein Produktionsprozess f\u00fcr die Pr\u00fcfmuster vorhanden sein muss. Da wir verstehen, dass (potenzielle) Kunden unsere Produkte immer noch gerne testen, haben wir Produkte in verschiedenen Filialen, die vor Ort getestet werden k\u00f6nnen. Fragen Sie den H\u00e4ndler, ob sie verf\u00fcgbar sind.<\/p>\n\n<h2 class=\"wp-block-heading\">Chantal Voets w\u00e4hlt verantwortungsvolles Papier und Druck f\u00fcr ihr Buch Gut essen, das tut gut<\/h2>\n\n<p>Asiatischer Einfluss auf das Cover des Buches Eat well, it do you good von Chantal Voets Chantal hat sich f\u00fcr ein gebundenes Buch mit offenem R\u00fccken und einem auf der linken Seite zu \u00f6ffnenden Umschlag entschieden. Aufgrund vieler Reisen in Asien und ihrer Affinit\u00e4t zu \u00f6stlichen Philosophien und \u00f6stlicher K\u00fcche ist das Cover japanisch inspiriert. Chantal: \u201eAuch f\u00fcr unsere Amanprana-Produkte holen wir uns Inspiration aus dem Osten. Das Buch spiegelt das wider.\u201c<\/p>\n\n<p>Sehen Sie sich das Buch an<\/p>\n\n<div class=\"wp-block-media-text alignwide is-stacked-on-mobile\" style=\"grid-template-columns:20% auto\"><figure class=\"wp-block-media-text__media\"><img decoding=\"async\" width=\"219\" height=\"250\" src=\"https:\/\/www.amanprana.eu\/wp-content\/uploads\/Milieuvriendelijke-papier-met-FSC-keurmerk.jpg\" alt=\"Umweltfreundliches Papier mit FSC-G\u00fctezeichen bei Drucker verwendet Gut essen, das tut gut\" class=\"wp-image-32956 size-full\"\/><\/figure><div class=\"wp-block-media-text__content\">\n<p class=\"has-medium-font-size\">Umweltfreundliches Papier mit FSC-G\u00fctezeichen bei Druckern Gut essen, das tut gut Das Papier ist Bioset-Papier, das holzfrei, ungestrichen und naturbelassen ist. Bei der Herstellung von 1gk-Papier werden nur 3l Wasser verbraucht (10l ist \u00fcblich). Das Papier ist FSC-zertifiziert und chlorfrei (TCF) hergestellt; Der Hersteller des Papiers (Arctic Paper) ist ein CO2-freundliches Unternehmen mit einer EMA-Zulassung (Eco Management and Audit Scheme).<\/p>\n<\/div><\/div>\n\n<p>Drukkerij Graphius in Gent ist sich bewusst, dass die Umwelt wichtig ist: eine der umweltfreundlichsten Druckereien in Belgien Das Buch wurde bei Drukkerij Graphius in Gent gedruckt. Sie sind sich sehr bewusst, dass ihre Aktivit\u00e4ten die Umwelt beeintr\u00e4chtigen k\u00f6nnen. Dadurch sind sie bei allen Normen und Vorschriften sehr streng und minimieren alle negativen Auswirkungen. Das Buch Gut essen, das tut gut, ist alkoholfrei mit Pflanzenfarben, \u00d6kostrom und sparsamem Tintenverbrauch gedruckt.<\/p>\n","protected":false},"excerpt":{"rendered":"<p>Nachhaltige Verpackung bedeutet f\u00fcr uns: Glas anstelle von Kunststoffverpackungen, \u00f6kologisches Papier und keine Probenmuster. Bei Amanprana bevorzugen wir Glas anstelle von Kunststoff. Wir drucken, wenn m\u00f6glich, mit pflanzlichen Farben auf &#8230;<\/p>\n","protected":false},"author":9,"featured_media":0,"parent":42112,"menu_order":51,"comment_status":"closed","ping_status":"closed","template":"","meta":{"_acf_changed":false,"rating_form_position":"","rating_results_position":"","mr_structured_data_type":"","footnotes":""},"class_list":["post-61503","page","type-page","status-publish","hentry","no-post-thumbnail"],"acf":[],"yoast_head":"<!-- This site is optimized with the Yoast SEO plugin v24.7 - https:\/\/yoast.com\/wordpress\/plugins\/seo\/ -->\n<title>Was macht die Verpackung von Amanprana-Produkten nachhaltig?<\/title>\n<meta name=\"description\" content=\"Nachhaltiges Verpackungsmaterial bedeutet f\u00fcr Amanprana: Glas \u00fcber Kunststoffverpackungen, \u00f6kologisches Papier und keine Testmuster.\" \/>\n<meta name=\"robots\" content=\"index, follow, max-snippet:-1, max-image-preview:large, max-video-preview:-1\" \/>\n<link rel=\"canonical\" href=\"https:\/\/www.amanprana.eu\/de\/philosophie\/nachhaltiges-verpackungsmaterial\/\" \/>\n<meta property=\"og:locale\" content=\"de_DE\" \/>\n<meta property=\"og:type\" content=\"article\" \/>\n<meta property=\"og:title\" content=\"Was macht die Verpackung von Amanprana-Produkten nachhaltig?\" \/>\n<meta property=\"og:description\" content=\"Nachhaltiges Verpackungsmaterial bedeutet f\u00fcr Amanprana: Glas \u00fcber Kunststoffverpackungen, \u00f6kologisches Papier und keine Testmuster.\" \/>\n<meta property=\"og:url\" content=\"https:\/\/www.amanprana.eu\/de\/philosophie\/nachhaltiges-verpackungsmaterial\/\" \/>\n<meta property=\"og:site_name\" content=\"Amanprana\" \/>\n<meta property=\"article:publisher\" content=\"https:\/\/www.facebook.com\/Amanpranaproducts\/\" \/>\n<meta property=\"article:modified_time\" content=\"2022-06-29T16:42:55+00:00\" \/>\n<meta property=\"og:image\" content=\"https:\/\/www.amanprana.eu\/wp-content\/uploads\/Milieuvriendelijke-papier-met-FSC-keurmerk.jpg\" \/>\n<meta name=\"twitter:card\" content=\"summary_large_image\" \/>\n<meta name=\"twitter:label1\" content=\"Gesch\u00e4tzte Lesezeit\" \/>\n\t<meta name=\"twitter:data1\" content=\"4\u00a0Minuten\" \/>\n<script type=\"application\/ld+json\" class=\"yoast-schema-graph\">{\"@context\":\"https:\/\/schema.org\",\"@graph\":[{\"@type\":\"WebPage\",\"@id\":\"https:\/\/www.amanprana.eu\/de\/philosophie\/nachhaltiges-verpackungsmaterial\/\",\"url\":\"https:\/\/www.amanprana.eu\/de\/philosophie\/nachhaltiges-verpackungsmaterial\/\",\"name\":\"Was macht die Verpackung von Amanprana-Produkten nachhaltig?\",\"isPartOf\":{\"@id\":\"https:\/\/www.amanprana.eu\/de\/#website\"},\"primaryImageOfPage\":{\"@id\":\"https:\/\/www.amanprana.eu\/de\/philosophie\/nachhaltiges-verpackungsmaterial\/#primaryimage\"},\"image\":{\"@id\":\"https:\/\/www.amanprana.eu\/de\/philosophie\/nachhaltiges-verpackungsmaterial\/#primaryimage\"},\"thumbnailUrl\":\"https:\/\/www.amanprana.eu\/wp-content\/uploads\/Milieuvriendelijke-papier-met-FSC-keurmerk.jpg\",\"datePublished\":\"2021-01-08T11:35:21+00:00\",\"dateModified\":\"2022-06-29T16:42:55+00:00\",\"description\":\"Nachhaltiges Verpackungsmaterial bedeutet f\u00fcr Amanprana: Glas \u00fcber Kunststoffverpackungen, \u00f6kologisches Papier und keine Testmuster.\",\"breadcrumb\":{\"@id\":\"https:\/\/www.amanprana.eu\/de\/philosophie\/nachhaltiges-verpackungsmaterial\/#breadcrumb\"},\"inLanguage\":\"de\",\"potentialAction\":[{\"@type\":\"ReadAction\",\"target\":[\"https:\/\/www.amanprana.eu\/de\/philosophie\/nachhaltiges-verpackungsmaterial\/\"]}]},{\"@type\":\"ImageObject\",\"inLanguage\":\"de\",\"@id\":\"https:\/\/www.amanprana.eu\/de\/philosophie\/nachhaltiges-verpackungsmaterial\/#primaryimage\",\"url\":\"https:\/\/www.amanprana.eu\/wp-content\/uploads\/Milieuvriendelijke-papier-met-FSC-keurmerk.jpg\",\"contentUrl\":\"https:\/\/www.amanprana.eu\/wp-content\/uploads\/Milieuvriendelijke-papier-met-FSC-keurmerk.jpg\"},{\"@type\":\"BreadcrumbList\",\"@id\":\"https:\/\/www.amanprana.eu\/de\/philosophie\/nachhaltiges-verpackungsmaterial\/#breadcrumb\",\"itemListElement\":[{\"@type\":\"ListItem\",\"position\":1,\"name\":\"Amanprana.eu\",\"item\":\"https:\/\/www.amanprana.eu\/de\/\"},{\"@type\":\"ListItem\",\"position\":2,\"name\":\"Philosophie\",\"item\":\"https:\/\/www.amanprana.eu\/de\/philosophie\/\"},{\"@type\":\"ListItem\",\"position\":3,\"name\":\"Nachhaltiges Verpackungsmaterial\"}]},{\"@type\":\"WebSite\",\"@id\":\"https:\/\/www.amanprana.eu\/de\/#website\",\"url\":\"https:\/\/www.amanprana.eu\/de\/\",\"name\":\"Amanprana\",\"description\":\"Serene levenskracht\",\"publisher\":{\"@id\":\"https:\/\/www.amanprana.eu\/de\/#organization\"},\"potentialAction\":[{\"@type\":\"SearchAction\",\"target\":{\"@type\":\"EntryPoint\",\"urlTemplate\":\"https:\/\/www.amanprana.eu\/de\/?s={search_term_string}\"},\"query-input\":{\"@type\":\"PropertyValueSpecification\",\"valueRequired\":true,\"valueName\":\"search_term_string\"}}],\"inLanguage\":\"de\"},{\"@type\":\"Organization\",\"@id\":\"https:\/\/www.amanprana.eu\/de\/#organization\",\"name\":\"Amanprana\",\"url\":\"https:\/\/www.amanprana.eu\/de\/\",\"logo\":{\"@type\":\"ImageObject\",\"inLanguage\":\"de\",\"@id\":\"https:\/\/www.amanprana.eu\/de\/#\/schema\/logo\/image\/\",\"url\":\"https:\/\/www.amanprana.eu\/wp-content\/uploads\/webres-amanprana-logo.jpg\",\"contentUrl\":\"https:\/\/www.amanprana.eu\/wp-content\/uploads\/webres-amanprana-logo.jpg\",\"width\":300,\"height\":300,\"caption\":\"Amanprana\"},\"image\":{\"@id\":\"https:\/\/www.amanprana.eu\/de\/#\/schema\/logo\/image\/\"},\"sameAs\":[\"https:\/\/www.facebook.com\/Amanpranaproducts\/\",\"https:\/\/www.instagram.com\/amanprana\/\",\"https:\/\/nl.pinterest.com\/amanprana\/pins\/\"]}]}<\/script>\n<!-- \/ Yoast SEO plugin. -->","yoast_head_json":{"title":"Was macht die Verpackung von Amanprana-Produkten nachhaltig?","description":"Nachhaltiges Verpackungsmaterial bedeutet f\u00fcr Amanprana: Glas \u00fcber Kunststoffverpackungen, \u00f6kologisches Papier und keine Testmuster.","robots":{"index":"index","follow":"follow","max-snippet":"max-snippet:-1","max-image-preview":"max-image-preview:large","max-video-preview":"max-video-preview:-1"},"canonical":"https:\/\/www.amanprana.eu\/de\/philosophie\/nachhaltiges-verpackungsmaterial\/","og_locale":"de_DE","og_type":"article","og_title":"Was macht die Verpackung von Amanprana-Produkten nachhaltig?","og_description":"Nachhaltiges Verpackungsmaterial bedeutet f\u00fcr Amanprana: Glas \u00fcber Kunststoffverpackungen, \u00f6kologisches Papier und keine Testmuster.","og_url":"https:\/\/www.amanprana.eu\/de\/philosophie\/nachhaltiges-verpackungsmaterial\/","og_site_name":"Amanprana","article_publisher":"https:\/\/www.facebook.com\/Amanpranaproducts\/","article_modified_time":"2022-06-29T16:42:55+00:00","og_image":[{"url":"https:\/\/www.amanprana.eu\/wp-content\/uploads\/Milieuvriendelijke-papier-met-FSC-keurmerk.jpg","type":"","width":"","height":""}],"twitter_card":"summary_large_image","twitter_misc":{"Gesch\u00e4tzte Lesezeit":"4\u00a0Minuten"},"schema":{"@context":"https:\/\/schema.org","@graph":[{"@type":"WebPage","@id":"https:\/\/www.amanprana.eu\/de\/philosophie\/nachhaltiges-verpackungsmaterial\/","url":"https:\/\/www.amanprana.eu\/de\/philosophie\/nachhaltiges-verpackungsmaterial\/","name":"Was macht die Verpackung von Amanprana-Produkten nachhaltig?","isPartOf":{"@id":"https:\/\/www.amanprana.eu\/de\/#website"},"primaryImageOfPage":{"@id":"https:\/\/www.amanprana.eu\/de\/philosophie\/nachhaltiges-verpackungsmaterial\/#primaryimage"},"image":{"@id":"https:\/\/www.amanprana.eu\/de\/philosophie\/nachhaltiges-verpackungsmaterial\/#primaryimage"},"thumbnailUrl":"https:\/\/www.amanprana.eu\/wp-content\/uploads\/Milieuvriendelijke-papier-met-FSC-keurmerk.jpg","datePublished":"2021-01-08T11:35:21+00:00","dateModified":"2022-06-29T16:42:55+00:00","description":"Nachhaltiges Verpackungsmaterial bedeutet f\u00fcr Amanprana: Glas \u00fcber Kunststoffverpackungen, \u00f6kologisches Papier und keine Testmuster.","breadcrumb":{"@id":"https:\/\/www.amanprana.eu\/de\/philosophie\/nachhaltiges-verpackungsmaterial\/#breadcrumb"},"inLanguage":"de","potentialAction":[{"@type":"ReadAction","target":["https:\/\/www.amanprana.eu\/de\/philosophie\/nachhaltiges-verpackungsmaterial\/"]}]},{"@type":"ImageObject","inLanguage":"de","@id":"https:\/\/www.amanprana.eu\/de\/philosophie\/nachhaltiges-verpackungsmaterial\/#primaryimage","url":"https:\/\/www.amanprana.eu\/wp-content\/uploads\/Milieuvriendelijke-papier-met-FSC-keurmerk.jpg","contentUrl":"https:\/\/www.amanprana.eu\/wp-content\/uploads\/Milieuvriendelijke-papier-met-FSC-keurmerk.jpg"},{"@type":"BreadcrumbList","@id":"https:\/\/www.amanprana.eu\/de\/philosophie\/nachhaltiges-verpackungsmaterial\/#breadcrumb","itemListElement":[{"@type":"ListItem","position":1,"name":"Amanprana.eu","item":"https:\/\/www.amanprana.eu\/de\/"},{"@type":"ListItem","position":2,"name":"Philosophie","item":"https:\/\/www.amanprana.eu\/de\/philosophie\/"},{"@type":"ListItem","position":3,"name":"Nachhaltiges Verpackungsmaterial"}]},{"@type":"WebSite","@id":"https:\/\/www.amanprana.eu\/de\/#website","url":"https:\/\/www.amanprana.eu\/de\/","name":"Amanprana","description":"Serene levenskracht","publisher":{"@id":"https:\/\/www.amanprana.eu\/de\/#organization"},"potentialAction":[{"@type":"SearchAction","target":{"@type":"EntryPoint","urlTemplate":"https:\/\/www.amanprana.eu\/de\/?s={search_term_string}"},"query-input":{"@type":"PropertyValueSpecification","valueRequired":true,"valueName":"search_term_string"}}],"inLanguage":"de"},{"@type":"Organization","@id":"https:\/\/www.amanprana.eu\/de\/#organization","name":"Amanprana","url":"https:\/\/www.amanprana.eu\/de\/","logo":{"@type":"ImageObject","inLanguage":"de","@id":"https:\/\/www.amanprana.eu\/de\/#\/schema\/logo\/image\/","url":"https:\/\/www.amanprana.eu\/wp-content\/uploads\/webres-amanprana-logo.jpg","contentUrl":"https:\/\/www.amanprana.eu\/wp-content\/uploads\/webres-amanprana-logo.jpg","width":300,"height":300,"caption":"Amanprana"},"image":{"@id":"https:\/\/www.amanprana.eu\/de\/#\/schema\/logo\/image\/"},"sameAs":["https:\/\/www.facebook.com\/Amanpranaproducts\/","https:\/\/www.instagram.com\/amanprana\/","https:\/\/nl.pinterest.com\/amanprana\/pins\/"]}]}},"multi-rating":{"mr_rating_results":[]},"_links":{"self":[{"href":"https:\/\/www.amanprana.eu\/de\/wp-json\/wp\/v2\/pages\/61503","targetHints":{"allow":["GET"]}}],"collection":[{"href":"https:\/\/www.amanprana.eu\/de\/wp-json\/wp\/v2\/pages"}],"about":[{"href":"https:\/\/www.amanprana.eu\/de\/wp-json\/wp\/v2\/types\/page"}],"author":[{"embeddable":true,"href":"https:\/\/www.amanprana.eu\/de\/wp-json\/wp\/v2\/users\/9"}],"replies":[{"embeddable":true,"href":"https:\/\/www.amanprana.eu\/de\/wp-json\/wp\/v2\/comments?post=61503"}],"version-history":[{"count":4,"href":"https:\/\/www.amanprana.eu\/de\/wp-json\/wp\/v2\/pages\/61503\/revisions"}],"predecessor-version":[{"id":80850,"href":"https:\/\/www.amanprana.eu\/de\/wp-json\/wp\/v2\/pages\/61503\/revisions\/80850"}],"up":[{"embeddable":true,"href":"https:\/\/www.amanprana.eu\/de\/wp-json\/wp\/v2\/pages\/42112"}],"wp:attachment":[{"href":"https:\/\/www.amanprana.eu\/de\/wp-json\/wp\/v2\/media?parent=61503"}],"curies":[{"name":"wp","href":"https:\/\/api.w.org\/{rel}","templated":true}]}}