

{"id":60580,"date":"2020-12-29T12:31:37","date_gmt":"2020-12-29T11:31:37","guid":{"rendered":"https:\/\/www.amanprana.eu\/product\/%product_category%\/schwarze-getrocknete-zitrone\/"},"modified":"2022-06-28T14:50:13","modified_gmt":"2022-06-28T12:50:13","slug":"schwarze-getrocknete-zitrone","status":"publish","type":"product","link":"https:\/\/www.amanprana.eu\/de\/produkt\/lebensmittel\/schwarze-getrocknete-zitrone\/","title":{"rendered":"Schwarze, getrocknete Zitrone"},"template":"","tags":[1210,1209,1695],"product_category":[1610],"class_list":["post-60580","product","type-product","status-publish","hentry","tag-getrocknete-zitronen","tag-schwarze-zitronen","tag-zitrone","product_category-lebensmittel","no-post-thumbnail"],"acf":[],"yoast_head":"<!-- This site is optimized with the Yoast SEO plugin v24.7 - https:\/\/yoast.com\/wordpress\/plugins\/seo\/ -->\n<title>Schwarze, getrocknete Zitrone von Amanprana f\u00fcr Gerichte mit Charakter<\/title>\n<meta name=\"description\" content=\"Schwarze getrocknete Zitrone verleiht Eint\u00f6pfen, Suppen, Marinaden und Tajinen Charakter. Erh\u00e4ltlich in Scheiben und in Pulverform\" \/>\n<meta name=\"robots\" content=\"index, follow, max-snippet:-1, max-image-preview:large, max-video-preview:-1\" \/>\n<link rel=\"canonical\" href=\"https:\/\/www.amanprana.eu\/de\/produkt\/lebensmittel\/schwarze-getrocknete-zitrone\/\" \/>\n<meta property=\"og:locale\" content=\"de_DE\" \/>\n<meta property=\"og:type\" content=\"article\" \/>\n<meta property=\"og:title\" content=\"Schwarze, getrocknete Zitrone von Amanprana f\u00fcr Gerichte mit Charakter\" \/>\n<meta property=\"og:description\" content=\"Schwarze getrocknete Zitrone verleiht Eint\u00f6pfen, Suppen, Marinaden und Tajinen Charakter. Erh\u00e4ltlich in Scheiben und in Pulverform\" \/>\n<meta property=\"og:url\" content=\"https:\/\/www.amanprana.eu\/de\/produkt\/lebensmittel\/schwarze-getrocknete-zitrone\/\" \/>\n<meta property=\"og:site_name\" content=\"Amanprana\" \/>\n<meta property=\"article:publisher\" content=\"https:\/\/www.facebook.com\/Amanpranaproducts\/\" \/>\n<meta property=\"article:modified_time\" content=\"2022-06-28T12:50:13+00:00\" \/>\n<meta property=\"og:image\" content=\"https:\/\/www.amanprana.eu\/wp-content\/uploads\/hires-amanprana-logo.jpg\" \/>\n\t<meta property=\"og:image:width\" content=\"2362\" \/>\n\t<meta property=\"og:image:height\" content=\"2362\" \/>\n\t<meta property=\"og:image:type\" content=\"image\/jpeg\" \/>\n<meta name=\"twitter:card\" content=\"summary_large_image\" \/>\n<script type=\"application\/ld+json\" class=\"yoast-schema-graph\">{\"@context\":\"https:\/\/schema.org\",\"@graph\":[{\"@type\":\"WebPage\",\"@id\":\"https:\/\/www.amanprana.eu\/de\/produkt\/lebensmittel\/schwarze-getrocknete-zitrone\/\",\"url\":\"https:\/\/www.amanprana.eu\/de\/produkt\/lebensmittel\/schwarze-getrocknete-zitrone\/\",\"name\":\"Schwarze, getrocknete Zitrone von Amanprana f\u00fcr Gerichte mit Charakter\",\"isPartOf\":{\"@id\":\"https:\/\/www.amanprana.eu\/de\/#website\"},\"datePublished\":\"2020-12-29T11:31:37+00:00\",\"dateModified\":\"2022-06-28T12:50:13+00:00\",\"description\":\"Schwarze getrocknete Zitrone verleiht Eint\u00f6pfen, Suppen, Marinaden und Tajinen Charakter. Erh\u00e4ltlich in Scheiben und in Pulverform\",\"breadcrumb\":{\"@id\":\"https:\/\/www.amanprana.eu\/de\/produkt\/lebensmittel\/schwarze-getrocknete-zitrone\/#breadcrumb\"},\"inLanguage\":\"de\",\"potentialAction\":[{\"@type\":\"ReadAction\",\"target\":[\"https:\/\/www.amanprana.eu\/de\/produkt\/lebensmittel\/schwarze-getrocknete-zitrone\/\"]}]},{\"@type\":\"BreadcrumbList\",\"@id\":\"https:\/\/www.amanprana.eu\/de\/produkt\/lebensmittel\/schwarze-getrocknete-zitrone\/#breadcrumb\",\"itemListElement\":[{\"@type\":\"ListItem\",\"position\":1,\"name\":\"Amanprana.eu\",\"item\":\"https:\/\/www.amanprana.eu\/de\/\"},{\"@type\":\"ListItem\",\"position\":2,\"name\":\"Lebensmittel\",\"item\":\"https:\/\/www.amanprana.eu\/de\/produkte\/lebensmittel\/\"},{\"@type\":\"ListItem\",\"position\":3,\"name\":\"Schwarze, getrocknete Zitrone\"}]},{\"@type\":\"WebSite\",\"@id\":\"https:\/\/www.amanprana.eu\/de\/#website\",\"url\":\"https:\/\/www.amanprana.eu\/de\/\",\"name\":\"Amanprana\",\"description\":\"Serene levenskracht\",\"publisher\":{\"@id\":\"https:\/\/www.amanprana.eu\/de\/#organization\"},\"potentialAction\":[{\"@type\":\"SearchAction\",\"target\":{\"@type\":\"EntryPoint\",\"urlTemplate\":\"https:\/\/www.amanprana.eu\/de\/?s={search_term_string}\"},\"query-input\":{\"@type\":\"PropertyValueSpecification\",\"valueRequired\":true,\"valueName\":\"search_term_string\"}}],\"inLanguage\":\"de\"},{\"@type\":\"Organization\",\"@id\":\"https:\/\/www.amanprana.eu\/de\/#organization\",\"name\":\"Amanprana\",\"url\":\"https:\/\/www.amanprana.eu\/de\/\",\"logo\":{\"@type\":\"ImageObject\",\"inLanguage\":\"de\",\"@id\":\"https:\/\/www.amanprana.eu\/de\/#\/schema\/logo\/image\/\",\"url\":\"https:\/\/www.amanprana.eu\/wp-content\/uploads\/webres-amanprana-logo.jpg\",\"contentUrl\":\"https:\/\/www.amanprana.eu\/wp-content\/uploads\/webres-amanprana-logo.jpg\",\"width\":300,\"height\":300,\"caption\":\"Amanprana\"},\"image\":{\"@id\":\"https:\/\/www.amanprana.eu\/de\/#\/schema\/logo\/image\/\"},\"sameAs\":[\"https:\/\/www.facebook.com\/Amanpranaproducts\/\",\"https:\/\/www.instagram.com\/amanprana\/\",\"https:\/\/nl.pinterest.com\/amanprana\/pins\/\"]}]}<\/script>\n<!-- \/ Yoast SEO plugin. -->","yoast_head_json":{"title":"Schwarze, getrocknete Zitrone von Amanprana f\u00fcr Gerichte mit Charakter","description":"Schwarze getrocknete Zitrone verleiht Eint\u00f6pfen, Suppen, Marinaden und Tajinen Charakter. Erh\u00e4ltlich in Scheiben und in Pulverform","robots":{"index":"index","follow":"follow","max-snippet":"max-snippet:-1","max-image-preview":"max-image-preview:large","max-video-preview":"max-video-preview:-1"},"canonical":"https:\/\/www.amanprana.eu\/de\/produkt\/lebensmittel\/schwarze-getrocknete-zitrone\/","og_locale":"de_DE","og_type":"article","og_title":"Schwarze, getrocknete Zitrone von Amanprana f\u00fcr Gerichte mit Charakter","og_description":"Schwarze getrocknete Zitrone verleiht Eint\u00f6pfen, Suppen, Marinaden und Tajinen Charakter. Erh\u00e4ltlich in Scheiben und in Pulverform","og_url":"https:\/\/www.amanprana.eu\/de\/produkt\/lebensmittel\/schwarze-getrocknete-zitrone\/","og_site_name":"Amanprana","article_publisher":"https:\/\/www.facebook.com\/Amanpranaproducts\/","article_modified_time":"2022-06-28T12:50:13+00:00","og_image":[{"width":2362,"height":2362,"url":"https:\/\/www.amanprana.eu\/wp-content\/uploads\/hires-amanprana-logo.jpg","type":"image\/jpeg"}],"twitter_card":"summary_large_image","schema":{"@context":"https:\/\/schema.org","@graph":[{"@type":"WebPage","@id":"https:\/\/www.amanprana.eu\/de\/produkt\/lebensmittel\/schwarze-getrocknete-zitrone\/","url":"https:\/\/www.amanprana.eu\/de\/produkt\/lebensmittel\/schwarze-getrocknete-zitrone\/","name":"Schwarze, getrocknete Zitrone von Amanprana f\u00fcr Gerichte mit Charakter","isPartOf":{"@id":"https:\/\/www.amanprana.eu\/de\/#website"},"datePublished":"2020-12-29T11:31:37+00:00","dateModified":"2022-06-28T12:50:13+00:00","description":"Schwarze getrocknete Zitrone verleiht Eint\u00f6pfen, Suppen, Marinaden und Tajinen Charakter. Erh\u00e4ltlich in Scheiben und in Pulverform","breadcrumb":{"@id":"https:\/\/www.amanprana.eu\/de\/produkt\/lebensmittel\/schwarze-getrocknete-zitrone\/#breadcrumb"},"inLanguage":"de","potentialAction":[{"@type":"ReadAction","target":["https:\/\/www.amanprana.eu\/de\/produkt\/lebensmittel\/schwarze-getrocknete-zitrone\/"]}]},{"@type":"BreadcrumbList","@id":"https:\/\/www.amanprana.eu\/de\/produkt\/lebensmittel\/schwarze-getrocknete-zitrone\/#breadcrumb","itemListElement":[{"@type":"ListItem","position":1,"name":"Amanprana.eu","item":"https:\/\/www.amanprana.eu\/de\/"},{"@type":"ListItem","position":2,"name":"Lebensmittel","item":"https:\/\/www.amanprana.eu\/de\/produkte\/lebensmittel\/"},{"@type":"ListItem","position":3,"name":"Schwarze, getrocknete Zitrone"}]},{"@type":"WebSite","@id":"https:\/\/www.amanprana.eu\/de\/#website","url":"https:\/\/www.amanprana.eu\/de\/","name":"Amanprana","description":"Serene levenskracht","publisher":{"@id":"https:\/\/www.amanprana.eu\/de\/#organization"},"potentialAction":[{"@type":"SearchAction","target":{"@type":"EntryPoint","urlTemplate":"https:\/\/www.amanprana.eu\/de\/?s={search_term_string}"},"query-input":{"@type":"PropertyValueSpecification","valueRequired":true,"valueName":"search_term_string"}}],"inLanguage":"de"},{"@type":"Organization","@id":"https:\/\/www.amanprana.eu\/de\/#organization","name":"Amanprana","url":"https:\/\/www.amanprana.eu\/de\/","logo":{"@type":"ImageObject","inLanguage":"de","@id":"https:\/\/www.amanprana.eu\/de\/#\/schema\/logo\/image\/","url":"https:\/\/www.amanprana.eu\/wp-content\/uploads\/webres-amanprana-logo.jpg","contentUrl":"https:\/\/www.amanprana.eu\/wp-content\/uploads\/webres-amanprana-logo.jpg","width":300,"height":300,"caption":"Amanprana"},"image":{"@id":"https:\/\/www.amanprana.eu\/de\/#\/schema\/logo\/image\/"},"sameAs":["https:\/\/www.facebook.com\/Amanpranaproducts\/","https:\/\/www.instagram.com\/amanprana\/","https:\/\/nl.pinterest.com\/amanprana\/pins\/"]}]}},"multi-rating":{"mr_rating_results":[]},"_links":{"self":[{"href":"https:\/\/www.amanprana.eu\/de\/wp-json\/wp\/v2\/product\/60580","targetHints":{"allow":["GET"]}}],"collection":[{"href":"https:\/\/www.amanprana.eu\/de\/wp-json\/wp\/v2\/product"}],"about":[{"href":"https:\/\/www.amanprana.eu\/de\/wp-json\/wp\/v2\/types\/product"}],"wp:attachment":[{"href":"https:\/\/www.amanprana.eu\/de\/wp-json\/wp\/v2\/media?parent=60580"}],"wp:term":[{"taxonomy":"post_tag","embeddable":true,"href":"https:\/\/www.amanprana.eu\/de\/wp-json\/wp\/v2\/tags?post=60580"},{"taxonomy":"product_category","embeddable":true,"href":"https:\/\/www.amanprana.eu\/de\/wp-json\/wp\/v2\/product_category?post=60580"}],"curies":[{"name":"wp","href":"https:\/\/api.w.org\/{rel}","templated":true}]}}