

{"id":60746,"date":"2020-12-30T13:47:12","date_gmt":"2020-12-30T12:47:12","guid":{"rendered":"https:\/\/www.amanprana.eu\/product\/%product_category%\/sportdrink\/"},"modified":"2025-04-24T12:11:57","modified_gmt":"2025-04-24T10:11:57","slug":"natuerliches-sportgetraenk","status":"publish","type":"product","link":"https:\/\/www.amanprana.eu\/de\/produkt\/lebensmittel\/natuerliches-sportgetraenk\/","title":{"rendered":"Nat\u00fcrliches Sportgetr\u00e4nk"},"template":"","tags":[3920,3921,3707,3107,2516,1293],"product_category":[1610],"class_list":["post-60746","product","type-product","status-publish","hentry","tag-kakao","tag-gesunde-energie","tag-energiegetrank","tag-schokoladenmilch","tag-sportdrink","tag-matcha-de","product_category-lebensmittel","no-post-thumbnail"],"acf":[],"yoast_head":"<!-- This site is optimized with the Yoast SEO plugin v24.7 - https:\/\/yoast.com\/wordpress\/plugins\/seo\/ -->\n<title>Der Nat\u00fcrliches Sportgetr\u00e4nk von Amanprana ist nat\u00fcrlich und biologisch<\/title>\n<meta name=\"description\" content=\"Met dem Leistungsgetr\u00e4nkepulver von Amanprana stellen Sie ein nat\u00fcrliches Sportgetr\u00e4nk oder einen Energydrink ganz einfach selber her.\" \/>\n<meta name=\"robots\" content=\"index, follow, max-snippet:-1, max-image-preview:large, max-video-preview:-1\" \/>\n<link rel=\"canonical\" href=\"https:\/\/www.amanprana.eu\/de\/produkt\/lebensmittel\/natuerliches-sportgetraenk\/\" \/>\n<meta property=\"og:locale\" content=\"de_DE\" \/>\n<meta property=\"og:type\" content=\"article\" \/>\n<meta property=\"og:title\" content=\"Der Nat\u00fcrliches Sportgetr\u00e4nk von Amanprana ist nat\u00fcrlich und biologisch\" \/>\n<meta property=\"og:description\" content=\"Met dem Leistungsgetr\u00e4nkepulver von Amanprana stellen Sie ein nat\u00fcrliches Sportgetr\u00e4nk oder einen Energydrink ganz einfach selber her.\" \/>\n<meta property=\"og:url\" content=\"https:\/\/www.amanprana.eu\/de\/produkt\/lebensmittel\/natuerliches-sportgetraenk\/\" \/>\n<meta property=\"og:site_name\" content=\"Amanprana\" \/>\n<meta property=\"article:publisher\" content=\"https:\/\/www.facebook.com\/Amanpranaproducts\/\" \/>\n<meta property=\"article:modified_time\" content=\"2025-04-24T10:11:57+00:00\" \/>\n<meta property=\"og:image\" content=\"https:\/\/www.amanprana.eu\/wp-content\/uploads\/hires-amanprana-logo.jpg\" \/>\n\t<meta property=\"og:image:width\" content=\"2362\" \/>\n\t<meta property=\"og:image:height\" content=\"2362\" \/>\n\t<meta property=\"og:image:type\" content=\"image\/jpeg\" \/>\n<meta name=\"twitter:card\" content=\"summary_large_image\" \/>\n<script type=\"application\/ld+json\" class=\"yoast-schema-graph\">{\"@context\":\"https:\/\/schema.org\",\"@graph\":[{\"@type\":\"WebPage\",\"@id\":\"https:\/\/www.amanprana.eu\/de\/produkt\/lebensmittel\/natuerliches-sportgetraenk\/\",\"url\":\"https:\/\/www.amanprana.eu\/de\/produkt\/lebensmittel\/natuerliches-sportgetraenk\/\",\"name\":\"Der Nat\u00fcrliches Sportgetr\u00e4nk von Amanprana ist nat\u00fcrlich und biologisch\",\"isPartOf\":{\"@id\":\"https:\/\/www.amanprana.eu\/de\/#website\"},\"datePublished\":\"2020-12-30T12:47:12+00:00\",\"dateModified\":\"2025-04-24T10:11:57+00:00\",\"description\":\"Met dem Leistungsgetr\u00e4nkepulver von Amanprana stellen Sie ein nat\u00fcrliches Sportgetr\u00e4nk oder einen Energydrink ganz einfach selber her.\",\"breadcrumb\":{\"@id\":\"https:\/\/www.amanprana.eu\/de\/produkt\/lebensmittel\/natuerliches-sportgetraenk\/#breadcrumb\"},\"inLanguage\":\"de\",\"potentialAction\":[{\"@type\":\"ReadAction\",\"target\":[\"https:\/\/www.amanprana.eu\/de\/produkt\/lebensmittel\/natuerliches-sportgetraenk\/\"]}]},{\"@type\":\"BreadcrumbList\",\"@id\":\"https:\/\/www.amanprana.eu\/de\/produkt\/lebensmittel\/natuerliches-sportgetraenk\/#breadcrumb\",\"itemListElement\":[{\"@type\":\"ListItem\",\"position\":1,\"name\":\"Amanprana.eu\",\"item\":\"https:\/\/www.amanprana.eu\/de\/\"},{\"@type\":\"ListItem\",\"position\":2,\"name\":\"Lebensmittel\",\"item\":\"https:\/\/www.amanprana.eu\/de\/produkte\/lebensmittel\/\"},{\"@type\":\"ListItem\",\"position\":3,\"name\":\"Nat\u00fcrliches Sportgetr\u00e4nk\"}]},{\"@type\":\"WebSite\",\"@id\":\"https:\/\/www.amanprana.eu\/de\/#website\",\"url\":\"https:\/\/www.amanprana.eu\/de\/\",\"name\":\"Amanprana\",\"description\":\"Serene levenskracht\",\"publisher\":{\"@id\":\"https:\/\/www.amanprana.eu\/de\/#organization\"},\"potentialAction\":[{\"@type\":\"SearchAction\",\"target\":{\"@type\":\"EntryPoint\",\"urlTemplate\":\"https:\/\/www.amanprana.eu\/de\/?s={search_term_string}\"},\"query-input\":{\"@type\":\"PropertyValueSpecification\",\"valueRequired\":true,\"valueName\":\"search_term_string\"}}],\"inLanguage\":\"de\"},{\"@type\":\"Organization\",\"@id\":\"https:\/\/www.amanprana.eu\/de\/#organization\",\"name\":\"Amanprana\",\"url\":\"https:\/\/www.amanprana.eu\/de\/\",\"logo\":{\"@type\":\"ImageObject\",\"inLanguage\":\"de\",\"@id\":\"https:\/\/www.amanprana.eu\/de\/#\/schema\/logo\/image\/\",\"url\":\"https:\/\/www.amanprana.eu\/wp-content\/uploads\/webres-amanprana-logo.jpg\",\"contentUrl\":\"https:\/\/www.amanprana.eu\/wp-content\/uploads\/webres-amanprana-logo.jpg\",\"width\":300,\"height\":300,\"caption\":\"Amanprana\"},\"image\":{\"@id\":\"https:\/\/www.amanprana.eu\/de\/#\/schema\/logo\/image\/\"},\"sameAs\":[\"https:\/\/www.facebook.com\/Amanpranaproducts\/\",\"https:\/\/www.instagram.com\/amanprana\/\",\"https:\/\/nl.pinterest.com\/amanprana\/pins\/\"]}]}<\/script>\n<!-- \/ Yoast SEO plugin. -->","yoast_head_json":{"title":"Der Nat\u00fcrliches Sportgetr\u00e4nk von Amanprana ist nat\u00fcrlich und biologisch","description":"Met dem Leistungsgetr\u00e4nkepulver von Amanprana stellen Sie ein nat\u00fcrliches Sportgetr\u00e4nk oder einen Energydrink ganz einfach selber her.","robots":{"index":"index","follow":"follow","max-snippet":"max-snippet:-1","max-image-preview":"max-image-preview:large","max-video-preview":"max-video-preview:-1"},"canonical":"https:\/\/www.amanprana.eu\/de\/produkt\/lebensmittel\/natuerliches-sportgetraenk\/","og_locale":"de_DE","og_type":"article","og_title":"Der Nat\u00fcrliches Sportgetr\u00e4nk von Amanprana ist nat\u00fcrlich und biologisch","og_description":"Met dem Leistungsgetr\u00e4nkepulver von Amanprana stellen Sie ein nat\u00fcrliches Sportgetr\u00e4nk oder einen Energydrink ganz einfach selber her.","og_url":"https:\/\/www.amanprana.eu\/de\/produkt\/lebensmittel\/natuerliches-sportgetraenk\/","og_site_name":"Amanprana","article_publisher":"https:\/\/www.facebook.com\/Amanpranaproducts\/","article_modified_time":"2025-04-24T10:11:57+00:00","og_image":[{"width":2362,"height":2362,"url":"https:\/\/www.amanprana.eu\/wp-content\/uploads\/hires-amanprana-logo.jpg","type":"image\/jpeg"}],"twitter_card":"summary_large_image","schema":{"@context":"https:\/\/schema.org","@graph":[{"@type":"WebPage","@id":"https:\/\/www.amanprana.eu\/de\/produkt\/lebensmittel\/natuerliches-sportgetraenk\/","url":"https:\/\/www.amanprana.eu\/de\/produkt\/lebensmittel\/natuerliches-sportgetraenk\/","name":"Der Nat\u00fcrliches Sportgetr\u00e4nk von Amanprana ist nat\u00fcrlich und biologisch","isPartOf":{"@id":"https:\/\/www.amanprana.eu\/de\/#website"},"datePublished":"2020-12-30T12:47:12+00:00","dateModified":"2025-04-24T10:11:57+00:00","description":"Met dem Leistungsgetr\u00e4nkepulver von Amanprana stellen Sie ein nat\u00fcrliches Sportgetr\u00e4nk oder einen Energydrink ganz einfach selber her.","breadcrumb":{"@id":"https:\/\/www.amanprana.eu\/de\/produkt\/lebensmittel\/natuerliches-sportgetraenk\/#breadcrumb"},"inLanguage":"de","potentialAction":[{"@type":"ReadAction","target":["https:\/\/www.amanprana.eu\/de\/produkt\/lebensmittel\/natuerliches-sportgetraenk\/"]}]},{"@type":"BreadcrumbList","@id":"https:\/\/www.amanprana.eu\/de\/produkt\/lebensmittel\/natuerliches-sportgetraenk\/#breadcrumb","itemListElement":[{"@type":"ListItem","position":1,"name":"Amanprana.eu","item":"https:\/\/www.amanprana.eu\/de\/"},{"@type":"ListItem","position":2,"name":"Lebensmittel","item":"https:\/\/www.amanprana.eu\/de\/produkte\/lebensmittel\/"},{"@type":"ListItem","position":3,"name":"Nat\u00fcrliches Sportgetr\u00e4nk"}]},{"@type":"WebSite","@id":"https:\/\/www.amanprana.eu\/de\/#website","url":"https:\/\/www.amanprana.eu\/de\/","name":"Amanprana","description":"Serene levenskracht","publisher":{"@id":"https:\/\/www.amanprana.eu\/de\/#organization"},"potentialAction":[{"@type":"SearchAction","target":{"@type":"EntryPoint","urlTemplate":"https:\/\/www.amanprana.eu\/de\/?s={search_term_string}"},"query-input":{"@type":"PropertyValueSpecification","valueRequired":true,"valueName":"search_term_string"}}],"inLanguage":"de"},{"@type":"Organization","@id":"https:\/\/www.amanprana.eu\/de\/#organization","name":"Amanprana","url":"https:\/\/www.amanprana.eu\/de\/","logo":{"@type":"ImageObject","inLanguage":"de","@id":"https:\/\/www.amanprana.eu\/de\/#\/schema\/logo\/image\/","url":"https:\/\/www.amanprana.eu\/wp-content\/uploads\/webres-amanprana-logo.jpg","contentUrl":"https:\/\/www.amanprana.eu\/wp-content\/uploads\/webres-amanprana-logo.jpg","width":300,"height":300,"caption":"Amanprana"},"image":{"@id":"https:\/\/www.amanprana.eu\/de\/#\/schema\/logo\/image\/"},"sameAs":["https:\/\/www.facebook.com\/Amanpranaproducts\/","https:\/\/www.instagram.com\/amanprana\/","https:\/\/nl.pinterest.com\/amanprana\/pins\/"]}]}},"multi-rating":{"mr_rating_results":[]},"_links":{"self":[{"href":"https:\/\/www.amanprana.eu\/de\/wp-json\/wp\/v2\/product\/60746","targetHints":{"allow":["GET"]}}],"collection":[{"href":"https:\/\/www.amanprana.eu\/de\/wp-json\/wp\/v2\/product"}],"about":[{"href":"https:\/\/www.amanprana.eu\/de\/wp-json\/wp\/v2\/types\/product"}],"wp:attachment":[{"href":"https:\/\/www.amanprana.eu\/de\/wp-json\/wp\/v2\/media?parent=60746"}],"wp:term":[{"taxonomy":"post_tag","embeddable":true,"href":"https:\/\/www.amanprana.eu\/de\/wp-json\/wp\/v2\/tags?post=60746"},{"taxonomy":"product_category","embeddable":true,"href":"https:\/\/www.amanprana.eu\/de\/wp-json\/wp\/v2\/product_category?post=60746"}],"curies":[{"name":"wp","href":"https:\/\/api.w.org\/{rel}","templated":true}]}}