

{"id":61017,"date":"2021-01-04T13:19:47","date_gmt":"2021-01-04T12:19:47","guid":{"rendered":"https:\/\/www.amanprana.eu\/product\/%product_category%\/rasieroel-fuer-maenner\/"},"modified":"2025-04-24T14:21:02","modified_gmt":"2025-04-24T12:21:02","slug":"rasieroel-fuer-maenner","status":"publish","type":"product","link":"https:\/\/www.amanprana.eu\/de\/produkt\/koerperpflege\/rasieroel-fuer-maenner\/","title":{"rendered":"Rasier\u00f6l f\u00fcr M\u00e4nner"},"template":"","tags":[2651,1846,2117,2177,2176,1848],"product_category":[1616],"class_list":["post-61017","product","type-product","status-publish","hentry","tag-bartol","tag-naturliche-korperpflege","tag-naturliche-pflege","tag-rasieren","tag-rasierol","tag-bio-pflege","product_category-koerperpflege","no-post-thumbnail"],"acf":[],"yoast_head":"<!-- This site is optimized with the Yoast SEO plugin v24.7 - https:\/\/yoast.com\/wordpress\/plugins\/seo\/ -->\n<title>Razoli 100 % biologisches Rasier\u00f6l f\u00fcr M\u00e4nner - Amanprana<\/title>\n<meta name=\"description\" content=\"Die Essenz\u00f6le im Razoli Rasier\u00f6l sorgen zusammen f\u00fcr eine effiziente Pflege, den Schutz der Haut und eine superglatte Rasur.\" \/>\n<meta name=\"robots\" content=\"index, follow, max-snippet:-1, max-image-preview:large, max-video-preview:-1\" \/>\n<link rel=\"canonical\" href=\"https:\/\/www.amanprana.eu\/de\/produkt\/koerperpflege\/rasieroel-fuer-maenner\/\" \/>\n<meta property=\"og:locale\" content=\"de_DE\" \/>\n<meta property=\"og:type\" content=\"article\" \/>\n<meta property=\"og:title\" content=\"Razoli 100 % biologisches Rasier\u00f6l f\u00fcr M\u00e4nner - Amanprana\" \/>\n<meta property=\"og:description\" content=\"Die Essenz\u00f6le im Razoli Rasier\u00f6l sorgen zusammen f\u00fcr eine effiziente Pflege, den Schutz der Haut und eine superglatte Rasur.\" \/>\n<meta property=\"og:url\" content=\"https:\/\/www.amanprana.eu\/de\/produkt\/koerperpflege\/rasieroel-fuer-maenner\/\" \/>\n<meta property=\"og:site_name\" content=\"Amanprana\" \/>\n<meta property=\"article:publisher\" content=\"https:\/\/www.facebook.com\/Amanpranaproducts\/\" \/>\n<meta property=\"article:modified_time\" content=\"2025-04-24T12:21:02+00:00\" \/>\n<meta property=\"og:image\" content=\"https:\/\/www.amanprana.eu\/wp-content\/uploads\/hires-amanprana-logo.jpg\" \/>\n\t<meta property=\"og:image:width\" content=\"2362\" \/>\n\t<meta property=\"og:image:height\" content=\"2362\" \/>\n\t<meta property=\"og:image:type\" content=\"image\/jpeg\" \/>\n<meta name=\"twitter:card\" content=\"summary_large_image\" \/>\n<script type=\"application\/ld+json\" class=\"yoast-schema-graph\">{\"@context\":\"https:\/\/schema.org\",\"@graph\":[{\"@type\":\"WebPage\",\"@id\":\"https:\/\/www.amanprana.eu\/de\/produkt\/koerperpflege\/rasieroel-fuer-maenner\/\",\"url\":\"https:\/\/www.amanprana.eu\/de\/produkt\/koerperpflege\/rasieroel-fuer-maenner\/\",\"name\":\"Razoli 100 % biologisches Rasier\u00f6l f\u00fcr M\u00e4nner - Amanprana\",\"isPartOf\":{\"@id\":\"https:\/\/www.amanprana.eu\/de\/#website\"},\"datePublished\":\"2021-01-04T12:19:47+00:00\",\"dateModified\":\"2025-04-24T12:21:02+00:00\",\"description\":\"Die Essenz\u00f6le im Razoli Rasier\u00f6l sorgen zusammen f\u00fcr eine effiziente Pflege, den Schutz der Haut und eine superglatte Rasur.\",\"breadcrumb\":{\"@id\":\"https:\/\/www.amanprana.eu\/de\/produkt\/koerperpflege\/rasieroel-fuer-maenner\/#breadcrumb\"},\"inLanguage\":\"de\",\"potentialAction\":[{\"@type\":\"ReadAction\",\"target\":[\"https:\/\/www.amanprana.eu\/de\/produkt\/koerperpflege\/rasieroel-fuer-maenner\/\"]}]},{\"@type\":\"BreadcrumbList\",\"@id\":\"https:\/\/www.amanprana.eu\/de\/produkt\/koerperpflege\/rasieroel-fuer-maenner\/#breadcrumb\",\"itemListElement\":[{\"@type\":\"ListItem\",\"position\":1,\"name\":\"Amanprana.eu\",\"item\":\"https:\/\/www.amanprana.eu\/de\/\"},{\"@type\":\"ListItem\",\"position\":2,\"name\":\"K\u00f6rperpflege\",\"item\":\"https:\/\/www.amanprana.eu\/de\/produkte\/koerperpflege\/\"},{\"@type\":\"ListItem\",\"position\":3,\"name\":\"Rasier\u00f6l f\u00fcr M\u00e4nner\"}]},{\"@type\":\"WebSite\",\"@id\":\"https:\/\/www.amanprana.eu\/de\/#website\",\"url\":\"https:\/\/www.amanprana.eu\/de\/\",\"name\":\"Amanprana\",\"description\":\"Serene levenskracht\",\"publisher\":{\"@id\":\"https:\/\/www.amanprana.eu\/de\/#organization\"},\"potentialAction\":[{\"@type\":\"SearchAction\",\"target\":{\"@type\":\"EntryPoint\",\"urlTemplate\":\"https:\/\/www.amanprana.eu\/de\/?s={search_term_string}\"},\"query-input\":{\"@type\":\"PropertyValueSpecification\",\"valueRequired\":true,\"valueName\":\"search_term_string\"}}],\"inLanguage\":\"de\"},{\"@type\":\"Organization\",\"@id\":\"https:\/\/www.amanprana.eu\/de\/#organization\",\"name\":\"Amanprana\",\"url\":\"https:\/\/www.amanprana.eu\/de\/\",\"logo\":{\"@type\":\"ImageObject\",\"inLanguage\":\"de\",\"@id\":\"https:\/\/www.amanprana.eu\/de\/#\/schema\/logo\/image\/\",\"url\":\"https:\/\/www.amanprana.eu\/wp-content\/uploads\/webres-amanprana-logo.jpg\",\"contentUrl\":\"https:\/\/www.amanprana.eu\/wp-content\/uploads\/webres-amanprana-logo.jpg\",\"width\":300,\"height\":300,\"caption\":\"Amanprana\"},\"image\":{\"@id\":\"https:\/\/www.amanprana.eu\/de\/#\/schema\/logo\/image\/\"},\"sameAs\":[\"https:\/\/www.facebook.com\/Amanpranaproducts\/\",\"https:\/\/www.instagram.com\/amanprana\/\",\"https:\/\/nl.pinterest.com\/amanprana\/pins\/\"]}]}<\/script>\n<!-- \/ Yoast SEO plugin. -->","yoast_head_json":{"title":"Razoli 100 % biologisches Rasier\u00f6l f\u00fcr M\u00e4nner - Amanprana","description":"Die Essenz\u00f6le im Razoli Rasier\u00f6l sorgen zusammen f\u00fcr eine effiziente Pflege, den Schutz der Haut und eine superglatte Rasur.","robots":{"index":"index","follow":"follow","max-snippet":"max-snippet:-1","max-image-preview":"max-image-preview:large","max-video-preview":"max-video-preview:-1"},"canonical":"https:\/\/www.amanprana.eu\/de\/produkt\/koerperpflege\/rasieroel-fuer-maenner\/","og_locale":"de_DE","og_type":"article","og_title":"Razoli 100 % biologisches Rasier\u00f6l f\u00fcr M\u00e4nner - Amanprana","og_description":"Die Essenz\u00f6le im Razoli Rasier\u00f6l sorgen zusammen f\u00fcr eine effiziente Pflege, den Schutz der Haut und eine superglatte Rasur.","og_url":"https:\/\/www.amanprana.eu\/de\/produkt\/koerperpflege\/rasieroel-fuer-maenner\/","og_site_name":"Amanprana","article_publisher":"https:\/\/www.facebook.com\/Amanpranaproducts\/","article_modified_time":"2025-04-24T12:21:02+00:00","og_image":[{"width":2362,"height":2362,"url":"https:\/\/www.amanprana.eu\/wp-content\/uploads\/hires-amanprana-logo.jpg","type":"image\/jpeg"}],"twitter_card":"summary_large_image","schema":{"@context":"https:\/\/schema.org","@graph":[{"@type":"WebPage","@id":"https:\/\/www.amanprana.eu\/de\/produkt\/koerperpflege\/rasieroel-fuer-maenner\/","url":"https:\/\/www.amanprana.eu\/de\/produkt\/koerperpflege\/rasieroel-fuer-maenner\/","name":"Razoli 100 % biologisches Rasier\u00f6l f\u00fcr M\u00e4nner - Amanprana","isPartOf":{"@id":"https:\/\/www.amanprana.eu\/de\/#website"},"datePublished":"2021-01-04T12:19:47+00:00","dateModified":"2025-04-24T12:21:02+00:00","description":"Die Essenz\u00f6le im Razoli Rasier\u00f6l sorgen zusammen f\u00fcr eine effiziente Pflege, den Schutz der Haut und eine superglatte Rasur.","breadcrumb":{"@id":"https:\/\/www.amanprana.eu\/de\/produkt\/koerperpflege\/rasieroel-fuer-maenner\/#breadcrumb"},"inLanguage":"de","potentialAction":[{"@type":"ReadAction","target":["https:\/\/www.amanprana.eu\/de\/produkt\/koerperpflege\/rasieroel-fuer-maenner\/"]}]},{"@type":"BreadcrumbList","@id":"https:\/\/www.amanprana.eu\/de\/produkt\/koerperpflege\/rasieroel-fuer-maenner\/#breadcrumb","itemListElement":[{"@type":"ListItem","position":1,"name":"Amanprana.eu","item":"https:\/\/www.amanprana.eu\/de\/"},{"@type":"ListItem","position":2,"name":"K\u00f6rperpflege","item":"https:\/\/www.amanprana.eu\/de\/produkte\/koerperpflege\/"},{"@type":"ListItem","position":3,"name":"Rasier\u00f6l f\u00fcr M\u00e4nner"}]},{"@type":"WebSite","@id":"https:\/\/www.amanprana.eu\/de\/#website","url":"https:\/\/www.amanprana.eu\/de\/","name":"Amanprana","description":"Serene levenskracht","publisher":{"@id":"https:\/\/www.amanprana.eu\/de\/#organization"},"potentialAction":[{"@type":"SearchAction","target":{"@type":"EntryPoint","urlTemplate":"https:\/\/www.amanprana.eu\/de\/?s={search_term_string}"},"query-input":{"@type":"PropertyValueSpecification","valueRequired":true,"valueName":"search_term_string"}}],"inLanguage":"de"},{"@type":"Organization","@id":"https:\/\/www.amanprana.eu\/de\/#organization","name":"Amanprana","url":"https:\/\/www.amanprana.eu\/de\/","logo":{"@type":"ImageObject","inLanguage":"de","@id":"https:\/\/www.amanprana.eu\/de\/#\/schema\/logo\/image\/","url":"https:\/\/www.amanprana.eu\/wp-content\/uploads\/webres-amanprana-logo.jpg","contentUrl":"https:\/\/www.amanprana.eu\/wp-content\/uploads\/webres-amanprana-logo.jpg","width":300,"height":300,"caption":"Amanprana"},"image":{"@id":"https:\/\/www.amanprana.eu\/de\/#\/schema\/logo\/image\/"},"sameAs":["https:\/\/www.facebook.com\/Amanpranaproducts\/","https:\/\/www.instagram.com\/amanprana\/","https:\/\/nl.pinterest.com\/amanprana\/pins\/"]}]}},"multi-rating":{"mr_rating_results":[]},"_links":{"self":[{"href":"https:\/\/www.amanprana.eu\/de\/wp-json\/wp\/v2\/product\/61017","targetHints":{"allow":["GET"]}}],"collection":[{"href":"https:\/\/www.amanprana.eu\/de\/wp-json\/wp\/v2\/product"}],"about":[{"href":"https:\/\/www.amanprana.eu\/de\/wp-json\/wp\/v2\/types\/product"}],"wp:attachment":[{"href":"https:\/\/www.amanprana.eu\/de\/wp-json\/wp\/v2\/media?parent=61017"}],"wp:term":[{"taxonomy":"post_tag","embeddable":true,"href":"https:\/\/www.amanprana.eu\/de\/wp-json\/wp\/v2\/tags?post=61017"},{"taxonomy":"product_category","embeddable":true,"href":"https:\/\/www.amanprana.eu\/de\/wp-json\/wp\/v2\/product_category?post=61017"}],"curies":[{"name":"wp","href":"https:\/\/api.w.org\/{rel}","templated":true}]}}