

{"id":45942,"date":"2019-03-19T10:03:54","date_gmt":"2019-03-19T09:03:54","guid":{"rendered":"https:\/\/www.amanprana.eu\/amanprana-biologico\/"},"modified":"2022-06-29T18:37:36","modified_gmt":"2022-06-29T16:37:36","slug":"amanprana-biologico","status":"publish","type":"page","link":"https:\/\/www.amanprana.eu\/es\/filosofia\/amanprana-biologico\/","title":{"rendered":"Amanprana biol\u00f3gico"},"content":{"rendered":"\n<p>El pensamiento de Hippocrates tambi\u00e9n ve la nutrici\u00f3n de Amanprana como medicina. Amanprana tiene un origen bi\u00f3logico porque los alimentos saludables son sin\u00f3nimo de un cuerpo sano y una mente sana. Por lo tanto, la nutrici\u00f3n es la esencia de la salud. En Amanprana partimos de los alimentos que la naturaleza nos proporciona. La comida refinada proporciona muchas dolencias occidentales y mala salud. Por esta raz\u00f3n, Amanprana es 100% biol\u00f3gico. Tanto los\u00a0<strong><em><a href=\"https:\/\/www.amanprana.eu\/es\/alimento\/\">alimentos<\/a><\/em><\/strong>, que se asume que son \u00abalimentos como medicamento\u00bb, como el\u00a0<strong><em><a href=\"https:\/\/www.amanprana.eu\/es\/productos\/cuidado\/\">cuidado del cuerpo<\/a><\/em><\/strong>, donde nos encontramos con \u2018 lo que uno no puede comer no sirve para la piel \u2018.<\/p>\n\n<h2 class=\"wp-block-heading\">\u00bfQu\u00e9 es bio? Explicaci\u00f3n de alimentos y productos biol\u00f3gicos<\/h2>\n<div class=\"wp-block-image wp-image-32196 size-medium\">\n<figure class=\"alignright\"><img decoding=\"async\" width=\"300\" height=\"199\" src=\"https:\/\/www.amanprana.eu\/wp-content\/uploads\/\/Europees-Keurmerk-Biologisch-eten-Amanprana-300x199.jpg\" alt=\"Amanprana dispone de la marca europea de calidad de alimentaci&#xF3;n ecol&#xF3;gica\" class=\"wp-image-32196\" srcset=\"https:\/\/www.amanprana.eu\/wp-content\/uploads\/Europees-Keurmerk-Biologisch-eten-Amanprana-300x199.jpg 300w, https:\/\/www.amanprana.eu\/wp-content\/uploads\/Europees-Keurmerk-Biologisch-eten-Amanprana-100x66.jpg 100w, https:\/\/www.amanprana.eu\/wp-content\/uploads\/Europees-Keurmerk-Biologisch-eten-Amanprana.jpg 498w\" sizes=\"(max-width: 300px) 100vw, 300px\" \/><figcaption>Etiqueta Europea Alimentos Biol\u00f3gicos<\/figcaption><\/figure><\/div>\n<p>En Amanprana trabajamos con 100% de productos biol\u00f3gicos. Pero, \u00bfqu\u00e9 es bio realmente? Los productos biol\u00f3gicos provienen de la agricultura ecol\u00f3gica. Esto involucra la agricultura con respeto a la naturaleza y a los animales. Los que eligen lo biol\u00f3gico eligen m\u00e9todos de producci\u00f3n ambiental y con respeto a los animales. En la agricultura biol\u00f3gica, el enfoque no es alimentar la planta, sino el suelo. La bioagricultura no utiliza pesticidas qu\u00edmicos, fertilizantes ni antibi\u00f3ticos preventivos. Adem\u00e1s, no se utilizan organismos modificados gen\u00e9ticamente. De esta manera, la comida est\u00e1 tan cerca de la naturaleza como sea posible.&#13;\n&#13;\n<\/p>\n\n<h2 class=\"wp-block-heading\">Amanprana 100% comida biol\u00f3gica y cuidado corporal biol\u00f3gico<\/h2>\n\n<p>Etiqueta org\u00e1nica Europea. Una etiqueta distintiva para alimentos biol\u00f3gicos y productos biol\u00f3gicos . Las empresas que deseen ser biol\u00f3gicas deben estar en posesi\u00f3n de certificados, que s\u00f3lo se emiten cuando se cumplen condiciones estrictas. En Amanprana, todos los productos son 100% biol\u00f3gicos y certificados.&#13;\n&#13;\n<\/p>\n","protected":false},"excerpt":{"rendered":"<p>El pensamiento de Hippocrates tambi\u00e9n ve la nutrici\u00f3n de Amanprana como medicina. Amanprana tiene un origen bi\u00f3logico porque los alimentos saludables son sin\u00f3nimo de un cuerpo sano y una mente &#8230;<\/p>\n","protected":false},"author":9,"featured_media":32196,"parent":46280,"menu_order":23,"comment_status":"closed","ping_status":"closed","template":"","meta":{"_acf_changed":false,"rating_form_position":"","rating_results_position":"","mr_structured_data_type":"","footnotes":""},"class_list":["post-45942","page","type-page","status-publish","has-post-thumbnail","hentry"],"acf":[],"yoast_head":"<!-- This site is optimized with the Yoast SEO plugin v24.7 - https:\/\/yoast.com\/wordpress\/plugins\/seo\/ -->\n<title>Alimentos y cuidados 100% org\u00e1nicos y naturales<\/title>\n<meta name=\"description\" content=\"Los productos de Amanprana son 100% biol\u00f3gicos. Adem\u00e1s de alimentos biol\u00f3gicos tambi\u00e9n hay productos biol\u00f3gicos para el cuidado del cuerpo. Bio adem\u00e1s de saludable tambi\u00e9n sabroso\" \/>\n<meta name=\"robots\" content=\"index, follow, max-snippet:-1, max-image-preview:large, max-video-preview:-1\" \/>\n<link rel=\"canonical\" href=\"https:\/\/www.amanprana.eu\/es\/filosofia\/amanprana-biologico\/\" \/>\n<meta property=\"og:locale\" content=\"es_ES\" \/>\n<meta property=\"og:type\" content=\"article\" \/>\n<meta property=\"og:title\" content=\"Alimentos y cuidados 100% org\u00e1nicos y naturales\" \/>\n<meta property=\"og:description\" content=\"Los productos de Amanprana son 100% biol\u00f3gicos. Adem\u00e1s de alimentos biol\u00f3gicos tambi\u00e9n hay productos biol\u00f3gicos para el cuidado del cuerpo. Bio adem\u00e1s de saludable tambi\u00e9n sabroso\" \/>\n<meta property=\"og:url\" content=\"https:\/\/www.amanprana.eu\/es\/filosofia\/amanprana-biologico\/\" \/>\n<meta property=\"og:site_name\" content=\"Amanprana\" \/>\n<meta property=\"article:publisher\" content=\"https:\/\/www.facebook.com\/Amanpranaproducts\/\" \/>\n<meta property=\"article:modified_time\" content=\"2022-06-29T16:37:36+00:00\" \/>\n<meta property=\"og:image\" content=\"https:\/\/www.amanprana.eu\/wp-content\/uploads\/Europees-Keurmerk-Biologisch-eten-Amanprana.jpg\" \/>\n\t<meta property=\"og:image:width\" content=\"498\" \/>\n\t<meta property=\"og:image:height\" content=\"330\" \/>\n\t<meta property=\"og:image:type\" content=\"image\/jpeg\" \/>\n<meta name=\"twitter:card\" content=\"summary_large_image\" \/>\n<meta name=\"twitter:label1\" content=\"Tiempo de lectura\" \/>\n\t<meta name=\"twitter:data1\" content=\"2 minutos\" \/>\n<script type=\"application\/ld+json\" class=\"yoast-schema-graph\">{\"@context\":\"https:\/\/schema.org\",\"@graph\":[{\"@type\":\"WebPage\",\"@id\":\"https:\/\/www.amanprana.eu\/es\/filosofia\/amanprana-biologico\/\",\"url\":\"https:\/\/www.amanprana.eu\/es\/filosofia\/amanprana-biologico\/\",\"name\":\"Alimentos y cuidados 100% org\u00e1nicos y naturales\",\"isPartOf\":{\"@id\":\"https:\/\/www.amanprana.eu\/es\/#website\"},\"primaryImageOfPage\":{\"@id\":\"https:\/\/www.amanprana.eu\/es\/filosofia\/amanprana-biologico\/#primaryimage\"},\"image\":{\"@id\":\"https:\/\/www.amanprana.eu\/es\/filosofia\/amanprana-biologico\/#primaryimage\"},\"thumbnailUrl\":\"https:\/\/www.amanprana.eu\/wp-content\/uploads\/Europees-Keurmerk-Biologisch-eten-Amanprana.jpg\",\"datePublished\":\"2019-03-19T09:03:54+00:00\",\"dateModified\":\"2022-06-29T16:37:36+00:00\",\"description\":\"Los productos de Amanprana son 100% biol\u00f3gicos. Adem\u00e1s de alimentos biol\u00f3gicos tambi\u00e9n hay productos biol\u00f3gicos para el cuidado del cuerpo. Bio adem\u00e1s de saludable tambi\u00e9n sabroso\",\"breadcrumb\":{\"@id\":\"https:\/\/www.amanprana.eu\/es\/filosofia\/amanprana-biologico\/#breadcrumb\"},\"inLanguage\":\"es\",\"potentialAction\":[{\"@type\":\"ReadAction\",\"target\":[\"https:\/\/www.amanprana.eu\/es\/filosofia\/amanprana-biologico\/\"]}]},{\"@type\":\"ImageObject\",\"inLanguage\":\"es\",\"@id\":\"https:\/\/www.amanprana.eu\/es\/filosofia\/amanprana-biologico\/#primaryimage\",\"url\":\"https:\/\/www.amanprana.eu\/wp-content\/uploads\/Europees-Keurmerk-Biologisch-eten-Amanprana.jpg\",\"contentUrl\":\"https:\/\/www.amanprana.eu\/wp-content\/uploads\/Europees-Keurmerk-Biologisch-eten-Amanprana.jpg\",\"width\":498,\"height\":330,\"caption\":\"Etiqueta Europea alimentos biol\u00f3gicos\"},{\"@type\":\"BreadcrumbList\",\"@id\":\"https:\/\/www.amanprana.eu\/es\/filosofia\/amanprana-biologico\/#breadcrumb\",\"itemListElement\":[{\"@type\":\"ListItem\",\"position\":1,\"name\":\"Amanprana.eu\",\"item\":\"https:\/\/www.amanprana.eu\/es\/\"},{\"@type\":\"ListItem\",\"position\":2,\"name\":\"Filosof\u00eda\",\"item\":\"https:\/\/www.amanprana.eu\/es\/filosofia\/\"},{\"@type\":\"ListItem\",\"position\":3,\"name\":\"Amanprana biol\u00f3gico\"}]},{\"@type\":\"WebSite\",\"@id\":\"https:\/\/www.amanprana.eu\/es\/#website\",\"url\":\"https:\/\/www.amanprana.eu\/es\/\",\"name\":\"Amanprana\",\"description\":\"Serene levenskracht\",\"publisher\":{\"@id\":\"https:\/\/www.amanprana.eu\/es\/#organization\"},\"potentialAction\":[{\"@type\":\"SearchAction\",\"target\":{\"@type\":\"EntryPoint\",\"urlTemplate\":\"https:\/\/www.amanprana.eu\/es\/?s={search_term_string}\"},\"query-input\":{\"@type\":\"PropertyValueSpecification\",\"valueRequired\":true,\"valueName\":\"search_term_string\"}}],\"inLanguage\":\"es\"},{\"@type\":\"Organization\",\"@id\":\"https:\/\/www.amanprana.eu\/es\/#organization\",\"name\":\"Amanprana\",\"url\":\"https:\/\/www.amanprana.eu\/es\/\",\"logo\":{\"@type\":\"ImageObject\",\"inLanguage\":\"es\",\"@id\":\"https:\/\/www.amanprana.eu\/es\/#\/schema\/logo\/image\/\",\"url\":\"https:\/\/www.amanprana.eu\/wp-content\/uploads\/webres-amanprana-logo.jpg\",\"contentUrl\":\"https:\/\/www.amanprana.eu\/wp-content\/uploads\/webres-amanprana-logo.jpg\",\"width\":300,\"height\":300,\"caption\":\"Amanprana\"},\"image\":{\"@id\":\"https:\/\/www.amanprana.eu\/es\/#\/schema\/logo\/image\/\"},\"sameAs\":[\"https:\/\/www.facebook.com\/Amanpranaproducts\/\",\"https:\/\/www.instagram.com\/amanprana\/\",\"https:\/\/nl.pinterest.com\/amanprana\/pins\/\"]}]}<\/script>\n<!-- \/ Yoast SEO plugin. -->","yoast_head_json":{"title":"Alimentos y cuidados 100% org\u00e1nicos y naturales","description":"Los productos de Amanprana son 100% biol\u00f3gicos. Adem\u00e1s de alimentos biol\u00f3gicos tambi\u00e9n hay productos biol\u00f3gicos para el cuidado del cuerpo. Bio adem\u00e1s de saludable tambi\u00e9n sabroso","robots":{"index":"index","follow":"follow","max-snippet":"max-snippet:-1","max-image-preview":"max-image-preview:large","max-video-preview":"max-video-preview:-1"},"canonical":"https:\/\/www.amanprana.eu\/es\/filosofia\/amanprana-biologico\/","og_locale":"es_ES","og_type":"article","og_title":"Alimentos y cuidados 100% org\u00e1nicos y naturales","og_description":"Los productos de Amanprana son 100% biol\u00f3gicos. Adem\u00e1s de alimentos biol\u00f3gicos tambi\u00e9n hay productos biol\u00f3gicos para el cuidado del cuerpo. Bio adem\u00e1s de saludable tambi\u00e9n sabroso","og_url":"https:\/\/www.amanprana.eu\/es\/filosofia\/amanprana-biologico\/","og_site_name":"Amanprana","article_publisher":"https:\/\/www.facebook.com\/Amanpranaproducts\/","article_modified_time":"2022-06-29T16:37:36+00:00","og_image":[{"width":498,"height":330,"url":"https:\/\/www.amanprana.eu\/wp-content\/uploads\/Europees-Keurmerk-Biologisch-eten-Amanprana.jpg","type":"image\/jpeg"}],"twitter_card":"summary_large_image","twitter_misc":{"Tiempo de lectura":"2 minutos"},"schema":{"@context":"https:\/\/schema.org","@graph":[{"@type":"WebPage","@id":"https:\/\/www.amanprana.eu\/es\/filosofia\/amanprana-biologico\/","url":"https:\/\/www.amanprana.eu\/es\/filosofia\/amanprana-biologico\/","name":"Alimentos y cuidados 100% org\u00e1nicos y naturales","isPartOf":{"@id":"https:\/\/www.amanprana.eu\/es\/#website"},"primaryImageOfPage":{"@id":"https:\/\/www.amanprana.eu\/es\/filosofia\/amanprana-biologico\/#primaryimage"},"image":{"@id":"https:\/\/www.amanprana.eu\/es\/filosofia\/amanprana-biologico\/#primaryimage"},"thumbnailUrl":"https:\/\/www.amanprana.eu\/wp-content\/uploads\/Europees-Keurmerk-Biologisch-eten-Amanprana.jpg","datePublished":"2019-03-19T09:03:54+00:00","dateModified":"2022-06-29T16:37:36+00:00","description":"Los productos de Amanprana son 100% biol\u00f3gicos. Adem\u00e1s de alimentos biol\u00f3gicos tambi\u00e9n hay productos biol\u00f3gicos para el cuidado del cuerpo. Bio adem\u00e1s de saludable tambi\u00e9n sabroso","breadcrumb":{"@id":"https:\/\/www.amanprana.eu\/es\/filosofia\/amanprana-biologico\/#breadcrumb"},"inLanguage":"es","potentialAction":[{"@type":"ReadAction","target":["https:\/\/www.amanprana.eu\/es\/filosofia\/amanprana-biologico\/"]}]},{"@type":"ImageObject","inLanguage":"es","@id":"https:\/\/www.amanprana.eu\/es\/filosofia\/amanprana-biologico\/#primaryimage","url":"https:\/\/www.amanprana.eu\/wp-content\/uploads\/Europees-Keurmerk-Biologisch-eten-Amanprana.jpg","contentUrl":"https:\/\/www.amanprana.eu\/wp-content\/uploads\/Europees-Keurmerk-Biologisch-eten-Amanprana.jpg","width":498,"height":330,"caption":"Etiqueta Europea alimentos biol\u00f3gicos"},{"@type":"BreadcrumbList","@id":"https:\/\/www.amanprana.eu\/es\/filosofia\/amanprana-biologico\/#breadcrumb","itemListElement":[{"@type":"ListItem","position":1,"name":"Amanprana.eu","item":"https:\/\/www.amanprana.eu\/es\/"},{"@type":"ListItem","position":2,"name":"Filosof\u00eda","item":"https:\/\/www.amanprana.eu\/es\/filosofia\/"},{"@type":"ListItem","position":3,"name":"Amanprana biol\u00f3gico"}]},{"@type":"WebSite","@id":"https:\/\/www.amanprana.eu\/es\/#website","url":"https:\/\/www.amanprana.eu\/es\/","name":"Amanprana","description":"Serene levenskracht","publisher":{"@id":"https:\/\/www.amanprana.eu\/es\/#organization"},"potentialAction":[{"@type":"SearchAction","target":{"@type":"EntryPoint","urlTemplate":"https:\/\/www.amanprana.eu\/es\/?s={search_term_string}"},"query-input":{"@type":"PropertyValueSpecification","valueRequired":true,"valueName":"search_term_string"}}],"inLanguage":"es"},{"@type":"Organization","@id":"https:\/\/www.amanprana.eu\/es\/#organization","name":"Amanprana","url":"https:\/\/www.amanprana.eu\/es\/","logo":{"@type":"ImageObject","inLanguage":"es","@id":"https:\/\/www.amanprana.eu\/es\/#\/schema\/logo\/image\/","url":"https:\/\/www.amanprana.eu\/wp-content\/uploads\/webres-amanprana-logo.jpg","contentUrl":"https:\/\/www.amanprana.eu\/wp-content\/uploads\/webres-amanprana-logo.jpg","width":300,"height":300,"caption":"Amanprana"},"image":{"@id":"https:\/\/www.amanprana.eu\/es\/#\/schema\/logo\/image\/"},"sameAs":["https:\/\/www.facebook.com\/Amanpranaproducts\/","https:\/\/www.instagram.com\/amanprana\/","https:\/\/nl.pinterest.com\/amanprana\/pins\/"]}]}},"multi-rating":{"mr_rating_results":[]},"_links":{"self":[{"href":"https:\/\/www.amanprana.eu\/es\/wp-json\/wp\/v2\/pages\/45942","targetHints":{"allow":["GET"]}}],"collection":[{"href":"https:\/\/www.amanprana.eu\/es\/wp-json\/wp\/v2\/pages"}],"about":[{"href":"https:\/\/www.amanprana.eu\/es\/wp-json\/wp\/v2\/types\/page"}],"author":[{"embeddable":true,"href":"https:\/\/www.amanprana.eu\/es\/wp-json\/wp\/v2\/users\/9"}],"replies":[{"embeddable":true,"href":"https:\/\/www.amanprana.eu\/es\/wp-json\/wp\/v2\/comments?post=45942"}],"version-history":[{"count":4,"href":"https:\/\/www.amanprana.eu\/es\/wp-json\/wp\/v2\/pages\/45942\/revisions"}],"predecessor-version":[{"id":80834,"href":"https:\/\/www.amanprana.eu\/es\/wp-json\/wp\/v2\/pages\/45942\/revisions\/80834"}],"up":[{"embeddable":true,"href":"https:\/\/www.amanprana.eu\/es\/wp-json\/wp\/v2\/pages\/46280"}],"wp:featuredmedia":[{"embeddable":true,"href":"https:\/\/www.amanprana.eu\/es\/wp-json\/wp\/v2\/media\/32196"}],"wp:attachment":[{"href":"https:\/\/www.amanprana.eu\/es\/wp-json\/wp\/v2\/media?parent=45942"}],"curies":[{"name":"wp","href":"https:\/\/api.w.org\/{rel}","templated":true}]}}