

{"id":45944,"date":"2019-03-19T10:04:47","date_gmt":"2019-03-19T09:04:47","guid":{"rendered":"https:\/\/www.amanprana.eu\/suscribete-circular\/"},"modified":"2021-10-01T11:43:22","modified_gmt":"2021-10-01T09:43:22","slug":"suscribete-circular","status":"publish","type":"page","link":"https:\/\/www.amanprana.eu\/es\/suscribete-circular\/","title":{"rendered":"Suscr\u00edbete a nuestra circular"},"content":{"rendered":"\n<p>Nos gusta sorprender a nuestros clientes con informaci\u00f3n exclusiva y las \u00faltimas noticias. Que no se te escapen art\u00edculos sobre la nutrici\u00f3n como medicina y cuidado natural del cuerpo. El circular de Amanprana se trata de tu salud. Complementado con deliciosas recetas y consejos \u00fatiles. Ap\u00fantate ahora al circular de Amanprana, te mantendremos informado y nunca te perder\u00e1s nada. Tus datos se almacenan de forma segura y puedes darte de baja en cualquier momento.&#13;\n<\/p>\n\n<div class=\"wp-block-columns is-layout-flex wp-container-core-columns-is-layout-1 wp-block-columns-is-layout-flex\">\n<div class=\"wp-block-column is-layout-flow wp-block-column-is-layout-flow\">\n<h4 class=\"wp-block-heading\">Consejos exclusivos<\/h4>\n\n\n\n<p>S\u00f3lo para lectores de circulares<\/p>\n<\/div>\n\n\n\n<div class=\"wp-block-column is-layout-flow wp-block-column-is-layout-flow\">\n<h4 class=\"wp-block-heading\">Los \u00faltimos productos<\/h4>\n\n\n\n<p>S\u00e9 el primero en saberlo<\/p>\n<\/div>\n\n\n\n<div class=\"wp-block-column is-layout-flow wp-block-column-is-layout-flow\">\n<h4 class=\"wp-block-heading\">Recetas deliciosas<\/h4>\n\n\n\n<p>Descubre nuestras recomendaciones<\/p>\n<\/div>\n<\/div>\n\n<p><\/p>\n","protected":false},"excerpt":{"rendered":"<p>Nos gusta sorprender a nuestros clientes con informaci\u00f3n exclusiva y las \u00faltimas noticias. Que no se te escapen art\u00edculos sobre la nutrici\u00f3n como medicina y cuidado natural del cuerpo. El &#8230;<\/p>\n","protected":false},"author":9,"featured_media":0,"parent":0,"menu_order":75,"comment_status":"closed","ping_status":"closed","template":"","meta":{"_acf_changed":false,"rating_form_position":"","rating_results_position":"","mr_structured_data_type":"","footnotes":""},"class_list":["post-45944","page","type-page","status-publish","hentry","no-post-thumbnail"],"acf":[],"yoast_head":"<!-- This site is optimized with the Yoast SEO plugin v24.7 - https:\/\/yoast.com\/wordpress\/plugins\/seo\/ -->\n<title>Suscr\u00edbete al circular mensual de Amanprana<\/title>\n<meta name=\"description\" content=\"El circular de Amanprana te informa mensualmente sobre la nutrici\u00f3n como medicina y cuidado corporal natural, con consejos \u00fatiles y deliciosas recetas saludables\" \/>\n<meta name=\"robots\" content=\"index, follow, max-snippet:-1, max-image-preview:large, max-video-preview:-1\" \/>\n<link rel=\"canonical\" href=\"https:\/\/www.amanprana.eu\/es\/suscribete-circular\/\" \/>\n<meta property=\"og:locale\" content=\"es_ES\" \/>\n<meta property=\"og:type\" content=\"article\" \/>\n<meta property=\"og:title\" content=\"Suscr\u00edbete al circular mensual de Amanprana\" \/>\n<meta property=\"og:description\" content=\"El circular de Amanprana te informa mensualmente sobre la nutrici\u00f3n como medicina y cuidado corporal natural, con consejos \u00fatiles y deliciosas recetas saludables\" \/>\n<meta property=\"og:url\" content=\"https:\/\/www.amanprana.eu\/es\/suscribete-circular\/\" \/>\n<meta property=\"og:site_name\" content=\"Amanprana\" \/>\n<meta property=\"article:publisher\" content=\"https:\/\/www.facebook.com\/Amanpranaproducts\/\" \/>\n<meta property=\"article:modified_time\" content=\"2021-10-01T09:43:22+00:00\" \/>\n<meta property=\"og:image\" content=\"https:\/\/www.amanprana.eu\/wp-content\/uploads\/hires-amanprana-logo.jpg\" \/>\n\t<meta property=\"og:image:width\" content=\"2362\" \/>\n\t<meta property=\"og:image:height\" content=\"2362\" \/>\n\t<meta property=\"og:image:type\" content=\"image\/jpeg\" \/>\n<meta name=\"twitter:card\" content=\"summary_large_image\" \/>\n<meta name=\"twitter:label1\" content=\"Tiempo de lectura\" \/>\n\t<meta name=\"twitter:data1\" content=\"1 minuto\" \/>\n<script type=\"application\/ld+json\" class=\"yoast-schema-graph\">{\"@context\":\"https:\/\/schema.org\",\"@graph\":[{\"@type\":\"WebPage\",\"@id\":\"https:\/\/www.amanprana.eu\/es\/suscribete-circular\/\",\"url\":\"https:\/\/www.amanprana.eu\/es\/suscribete-circular\/\",\"name\":\"Suscr\u00edbete al circular mensual de Amanprana\",\"isPartOf\":{\"@id\":\"https:\/\/www.amanprana.eu\/es\/#website\"},\"datePublished\":\"2019-03-19T09:04:47+00:00\",\"dateModified\":\"2021-10-01T09:43:22+00:00\",\"description\":\"El circular de Amanprana te informa mensualmente sobre la nutrici\u00f3n como medicina y cuidado corporal natural, con consejos \u00fatiles y deliciosas recetas saludables\",\"breadcrumb\":{\"@id\":\"https:\/\/www.amanprana.eu\/es\/suscribete-circular\/#breadcrumb\"},\"inLanguage\":\"es\",\"potentialAction\":[{\"@type\":\"ReadAction\",\"target\":[\"https:\/\/www.amanprana.eu\/es\/suscribete-circular\/\"]}]},{\"@type\":\"BreadcrumbList\",\"@id\":\"https:\/\/www.amanprana.eu\/es\/suscribete-circular\/#breadcrumb\",\"itemListElement\":[{\"@type\":\"ListItem\",\"position\":1,\"name\":\"Amanprana.eu\",\"item\":\"https:\/\/www.amanprana.eu\/es\/\"},{\"@type\":\"ListItem\",\"position\":2,\"name\":\"Suscr\u00edbete a nuestra circular\"}]},{\"@type\":\"WebSite\",\"@id\":\"https:\/\/www.amanprana.eu\/es\/#website\",\"url\":\"https:\/\/www.amanprana.eu\/es\/\",\"name\":\"Amanprana\",\"description\":\"Serene levenskracht\",\"publisher\":{\"@id\":\"https:\/\/www.amanprana.eu\/es\/#organization\"},\"potentialAction\":[{\"@type\":\"SearchAction\",\"target\":{\"@type\":\"EntryPoint\",\"urlTemplate\":\"https:\/\/www.amanprana.eu\/es\/?s={search_term_string}\"},\"query-input\":{\"@type\":\"PropertyValueSpecification\",\"valueRequired\":true,\"valueName\":\"search_term_string\"}}],\"inLanguage\":\"es\"},{\"@type\":\"Organization\",\"@id\":\"https:\/\/www.amanprana.eu\/es\/#organization\",\"name\":\"Amanprana\",\"url\":\"https:\/\/www.amanprana.eu\/es\/\",\"logo\":{\"@type\":\"ImageObject\",\"inLanguage\":\"es\",\"@id\":\"https:\/\/www.amanprana.eu\/es\/#\/schema\/logo\/image\/\",\"url\":\"https:\/\/www.amanprana.eu\/wp-content\/uploads\/webres-amanprana-logo.jpg\",\"contentUrl\":\"https:\/\/www.amanprana.eu\/wp-content\/uploads\/webres-amanprana-logo.jpg\",\"width\":300,\"height\":300,\"caption\":\"Amanprana\"},\"image\":{\"@id\":\"https:\/\/www.amanprana.eu\/es\/#\/schema\/logo\/image\/\"},\"sameAs\":[\"https:\/\/www.facebook.com\/Amanpranaproducts\/\",\"https:\/\/www.instagram.com\/amanprana\/\",\"https:\/\/nl.pinterest.com\/amanprana\/pins\/\"]}]}<\/script>\n<!-- \/ Yoast SEO plugin. -->","yoast_head_json":{"title":"Suscr\u00edbete al circular mensual de Amanprana","description":"El circular de Amanprana te informa mensualmente sobre la nutrici\u00f3n como medicina y cuidado corporal natural, con consejos \u00fatiles y deliciosas recetas saludables","robots":{"index":"index","follow":"follow","max-snippet":"max-snippet:-1","max-image-preview":"max-image-preview:large","max-video-preview":"max-video-preview:-1"},"canonical":"https:\/\/www.amanprana.eu\/es\/suscribete-circular\/","og_locale":"es_ES","og_type":"article","og_title":"Suscr\u00edbete al circular mensual de Amanprana","og_description":"El circular de Amanprana te informa mensualmente sobre la nutrici\u00f3n como medicina y cuidado corporal natural, con consejos \u00fatiles y deliciosas recetas saludables","og_url":"https:\/\/www.amanprana.eu\/es\/suscribete-circular\/","og_site_name":"Amanprana","article_publisher":"https:\/\/www.facebook.com\/Amanpranaproducts\/","article_modified_time":"2021-10-01T09:43:22+00:00","og_image":[{"width":2362,"height":2362,"url":"https:\/\/www.amanprana.eu\/wp-content\/uploads\/hires-amanprana-logo.jpg","type":"image\/jpeg"}],"twitter_card":"summary_large_image","twitter_misc":{"Tiempo de lectura":"1 minuto"},"schema":{"@context":"https:\/\/schema.org","@graph":[{"@type":"WebPage","@id":"https:\/\/www.amanprana.eu\/es\/suscribete-circular\/","url":"https:\/\/www.amanprana.eu\/es\/suscribete-circular\/","name":"Suscr\u00edbete al circular mensual de Amanprana","isPartOf":{"@id":"https:\/\/www.amanprana.eu\/es\/#website"},"datePublished":"2019-03-19T09:04:47+00:00","dateModified":"2021-10-01T09:43:22+00:00","description":"El circular de Amanprana te informa mensualmente sobre la nutrici\u00f3n como medicina y cuidado corporal natural, con consejos \u00fatiles y deliciosas recetas saludables","breadcrumb":{"@id":"https:\/\/www.amanprana.eu\/es\/suscribete-circular\/#breadcrumb"},"inLanguage":"es","potentialAction":[{"@type":"ReadAction","target":["https:\/\/www.amanprana.eu\/es\/suscribete-circular\/"]}]},{"@type":"BreadcrumbList","@id":"https:\/\/www.amanprana.eu\/es\/suscribete-circular\/#breadcrumb","itemListElement":[{"@type":"ListItem","position":1,"name":"Amanprana.eu","item":"https:\/\/www.amanprana.eu\/es\/"},{"@type":"ListItem","position":2,"name":"Suscr\u00edbete a nuestra circular"}]},{"@type":"WebSite","@id":"https:\/\/www.amanprana.eu\/es\/#website","url":"https:\/\/www.amanprana.eu\/es\/","name":"Amanprana","description":"Serene levenskracht","publisher":{"@id":"https:\/\/www.amanprana.eu\/es\/#organization"},"potentialAction":[{"@type":"SearchAction","target":{"@type":"EntryPoint","urlTemplate":"https:\/\/www.amanprana.eu\/es\/?s={search_term_string}"},"query-input":{"@type":"PropertyValueSpecification","valueRequired":true,"valueName":"search_term_string"}}],"inLanguage":"es"},{"@type":"Organization","@id":"https:\/\/www.amanprana.eu\/es\/#organization","name":"Amanprana","url":"https:\/\/www.amanprana.eu\/es\/","logo":{"@type":"ImageObject","inLanguage":"es","@id":"https:\/\/www.amanprana.eu\/es\/#\/schema\/logo\/image\/","url":"https:\/\/www.amanprana.eu\/wp-content\/uploads\/webres-amanprana-logo.jpg","contentUrl":"https:\/\/www.amanprana.eu\/wp-content\/uploads\/webres-amanprana-logo.jpg","width":300,"height":300,"caption":"Amanprana"},"image":{"@id":"https:\/\/www.amanprana.eu\/es\/#\/schema\/logo\/image\/"},"sameAs":["https:\/\/www.facebook.com\/Amanpranaproducts\/","https:\/\/www.instagram.com\/amanprana\/","https:\/\/nl.pinterest.com\/amanprana\/pins\/"]}]}},"multi-rating":{"mr_rating_results":[]},"_links":{"self":[{"href":"https:\/\/www.amanprana.eu\/es\/wp-json\/wp\/v2\/pages\/45944","targetHints":{"allow":["GET"]}}],"collection":[{"href":"https:\/\/www.amanprana.eu\/es\/wp-json\/wp\/v2\/pages"}],"about":[{"href":"https:\/\/www.amanprana.eu\/es\/wp-json\/wp\/v2\/types\/page"}],"author":[{"embeddable":true,"href":"https:\/\/www.amanprana.eu\/es\/wp-json\/wp\/v2\/users\/9"}],"replies":[{"embeddable":true,"href":"https:\/\/www.amanprana.eu\/es\/wp-json\/wp\/v2\/comments?post=45944"}],"version-history":[{"count":4,"href":"https:\/\/www.amanprana.eu\/es\/wp-json\/wp\/v2\/pages\/45944\/revisions"}],"predecessor-version":[{"id":64233,"href":"https:\/\/www.amanprana.eu\/es\/wp-json\/wp\/v2\/pages\/45944\/revisions\/64233"}],"wp:attachment":[{"href":"https:\/\/www.amanprana.eu\/es\/wp-json\/wp\/v2\/media?parent=45944"}],"curies":[{"name":"wp","href":"https:\/\/api.w.org\/{rel}","templated":true}]}}