

{"id":46717,"date":"2019-05-06T14:31:04","date_gmt":"2019-05-06T12:31:04","guid":{"rendered":"https:\/\/www.amanprana.eu\/filosofia\/origen-calidad\/"},"modified":"2021-09-20T12:43:06","modified_gmt":"2021-09-20T10:43:06","slug":"origen-calidad","status":"publish","type":"page","link":"https:\/\/www.amanprana.eu\/es\/filosofia\/origen-calidad\/","title":{"rendered":"Origen y calidad"},"content":{"rendered":"\n<div class=\"wp-block-image\"><figure class=\"alignright size-full\"><img decoding=\"async\" width=\"480\" height=\"480\" src=\"https:\/\/www.amanprana.eu\/wp-content\/uploads\/dekseletiket-aapjes.png\" alt=\"cocos sin monos de cosecha\" class=\"wp-image-56296\" srcset=\"https:\/\/www.amanprana.eu\/wp-content\/uploads\/dekseletiket-aapjes.png 480w, https:\/\/www.amanprana.eu\/wp-content\/uploads\/dekseletiket-aapjes-300x300.png 300w, https:\/\/www.amanprana.eu\/wp-content\/uploads\/dekseletiket-aapjes-250x250.png 250w, https:\/\/www.amanprana.eu\/wp-content\/uploads\/dekseletiket-aapjes-75x75.png 75w, https:\/\/www.amanprana.eu\/wp-content\/uploads\/dekseletiket-aapjes-100x100.png 100w\" sizes=\"(max-width: 480px) 100vw, 480px\" \/><\/figure><\/div>\n\n\n\n<p>El aceite de coco Amanprana es de la mejor calidad. El aceite de coco Amanprana proviene de plantaciones en la regi\u00f3n de Puttalam, en Sri Lanka. Puttalam est\u00e1 situado en el centro del tri\u00e1ngulo del coco (Kurunegala, Puttalam y Colombo). El sabor y la calidad del aceite de coco depende por supuesto en parte de la regi\u00f3n donde crecen los cocos y un suelo cualitativo y las condiciones clim\u00e1ticas \u00f3ptimas son los primeros pilares para un&nbsp;<em><a href=\"https:\/\/www.amanprana.eu\/es\/alimento\/aceite-de-coco\/\">aceite de coco delicioso<\/a><\/em>.<\/p>\n\n\n\n<h3 class=\"wp-block-heading\">\u00bfC\u00f3mo se hace el aceite de coco Amanprana?<\/h3>\n\n\n\n<p>Primero se sacan los cocos de los \u00e1rboles a mano. Luego se pelan, se extrae el agua de coco y se retira la corteza de color marr\u00f3n duro. De esta manera la pulpa blanca del coco sobra. El aceite de coco se presiona en fr\u00edo con medios mec\u00e1nicos. Luego, el aceite de coco se filtra y se empaqueta. Nuestro aceite de coco es&nbsp;<em><a href=\"https:\/\/www.amanprana.eu\/es\/filosofia\/\">100% naturaleza pura,<\/a><\/em>sin otras modificaciones o adiciones.<\/p>\n\n\n\n<h3 class=\"wp-block-heading\">El aceite de coco Amanprana es comercio justo, biologico y sostenible<\/h3>\n\n\n\n<p>En Amanprana nos parece importante hacer algo para el hombre y la tierra. El aceite de coco de Amanprana viene del comercio justo. M\u00e1s de 300 familias de Filipinas y Sri Lanka tienen empleo gracias al comercio justo de Amanprana. Lo que antes sol\u00edamos pagar a las organizaciones de control oficiales, ahora lo invertimos en el fondo de comercio justo. El 5% de la compra de cocos en lugar del 3% anterior van al fondo.\r\n\r\n<\/p>\n\n\n\n<p>El dinero que Amanprana pone a disposici\u00f3n se utiliza para la educaci\u00f3n, la atenci\u00f3n sanitaria, el medio ambiente, la infraestructura, los medios de producci\u00f3n para los agricultores, los trabajadores y los proveedores. Las familias pueden contar con un precio m\u00ednimo garantizado para cubrir todos los costos de producci\u00f3n sostenible.\r\n\r\n<\/p>\n\n\n\n<p>.<\/p>\n\n\n\n<h2 class=\"wp-block-heading\">Aceite de palma rojo sostenible de Amanprana proveniente de Colombia<\/h2>\n\n\n\n<div class=\"wp-block-image size-medium wp-image-31643\"><figure class=\"alignright\"><img decoding=\"async\" width=\"296\" height=\"300\" src=\"https:\/\/www.amanprana.eu\/wp-content\/uploads\/\/RSPO_Trademark_Logo-296x300.png\" alt=\"\" class=\"wp-image-31643\" srcset=\"https:\/\/www.amanprana.eu\/wp-content\/uploads\/RSPO_Trademark_Logo-296x300.png 296w, https:\/\/www.amanprana.eu\/wp-content\/uploads\/RSPO_Trademark_Logo-768x778.png 768w, https:\/\/www.amanprana.eu\/wp-content\/uploads\/RSPO_Trademark_Logo-1011x1024.png 1011w, https:\/\/www.amanprana.eu\/wp-content\/uploads\/RSPO_Trademark_Logo-75x75.png 75w, https:\/\/www.amanprana.eu\/wp-content\/uploads\/RSPO_Trademark_Logo-100x101.png 100w, https:\/\/www.amanprana.eu\/wp-content\/uploads\/RSPO_Trademark_Logo-862x873.png 862w, https:\/\/www.amanprana.eu\/wp-content\/uploads\/RSPO_Trademark_Logo-1170x1185.png 1170w\" sizes=\"(max-width: 296px) 100vw, 296px\" \/><figcaption>Certificado RSPO 2016 N\u00famero de licencia: 9-1443-16-100-00<\/figcaption><\/figure><\/div>\n\n\n\n<p>Nuestro aceite de palma rojo proviene de familias de peque\u00f1os productores de palmeras en la regi\u00f3n de Magdalena y Bol\u00edvar, en Colombia. Nuestro aceite de palma rojo ha recibido el sello distintivo para el aceite de palma sostenible de la RSPO (mesa redonda para el aceite de palma sostenible) N\u00famero de licencia: 9-1443-16-100-00. Amanprana tambi\u00e9n dona un \u00e1rbol a la selva tropical colombiana a trav\u00e9s de WorldLandTrust y ProAves por cada litro de aceite de palma rojo vendido.\r\n\r\n<\/p>\n\n\n\n<h3 class=\"wp-block-heading\">Amanprana presenta el primer aceite de palma rojo sostenible y \u00e9tico<\/h3>\n\n\n\n<p>En su libro \u00abBelleza Distante\u00bb o con el t\u00edtulo italiano original \u2018L\u2019arte del Corpo\u2019, Bertie y Dos Winkel fotografiaron al individuo totalmente integrado en su entorno. Un individuo, que no puede existir sin su grupo. Es probable que las tribus aisladas se pierdan debido a las influencias occidentales. La biodiversidad tambi\u00e9n amenaza con perderse por los monocultivos. Por respeto a los rituales locales y para que el Occidente sea m\u00e1s consciente de que no debe imponer su sofocante uniformidad en la diversidad entre culturas. Por eso Amanprana utiliza una de las fotograf\u00edas de este brillante libro para centrarse m\u00e1s en este desaf\u00edo: preservar y respetar la biodiversidad entre las personas, las culturas y las tribus. Hay m\u00e1s de 600 especies de palmeras que est\u00e1n amenazadas con desaparecer por los monocultivos para la producci\u00f3n de aceite de palma.\r\n\r\n<\/p>\n\n\n\n<h3 class=\"wp-block-heading\">Salva la selva tropical y la biodiversidad en Colombia<\/h3>\n\n\n\n<p>Amanprana apoya a la organizaci\u00f3n medioambiental colombiana ProAves a trav\u00e9s de World Land Trust. \u00c9ste protege el h\u00e1bitat de las aves (por ejemplo, el loro orejiamarillo) y los anfibios amenazados con la extinci\u00f3n. Su objetivo es mantener los recursos naturales y la biodiversidad de Colombia intactos al detener el wildkap y la deforestaci\u00f3n. visita la&nbsp;<a href=\"http:\/\/www.proaves.org\/\" target=\"_blank\" rel=\"noopener\">p\u00e1gina web<\/a>&nbsp;de ProAves para m\u00e1s informaci\u00f3n.<\/p>\n\n\n\n<h3 class=\"wp-block-heading\">comprar 1 litro de palma rojo = salvar 1 \u00e1rbol de la selva tropical<\/h3>\n\n\n\n<p>World Land Trust (WLT), con Sir David Attenborough de padrino, se compromete a proteger la selva tropical y sus 10 millones plantas y animales. Por cada litro de palma rojo de Amanprana vendido, se salva 1 \u00e1rbol. Gracias a Amanprana y sus fans, ProAves han podido comprar ya 39 hect\u00e1reas de la selva colombiana (alrededor de 80 campos de f\u00fatbol).\r\n\r\n<\/p>\n\n\n\n<h3 class=\"wp-block-heading\">Apoya los derechos humanos en Colombia<\/h3>\n\n\n\n<p>El aceite de palma rojo de Amanprana proviene de familias de cultivadores de palmeras colombianas a peque\u00f1a escala en la regi\u00f3n de Magdalena y Bol\u00edvar. Gracias en parte a la demanda de Amanprana, recibieron un certificado biol\u00f3gico. Las \u00abalianzas para la paz\u00bb a peque\u00f1a escala son el modelo para el desarrollo econ\u00f3mico de las comunidades pobres.\r\n\r\n<\/p>\n\n\n\n<h3 class=\"wp-block-heading\">La calidad y durabilidad van de la mano<\/h3>\n\n\n\n<p>Las alianzas reciben una prima por bio, la educaci\u00f3n, la salud y la sostenibilidad. La fruta de la palma proviene de alianzas a peque\u00f1a escala con Daabon que lo prensan de acuerdo con las reglas del arte. En resumen: todos contentos: t\u00fa, los cultivadores y Amanprana.\r\n\r\n<\/p>\n\n\n\n<h3 class=\"wp-block-heading\">Aceite de palma rojoo: \u00bfsaludable o no? \u00bfSostenible o no?<\/h3>\n\n\n\n<p>Aceite de palma blanco en productos biol\u00f3gicos y no biol\u00f3gicos es seg\u00fan Amanprana y muchos otros un aceite poco saludable. Lo sano se refin\u00f3 del aceite como muchos carotenos y varias vitaminas E. El aceite de palma es de color rojo anaranjado por naturaleza. Opinamos que el 95% de todo el aceite de palma utilizado en la alimentaci\u00f3n bio y no bio no es sostenible. Creemos que la etiqueta RSPO tampoco es lo suficientemente sostenible.\r\n\r\n<\/p>\n\n\n\n<p><\/p>\n","protected":false},"excerpt":{"rendered":"<p>El aceite de coco Amanprana es de la mejor calidad. El aceite de coco Amanprana proviene de plantaciones en la regi\u00f3n de Puttalam, en Sri Lanka. Puttalam est\u00e1 situado en &#8230;<\/p>\n","protected":false},"author":9,"featured_media":0,"parent":46280,"menu_order":69,"comment_status":"closed","ping_status":"closed","template":"","meta":{"_acf_changed":false,"rating_form_position":"","rating_results_position":"","mr_structured_data_type":"","footnotes":""},"class_list":["post-46717","page","type-page","status-publish","hentry","no-post-thumbnail"],"acf":[],"yoast_head":"<!-- This site is optimized with the Yoast SEO plugin v24.7 - https:\/\/yoast.com\/wordpress\/plugins\/seo\/ -->\n<title>Aceite de coco origen con comercio justo de Amanprana<\/title>\n<meta name=\"description\" content=\"\u00bfDe d\u00f3nde proviene el aceite de coco Amanprana extra virgen de comercio justo? Aqu\u00ed descubrir\u00e1s el origen del aceite de coco y leer\u00e1s sobre el proyecto Fair Trade.\" \/>\n<meta name=\"robots\" content=\"index, follow, max-snippet:-1, max-image-preview:large, max-video-preview:-1\" \/>\n<link rel=\"canonical\" href=\"https:\/\/www.amanprana.eu\/es\/filosofia\/origen-calidad\/\" \/>\n<meta property=\"og:locale\" content=\"es_ES\" \/>\n<meta property=\"og:type\" content=\"article\" \/>\n<meta property=\"og:title\" content=\"Aceite de coco origen con comercio justo de Amanprana\" \/>\n<meta property=\"og:description\" content=\"\u00bfDe d\u00f3nde proviene el aceite de coco Amanprana extra virgen de comercio justo? Aqu\u00ed descubrir\u00e1s el origen del aceite de coco y leer\u00e1s sobre el proyecto Fair Trade.\" \/>\n<meta property=\"og:url\" content=\"https:\/\/www.amanprana.eu\/es\/filosofia\/origen-calidad\/\" \/>\n<meta property=\"og:site_name\" content=\"Amanprana\" \/>\n<meta property=\"article:publisher\" content=\"https:\/\/www.facebook.com\/Amanpranaproducts\/\" \/>\n<meta property=\"article:modified_time\" content=\"2021-09-20T10:43:06+00:00\" \/>\n<meta property=\"og:image\" content=\"https:\/\/www.amanprana.eu\/wp-content\/uploads\/dekseletiket-aapjes.png\" \/>\n<meta name=\"twitter:card\" content=\"summary_large_image\" \/>\n<meta name=\"twitter:label1\" content=\"Tiempo de lectura\" \/>\n\t<meta name=\"twitter:data1\" content=\"5 minutos\" \/>\n<script type=\"application\/ld+json\" class=\"yoast-schema-graph\">{\"@context\":\"https:\/\/schema.org\",\"@graph\":[{\"@type\":\"WebPage\",\"@id\":\"https:\/\/www.amanprana.eu\/es\/filosofia\/origen-calidad\/\",\"url\":\"https:\/\/www.amanprana.eu\/es\/filosofia\/origen-calidad\/\",\"name\":\"Aceite de coco origen con comercio justo de Amanprana\",\"isPartOf\":{\"@id\":\"https:\/\/www.amanprana.eu\/es\/#website\"},\"primaryImageOfPage\":{\"@id\":\"https:\/\/www.amanprana.eu\/es\/filosofia\/origen-calidad\/#primaryimage\"},\"image\":{\"@id\":\"https:\/\/www.amanprana.eu\/es\/filosofia\/origen-calidad\/#primaryimage\"},\"thumbnailUrl\":\"https:\/\/www.amanprana.eu\/wp-content\/uploads\/dekseletiket-aapjes.png\",\"datePublished\":\"2019-05-06T12:31:04+00:00\",\"dateModified\":\"2021-09-20T10:43:06+00:00\",\"description\":\"\u00bfDe d\u00f3nde proviene el aceite de coco Amanprana extra virgen de comercio justo? Aqu\u00ed descubrir\u00e1s el origen del aceite de coco y leer\u00e1s sobre el proyecto Fair Trade.\",\"breadcrumb\":{\"@id\":\"https:\/\/www.amanprana.eu\/es\/filosofia\/origen-calidad\/#breadcrumb\"},\"inLanguage\":\"es\",\"potentialAction\":[{\"@type\":\"ReadAction\",\"target\":[\"https:\/\/www.amanprana.eu\/es\/filosofia\/origen-calidad\/\"]}]},{\"@type\":\"ImageObject\",\"inLanguage\":\"es\",\"@id\":\"https:\/\/www.amanprana.eu\/es\/filosofia\/origen-calidad\/#primaryimage\",\"url\":\"https:\/\/www.amanprana.eu\/wp-content\/uploads\/dekseletiket-aapjes.png\",\"contentUrl\":\"https:\/\/www.amanprana.eu\/wp-content\/uploads\/dekseletiket-aapjes.png\"},{\"@type\":\"BreadcrumbList\",\"@id\":\"https:\/\/www.amanprana.eu\/es\/filosofia\/origen-calidad\/#breadcrumb\",\"itemListElement\":[{\"@type\":\"ListItem\",\"position\":1,\"name\":\"Amanprana.eu\",\"item\":\"https:\/\/www.amanprana.eu\/es\/\"},{\"@type\":\"ListItem\",\"position\":2,\"name\":\"Filosof\u00eda\",\"item\":\"https:\/\/www.amanprana.eu\/es\/filosofia\/\"},{\"@type\":\"ListItem\",\"position\":3,\"name\":\"Origen y calidad\"}]},{\"@type\":\"WebSite\",\"@id\":\"https:\/\/www.amanprana.eu\/es\/#website\",\"url\":\"https:\/\/www.amanprana.eu\/es\/\",\"name\":\"Amanprana\",\"description\":\"Serene levenskracht\",\"publisher\":{\"@id\":\"https:\/\/www.amanprana.eu\/es\/#organization\"},\"potentialAction\":[{\"@type\":\"SearchAction\",\"target\":{\"@type\":\"EntryPoint\",\"urlTemplate\":\"https:\/\/www.amanprana.eu\/es\/?s={search_term_string}\"},\"query-input\":{\"@type\":\"PropertyValueSpecification\",\"valueRequired\":true,\"valueName\":\"search_term_string\"}}],\"inLanguage\":\"es\"},{\"@type\":\"Organization\",\"@id\":\"https:\/\/www.amanprana.eu\/es\/#organization\",\"name\":\"Amanprana\",\"url\":\"https:\/\/www.amanprana.eu\/es\/\",\"logo\":{\"@type\":\"ImageObject\",\"inLanguage\":\"es\",\"@id\":\"https:\/\/www.amanprana.eu\/es\/#\/schema\/logo\/image\/\",\"url\":\"https:\/\/www.amanprana.eu\/wp-content\/uploads\/webres-amanprana-logo.jpg\",\"contentUrl\":\"https:\/\/www.amanprana.eu\/wp-content\/uploads\/webres-amanprana-logo.jpg\",\"width\":300,\"height\":300,\"caption\":\"Amanprana\"},\"image\":{\"@id\":\"https:\/\/www.amanprana.eu\/es\/#\/schema\/logo\/image\/\"},\"sameAs\":[\"https:\/\/www.facebook.com\/Amanpranaproducts\/\",\"https:\/\/www.instagram.com\/amanprana\/\",\"https:\/\/nl.pinterest.com\/amanprana\/pins\/\"]}]}<\/script>\n<!-- \/ Yoast SEO plugin. -->","yoast_head_json":{"title":"Aceite de coco origen con comercio justo de Amanprana","description":"\u00bfDe d\u00f3nde proviene el aceite de coco Amanprana extra virgen de comercio justo? Aqu\u00ed descubrir\u00e1s el origen del aceite de coco y leer\u00e1s sobre el proyecto Fair Trade.","robots":{"index":"index","follow":"follow","max-snippet":"max-snippet:-1","max-image-preview":"max-image-preview:large","max-video-preview":"max-video-preview:-1"},"canonical":"https:\/\/www.amanprana.eu\/es\/filosofia\/origen-calidad\/","og_locale":"es_ES","og_type":"article","og_title":"Aceite de coco origen con comercio justo de Amanprana","og_description":"\u00bfDe d\u00f3nde proviene el aceite de coco Amanprana extra virgen de comercio justo? Aqu\u00ed descubrir\u00e1s el origen del aceite de coco y leer\u00e1s sobre el proyecto Fair Trade.","og_url":"https:\/\/www.amanprana.eu\/es\/filosofia\/origen-calidad\/","og_site_name":"Amanprana","article_publisher":"https:\/\/www.facebook.com\/Amanpranaproducts\/","article_modified_time":"2021-09-20T10:43:06+00:00","og_image":[{"url":"https:\/\/www.amanprana.eu\/wp-content\/uploads\/dekseletiket-aapjes.png","type":"","width":"","height":""}],"twitter_card":"summary_large_image","twitter_misc":{"Tiempo de lectura":"5 minutos"},"schema":{"@context":"https:\/\/schema.org","@graph":[{"@type":"WebPage","@id":"https:\/\/www.amanprana.eu\/es\/filosofia\/origen-calidad\/","url":"https:\/\/www.amanprana.eu\/es\/filosofia\/origen-calidad\/","name":"Aceite de coco origen con comercio justo de Amanprana","isPartOf":{"@id":"https:\/\/www.amanprana.eu\/es\/#website"},"primaryImageOfPage":{"@id":"https:\/\/www.amanprana.eu\/es\/filosofia\/origen-calidad\/#primaryimage"},"image":{"@id":"https:\/\/www.amanprana.eu\/es\/filosofia\/origen-calidad\/#primaryimage"},"thumbnailUrl":"https:\/\/www.amanprana.eu\/wp-content\/uploads\/dekseletiket-aapjes.png","datePublished":"2019-05-06T12:31:04+00:00","dateModified":"2021-09-20T10:43:06+00:00","description":"\u00bfDe d\u00f3nde proviene el aceite de coco Amanprana extra virgen de comercio justo? Aqu\u00ed descubrir\u00e1s el origen del aceite de coco y leer\u00e1s sobre el proyecto Fair Trade.","breadcrumb":{"@id":"https:\/\/www.amanprana.eu\/es\/filosofia\/origen-calidad\/#breadcrumb"},"inLanguage":"es","potentialAction":[{"@type":"ReadAction","target":["https:\/\/www.amanprana.eu\/es\/filosofia\/origen-calidad\/"]}]},{"@type":"ImageObject","inLanguage":"es","@id":"https:\/\/www.amanprana.eu\/es\/filosofia\/origen-calidad\/#primaryimage","url":"https:\/\/www.amanprana.eu\/wp-content\/uploads\/dekseletiket-aapjes.png","contentUrl":"https:\/\/www.amanprana.eu\/wp-content\/uploads\/dekseletiket-aapjes.png"},{"@type":"BreadcrumbList","@id":"https:\/\/www.amanprana.eu\/es\/filosofia\/origen-calidad\/#breadcrumb","itemListElement":[{"@type":"ListItem","position":1,"name":"Amanprana.eu","item":"https:\/\/www.amanprana.eu\/es\/"},{"@type":"ListItem","position":2,"name":"Filosof\u00eda","item":"https:\/\/www.amanprana.eu\/es\/filosofia\/"},{"@type":"ListItem","position":3,"name":"Origen y calidad"}]},{"@type":"WebSite","@id":"https:\/\/www.amanprana.eu\/es\/#website","url":"https:\/\/www.amanprana.eu\/es\/","name":"Amanprana","description":"Serene levenskracht","publisher":{"@id":"https:\/\/www.amanprana.eu\/es\/#organization"},"potentialAction":[{"@type":"SearchAction","target":{"@type":"EntryPoint","urlTemplate":"https:\/\/www.amanprana.eu\/es\/?s={search_term_string}"},"query-input":{"@type":"PropertyValueSpecification","valueRequired":true,"valueName":"search_term_string"}}],"inLanguage":"es"},{"@type":"Organization","@id":"https:\/\/www.amanprana.eu\/es\/#organization","name":"Amanprana","url":"https:\/\/www.amanprana.eu\/es\/","logo":{"@type":"ImageObject","inLanguage":"es","@id":"https:\/\/www.amanprana.eu\/es\/#\/schema\/logo\/image\/","url":"https:\/\/www.amanprana.eu\/wp-content\/uploads\/webres-amanprana-logo.jpg","contentUrl":"https:\/\/www.amanprana.eu\/wp-content\/uploads\/webres-amanprana-logo.jpg","width":300,"height":300,"caption":"Amanprana"},"image":{"@id":"https:\/\/www.amanprana.eu\/es\/#\/schema\/logo\/image\/"},"sameAs":["https:\/\/www.facebook.com\/Amanpranaproducts\/","https:\/\/www.instagram.com\/amanprana\/","https:\/\/nl.pinterest.com\/amanprana\/pins\/"]}]}},"multi-rating":{"mr_rating_results":[]},"_links":{"self":[{"href":"https:\/\/www.amanprana.eu\/es\/wp-json\/wp\/v2\/pages\/46717","targetHints":{"allow":["GET"]}}],"collection":[{"href":"https:\/\/www.amanprana.eu\/es\/wp-json\/wp\/v2\/pages"}],"about":[{"href":"https:\/\/www.amanprana.eu\/es\/wp-json\/wp\/v2\/types\/page"}],"author":[{"embeddable":true,"href":"https:\/\/www.amanprana.eu\/es\/wp-json\/wp\/v2\/users\/9"}],"replies":[{"embeddable":true,"href":"https:\/\/www.amanprana.eu\/es\/wp-json\/wp\/v2\/comments?post=46717"}],"version-history":[{"count":4,"href":"https:\/\/www.amanprana.eu\/es\/wp-json\/wp\/v2\/pages\/46717\/revisions"}],"predecessor-version":[{"id":63491,"href":"https:\/\/www.amanprana.eu\/es\/wp-json\/wp\/v2\/pages\/46717\/revisions\/63491"}],"up":[{"embeddable":true,"href":"https:\/\/www.amanprana.eu\/es\/wp-json\/wp\/v2\/pages\/46280"}],"wp:attachment":[{"href":"https:\/\/www.amanprana.eu\/es\/wp-json\/wp\/v2\/media?parent=46717"}],"curies":[{"name":"wp","href":"https:\/\/api.w.org\/{rel}","templated":true}]}}