

{"id":52792,"date":"2020-01-10T10:01:36","date_gmt":"2020-01-10T09:01:36","guid":{"rendered":"https:\/\/www.amanprana.eu\/filosofia\/amanprana-oficinas-sostenibles\/"},"modified":"2021-09-20T12:18:50","modified_gmt":"2021-09-20T10:18:50","slug":"amanprana-oficinas-sostenibles","status":"publish","type":"page","link":"https:\/\/www.amanprana.eu\/es\/filosofia\/amanprana-oficinas-sostenibles\/","title":{"rendered":"oficinas de Amanprana"},"content":{"rendered":"\n<p>Maurice Le Clef, que lider\u00f3 el proyecto, est\u00e1 orgulloso: \u00abEn Amanprana nos esforzamos por vivir, trabajar y producir de forma sostenible y ecol\u00f3gicamente responsable. Quer\u00edamos construir y amoblar nuestro nuevo entorno de trabajo para poder propagar nuestra filosof\u00eda y de esta forma crear un ambiente de trabajo m\u00e1s placentero, donde sea agradable trabajar\u00bb.<\/p>\n\n<div class=\"wp-block-image wp-image-32925 size-medium\"><figure class=\"alignright\"><img decoding=\"async\" width=\"300\" height=\"193\" src=\"https:\/\/www.amanprana.eu\/wp-content\/uploads\/\/Duurzame_kantoren_Amanprana-300x193.jpg\" alt=\"Oficinas sostenibles para Amanprana\" class=\"wp-image-32925\" srcset=\"https:\/\/www.amanprana.eu\/wp-content\/uploads\/Duurzame_kantoren_Amanprana-300x193.jpg 300w, https:\/\/www.amanprana.eu\/wp-content\/uploads\/Duurzame_kantoren_Amanprana-100x64.jpg 100w, https:\/\/www.amanprana.eu\/wp-content\/uploads\/Duurzame_kantoren_Amanprana.jpg 457w\" sizes=\"(max-width: 300px) 100vw, 300px\" \/><figcaption>Oficinas sostenibles de Amanprana<\/figcaption><\/figure><\/div>\n\n<p>Durante la construcc\u00f3n solo se utilizaron materiales de construcci\u00f3n y de terminaci\u00f3n duraderos y ecol\u00f3gicos. Por ejemplo, el suelo, las paredes y el marco de madera est\u00e1n hechos de madera FSC sostenible. Y hay mucha luz natural, la iluminaci\u00f3n se ha modificado a 100% LED. \u00abEsta luz es energ\u00e9ticamente eficiente y quiz\u00e1s la luz m\u00e1s agradable y saludable\u00bb.&#13;\n&#13;\n<\/p>\n\n<p>Para las terminaciones solo se utiliz\u00f3 pintura ecol\u00f3gica, a base de agua y sin disolventes. Consecuencia: no hay molestias de olores ni vapores t\u00f3xicos. Y los muebles de la oficina est\u00e1n hechos de madera de teca reciclada. \u00abAmanprana\u00bb ofrece una gama de productos org\u00e1nicos certificados y de comercio justo,que apoyan y fortalecen la fuerza de vida de manera serena, sin da\u00f1ar nuestro cuerpo o mente. En resumen: suave y sin excesos\u00bb.<\/p>\n\n<h2 class=\"wp-block-heading\">La sede de Amanprana se basa en un 100% en la energ\u00eda solar y e\u00f3lica<\/h2>\n\n<p>La sede de Noble House en Brasschaat estar\u00e1 totalmente calefaccionada e iluminada mediante energ\u00eda solar y e\u00f3lica a contar del 12 de agosto de 2014. La iluminaci\u00f3n funcionar\u00e1 principalmente con LED. 100% energ\u00eda sostenible. A futuro, la sede de Amanprana obtendr\u00e1 energ\u00eda verde de ENECO. Seg\u00fan greenpeace, ENECO es el mejor alumno verde de la clase, un proveedor de energ\u00eda 100% verde que suministra exclusivamente energ\u00eda 100% sostenible a partir del viento y el sol. De esta manera, Amanprana tambi\u00e9n apoya la iniciativa de WWF para reducir las emisiones de CO2. De forma conjunta vamos por la sostenibilidad.&#13;\n&#13;\n<\/p>\n\n<h2 class=\"wp-block-heading\">M\u00e1s sobre Amanprana<\/h2>\n<style type=\"text\/css\">.eg-washington-element-3{text-shadow:2px 2px 4px #000000}a.eg-henryharrison-element-1,a.eg-henryharrison-element-2{-webkit-transition:all .4s linear;-moz-transition:all .4s linear;-o-transition:all .4s linear;-ms-transition:all .4s linear;transition:all .4s linear}.eg-jimmy-carter-element-11 i:before{margin-left:0px;margin-right:0px}.eg-harding-element-17{letter-spacing:1px}.eg-harding-wrapper .esg-entry-media{overflow:hidden;box-sizing:border-box;-webkit-box-sizing:border-box;-moz-box-sizing:border-box;padding:30px 30px 0px 30px}.eg-harding-wrapper .esg-media-poster{overflow:hidden;border-radius:50%;-webkit-border-radius:50%;-moz-border-radius:50%}.eg-ulysses-s-grant-wrapper .esg-entry-media{overflow:hidden;box-sizing:border-box;-webkit-box-sizing:border-box;-moz-box-sizing:border-box;padding:30px 30px 0px 30px}.eg-ulysses-s-grant-wrapper .esg-media-poster{overflow:hidden;border-radius:50%;-webkit-border-radius:50%;-moz-border-radius:50%}.eg-richard-nixon-wrapper .esg-entry-media{overflow:hidden;box-sizing:border-box;-webkit-box-sizing:border-box;-moz-box-sizing:border-box;padding:30px 30px 0px 30px}.eg-richard-nixon-wrapper .esg-media-poster{overflow:hidden;border-radius:50%;-webkit-border-radius:50%;-moz-border-radius:50%}.eg-herbert-hoover-wrapper .esg-media-poster{filter:url(\"data:image\/svg+xml;utf8,<svg xmlns='http:\/\/www.w3.org\/2000\/svg'><filter id='grayscale'><feColorMatrix type='matrix' values='0.3333 0.3333 0.3333 0 0 0.3333 0.3333 0.3333 0 0 0.3333 0.3333 0.3333 0 0 0 0 0 1 0'\/><\/filter><\/svg>#grayscale\");filter:gray;-webkit-filter:grayscale(100%)}.eg-herbert-hoover-wrapper:hover .esg-media-poster{filter:url(\"data:image\/svg+xml;utf8,<svg xmlns='http:\/\/www.w3.org\/2000\/svg'><filter id='grayscale'><feColorMatrix type='matrix' values='1 0 0 0 0,0 1 0 0 0,0 0 1 0 0,0 0 0 1 0'\/><\/filter><\/svg>#grayscale\");-webkit-filter:grayscale(0%)}.eg-lyndon-johnson-wrapper .esg-media-poster{filter:url(\"data:image\/svg+xml;utf8,<svg xmlns='http:\/\/www.w3.org\/2000\/svg'><filter id='grayscale'><feColorMatrix type='matrix' values='0.3333 0.3333 0.3333 0 0 0.3333 0.3333 0.3333 0 0 0.3333 0.3333 0.3333 0 0 0 0 0 1 0'\/><\/filter><\/svg>#grayscale\");filter:gray;-webkit-filter:grayscale(100%)}.eg-lyndon-johnson-wrapper:hover .esg-media-poster{filter:url(\"data:image\/svg+xml;utf8,<svg xmlns='http:\/\/www.w3.org\/2000\/svg'><filter id='grayscale'><feColorMatrix type='matrix' values='1 0 0 0 0,0 1 0 0 0,0 0 1 0 0,0 0 0 1 0'\/><\/filter><\/svg>#grayscale\");-webkit-filter:grayscale(0%)}.esg-overlay.eg-related-container {background:-moz-linear-gradient(top,rgba(116,97,88,0) 86%,rgba(116,97,88,0.83) 40%,rgba(116,97,88,0.85) 100%);background:-webkit-gradient(linear,left top,left bottom,color-stop(86%,rgba(116,97,88,0)),color-stop(40%,rgba(116,97,88,0.83)),color-stop(100%,rgba(116,97,88,0.85)));background:-webkit-linear-gradient(top,rgba(0,0,0,0) 86%,rgba(116,97,88,0.83) 40%,rgba(116,97,88,0.85) 100%);background:-o-linear-gradient(top,rgba(0,0,0,0) 86%,rgba(116,97,88,0.83) 40%,rgba(116,97,88,0.85) 100%);background:-ms-linear-gradient(top,rgba(0,0,0,0) 86%,rgba(116,97,88,0.83) 40%,rgba(116,97,88,0.85) 100%);background:linear-gradient(to bottom,rgba(0,0,0,0) 86%,rgba(116,97,88,0.74) 40%,rgba(116,97,88) 100%);filter:progid:DXImageTransform.Microsoft.gradient( startColorstr='#00000000',endColorstr='#d9000000',GradientType=0 )}.eg-georgebush-wrapper .esg-entry-cover {background:-moz-linear-gradient(top,rgba(0,0,0,0) 50%,rgba(0,0,0,0.83) 99%,rgba(0,0,0,0.85) 100%);background:-webkit-gradient(linear,left top,left bottom,color-stop(50%,rgba(0,0,0,0)),color-stop(99%,rgba(0,0,0,0.83)),color-stop(100%,rgba(0,0,0,0.85)));background:-webkit-linear-gradient(top,rgba(0,0,0,0) 50%,rgba(0,0,0,0.83) 99%,rgba(0,0,0,0.85) 100%);background:-o-linear-gradient(top,rgba(0,0,0,0) 50%,rgba(0,0,0,0.83) 99%,rgba(0,0,0,0.85) 100%);background:-ms-linear-gradient(top,rgba(0,0,0,0) 50%,rgba(0,0,0,0.83) 99%,rgba(0,0,0,0.85) 100%);background:linear-gradient(to bottom,rgba(0,0,0,0) 50%,rgba(0,0,0,0.83) 99%,rgba(0,0,0,0.85) 100%);filter:progid:DXImageTransform.Microsoft.gradient( startColorstr='#00000000',endColorstr='#d9000000',GradientType=0 )}.eg-jefferson-wrapper{-webkit-border-radius:5px !important;-moz-border-radius:5px !important;border-radius:5px !important;-webkit-mask-image:url(data:image\/png;base64,iVBORw0KGgoAAAANSUhEUgAAAAEAAAABCAIAAACQd1PeAAAAGXRFWHRTb2Z0d2FyZQBBZG9iZSBJbWFnZVJlYWR5ccllPAAAAA5JREFUeNpiYGBgAAgwAAAEAAGbA+oJAAAAAElFTkSuQmCC) !important}.eg-monroe-element-1{text-shadow:0px 1px 3px rgba(0,0,0,0.1)}.eg-lyndon-johnson-wrapper .esg-entry-cover{background:-moz-radial-gradient(center,ellipse cover,rgba(0,0,0,0.35) 0%,rgba(18,18,18,0) 96%,rgba(19,19,19,0) 100%);background:-webkit-gradient(radial,center center,0px,center center,100%,color-stop(0%,rgba(0,0,0,0.35)),color-stop(96%,rgba(18,18,18,0)),color-stop(100%,rgba(19,19,19,0)));background:-webkit-radial-gradient(center,ellipse cover,rgba(0,0,0,0.35) 0%,rgba(18,18,18,0) 96%,rgba(19,19,19,0) 100%);background:-o-radial-gradient(center,ellipse cover,rgba(0,0,0,0.35) 0%,rgba(18,18,18,0) 96%,rgba(19,19,19,0) 100%);background:-ms-radial-gradient(center,ellipse cover,rgba(0,0,0,0.35) 0%,rgba(18,18,18,0) 96%,rgba(19,19,19,0) 100%);background:radial-gradient(ellipse at center,rgba(0,0,0,0.35) 0%,rgba(18,18,18,0) 96%,rgba(19,19,19,0) 100%);filter:progid:DXImageTransform.Microsoft.gradient( startColorstr='#59000000',endColorstr='#00131313',GradientType=1 )}.eg-wilbert-wrapper .esg-entry-cover{background:-moz-radial-gradient(center,ellipse cover,rgba(0,0,0,0.35) 0%,rgba(18,18,18,0) 96%,rgba(19,19,19,0) 100%);background:-webkit-gradient(radial,center center,0px,center center,100%,color-stop(0%,rgba(0,0,0,0.35)),color-stop(96%,rgba(18,18,18,0)),color-stop(100%,rgba(19,19,19,0)));background:-webkit-radial-gradient(center,ellipse cover,rgba(0,0,0,0.35) 0%,rgba(18,18,18,0) 96%,rgba(19,19,19,0) 100%);background:-o-radial-gradient(center,ellipse cover,rgba(0,0,0,0.35) 0%,rgba(18,18,18,0) 96%,rgba(19,19,19,0) 100%);background:-ms-radial-gradient(center,ellipse cover,rgba(0,0,0,0.35) 0%,rgba(18,18,18,0) 96%,rgba(19,19,19,0) 100%);background:radial-gradient(ellipse at center,rgba(0,0,0,0.35) 0%,rgba(18,18,18,0) 96%,rgba(19,19,19,0) 100%);filter:progid:DXImageTransform.Microsoft.gradient( startColorstr='#59000000',endColorstr='#00131313',GradientType=1 )}.eg-wilbert-wrapper .esg-media-poster{-webkit-transition:0.4s ease-in-out;-moz-transition:0.4s ease-in-out;-o-transition:0.4s ease-in-out;transition:0.4s ease-in-out;filter:url(\"data:image\/svg+xml;utf8,<svg xmlns='http:\/\/www.w3.org\/2000\/svg'><filter id='grayscale'><feColorMatrix type='matrix' values='0.3333 0.3333 0.3333 0 0 0.3333 0.3333 0.3333 0 0 0.3333 0.3333 0.3333 0 0 0 0 0 1 0'\/><\/filter><\/svg>#grayscale\");filter:gray;-webkit-filter:grayscale(100%)}.eg-wilbert-wrapper:hover .esg-media-poster{filter:url(\"data:image\/svg+xml;utf8,<svg xmlns='http:\/\/www.w3.org\/2000\/svg'><filter id='grayscale'><feColorMatrix type='matrix' values='1 0 0 0 0,0 1 0 0 0,0 0 1 0 0,0 0 0 1 0'\/><\/filter><\/svg>#grayscale\");-webkit-filter:grayscale(0%)}.eg-phillie-element-3:after{content:\" \";width:0px;height:0px;border-style:solid;border-width:5px 5px 0 5px;border-color:#000 transparent transparent transparent;left:50%;margin-left:-5px;bottom:-5px;position:absolute}.eg-howardtaft-wrapper .esg-media-poster,.eg-howardtaft-wrapper .esg-media-poster{filter:url(\"data:image\/svg+xml;utf8,<svg xmlns='http:\/\/www.w3.org\/2000\/svg'><filter id='grayscale'><feColorMatrix type='matrix' values='1 0 0 0 0,0 1 0 0 0,0 0 1 0 0,0 0 0 1 0'\/><\/filter><\/svg>#grayscale\");-webkit-filter:grayscale(0%)}.eg-howardtaft-wrapper:hover .esg-media-poster,.eg-howardtaft-wrapper:hover .esg-media-poster{filter:url(\"data:image\/svg+xml;utf8,<svg xmlns='http:\/\/www.w3.org\/2000\/svg'><filter id='grayscale'><feColorMatrix type='matrix' values='0.3333 0.3333 0.3333 0 0 0.3333 0.3333 0.3333 0 0 0.3333 0.3333 0.3333 0 0 0 0 0 1 0'\/><\/filter><\/svg>#grayscale\");filter:gray;-webkit-filter:grayscale(100%)}.myportfolio-container .added_to_cart.wc-forward{font-family:\"Open Sans\";font-size:13px;color:#fff;margin-top:10px}.esgbox-title.esgbox-title-outside-wrap{font-size:15px;font-weight:700;text-align:center}.esgbox-title.esgbox-title-inside-wrap{padding-bottom:10px;font-size:15px;font-weight:700;text-align:center}.esg-content.eg-twitterstream-element-33-a{display:inline-block}.eg-twitterstream-element-35{word-break:break-all}.esg-overlay.eg-twitterstream-container {background:-moz-linear-gradient(top,rgba(0,0,0,0) 50%,rgba(0,0,0,0.83) 99%,rgba(0,0,0,0.85) 100%);background:-webkit-gradient(linear,left top,left bottom,color-stop(50%,rgba(0,0,0,0)),color-stop(99%,rgba(0,0,0,0.83)),color-stop(100%,rgba(0,0,0,0.85)));background:-webkit-linear-gradient(top,rgba(0,0,0,0) 50%,rgba(0,0,0,0.83) 99%,rgba(0,0,0,0.85) 100%);background:-o-linear-gradient(top,rgba(0,0,0,0) 50%,rgba(0,0,0,0.83) 99%,rgba(0,0,0,0.85) 100%);background:-ms-linear-gradient(top,rgba(0,0,0,0) 50%,rgba(0,0,0,0.83) 99%,rgba(0,0,0,0.85) 100%);background:linear-gradient(to bottom,rgba(0,0,0,0) 50%,rgba(0,0,0,0.83) 99%,rgba(0,0,0,0.85) 100%);filter:progid:DXImageTransform.Microsoft.gradient( startColorstr='#00000000',endColorstr='#d9000000',GradientType=0 )}.esg-content.eg-facebookstream-element-33-a{display:inline-block}.eg-facebookstream-element-0{word-break:break-all}.esg-overlay.eg-flickrstream-container {background:-moz-linear-gradient(top,rgba(0,0,0,0) 50%,rgba(0,0,0,0.83) 99%,rgba(0,0,0,0.85) 100%);background:-webkit-gradient(linear,left top,left bottom,color-stop(50%,rgba(0,0,0,0)),color-stop(99%,rgba(0,0,0,0.83)),color-stop(100%,rgba(0,0,0,0.85)));background:-webkit-linear-gradient(top,rgba(0,0,0,0) 50%,rgba(0,0,0,0.83) 99%,rgba(0,0,0,0.85) 100%);background:-o-linear-gradient(top,rgba(0,0,0,0) 50%,rgba(0,0,0,0.83) 99%,rgba(0,0,0,0.85) 100%);background:-ms-linear-gradient(top,rgba(0,0,0,0) 50%,rgba(0,0,0,0.83) 99%,rgba(0,0,0,0.85) 100%);background:linear-gradient(to bottom,rgba(0,0,0,0) 50%,rgba(0,0,0,0.83) 99%,rgba(0,0,0,0.85) 100%);filter:progid:DXImageTransform.Microsoft.gradient( startColorstr='#00000000',endColorstr='#d9000000',GradientType=0 )}<\/style>\n\n","protected":false},"excerpt":{"rendered":"<p>Maurice Le Clef, que lider\u00f3 el proyecto, est\u00e1 orgulloso: \u00abEn Amanprana nos esforzamos por vivir, trabajar y producir de forma sostenible y ecol\u00f3gicamente responsable. Quer\u00edamos construir y amoblar nuestro nuevo &#8230;<\/p>\n","protected":false},"author":9,"featured_media":32925,"parent":46280,"menu_order":28,"comment_status":"closed","ping_status":"closed","template":"","meta":{"_acf_changed":false,"rating_form_position":"","rating_results_position":"","mr_structured_data_type":"","footnotes":""},"class_list":["post-52792","page","type-page","status-publish","has-post-thumbnail","hentry"],"acf":[],"yoast_head":"<!-- This site is optimized with the Yoast SEO plugin v24.7 - https:\/\/yoast.com\/wordpress\/plugins\/seo\/ -->\n<title>Vivir, trabajar y producir de manera sostenible y ecologicamente responsable.<\/title>\n<meta name=\"description\" content=\"La sede central de Noble House en Brasschaat se calienta e ilumina completamente por energ\u00eda solar y e\u00f3lica. En nuestras oficinas sostenibles utilizamos 100% LED\" \/>\n<meta name=\"robots\" content=\"index, follow, max-snippet:-1, max-image-preview:large, max-video-preview:-1\" \/>\n<link rel=\"canonical\" href=\"https:\/\/www.amanprana.eu\/es\/filosofia\/amanprana-oficinas-sostenibles\/\" \/>\n<meta property=\"og:locale\" content=\"es_ES\" \/>\n<meta property=\"og:type\" content=\"article\" \/>\n<meta property=\"og:title\" content=\"Vivir, trabajar y producir de manera sostenible y ecologicamente responsable.\" \/>\n<meta property=\"og:description\" content=\"La sede central de Noble House en Brasschaat se calienta e ilumina completamente por energ\u00eda solar y e\u00f3lica. En nuestras oficinas sostenibles utilizamos 100% LED\" \/>\n<meta property=\"og:url\" content=\"https:\/\/www.amanprana.eu\/es\/filosofia\/amanprana-oficinas-sostenibles\/\" \/>\n<meta property=\"og:site_name\" content=\"Amanprana\" \/>\n<meta property=\"article:publisher\" content=\"https:\/\/www.facebook.com\/Amanpranaproducts\/\" \/>\n<meta property=\"article:modified_time\" content=\"2021-09-20T10:18:50+00:00\" \/>\n<meta property=\"og:image\" content=\"https:\/\/www.amanprana.eu\/wp-content\/uploads\/Duurzame_kantoren_Amanprana.jpg\" \/>\n\t<meta property=\"og:image:width\" content=\"457\" \/>\n\t<meta property=\"og:image:height\" content=\"294\" \/>\n\t<meta property=\"og:image:type\" content=\"image\/jpeg\" \/>\n<meta name=\"twitter:card\" content=\"summary_large_image\" \/>\n<meta name=\"twitter:label1\" content=\"Tiempo de lectura\" \/>\n\t<meta name=\"twitter:data1\" content=\"2 minutos\" \/>\n<script type=\"application\/ld+json\" class=\"yoast-schema-graph\">{\"@context\":\"https:\/\/schema.org\",\"@graph\":[{\"@type\":\"WebPage\",\"@id\":\"https:\/\/www.amanprana.eu\/es\/filosofia\/amanprana-oficinas-sostenibles\/\",\"url\":\"https:\/\/www.amanprana.eu\/es\/filosofia\/amanprana-oficinas-sostenibles\/\",\"name\":\"Vivir, trabajar y producir de manera sostenible y ecologicamente responsable.\",\"isPartOf\":{\"@id\":\"https:\/\/www.amanprana.eu\/es\/#website\"},\"primaryImageOfPage\":{\"@id\":\"https:\/\/www.amanprana.eu\/es\/filosofia\/amanprana-oficinas-sostenibles\/#primaryimage\"},\"image\":{\"@id\":\"https:\/\/www.amanprana.eu\/es\/filosofia\/amanprana-oficinas-sostenibles\/#primaryimage\"},\"thumbnailUrl\":\"https:\/\/www.amanprana.eu\/wp-content\/uploads\/Duurzame_kantoren_Amanprana.jpg\",\"datePublished\":\"2020-01-10T09:01:36+00:00\",\"dateModified\":\"2021-09-20T10:18:50+00:00\",\"description\":\"La sede central de Noble House en Brasschaat se calienta e ilumina completamente por energ\u00eda solar y e\u00f3lica. En nuestras oficinas sostenibles utilizamos 100% LED\",\"breadcrumb\":{\"@id\":\"https:\/\/www.amanprana.eu\/es\/filosofia\/amanprana-oficinas-sostenibles\/#breadcrumb\"},\"inLanguage\":\"es\",\"potentialAction\":[{\"@type\":\"ReadAction\",\"target\":[\"https:\/\/www.amanprana.eu\/es\/filosofia\/amanprana-oficinas-sostenibles\/\"]}]},{\"@type\":\"ImageObject\",\"inLanguage\":\"es\",\"@id\":\"https:\/\/www.amanprana.eu\/es\/filosofia\/amanprana-oficinas-sostenibles\/#primaryimage\",\"url\":\"https:\/\/www.amanprana.eu\/wp-content\/uploads\/Duurzame_kantoren_Amanprana.jpg\",\"contentUrl\":\"https:\/\/www.amanprana.eu\/wp-content\/uploads\/Duurzame_kantoren_Amanprana.jpg\",\"width\":457,\"height\":294,\"caption\":\"Oficinas sostenibles para Amanprana\"},{\"@type\":\"BreadcrumbList\",\"@id\":\"https:\/\/www.amanprana.eu\/es\/filosofia\/amanprana-oficinas-sostenibles\/#breadcrumb\",\"itemListElement\":[{\"@type\":\"ListItem\",\"position\":1,\"name\":\"Amanprana.eu\",\"item\":\"https:\/\/www.amanprana.eu\/es\/\"},{\"@type\":\"ListItem\",\"position\":2,\"name\":\"Filosof\u00eda\",\"item\":\"https:\/\/www.amanprana.eu\/es\/filosofia\/\"},{\"@type\":\"ListItem\",\"position\":3,\"name\":\"oficinas de Amanprana\"}]},{\"@type\":\"WebSite\",\"@id\":\"https:\/\/www.amanprana.eu\/es\/#website\",\"url\":\"https:\/\/www.amanprana.eu\/es\/\",\"name\":\"Amanprana\",\"description\":\"Serene levenskracht\",\"publisher\":{\"@id\":\"https:\/\/www.amanprana.eu\/es\/#organization\"},\"potentialAction\":[{\"@type\":\"SearchAction\",\"target\":{\"@type\":\"EntryPoint\",\"urlTemplate\":\"https:\/\/www.amanprana.eu\/es\/?s={search_term_string}\"},\"query-input\":{\"@type\":\"PropertyValueSpecification\",\"valueRequired\":true,\"valueName\":\"search_term_string\"}}],\"inLanguage\":\"es\"},{\"@type\":\"Organization\",\"@id\":\"https:\/\/www.amanprana.eu\/es\/#organization\",\"name\":\"Amanprana\",\"url\":\"https:\/\/www.amanprana.eu\/es\/\",\"logo\":{\"@type\":\"ImageObject\",\"inLanguage\":\"es\",\"@id\":\"https:\/\/www.amanprana.eu\/es\/#\/schema\/logo\/image\/\",\"url\":\"https:\/\/www.amanprana.eu\/wp-content\/uploads\/webres-amanprana-logo.jpg\",\"contentUrl\":\"https:\/\/www.amanprana.eu\/wp-content\/uploads\/webres-amanprana-logo.jpg\",\"width\":300,\"height\":300,\"caption\":\"Amanprana\"},\"image\":{\"@id\":\"https:\/\/www.amanprana.eu\/es\/#\/schema\/logo\/image\/\"},\"sameAs\":[\"https:\/\/www.facebook.com\/Amanpranaproducts\/\",\"https:\/\/www.instagram.com\/amanprana\/\",\"https:\/\/nl.pinterest.com\/amanprana\/pins\/\"]}]}<\/script>\n<!-- \/ Yoast SEO plugin. -->","yoast_head_json":{"title":"Vivir, trabajar y producir de manera sostenible y ecologicamente responsable.","description":"La sede central de Noble House en Brasschaat se calienta e ilumina completamente por energ\u00eda solar y e\u00f3lica. En nuestras oficinas sostenibles utilizamos 100% LED","robots":{"index":"index","follow":"follow","max-snippet":"max-snippet:-1","max-image-preview":"max-image-preview:large","max-video-preview":"max-video-preview:-1"},"canonical":"https:\/\/www.amanprana.eu\/es\/filosofia\/amanprana-oficinas-sostenibles\/","og_locale":"es_ES","og_type":"article","og_title":"Vivir, trabajar y producir de manera sostenible y ecologicamente responsable.","og_description":"La sede central de Noble House en Brasschaat se calienta e ilumina completamente por energ\u00eda solar y e\u00f3lica. En nuestras oficinas sostenibles utilizamos 100% LED","og_url":"https:\/\/www.amanprana.eu\/es\/filosofia\/amanprana-oficinas-sostenibles\/","og_site_name":"Amanprana","article_publisher":"https:\/\/www.facebook.com\/Amanpranaproducts\/","article_modified_time":"2021-09-20T10:18:50+00:00","og_image":[{"width":457,"height":294,"url":"https:\/\/www.amanprana.eu\/wp-content\/uploads\/Duurzame_kantoren_Amanprana.jpg","type":"image\/jpeg"}],"twitter_card":"summary_large_image","twitter_misc":{"Tiempo de lectura":"2 minutos"},"schema":{"@context":"https:\/\/schema.org","@graph":[{"@type":"WebPage","@id":"https:\/\/www.amanprana.eu\/es\/filosofia\/amanprana-oficinas-sostenibles\/","url":"https:\/\/www.amanprana.eu\/es\/filosofia\/amanprana-oficinas-sostenibles\/","name":"Vivir, trabajar y producir de manera sostenible y ecologicamente responsable.","isPartOf":{"@id":"https:\/\/www.amanprana.eu\/es\/#website"},"primaryImageOfPage":{"@id":"https:\/\/www.amanprana.eu\/es\/filosofia\/amanprana-oficinas-sostenibles\/#primaryimage"},"image":{"@id":"https:\/\/www.amanprana.eu\/es\/filosofia\/amanprana-oficinas-sostenibles\/#primaryimage"},"thumbnailUrl":"https:\/\/www.amanprana.eu\/wp-content\/uploads\/Duurzame_kantoren_Amanprana.jpg","datePublished":"2020-01-10T09:01:36+00:00","dateModified":"2021-09-20T10:18:50+00:00","description":"La sede central de Noble House en Brasschaat se calienta e ilumina completamente por energ\u00eda solar y e\u00f3lica. En nuestras oficinas sostenibles utilizamos 100% LED","breadcrumb":{"@id":"https:\/\/www.amanprana.eu\/es\/filosofia\/amanprana-oficinas-sostenibles\/#breadcrumb"},"inLanguage":"es","potentialAction":[{"@type":"ReadAction","target":["https:\/\/www.amanprana.eu\/es\/filosofia\/amanprana-oficinas-sostenibles\/"]}]},{"@type":"ImageObject","inLanguage":"es","@id":"https:\/\/www.amanprana.eu\/es\/filosofia\/amanprana-oficinas-sostenibles\/#primaryimage","url":"https:\/\/www.amanprana.eu\/wp-content\/uploads\/Duurzame_kantoren_Amanprana.jpg","contentUrl":"https:\/\/www.amanprana.eu\/wp-content\/uploads\/Duurzame_kantoren_Amanprana.jpg","width":457,"height":294,"caption":"Oficinas sostenibles para Amanprana"},{"@type":"BreadcrumbList","@id":"https:\/\/www.amanprana.eu\/es\/filosofia\/amanprana-oficinas-sostenibles\/#breadcrumb","itemListElement":[{"@type":"ListItem","position":1,"name":"Amanprana.eu","item":"https:\/\/www.amanprana.eu\/es\/"},{"@type":"ListItem","position":2,"name":"Filosof\u00eda","item":"https:\/\/www.amanprana.eu\/es\/filosofia\/"},{"@type":"ListItem","position":3,"name":"oficinas de Amanprana"}]},{"@type":"WebSite","@id":"https:\/\/www.amanprana.eu\/es\/#website","url":"https:\/\/www.amanprana.eu\/es\/","name":"Amanprana","description":"Serene levenskracht","publisher":{"@id":"https:\/\/www.amanprana.eu\/es\/#organization"},"potentialAction":[{"@type":"SearchAction","target":{"@type":"EntryPoint","urlTemplate":"https:\/\/www.amanprana.eu\/es\/?s={search_term_string}"},"query-input":{"@type":"PropertyValueSpecification","valueRequired":true,"valueName":"search_term_string"}}],"inLanguage":"es"},{"@type":"Organization","@id":"https:\/\/www.amanprana.eu\/es\/#organization","name":"Amanprana","url":"https:\/\/www.amanprana.eu\/es\/","logo":{"@type":"ImageObject","inLanguage":"es","@id":"https:\/\/www.amanprana.eu\/es\/#\/schema\/logo\/image\/","url":"https:\/\/www.amanprana.eu\/wp-content\/uploads\/webres-amanprana-logo.jpg","contentUrl":"https:\/\/www.amanprana.eu\/wp-content\/uploads\/webres-amanprana-logo.jpg","width":300,"height":300,"caption":"Amanprana"},"image":{"@id":"https:\/\/www.amanprana.eu\/es\/#\/schema\/logo\/image\/"},"sameAs":["https:\/\/www.facebook.com\/Amanpranaproducts\/","https:\/\/www.instagram.com\/amanprana\/","https:\/\/nl.pinterest.com\/amanprana\/pins\/"]}]}},"multi-rating":{"mr_rating_results":[]},"_links":{"self":[{"href":"https:\/\/www.amanprana.eu\/es\/wp-json\/wp\/v2\/pages\/52792","targetHints":{"allow":["GET"]}}],"collection":[{"href":"https:\/\/www.amanprana.eu\/es\/wp-json\/wp\/v2\/pages"}],"about":[{"href":"https:\/\/www.amanprana.eu\/es\/wp-json\/wp\/v2\/types\/page"}],"author":[{"embeddable":true,"href":"https:\/\/www.amanprana.eu\/es\/wp-json\/wp\/v2\/users\/9"}],"replies":[{"embeddable":true,"href":"https:\/\/www.amanprana.eu\/es\/wp-json\/wp\/v2\/comments?post=52792"}],"version-history":[{"count":4,"href":"https:\/\/www.amanprana.eu\/es\/wp-json\/wp\/v2\/pages\/52792\/revisions"}],"predecessor-version":[{"id":63463,"href":"https:\/\/www.amanprana.eu\/es\/wp-json\/wp\/v2\/pages\/52792\/revisions\/63463"}],"up":[{"embeddable":true,"href":"https:\/\/www.amanprana.eu\/es\/wp-json\/wp\/v2\/pages\/46280"}],"wp:featuredmedia":[{"embeddable":true,"href":"https:\/\/www.amanprana.eu\/es\/wp-json\/wp\/v2\/media\/32925"}],"wp:attachment":[{"href":"https:\/\/www.amanprana.eu\/es\/wp-json\/wp\/v2\/media?parent=52792"}],"curies":[{"name":"wp","href":"https:\/\/api.w.org\/{rel}","templated":true}]}}