

{"id":60171,"date":"2020-12-08T16:04:52","date_gmt":"2020-12-08T15:04:52","guid":{"rendered":"https:\/\/www.amanprana.eu\/?page_id=60171"},"modified":"2022-07-19T10:18:04","modified_gmt":"2022-07-19T08:18:04","slug":"certificados","status":"publish","type":"page","link":"https:\/\/www.amanprana.eu\/es\/certificados\/","title":{"rendered":"Certificados"},"content":{"rendered":"\n<h1 class=\"wp-block-heading\">Certificados de Amanprana<\/h1>\n\n<p>Los t\u00e9rminos \u00abbio\u00bb y \u00abbiol\u00f3gico\u00bb son conceptos protegidos. No todo el mundo puede usar estos t\u00e9rminos porque s\u00ed. Si desea utilizar estos conceptos como en su empresa, sus productos deben cumplir con las normas de producci\u00f3n establecidas en la legislaci\u00f3n. Adem\u00e1s, est\u00e1 obligado a que un organismo de control acreditado haga un control.<\/p>\n\n<p><strong><a href=\"https:\/\/www.tuv-nord.com\/\" target=\"_blank\" rel=\"noopener noreferrer\">T\u00dcV NORD INTEGRA<\/a><\/strong>\u00a0es un organismo de control reconocido e independiente que supervisa nuestros productos cada a\u00f1o.<\/p>\n\n<p>Tambi\u00e9n hemos recibido el certificado Natrue. Para que podamos dar a nuestros productos de cuidado la etiqueta Natrue.\u00a0<strong><a href=\"http:\/\/www.natrue.org\/\" target=\"_blank\" rel=\"noopener noreferrer\">Natrue\u00a0<\/a><\/strong>es una organizaci\u00f3n responsable de la protecci\u00f3n y promoci\u00f3n de productos de cuidado naturales y biol\u00f3gicos.<\/p>\n","protected":false},"excerpt":{"rendered":"<p>Certificados de Amanprana Los t\u00e9rminos \u00abbio\u00bb y \u00abbiol\u00f3gico\u00bb son conceptos protegidos. No todo el mundo puede usar estos t\u00e9rminos porque s\u00ed. Si desea utilizar estos conceptos como en su empresa, &#8230;<\/p>\n","protected":false},"author":15,"featured_media":0,"parent":0,"menu_order":35,"comment_status":"closed","ping_status":"closed","template":"page-certificaat.php","meta":{"_acf_changed":false,"rating_form_position":"","rating_results_position":"","mr_structured_data_type":"","footnotes":""},"class_list":["post-60171","page","type-page","status-publish","hentry","no-post-thumbnail"],"acf":[],"yoast_head":"<!-- This site is optimized with the Yoast SEO plugin v24.7 - https:\/\/yoast.com\/wordpress\/plugins\/seo\/ -->\n<title>Ver certificados de Amanprana | Org\u00e1nico | Natrue | Comestible seg\u00fan la ley jud\u00eda<\/title>\n<meta name=\"description\" content=\"Los t\u00e9rminos &quot;bio&quot; y &quot;org\u00e1nico&quot; son t\u00e9rminos protegidos. No todo el mundo puede usar estos nombres as\u00ed. Ver certificados de Amanprana\" \/>\n<meta name=\"robots\" content=\"noindex, nofollow\" \/>\n<meta property=\"og:locale\" content=\"es_ES\" \/>\n<meta property=\"og:type\" content=\"article\" \/>\n<meta property=\"og:title\" content=\"Ver certificados de Amanprana | Org\u00e1nico | Natrue | Comestible seg\u00fan la ley jud\u00eda\" \/>\n<meta property=\"og:description\" content=\"Los t\u00e9rminos &quot;bio&quot; y &quot;org\u00e1nico&quot; son t\u00e9rminos protegidos. No todo el mundo puede usar estos nombres as\u00ed. Ver certificados de Amanprana\" \/>\n<meta property=\"og:url\" content=\"https:\/\/www.amanprana.eu\/es\/certificados\/\" \/>\n<meta property=\"og:site_name\" content=\"Amanprana\" \/>\n<meta property=\"article:publisher\" content=\"https:\/\/www.facebook.com\/Amanpranaproducts\/\" \/>\n<meta property=\"article:modified_time\" content=\"2022-07-19T08:18:04+00:00\" \/>\n<meta property=\"og:image\" content=\"https:\/\/www.amanprana.eu\/wp-content\/uploads\/hires-amanprana-logo.jpg\" \/>\n\t<meta property=\"og:image:width\" content=\"2362\" \/>\n\t<meta property=\"og:image:height\" content=\"2362\" \/>\n\t<meta property=\"og:image:type\" content=\"image\/jpeg\" \/>\n<meta name=\"twitter:card\" content=\"summary_large_image\" \/>\n<meta name=\"twitter:label1\" content=\"Tiempo de lectura\" \/>\n\t<meta name=\"twitter:data1\" content=\"1 minuto\" \/>\n<script type=\"application\/ld+json\" class=\"yoast-schema-graph\">{\"@context\":\"https:\/\/schema.org\",\"@graph\":[{\"@type\":\"WebPage\",\"@id\":\"https:\/\/www.amanprana.eu\/es\/certificados\/\",\"url\":\"https:\/\/www.amanprana.eu\/es\/certificados\/\",\"name\":\"Ver certificados de Amanprana | Org\u00e1nico | Natrue | Comestible seg\u00fan la ley jud\u00eda\",\"isPartOf\":{\"@id\":\"https:\/\/www.amanprana.eu\/es\/#website\"},\"datePublished\":\"2020-12-08T15:04:52+00:00\",\"dateModified\":\"2022-07-19T08:18:04+00:00\",\"description\":\"Los t\u00e9rminos \\\"bio\\\" y \\\"org\u00e1nico\\\" son t\u00e9rminos protegidos. No todo el mundo puede usar estos nombres as\u00ed. Ver certificados de Amanprana\",\"breadcrumb\":{\"@id\":\"https:\/\/www.amanprana.eu\/es\/certificados\/#breadcrumb\"},\"inLanguage\":\"es\",\"potentialAction\":[{\"@type\":\"ReadAction\",\"target\":[\"https:\/\/www.amanprana.eu\/es\/certificados\/\"]}]},{\"@type\":\"BreadcrumbList\",\"@id\":\"https:\/\/www.amanprana.eu\/es\/certificados\/#breadcrumb\",\"itemListElement\":[{\"@type\":\"ListItem\",\"position\":1,\"name\":\"Amanprana.eu\",\"item\":\"https:\/\/www.amanprana.eu\/es\/\"},{\"@type\":\"ListItem\",\"position\":2,\"name\":\"Certificados\"}]},{\"@type\":\"WebSite\",\"@id\":\"https:\/\/www.amanprana.eu\/es\/#website\",\"url\":\"https:\/\/www.amanprana.eu\/es\/\",\"name\":\"Amanprana\",\"description\":\"Serene levenskracht\",\"publisher\":{\"@id\":\"https:\/\/www.amanprana.eu\/es\/#organization\"},\"potentialAction\":[{\"@type\":\"SearchAction\",\"target\":{\"@type\":\"EntryPoint\",\"urlTemplate\":\"https:\/\/www.amanprana.eu\/es\/?s={search_term_string}\"},\"query-input\":{\"@type\":\"PropertyValueSpecification\",\"valueRequired\":true,\"valueName\":\"search_term_string\"}}],\"inLanguage\":\"es\"},{\"@type\":\"Organization\",\"@id\":\"https:\/\/www.amanprana.eu\/es\/#organization\",\"name\":\"Amanprana\",\"url\":\"https:\/\/www.amanprana.eu\/es\/\",\"logo\":{\"@type\":\"ImageObject\",\"inLanguage\":\"es\",\"@id\":\"https:\/\/www.amanprana.eu\/es\/#\/schema\/logo\/image\/\",\"url\":\"https:\/\/www.amanprana.eu\/wp-content\/uploads\/webres-amanprana-logo.jpg\",\"contentUrl\":\"https:\/\/www.amanprana.eu\/wp-content\/uploads\/webres-amanprana-logo.jpg\",\"width\":300,\"height\":300,\"caption\":\"Amanprana\"},\"image\":{\"@id\":\"https:\/\/www.amanprana.eu\/es\/#\/schema\/logo\/image\/\"},\"sameAs\":[\"https:\/\/www.facebook.com\/Amanpranaproducts\/\",\"https:\/\/www.instagram.com\/amanprana\/\",\"https:\/\/nl.pinterest.com\/amanprana\/pins\/\"]}]}<\/script>\n<!-- \/ Yoast SEO plugin. -->","yoast_head_json":{"title":"Ver certificados de Amanprana | Org\u00e1nico | Natrue | Comestible seg\u00fan la ley jud\u00eda","description":"Los t\u00e9rminos \"bio\" y \"org\u00e1nico\" son t\u00e9rminos protegidos. No todo el mundo puede usar estos nombres as\u00ed. Ver certificados de Amanprana","robots":{"index":"noindex","follow":"nofollow"},"og_locale":"es_ES","og_type":"article","og_title":"Ver certificados de Amanprana | Org\u00e1nico | Natrue | Comestible seg\u00fan la ley jud\u00eda","og_description":"Los t\u00e9rminos \"bio\" y \"org\u00e1nico\" son t\u00e9rminos protegidos. No todo el mundo puede usar estos nombres as\u00ed. Ver certificados de Amanprana","og_url":"https:\/\/www.amanprana.eu\/es\/certificados\/","og_site_name":"Amanprana","article_publisher":"https:\/\/www.facebook.com\/Amanpranaproducts\/","article_modified_time":"2022-07-19T08:18:04+00:00","og_image":[{"width":2362,"height":2362,"url":"https:\/\/www.amanprana.eu\/wp-content\/uploads\/hires-amanprana-logo.jpg","type":"image\/jpeg"}],"twitter_card":"summary_large_image","twitter_misc":{"Tiempo de lectura":"1 minuto"},"schema":{"@context":"https:\/\/schema.org","@graph":[{"@type":"WebPage","@id":"https:\/\/www.amanprana.eu\/es\/certificados\/","url":"https:\/\/www.amanprana.eu\/es\/certificados\/","name":"Ver certificados de Amanprana | Org\u00e1nico | Natrue | Comestible seg\u00fan la ley jud\u00eda","isPartOf":{"@id":"https:\/\/www.amanprana.eu\/es\/#website"},"datePublished":"2020-12-08T15:04:52+00:00","dateModified":"2022-07-19T08:18:04+00:00","description":"Los t\u00e9rminos \"bio\" y \"org\u00e1nico\" son t\u00e9rminos protegidos. No todo el mundo puede usar estos nombres as\u00ed. Ver certificados de Amanprana","breadcrumb":{"@id":"https:\/\/www.amanprana.eu\/es\/certificados\/#breadcrumb"},"inLanguage":"es","potentialAction":[{"@type":"ReadAction","target":["https:\/\/www.amanprana.eu\/es\/certificados\/"]}]},{"@type":"BreadcrumbList","@id":"https:\/\/www.amanprana.eu\/es\/certificados\/#breadcrumb","itemListElement":[{"@type":"ListItem","position":1,"name":"Amanprana.eu","item":"https:\/\/www.amanprana.eu\/es\/"},{"@type":"ListItem","position":2,"name":"Certificados"}]},{"@type":"WebSite","@id":"https:\/\/www.amanprana.eu\/es\/#website","url":"https:\/\/www.amanprana.eu\/es\/","name":"Amanprana","description":"Serene levenskracht","publisher":{"@id":"https:\/\/www.amanprana.eu\/es\/#organization"},"potentialAction":[{"@type":"SearchAction","target":{"@type":"EntryPoint","urlTemplate":"https:\/\/www.amanprana.eu\/es\/?s={search_term_string}"},"query-input":{"@type":"PropertyValueSpecification","valueRequired":true,"valueName":"search_term_string"}}],"inLanguage":"es"},{"@type":"Organization","@id":"https:\/\/www.amanprana.eu\/es\/#organization","name":"Amanprana","url":"https:\/\/www.amanprana.eu\/es\/","logo":{"@type":"ImageObject","inLanguage":"es","@id":"https:\/\/www.amanprana.eu\/es\/#\/schema\/logo\/image\/","url":"https:\/\/www.amanprana.eu\/wp-content\/uploads\/webres-amanprana-logo.jpg","contentUrl":"https:\/\/www.amanprana.eu\/wp-content\/uploads\/webres-amanprana-logo.jpg","width":300,"height":300,"caption":"Amanprana"},"image":{"@id":"https:\/\/www.amanprana.eu\/es\/#\/schema\/logo\/image\/"},"sameAs":["https:\/\/www.facebook.com\/Amanpranaproducts\/","https:\/\/www.instagram.com\/amanprana\/","https:\/\/nl.pinterest.com\/amanprana\/pins\/"]}]}},"multi-rating":{"mr_rating_results":[]},"_links":{"self":[{"href":"https:\/\/www.amanprana.eu\/es\/wp-json\/wp\/v2\/pages\/60171","targetHints":{"allow":["GET"]}}],"collection":[{"href":"https:\/\/www.amanprana.eu\/es\/wp-json\/wp\/v2\/pages"}],"about":[{"href":"https:\/\/www.amanprana.eu\/es\/wp-json\/wp\/v2\/types\/page"}],"author":[{"embeddable":true,"href":"https:\/\/www.amanprana.eu\/es\/wp-json\/wp\/v2\/users\/15"}],"replies":[{"embeddable":true,"href":"https:\/\/www.amanprana.eu\/es\/wp-json\/wp\/v2\/comments?post=60171"}],"version-history":[{"count":4,"href":"https:\/\/www.amanprana.eu\/es\/wp-json\/wp\/v2\/pages\/60171\/revisions"}],"predecessor-version":[{"id":82836,"href":"https:\/\/www.amanprana.eu\/es\/wp-json\/wp\/v2\/pages\/60171\/revisions\/82836"}],"wp:attachment":[{"href":"https:\/\/www.amanprana.eu\/es\/wp-json\/wp\/v2\/media?parent=60171"}],"curies":[{"name":"wp","href":"https:\/\/api.w.org\/{rel}","templated":true}]}}