

{"id":61507,"date":"2021-01-08T13:33:04","date_gmt":"2021-01-08T12:33:04","guid":{"rendered":"https:\/\/www.amanprana.eu\/material-de-embalaje-sostenible\/"},"modified":"2022-06-29T18:42:17","modified_gmt":"2022-06-29T16:42:17","slug":"material-de-embalaje-sostenible","status":"publish","type":"page","link":"https:\/\/www.amanprana.eu\/es\/filosofia\/material-de-embalaje-sostenible\/","title":{"rendered":"Material de embalaje sostenible"},"content":{"rendered":"\n<p><strong>Material de embalaje sostenible significa para nosotros: vidrio sobre envases de pl\u00e1stico, papel ecol\u00f3gico y sin muestras de prueba.<\/strong><\/p>\n\n<p>En Amanprana preferimos vidrio antes que pl\u00e1stico. Imprimimos, si es posible, con tinta vegetal en papel ecol\u00f3gico. Nos gustar\u00eda prestar atenci\u00f3n a los envases ecol\u00f3gicos y sanos. Ya lo ha le\u00eddo, creemos en el conjunto y no en las partes por separado, por eso nuestros productos se han procesado lo menos posible. Tambi\u00e9n durante el proceso de producci\u00f3n intentamos tener en cuenta lo m\u00e1ximo posible humanos, animales y el medio ambiente.<\/p>\n\n<h2 class=\"wp-block-heading\">Principio de cuna a cuna<\/h2>\n\n<p>En Amanprana, creemos firmemente en el principio de la cuna a la cuna. El principio de la cuna a la cuna es una visi\u00f3n revolucionaria del dise\u00f1o del producto concebido por el qu\u00edmico alem\u00e1n Michael Braungart y el arquitecto estadounidense William McDonough (2002) y el n\u00facleo de la visi\u00f3n es el desperdicio = alimento. El residuo de un producto es la materia prima para el otro.<\/p>\n\n<p>El principio de cuna a cuna distingue cinco pasos en el camino hacia un dise\u00f1o de producto eco-eficaz:<\/p>\n\n<ol class=\"wp-block-list\"><li>No siga usando sustancias que sean da\u00f1inas.<\/li><li>En aquellos casos en los que no sea factible un 100% de certeza sobre la inocuidad de un producto o sustancia, trate de estarlo lo m\u00e1s seguro posible.&#13;\n<\/li><li>Establezca una \u00ablista positiva\u00bb, con sustancias que han demostrado ser inocuas y seguras de usar.&#13;\n<\/li><li>Utilice \u00fanicamente productos o sustancias de la lista positiva.<\/li><li>Descubra de nuevo el producto.<\/li><\/ol>\n\n<h2 class=\"wp-block-heading\">\u00bfPor qu\u00e9 un envase de vidrio?<\/h2>\n\n<p>Material de empaquetado de vidrio mejor para su salud y vidrio mejor para el medio ambiente.<\/p>\n\n<p>Un envase de vidrio en los productos no s\u00f3lo es mejor para su salud, sino tambi\u00e9n para el medio ambiente. El vidrio est\u00e1 hecho de materias primas naturales. No hay sustancias t\u00f3xicas que s\u00ed que hay en las botellas de pl\u00e1stico. Piense en sustancias como el cloruro de vinilo y las dioxinas. Estas en realidad salen a la luz cuando el pl\u00e1stico se quema. Adem\u00e1s el vidrio no se queda rezagado en el medio ambiente.<\/p>\n\n<h2 class=\"wp-block-heading\">Etiquetas sostenibles, envases de cart\u00f3n FSC y pegamento org\u00e1nico<\/h2>\n\n<p>Las etiquetas y los envases de cart\u00f3n de los productos Amanprana est\u00e1n hechos de papel org\u00e1nico. Las etiquetas est\u00e1n hechas de fibras de ca\u00f1a de az\u00facar. El papel de fibra de ca\u00f1a de az\u00facar est\u00e1 hecho de los desechos de las plantaciones de ca\u00f1a de az\u00facar. Es decir que desde la planta se extrae el az\u00facar, despu\u00e9s de lo cual se utiliza la fibra para hacer papel. Por lo tanto, no se cortan \u00e1rboles ni se sacrifican alimentos. Tambi\u00e9n es sostenible porque el material s\u00f3lo necesita un peque\u00f1o mecanizado para convertirse en papel, de modo que permanece lo m\u00e1s cerca posible de la naturaleza y sea f\u00e1cilmente compostable. Combinado con pegamento org\u00e1nico para mantenerlo en envases de vidrio, se convierte en una etiqueta hermosa, eficaz y respetuosa con el medio ambiente que encaja con la estrategia sostenible de Amanprana.<\/p>\n\n<h2 class=\"wp-block-heading\">Amanprana va m\u00e1s all\u00e1 del material de embalaje sostenible<\/h2>\n\n<p>Tambi\u00e9n durante el proceso de producci\u00f3n tratamos de tomar en cuenta tanto como sea posible el medio ambiente. Los productos de limpieza utilizados en el proceso de producci\u00f3n, pero tambi\u00e9n fuera de eso, los ingredientes intentamos que sean tanto como sean de origen vegetal. Todo el papel utilizado en nuestras oficinas tiene una etiqueta FSC, no es innecesariamente impreso y acaba tanto como sea posible en la trituradora y se unir adjuntoar a los paquetes enviados como protecci\u00f3n para un transporte seguro.<\/p>\n\n<h2 class=\"wp-block-heading\">Amanprana no tiene muestras de prueba<\/h2>\n\n<p>Adem\u00e1s de material de embalaje sostenible, Amanprana tampoco tiene muestras de prueba. Esta es una decisi\u00f3n consciente. No s\u00f3lo de esta manera se ahorra en el empaquetado. Tambi\u00e9n aseguran que, adem\u00e1s del proceso de producci\u00f3n actual, debe estar presente un proceso de producci\u00f3n de los productos vendidos para las muestras de prueba. Porque entendemos que como (posible) cliente nos gusta probar nuestros productos, tenemos productos en varios puntos de venta que se pueden probar en el acto. Pregunte al comerciante si est\u00e1n disponibles.<\/p>\n\n<h2 class=\"wp-block-heading\">Chantal Voets elige papel e impresi\u00f3n responsables para su libro Come bien, eso te hace bien<\/h2>\n\n<p>Influencia asi\u00e1tica en la portada del libro Come bien, te hace bien de Chantal Voets Chantal eligi\u00f3 un libro encuadernado con el lomo abierto y una tapa que se abre en el lado izquierdo. Debido a muchos viajes por Asia y su afinidad con las filosof\u00edas y la cocina orientales, la portada es de inspiraci\u00f3n japonesa. Chantal: \u201cTambi\u00e9n nos inspiramos en Oriente para nuestros productos Amanprana. El libro es un reflejo de eso \u00ab.<\/p>\n\n<p>Ver el libro<\/p>\n\n<div class=\"wp-block-media-text alignwide is-stacked-on-mobile\" style=\"grid-template-columns:20% auto\"><figure class=\"wp-block-media-text__media\"><img decoding=\"async\" width=\"219\" height=\"250\" src=\"https:\/\/www.amanprana.eu\/wp-content\/uploads\/Milieuvriendelijke-papier-met-FSC-keurmerk.jpg\" alt=\"Papel ecol\u00f3gico con la marca de calidad FSC utilizado en la impresora Coma bien, eso le hace bien\" class=\"wp-image-32957 size-full\"\/><\/figure><div class=\"wp-block-media-text__content\">\n<p class=\"has-medium-font-size\">Papel ecol\u00f3gico con la marca de calidad FSC utilizado por la impresora Coma bien, le hace bien El papel es papel Bioset, sin madera, sin recubrimiento y natural. Solo se utilizan 3 litros de agua en la producci\u00f3n de papel de 1 g (10 litros es lo habitual). El papel tiene la certificaci\u00f3n FSC y se produce sin cloro (TCF); El fabricante del papel (Arctic Paper) es una empresa amigable con el CO2 con una aprobaci\u00f3n EMA (Eco Management and Audit Scheme)<\/p>\n<\/div><\/div>\n\n<p>Drukkerij Graphius en Gante se da cuenta de que el medio ambiente es importante: una de las imprentas m\u00e1s respetuosas con el medio ambiente de B\u00e9lgica El libro se imprimi\u00f3 en Drukkerij Graphius en Gante. Son muy conscientes de que sus actividades pueden afectar al medio ambiente. Como resultado, son muy estrictos con todos los est\u00e1ndares y regulaciones y minimizan todos los efectos negativos. El libro Come bien que te hace bien est\u00e1 impreso sin alcohol con tintas vegetales, electricidad verde y el uso m\u00e1s econ\u00f3mico de tinta.<\/p>\n","protected":false},"excerpt":{"rendered":"<p>Material de embalaje sostenible significa para nosotros: vidrio sobre envases de pl\u00e1stico, papel ecol\u00f3gico y sin muestras de prueba. En Amanprana preferimos vidrio antes que pl\u00e1stico. Imprimimos, si es posible, &#8230;<\/p>\n","protected":false},"author":9,"featured_media":0,"parent":46280,"menu_order":52,"comment_status":"closed","ping_status":"closed","template":"","meta":{"_acf_changed":false,"rating_form_position":"","rating_results_position":"","mr_structured_data_type":"","footnotes":""},"class_list":["post-61507","page","type-page","status-publish","hentry","no-post-thumbnail"],"acf":[],"yoast_head":"<!-- This site is optimized with the Yoast SEO plugin v24.7 - https:\/\/yoast.com\/wordpress\/plugins\/seo\/ -->\n<title>\u00bfQu\u00e9 hace que el envase de los productos de Amanprana sea sostenible?<\/title>\n<meta name=\"description\" content=\"Material de embalaje sostenible significa para Amanprana: envases de vidrio sobre pl\u00e1stico, papel ecol\u00f3gico y sin muestras de prueba.\" \/>\n<meta name=\"robots\" content=\"index, follow, max-snippet:-1, max-image-preview:large, max-video-preview:-1\" \/>\n<link rel=\"canonical\" href=\"https:\/\/www.amanprana.eu\/es\/filosofia\/material-de-embalaje-sostenible\/\" \/>\n<meta property=\"og:locale\" content=\"es_ES\" \/>\n<meta property=\"og:type\" content=\"article\" \/>\n<meta property=\"og:title\" content=\"\u00bfQu\u00e9 hace que el envase de los productos de Amanprana sea sostenible?\" \/>\n<meta property=\"og:description\" content=\"Material de embalaje sostenible significa para Amanprana: envases de vidrio sobre pl\u00e1stico, papel ecol\u00f3gico y sin muestras de prueba.\" \/>\n<meta property=\"og:url\" content=\"https:\/\/www.amanprana.eu\/es\/filosofia\/material-de-embalaje-sostenible\/\" \/>\n<meta property=\"og:site_name\" content=\"Amanprana\" \/>\n<meta property=\"article:publisher\" content=\"https:\/\/www.facebook.com\/Amanpranaproducts\/\" \/>\n<meta property=\"article:modified_time\" content=\"2022-06-29T16:42:17+00:00\" \/>\n<meta property=\"og:image\" content=\"https:\/\/www.amanprana.eu\/wp-content\/uploads\/Milieuvriendelijke-papier-met-FSC-keurmerk.jpg\" \/>\n<meta name=\"twitter:card\" content=\"summary_large_image\" \/>\n<meta name=\"twitter:label1\" content=\"Tiempo de lectura\" \/>\n\t<meta name=\"twitter:data1\" content=\"5 minutos\" \/>\n<script type=\"application\/ld+json\" class=\"yoast-schema-graph\">{\"@context\":\"https:\/\/schema.org\",\"@graph\":[{\"@type\":\"WebPage\",\"@id\":\"https:\/\/www.amanprana.eu\/es\/filosofia\/material-de-embalaje-sostenible\/\",\"url\":\"https:\/\/www.amanprana.eu\/es\/filosofia\/material-de-embalaje-sostenible\/\",\"name\":\"\u00bfQu\u00e9 hace que el envase de los productos de Amanprana sea sostenible?\",\"isPartOf\":{\"@id\":\"https:\/\/www.amanprana.eu\/es\/#website\"},\"primaryImageOfPage\":{\"@id\":\"https:\/\/www.amanprana.eu\/es\/filosofia\/material-de-embalaje-sostenible\/#primaryimage\"},\"image\":{\"@id\":\"https:\/\/www.amanprana.eu\/es\/filosofia\/material-de-embalaje-sostenible\/#primaryimage\"},\"thumbnailUrl\":\"https:\/\/www.amanprana.eu\/wp-content\/uploads\/Milieuvriendelijke-papier-met-FSC-keurmerk.jpg\",\"datePublished\":\"2021-01-08T12:33:04+00:00\",\"dateModified\":\"2022-06-29T16:42:17+00:00\",\"description\":\"Material de embalaje sostenible significa para Amanprana: envases de vidrio sobre pl\u00e1stico, papel ecol\u00f3gico y sin muestras de prueba.\",\"breadcrumb\":{\"@id\":\"https:\/\/www.amanprana.eu\/es\/filosofia\/material-de-embalaje-sostenible\/#breadcrumb\"},\"inLanguage\":\"es\",\"potentialAction\":[{\"@type\":\"ReadAction\",\"target\":[\"https:\/\/www.amanprana.eu\/es\/filosofia\/material-de-embalaje-sostenible\/\"]}]},{\"@type\":\"ImageObject\",\"inLanguage\":\"es\",\"@id\":\"https:\/\/www.amanprana.eu\/es\/filosofia\/material-de-embalaje-sostenible\/#primaryimage\",\"url\":\"https:\/\/www.amanprana.eu\/wp-content\/uploads\/Milieuvriendelijke-papier-met-FSC-keurmerk.jpg\",\"contentUrl\":\"https:\/\/www.amanprana.eu\/wp-content\/uploads\/Milieuvriendelijke-papier-met-FSC-keurmerk.jpg\"},{\"@type\":\"BreadcrumbList\",\"@id\":\"https:\/\/www.amanprana.eu\/es\/filosofia\/material-de-embalaje-sostenible\/#breadcrumb\",\"itemListElement\":[{\"@type\":\"ListItem\",\"position\":1,\"name\":\"Amanprana.eu\",\"item\":\"https:\/\/www.amanprana.eu\/es\/\"},{\"@type\":\"ListItem\",\"position\":2,\"name\":\"Filosof\u00eda\",\"item\":\"https:\/\/www.amanprana.eu\/es\/filosofia\/\"},{\"@type\":\"ListItem\",\"position\":3,\"name\":\"Material de embalaje sostenible\"}]},{\"@type\":\"WebSite\",\"@id\":\"https:\/\/www.amanprana.eu\/es\/#website\",\"url\":\"https:\/\/www.amanprana.eu\/es\/\",\"name\":\"Amanprana\",\"description\":\"Serene levenskracht\",\"publisher\":{\"@id\":\"https:\/\/www.amanprana.eu\/es\/#organization\"},\"potentialAction\":[{\"@type\":\"SearchAction\",\"target\":{\"@type\":\"EntryPoint\",\"urlTemplate\":\"https:\/\/www.amanprana.eu\/es\/?s={search_term_string}\"},\"query-input\":{\"@type\":\"PropertyValueSpecification\",\"valueRequired\":true,\"valueName\":\"search_term_string\"}}],\"inLanguage\":\"es\"},{\"@type\":\"Organization\",\"@id\":\"https:\/\/www.amanprana.eu\/es\/#organization\",\"name\":\"Amanprana\",\"url\":\"https:\/\/www.amanprana.eu\/es\/\",\"logo\":{\"@type\":\"ImageObject\",\"inLanguage\":\"es\",\"@id\":\"https:\/\/www.amanprana.eu\/es\/#\/schema\/logo\/image\/\",\"url\":\"https:\/\/www.amanprana.eu\/wp-content\/uploads\/webres-amanprana-logo.jpg\",\"contentUrl\":\"https:\/\/www.amanprana.eu\/wp-content\/uploads\/webres-amanprana-logo.jpg\",\"width\":300,\"height\":300,\"caption\":\"Amanprana\"},\"image\":{\"@id\":\"https:\/\/www.amanprana.eu\/es\/#\/schema\/logo\/image\/\"},\"sameAs\":[\"https:\/\/www.facebook.com\/Amanpranaproducts\/\",\"https:\/\/www.instagram.com\/amanprana\/\",\"https:\/\/nl.pinterest.com\/amanprana\/pins\/\"]}]}<\/script>\n<!-- \/ Yoast SEO plugin. -->","yoast_head_json":{"title":"\u00bfQu\u00e9 hace que el envase de los productos de Amanprana sea sostenible?","description":"Material de embalaje sostenible significa para Amanprana: envases de vidrio sobre pl\u00e1stico, papel ecol\u00f3gico y sin muestras de prueba.","robots":{"index":"index","follow":"follow","max-snippet":"max-snippet:-1","max-image-preview":"max-image-preview:large","max-video-preview":"max-video-preview:-1"},"canonical":"https:\/\/www.amanprana.eu\/es\/filosofia\/material-de-embalaje-sostenible\/","og_locale":"es_ES","og_type":"article","og_title":"\u00bfQu\u00e9 hace que el envase de los productos de Amanprana sea sostenible?","og_description":"Material de embalaje sostenible significa para Amanprana: envases de vidrio sobre pl\u00e1stico, papel ecol\u00f3gico y sin muestras de prueba.","og_url":"https:\/\/www.amanprana.eu\/es\/filosofia\/material-de-embalaje-sostenible\/","og_site_name":"Amanprana","article_publisher":"https:\/\/www.facebook.com\/Amanpranaproducts\/","article_modified_time":"2022-06-29T16:42:17+00:00","og_image":[{"url":"https:\/\/www.amanprana.eu\/wp-content\/uploads\/Milieuvriendelijke-papier-met-FSC-keurmerk.jpg","type":"","width":"","height":""}],"twitter_card":"summary_large_image","twitter_misc":{"Tiempo de lectura":"5 minutos"},"schema":{"@context":"https:\/\/schema.org","@graph":[{"@type":"WebPage","@id":"https:\/\/www.amanprana.eu\/es\/filosofia\/material-de-embalaje-sostenible\/","url":"https:\/\/www.amanprana.eu\/es\/filosofia\/material-de-embalaje-sostenible\/","name":"\u00bfQu\u00e9 hace que el envase de los productos de Amanprana sea sostenible?","isPartOf":{"@id":"https:\/\/www.amanprana.eu\/es\/#website"},"primaryImageOfPage":{"@id":"https:\/\/www.amanprana.eu\/es\/filosofia\/material-de-embalaje-sostenible\/#primaryimage"},"image":{"@id":"https:\/\/www.amanprana.eu\/es\/filosofia\/material-de-embalaje-sostenible\/#primaryimage"},"thumbnailUrl":"https:\/\/www.amanprana.eu\/wp-content\/uploads\/Milieuvriendelijke-papier-met-FSC-keurmerk.jpg","datePublished":"2021-01-08T12:33:04+00:00","dateModified":"2022-06-29T16:42:17+00:00","description":"Material de embalaje sostenible significa para Amanprana: envases de vidrio sobre pl\u00e1stico, papel ecol\u00f3gico y sin muestras de prueba.","breadcrumb":{"@id":"https:\/\/www.amanprana.eu\/es\/filosofia\/material-de-embalaje-sostenible\/#breadcrumb"},"inLanguage":"es","potentialAction":[{"@type":"ReadAction","target":["https:\/\/www.amanprana.eu\/es\/filosofia\/material-de-embalaje-sostenible\/"]}]},{"@type":"ImageObject","inLanguage":"es","@id":"https:\/\/www.amanprana.eu\/es\/filosofia\/material-de-embalaje-sostenible\/#primaryimage","url":"https:\/\/www.amanprana.eu\/wp-content\/uploads\/Milieuvriendelijke-papier-met-FSC-keurmerk.jpg","contentUrl":"https:\/\/www.amanprana.eu\/wp-content\/uploads\/Milieuvriendelijke-papier-met-FSC-keurmerk.jpg"},{"@type":"BreadcrumbList","@id":"https:\/\/www.amanprana.eu\/es\/filosofia\/material-de-embalaje-sostenible\/#breadcrumb","itemListElement":[{"@type":"ListItem","position":1,"name":"Amanprana.eu","item":"https:\/\/www.amanprana.eu\/es\/"},{"@type":"ListItem","position":2,"name":"Filosof\u00eda","item":"https:\/\/www.amanprana.eu\/es\/filosofia\/"},{"@type":"ListItem","position":3,"name":"Material de embalaje sostenible"}]},{"@type":"WebSite","@id":"https:\/\/www.amanprana.eu\/es\/#website","url":"https:\/\/www.amanprana.eu\/es\/","name":"Amanprana","description":"Serene levenskracht","publisher":{"@id":"https:\/\/www.amanprana.eu\/es\/#organization"},"potentialAction":[{"@type":"SearchAction","target":{"@type":"EntryPoint","urlTemplate":"https:\/\/www.amanprana.eu\/es\/?s={search_term_string}"},"query-input":{"@type":"PropertyValueSpecification","valueRequired":true,"valueName":"search_term_string"}}],"inLanguage":"es"},{"@type":"Organization","@id":"https:\/\/www.amanprana.eu\/es\/#organization","name":"Amanprana","url":"https:\/\/www.amanprana.eu\/es\/","logo":{"@type":"ImageObject","inLanguage":"es","@id":"https:\/\/www.amanprana.eu\/es\/#\/schema\/logo\/image\/","url":"https:\/\/www.amanprana.eu\/wp-content\/uploads\/webres-amanprana-logo.jpg","contentUrl":"https:\/\/www.amanprana.eu\/wp-content\/uploads\/webres-amanprana-logo.jpg","width":300,"height":300,"caption":"Amanprana"},"image":{"@id":"https:\/\/www.amanprana.eu\/es\/#\/schema\/logo\/image\/"},"sameAs":["https:\/\/www.facebook.com\/Amanpranaproducts\/","https:\/\/www.instagram.com\/amanprana\/","https:\/\/nl.pinterest.com\/amanprana\/pins\/"]}]}},"multi-rating":{"mr_rating_results":[]},"_links":{"self":[{"href":"https:\/\/www.amanprana.eu\/es\/wp-json\/wp\/v2\/pages\/61507","targetHints":{"allow":["GET"]}}],"collection":[{"href":"https:\/\/www.amanprana.eu\/es\/wp-json\/wp\/v2\/pages"}],"about":[{"href":"https:\/\/www.amanprana.eu\/es\/wp-json\/wp\/v2\/types\/page"}],"author":[{"embeddable":true,"href":"https:\/\/www.amanprana.eu\/es\/wp-json\/wp\/v2\/users\/9"}],"replies":[{"embeddable":true,"href":"https:\/\/www.amanprana.eu\/es\/wp-json\/wp\/v2\/comments?post=61507"}],"version-history":[{"count":4,"href":"https:\/\/www.amanprana.eu\/es\/wp-json\/wp\/v2\/pages\/61507\/revisions"}],"predecessor-version":[{"id":80842,"href":"https:\/\/www.amanprana.eu\/es\/wp-json\/wp\/v2\/pages\/61507\/revisions\/80842"}],"up":[{"embeddable":true,"href":"https:\/\/www.amanprana.eu\/es\/wp-json\/wp\/v2\/pages\/46280"}],"wp:attachment":[{"href":"https:\/\/www.amanprana.eu\/es\/wp-json\/wp\/v2\/media?parent=61507"}],"curies":[{"name":"wp","href":"https:\/\/api.w.org\/{rel}","templated":true}]}}