

{"id":60592,"date":"2020-12-29T12:44:55","date_gmt":"2020-12-29T11:44:55","guid":{"rendered":"https:\/\/www.amanprana.eu\/product\/%product_category%\/germen-de-trigo\/"},"modified":"2022-08-17T10:38:16","modified_gmt":"2022-08-17T08:38:16","slug":"germen-de-trigo","status":"publish","type":"product","link":"https:\/\/www.amanprana.eu\/es\/producto\/alimento\/germen-de-trigo\/","title":{"rendered":"Germen de trigo"},"template":"","tags":[2243,2244,2246,2245,2247,2242],"product_category":[1613],"class_list":["post-60592","product","type-product","status-publish","hentry","tag-germen-de-trigo","tag-germenes-de-espelta","tag-nutrientes","tag-omega-es","tag-proteina","tag-antioxidantes","product_category-alimento","no-post-thumbnail"],"acf":[],"yoast_head":"<!-- This site is optimized with the Yoast SEO plugin v24.7 - https:\/\/yoast.com\/wordpress\/plugins\/seo\/ -->\n<title>\u00bfQu\u00e9 es el germen de trigo y qu\u00e9 hace que nuestro tan bueno?<\/title>\n<meta name=\"description\" content=\"El germen de trigo es la esencia del grano de trigo. Es un dep\u00f3sito de fibras, vitaminas, minerales, prote\u00ednas, omega y muchos m\u00e1s nutrientes buenos.\" \/>\n<meta name=\"robots\" content=\"index, follow, max-snippet:-1, max-image-preview:large, max-video-preview:-1\" \/>\n<link rel=\"canonical\" href=\"https:\/\/www.amanprana.eu\/es\/producto\/alimento\/germen-de-trigo\/\" \/>\n<meta property=\"og:locale\" content=\"es_ES\" \/>\n<meta property=\"og:type\" content=\"article\" \/>\n<meta property=\"og:title\" content=\"\u00bfQu\u00e9 es el germen de trigo y qu\u00e9 hace que nuestro tan bueno?\" \/>\n<meta property=\"og:description\" content=\"El germen de trigo es la esencia del grano de trigo. Es un dep\u00f3sito de fibras, vitaminas, minerales, prote\u00ednas, omega y muchos m\u00e1s nutrientes buenos.\" \/>\n<meta property=\"og:url\" content=\"https:\/\/www.amanprana.eu\/es\/producto\/alimento\/germen-de-trigo\/\" \/>\n<meta property=\"og:site_name\" content=\"Amanprana\" \/>\n<meta property=\"article:publisher\" content=\"https:\/\/www.facebook.com\/Amanpranaproducts\/\" \/>\n<meta property=\"article:modified_time\" content=\"2022-08-17T08:38:16+00:00\" \/>\n<meta property=\"og:image\" content=\"https:\/\/www.amanprana.eu\/wp-content\/uploads\/hires-amanprana-logo.jpg\" \/>\n\t<meta property=\"og:image:width\" content=\"2362\" \/>\n\t<meta property=\"og:image:height\" content=\"2362\" \/>\n\t<meta property=\"og:image:type\" content=\"image\/jpeg\" \/>\n<meta name=\"twitter:card\" content=\"summary_large_image\" \/>\n<script type=\"application\/ld+json\" class=\"yoast-schema-graph\">{\"@context\":\"https:\/\/schema.org\",\"@graph\":[{\"@type\":\"WebPage\",\"@id\":\"https:\/\/www.amanprana.eu\/es\/producto\/alimento\/germen-de-trigo\/\",\"url\":\"https:\/\/www.amanprana.eu\/es\/producto\/alimento\/germen-de-trigo\/\",\"name\":\"\u00bfQu\u00e9 es el germen de trigo y qu\u00e9 hace que nuestro tan bueno?\",\"isPartOf\":{\"@id\":\"https:\/\/www.amanprana.eu\/es\/#website\"},\"datePublished\":\"2020-12-29T11:44:55+00:00\",\"dateModified\":\"2022-08-17T08:38:16+00:00\",\"description\":\"El germen de trigo es la esencia del grano de trigo. Es un dep\u00f3sito de fibras, vitaminas, minerales, prote\u00ednas, omega y muchos m\u00e1s nutrientes buenos.\",\"breadcrumb\":{\"@id\":\"https:\/\/www.amanprana.eu\/es\/producto\/alimento\/germen-de-trigo\/#breadcrumb\"},\"inLanguage\":\"es\",\"potentialAction\":[{\"@type\":\"ReadAction\",\"target\":[\"https:\/\/www.amanprana.eu\/es\/producto\/alimento\/germen-de-trigo\/\"]}]},{\"@type\":\"BreadcrumbList\",\"@id\":\"https:\/\/www.amanprana.eu\/es\/producto\/alimento\/germen-de-trigo\/#breadcrumb\",\"itemListElement\":[{\"@type\":\"ListItem\",\"position\":1,\"name\":\"Amanprana.eu\",\"item\":\"https:\/\/www.amanprana.eu\/es\/\"},{\"@type\":\"ListItem\",\"position\":2,\"name\":\"Alimento\",\"item\":\"https:\/\/www.amanprana.eu\/es\/productos\/alimento\/\"},{\"@type\":\"ListItem\",\"position\":3,\"name\":\"Germen de trigo\"}]},{\"@type\":\"WebSite\",\"@id\":\"https:\/\/www.amanprana.eu\/es\/#website\",\"url\":\"https:\/\/www.amanprana.eu\/es\/\",\"name\":\"Amanprana\",\"description\":\"Serene levenskracht\",\"publisher\":{\"@id\":\"https:\/\/www.amanprana.eu\/es\/#organization\"},\"potentialAction\":[{\"@type\":\"SearchAction\",\"target\":{\"@type\":\"EntryPoint\",\"urlTemplate\":\"https:\/\/www.amanprana.eu\/es\/?s={search_term_string}\"},\"query-input\":{\"@type\":\"PropertyValueSpecification\",\"valueRequired\":true,\"valueName\":\"search_term_string\"}}],\"inLanguage\":\"es\"},{\"@type\":\"Organization\",\"@id\":\"https:\/\/www.amanprana.eu\/es\/#organization\",\"name\":\"Amanprana\",\"url\":\"https:\/\/www.amanprana.eu\/es\/\",\"logo\":{\"@type\":\"ImageObject\",\"inLanguage\":\"es\",\"@id\":\"https:\/\/www.amanprana.eu\/es\/#\/schema\/logo\/image\/\",\"url\":\"https:\/\/www.amanprana.eu\/wp-content\/uploads\/webres-amanprana-logo.jpg\",\"contentUrl\":\"https:\/\/www.amanprana.eu\/wp-content\/uploads\/webres-amanprana-logo.jpg\",\"width\":300,\"height\":300,\"caption\":\"Amanprana\"},\"image\":{\"@id\":\"https:\/\/www.amanprana.eu\/es\/#\/schema\/logo\/image\/\"},\"sameAs\":[\"https:\/\/www.facebook.com\/Amanpranaproducts\/\",\"https:\/\/www.instagram.com\/amanprana\/\",\"https:\/\/nl.pinterest.com\/amanprana\/pins\/\"]}]}<\/script>\n<!-- \/ Yoast SEO plugin. -->","yoast_head_json":{"title":"\u00bfQu\u00e9 es el germen de trigo y qu\u00e9 hace que nuestro tan bueno?","description":"El germen de trigo es la esencia del grano de trigo. Es un dep\u00f3sito de fibras, vitaminas, minerales, prote\u00ednas, omega y muchos m\u00e1s nutrientes buenos.","robots":{"index":"index","follow":"follow","max-snippet":"max-snippet:-1","max-image-preview":"max-image-preview:large","max-video-preview":"max-video-preview:-1"},"canonical":"https:\/\/www.amanprana.eu\/es\/producto\/alimento\/germen-de-trigo\/","og_locale":"es_ES","og_type":"article","og_title":"\u00bfQu\u00e9 es el germen de trigo y qu\u00e9 hace que nuestro tan bueno?","og_description":"El germen de trigo es la esencia del grano de trigo. Es un dep\u00f3sito de fibras, vitaminas, minerales, prote\u00ednas, omega y muchos m\u00e1s nutrientes buenos.","og_url":"https:\/\/www.amanprana.eu\/es\/producto\/alimento\/germen-de-trigo\/","og_site_name":"Amanprana","article_publisher":"https:\/\/www.facebook.com\/Amanpranaproducts\/","article_modified_time":"2022-08-17T08:38:16+00:00","og_image":[{"width":2362,"height":2362,"url":"https:\/\/www.amanprana.eu\/wp-content\/uploads\/hires-amanprana-logo.jpg","type":"image\/jpeg"}],"twitter_card":"summary_large_image","schema":{"@context":"https:\/\/schema.org","@graph":[{"@type":"WebPage","@id":"https:\/\/www.amanprana.eu\/es\/producto\/alimento\/germen-de-trigo\/","url":"https:\/\/www.amanprana.eu\/es\/producto\/alimento\/germen-de-trigo\/","name":"\u00bfQu\u00e9 es el germen de trigo y qu\u00e9 hace que nuestro tan bueno?","isPartOf":{"@id":"https:\/\/www.amanprana.eu\/es\/#website"},"datePublished":"2020-12-29T11:44:55+00:00","dateModified":"2022-08-17T08:38:16+00:00","description":"El germen de trigo es la esencia del grano de trigo. Es un dep\u00f3sito de fibras, vitaminas, minerales, prote\u00ednas, omega y muchos m\u00e1s nutrientes buenos.","breadcrumb":{"@id":"https:\/\/www.amanprana.eu\/es\/producto\/alimento\/germen-de-trigo\/#breadcrumb"},"inLanguage":"es","potentialAction":[{"@type":"ReadAction","target":["https:\/\/www.amanprana.eu\/es\/producto\/alimento\/germen-de-trigo\/"]}]},{"@type":"BreadcrumbList","@id":"https:\/\/www.amanprana.eu\/es\/producto\/alimento\/germen-de-trigo\/#breadcrumb","itemListElement":[{"@type":"ListItem","position":1,"name":"Amanprana.eu","item":"https:\/\/www.amanprana.eu\/es\/"},{"@type":"ListItem","position":2,"name":"Alimento","item":"https:\/\/www.amanprana.eu\/es\/productos\/alimento\/"},{"@type":"ListItem","position":3,"name":"Germen de trigo"}]},{"@type":"WebSite","@id":"https:\/\/www.amanprana.eu\/es\/#website","url":"https:\/\/www.amanprana.eu\/es\/","name":"Amanprana","description":"Serene levenskracht","publisher":{"@id":"https:\/\/www.amanprana.eu\/es\/#organization"},"potentialAction":[{"@type":"SearchAction","target":{"@type":"EntryPoint","urlTemplate":"https:\/\/www.amanprana.eu\/es\/?s={search_term_string}"},"query-input":{"@type":"PropertyValueSpecification","valueRequired":true,"valueName":"search_term_string"}}],"inLanguage":"es"},{"@type":"Organization","@id":"https:\/\/www.amanprana.eu\/es\/#organization","name":"Amanprana","url":"https:\/\/www.amanprana.eu\/es\/","logo":{"@type":"ImageObject","inLanguage":"es","@id":"https:\/\/www.amanprana.eu\/es\/#\/schema\/logo\/image\/","url":"https:\/\/www.amanprana.eu\/wp-content\/uploads\/webres-amanprana-logo.jpg","contentUrl":"https:\/\/www.amanprana.eu\/wp-content\/uploads\/webres-amanprana-logo.jpg","width":300,"height":300,"caption":"Amanprana"},"image":{"@id":"https:\/\/www.amanprana.eu\/es\/#\/schema\/logo\/image\/"},"sameAs":["https:\/\/www.facebook.com\/Amanpranaproducts\/","https:\/\/www.instagram.com\/amanprana\/","https:\/\/nl.pinterest.com\/amanprana\/pins\/"]}]}},"multi-rating":{"mr_rating_results":[]},"_links":{"self":[{"href":"https:\/\/www.amanprana.eu\/es\/wp-json\/wp\/v2\/product\/60592","targetHints":{"allow":["GET"]}}],"collection":[{"href":"https:\/\/www.amanprana.eu\/es\/wp-json\/wp\/v2\/product"}],"about":[{"href":"https:\/\/www.amanprana.eu\/es\/wp-json\/wp\/v2\/types\/product"}],"wp:attachment":[{"href":"https:\/\/www.amanprana.eu\/es\/wp-json\/wp\/v2\/media?parent=60592"}],"wp:term":[{"taxonomy":"post_tag","embeddable":true,"href":"https:\/\/www.amanprana.eu\/es\/wp-json\/wp\/v2\/tags?post=60592"},{"taxonomy":"product_category","embeddable":true,"href":"https:\/\/www.amanprana.eu\/es\/wp-json\/wp\/v2\/product_category?post=60592"}],"curies":[{"name":"wp","href":"https:\/\/api.w.org\/{rel}","templated":true}]}}