

{"id":60600,"date":"2020-12-29T13:37:26","date_gmt":"2020-12-29T12:37:26","guid":{"rendered":"https:\/\/www.amanprana.eu\/product\/%product_category%\/harina-de-coco\/"},"modified":"2022-08-05T11:41:26","modified_gmt":"2022-08-05T09:41:26","slug":"harina-de-coco","status":"publish","type":"product","link":"https:\/\/www.amanprana.eu\/es\/producto\/alimento\/harina-de-coco\/","title":{"rendered":"Harina de coco"},"template":"","tags":[],"product_category":[1613],"class_list":["post-60600","product","type-product","status-publish","hentry","product_category-alimento","no-post-thumbnail"],"acf":[],"yoast_head":"<!-- This site is optimized with the Yoast SEO plugin v24.7 - https:\/\/yoast.com\/wordpress\/plugins\/seo\/ -->\n<title>La harina de coco Amanprana es una fuente org\u00e1nica de prote\u00ednas.<\/title>\n<meta name=\"description\" content=\"La harina de coco org\u00e1nica de Amanprana es una fuente de prote\u00ednas sin gluten y perfectamente adecuada como sustituto vegano de la harina para hornear.\" \/>\n<meta name=\"robots\" content=\"index, follow, max-snippet:-1, max-image-preview:large, max-video-preview:-1\" \/>\n<link rel=\"canonical\" href=\"https:\/\/www.amanprana.eu\/es\/producto\/alimento\/harina-de-coco\/\" \/>\n<meta property=\"og:locale\" content=\"es_ES\" \/>\n<meta property=\"og:type\" content=\"article\" \/>\n<meta property=\"og:title\" content=\"La harina de coco Amanprana es una fuente org\u00e1nica de prote\u00ednas.\" \/>\n<meta property=\"og:description\" content=\"La harina de coco org\u00e1nica de Amanprana es una fuente de prote\u00ednas sin gluten y perfectamente adecuada como sustituto vegano de la harina para hornear.\" \/>\n<meta property=\"og:url\" content=\"https:\/\/www.amanprana.eu\/es\/producto\/alimento\/harina-de-coco\/\" \/>\n<meta property=\"og:site_name\" content=\"Amanprana\" \/>\n<meta property=\"article:publisher\" content=\"https:\/\/www.facebook.com\/Amanpranaproducts\/\" \/>\n<meta property=\"article:modified_time\" content=\"2022-08-05T09:41:26+00:00\" \/>\n<meta property=\"og:image\" content=\"https:\/\/www.amanprana.eu\/wp-content\/uploads\/hires-amanprana-logo.jpg\" \/>\n\t<meta property=\"og:image:width\" content=\"2362\" \/>\n\t<meta property=\"og:image:height\" content=\"2362\" \/>\n\t<meta property=\"og:image:type\" content=\"image\/jpeg\" \/>\n<meta name=\"twitter:card\" content=\"summary_large_image\" \/>\n<script type=\"application\/ld+json\" class=\"yoast-schema-graph\">{\"@context\":\"https:\/\/schema.org\",\"@graph\":[{\"@type\":\"WebPage\",\"@id\":\"https:\/\/www.amanprana.eu\/es\/producto\/alimento\/harina-de-coco\/\",\"url\":\"https:\/\/www.amanprana.eu\/es\/producto\/alimento\/harina-de-coco\/\",\"name\":\"La harina de coco Amanprana es una fuente org\u00e1nica de prote\u00ednas.\",\"isPartOf\":{\"@id\":\"https:\/\/www.amanprana.eu\/es\/#website\"},\"datePublished\":\"2020-12-29T12:37:26+00:00\",\"dateModified\":\"2022-08-05T09:41:26+00:00\",\"description\":\"La harina de coco org\u00e1nica de Amanprana es una fuente de prote\u00ednas sin gluten y perfectamente adecuada como sustituto vegano de la harina para hornear.\",\"breadcrumb\":{\"@id\":\"https:\/\/www.amanprana.eu\/es\/producto\/alimento\/harina-de-coco\/#breadcrumb\"},\"inLanguage\":\"es\",\"potentialAction\":[{\"@type\":\"ReadAction\",\"target\":[\"https:\/\/www.amanprana.eu\/es\/producto\/alimento\/harina-de-coco\/\"]}]},{\"@type\":\"BreadcrumbList\",\"@id\":\"https:\/\/www.amanprana.eu\/es\/producto\/alimento\/harina-de-coco\/#breadcrumb\",\"itemListElement\":[{\"@type\":\"ListItem\",\"position\":1,\"name\":\"Amanprana.eu\",\"item\":\"https:\/\/www.amanprana.eu\/es\/\"},{\"@type\":\"ListItem\",\"position\":2,\"name\":\"Alimento\",\"item\":\"https:\/\/www.amanprana.eu\/es\/productos\/alimento\/\"},{\"@type\":\"ListItem\",\"position\":3,\"name\":\"Harina de coco\"}]},{\"@type\":\"WebSite\",\"@id\":\"https:\/\/www.amanprana.eu\/es\/#website\",\"url\":\"https:\/\/www.amanprana.eu\/es\/\",\"name\":\"Amanprana\",\"description\":\"Serene levenskracht\",\"publisher\":{\"@id\":\"https:\/\/www.amanprana.eu\/es\/#organization\"},\"potentialAction\":[{\"@type\":\"SearchAction\",\"target\":{\"@type\":\"EntryPoint\",\"urlTemplate\":\"https:\/\/www.amanprana.eu\/es\/?s={search_term_string}\"},\"query-input\":{\"@type\":\"PropertyValueSpecification\",\"valueRequired\":true,\"valueName\":\"search_term_string\"}}],\"inLanguage\":\"es\"},{\"@type\":\"Organization\",\"@id\":\"https:\/\/www.amanprana.eu\/es\/#organization\",\"name\":\"Amanprana\",\"url\":\"https:\/\/www.amanprana.eu\/es\/\",\"logo\":{\"@type\":\"ImageObject\",\"inLanguage\":\"es\",\"@id\":\"https:\/\/www.amanprana.eu\/es\/#\/schema\/logo\/image\/\",\"url\":\"https:\/\/www.amanprana.eu\/wp-content\/uploads\/webres-amanprana-logo.jpg\",\"contentUrl\":\"https:\/\/www.amanprana.eu\/wp-content\/uploads\/webres-amanprana-logo.jpg\",\"width\":300,\"height\":300,\"caption\":\"Amanprana\"},\"image\":{\"@id\":\"https:\/\/www.amanprana.eu\/es\/#\/schema\/logo\/image\/\"},\"sameAs\":[\"https:\/\/www.facebook.com\/Amanpranaproducts\/\",\"https:\/\/www.instagram.com\/amanprana\/\",\"https:\/\/nl.pinterest.com\/amanprana\/pins\/\"]}]}<\/script>\n<!-- \/ Yoast SEO plugin. -->","yoast_head_json":{"title":"La harina de coco Amanprana es una fuente org\u00e1nica de prote\u00ednas.","description":"La harina de coco org\u00e1nica de Amanprana es una fuente de prote\u00ednas sin gluten y perfectamente adecuada como sustituto vegano de la harina para hornear.","robots":{"index":"index","follow":"follow","max-snippet":"max-snippet:-1","max-image-preview":"max-image-preview:large","max-video-preview":"max-video-preview:-1"},"canonical":"https:\/\/www.amanprana.eu\/es\/producto\/alimento\/harina-de-coco\/","og_locale":"es_ES","og_type":"article","og_title":"La harina de coco Amanprana es una fuente org\u00e1nica de prote\u00ednas.","og_description":"La harina de coco org\u00e1nica de Amanprana es una fuente de prote\u00ednas sin gluten y perfectamente adecuada como sustituto vegano de la harina para hornear.","og_url":"https:\/\/www.amanprana.eu\/es\/producto\/alimento\/harina-de-coco\/","og_site_name":"Amanprana","article_publisher":"https:\/\/www.facebook.com\/Amanpranaproducts\/","article_modified_time":"2022-08-05T09:41:26+00:00","og_image":[{"width":2362,"height":2362,"url":"https:\/\/www.amanprana.eu\/wp-content\/uploads\/hires-amanprana-logo.jpg","type":"image\/jpeg"}],"twitter_card":"summary_large_image","schema":{"@context":"https:\/\/schema.org","@graph":[{"@type":"WebPage","@id":"https:\/\/www.amanprana.eu\/es\/producto\/alimento\/harina-de-coco\/","url":"https:\/\/www.amanprana.eu\/es\/producto\/alimento\/harina-de-coco\/","name":"La harina de coco Amanprana es una fuente org\u00e1nica de prote\u00ednas.","isPartOf":{"@id":"https:\/\/www.amanprana.eu\/es\/#website"},"datePublished":"2020-12-29T12:37:26+00:00","dateModified":"2022-08-05T09:41:26+00:00","description":"La harina de coco org\u00e1nica de Amanprana es una fuente de prote\u00ednas sin gluten y perfectamente adecuada como sustituto vegano de la harina para hornear.","breadcrumb":{"@id":"https:\/\/www.amanprana.eu\/es\/producto\/alimento\/harina-de-coco\/#breadcrumb"},"inLanguage":"es","potentialAction":[{"@type":"ReadAction","target":["https:\/\/www.amanprana.eu\/es\/producto\/alimento\/harina-de-coco\/"]}]},{"@type":"BreadcrumbList","@id":"https:\/\/www.amanprana.eu\/es\/producto\/alimento\/harina-de-coco\/#breadcrumb","itemListElement":[{"@type":"ListItem","position":1,"name":"Amanprana.eu","item":"https:\/\/www.amanprana.eu\/es\/"},{"@type":"ListItem","position":2,"name":"Alimento","item":"https:\/\/www.amanprana.eu\/es\/productos\/alimento\/"},{"@type":"ListItem","position":3,"name":"Harina de coco"}]},{"@type":"WebSite","@id":"https:\/\/www.amanprana.eu\/es\/#website","url":"https:\/\/www.amanprana.eu\/es\/","name":"Amanprana","description":"Serene levenskracht","publisher":{"@id":"https:\/\/www.amanprana.eu\/es\/#organization"},"potentialAction":[{"@type":"SearchAction","target":{"@type":"EntryPoint","urlTemplate":"https:\/\/www.amanprana.eu\/es\/?s={search_term_string}"},"query-input":{"@type":"PropertyValueSpecification","valueRequired":true,"valueName":"search_term_string"}}],"inLanguage":"es"},{"@type":"Organization","@id":"https:\/\/www.amanprana.eu\/es\/#organization","name":"Amanprana","url":"https:\/\/www.amanprana.eu\/es\/","logo":{"@type":"ImageObject","inLanguage":"es","@id":"https:\/\/www.amanprana.eu\/es\/#\/schema\/logo\/image\/","url":"https:\/\/www.amanprana.eu\/wp-content\/uploads\/webres-amanprana-logo.jpg","contentUrl":"https:\/\/www.amanprana.eu\/wp-content\/uploads\/webres-amanprana-logo.jpg","width":300,"height":300,"caption":"Amanprana"},"image":{"@id":"https:\/\/www.amanprana.eu\/es\/#\/schema\/logo\/image\/"},"sameAs":["https:\/\/www.facebook.com\/Amanpranaproducts\/","https:\/\/www.instagram.com\/amanprana\/","https:\/\/nl.pinterest.com\/amanprana\/pins\/"]}]}},"multi-rating":{"mr_rating_results":[]},"_links":{"self":[{"href":"https:\/\/www.amanprana.eu\/es\/wp-json\/wp\/v2\/product\/60600","targetHints":{"allow":["GET"]}}],"collection":[{"href":"https:\/\/www.amanprana.eu\/es\/wp-json\/wp\/v2\/product"}],"about":[{"href":"https:\/\/www.amanprana.eu\/es\/wp-json\/wp\/v2\/types\/product"}],"wp:attachment":[{"href":"https:\/\/www.amanprana.eu\/es\/wp-json\/wp\/v2\/media?parent=60600"}],"wp:term":[{"taxonomy":"post_tag","embeddable":true,"href":"https:\/\/www.amanprana.eu\/es\/wp-json\/wp\/v2\/tags?post=60600"},{"taxonomy":"product_category","embeddable":true,"href":"https:\/\/www.amanprana.eu\/es\/wp-json\/wp\/v2\/product_category?post=60600"}],"curies":[{"name":"wp","href":"https:\/\/api.w.org\/{rel}","templated":true}]}}