

{"id":61234,"date":"2021-01-05T10:34:49","date_gmt":"2021-01-05T09:34:49","guid":{"rendered":"https:\/\/www.amanprana.eu\/product\/%product_category%\/respira-libre\/"},"modified":"2022-01-31T11:57:07","modified_gmt":"2022-01-31T10:57:07","slug":"respira-libre","status":"publish","type":"product","link":"https:\/\/www.amanprana.eu\/es\/producto\/cuidado\/respira-libre\/","title":{"rendered":"Respira libre"},"template":"","tags":[1856,2190,2316],"product_category":[1618],"class_list":["post-61234","product","type-product","status-publish","hentry","tag-cuidado-organico","tag-remedio-natural","tag-respira-libre","product_category-cuidado","no-post-thumbnail"],"acf":[],"yoast_head":"<!-- This site is optimized with the Yoast SEO plugin v24.7 - https:\/\/yoast.com\/wordpress\/plugins\/seo\/ -->\n<title>Respira m\u00e1s libre con Rudolf! de Amanprana con ingredientes naturales<\/title>\n<meta name=\"description\" content=\"Rudolf! Tiene un efecto calmante en el tracto respiratorio y proporciona alivio para respirar m\u00e1s libremente y est\u00e1 formulado s\u00f3lo con ingredientes naturales y org\u00e1nicos. Rudolf! contiene 10 aceites esenciales.\" \/>\n<meta name=\"robots\" content=\"index, follow, max-snippet:-1, max-image-preview:large, max-video-preview:-1\" \/>\n<link rel=\"canonical\" href=\"https:\/\/www.amanprana.eu\/es\/producto\/cuidado\/respira-libre\/\" \/>\n<meta property=\"og:locale\" content=\"es_ES\" \/>\n<meta property=\"og:type\" content=\"article\" \/>\n<meta property=\"og:title\" content=\"Respira m\u00e1s libre con Rudolf! de Amanprana con ingredientes naturales\" \/>\n<meta property=\"og:description\" content=\"Rudolf! Tiene un efecto calmante en el tracto respiratorio y proporciona alivio para respirar m\u00e1s libremente y est\u00e1 formulado s\u00f3lo con ingredientes naturales y org\u00e1nicos. Rudolf! contiene 10 aceites esenciales.\" \/>\n<meta property=\"og:url\" content=\"https:\/\/www.amanprana.eu\/es\/producto\/cuidado\/respira-libre\/\" \/>\n<meta property=\"og:site_name\" content=\"Amanprana\" \/>\n<meta property=\"article:publisher\" content=\"https:\/\/www.facebook.com\/Amanpranaproducts\/\" \/>\n<meta property=\"article:modified_time\" content=\"2022-01-31T10:57:07+00:00\" \/>\n<meta property=\"og:image\" content=\"https:\/\/www.amanprana.eu\/wp-content\/uploads\/hires-amanprana-logo.jpg\" \/>\n\t<meta property=\"og:image:width\" content=\"2362\" \/>\n\t<meta property=\"og:image:height\" content=\"2362\" \/>\n\t<meta property=\"og:image:type\" content=\"image\/jpeg\" \/>\n<meta name=\"twitter:card\" content=\"summary_large_image\" \/>\n<script type=\"application\/ld+json\" class=\"yoast-schema-graph\">{\"@context\":\"https:\/\/schema.org\",\"@graph\":[{\"@type\":\"WebPage\",\"@id\":\"https:\/\/www.amanprana.eu\/es\/producto\/cuidado\/respira-libre\/\",\"url\":\"https:\/\/www.amanprana.eu\/es\/producto\/cuidado\/respira-libre\/\",\"name\":\"Respira m\u00e1s libre con Rudolf! de Amanprana con ingredientes naturales\",\"isPartOf\":{\"@id\":\"https:\/\/www.amanprana.eu\/es\/#website\"},\"datePublished\":\"2021-01-05T09:34:49+00:00\",\"dateModified\":\"2022-01-31T10:57:07+00:00\",\"description\":\"Rudolf! Tiene un efecto calmante en el tracto respiratorio y proporciona alivio para respirar m\u00e1s libremente y est\u00e1 formulado s\u00f3lo con ingredientes naturales y org\u00e1nicos. Rudolf! contiene 10 aceites esenciales.\",\"breadcrumb\":{\"@id\":\"https:\/\/www.amanprana.eu\/es\/producto\/cuidado\/respira-libre\/#breadcrumb\"},\"inLanguage\":\"es\",\"potentialAction\":[{\"@type\":\"ReadAction\",\"target\":[\"https:\/\/www.amanprana.eu\/es\/producto\/cuidado\/respira-libre\/\"]}]},{\"@type\":\"BreadcrumbList\",\"@id\":\"https:\/\/www.amanprana.eu\/es\/producto\/cuidado\/respira-libre\/#breadcrumb\",\"itemListElement\":[{\"@type\":\"ListItem\",\"position\":1,\"name\":\"Amanprana.eu\",\"item\":\"https:\/\/www.amanprana.eu\/es\/\"},{\"@type\":\"ListItem\",\"position\":2,\"name\":\"Cuidado\",\"item\":\"https:\/\/www.amanprana.eu\/es\/productos\/cuidado\/\"},{\"@type\":\"ListItem\",\"position\":3,\"name\":\"Respira libre\"}]},{\"@type\":\"WebSite\",\"@id\":\"https:\/\/www.amanprana.eu\/es\/#website\",\"url\":\"https:\/\/www.amanprana.eu\/es\/\",\"name\":\"Amanprana\",\"description\":\"Serene levenskracht\",\"publisher\":{\"@id\":\"https:\/\/www.amanprana.eu\/es\/#organization\"},\"potentialAction\":[{\"@type\":\"SearchAction\",\"target\":{\"@type\":\"EntryPoint\",\"urlTemplate\":\"https:\/\/www.amanprana.eu\/es\/?s={search_term_string}\"},\"query-input\":{\"@type\":\"PropertyValueSpecification\",\"valueRequired\":true,\"valueName\":\"search_term_string\"}}],\"inLanguage\":\"es\"},{\"@type\":\"Organization\",\"@id\":\"https:\/\/www.amanprana.eu\/es\/#organization\",\"name\":\"Amanprana\",\"url\":\"https:\/\/www.amanprana.eu\/es\/\",\"logo\":{\"@type\":\"ImageObject\",\"inLanguage\":\"es\",\"@id\":\"https:\/\/www.amanprana.eu\/es\/#\/schema\/logo\/image\/\",\"url\":\"https:\/\/www.amanprana.eu\/wp-content\/uploads\/webres-amanprana-logo.jpg\",\"contentUrl\":\"https:\/\/www.amanprana.eu\/wp-content\/uploads\/webres-amanprana-logo.jpg\",\"width\":300,\"height\":300,\"caption\":\"Amanprana\"},\"image\":{\"@id\":\"https:\/\/www.amanprana.eu\/es\/#\/schema\/logo\/image\/\"},\"sameAs\":[\"https:\/\/www.facebook.com\/Amanpranaproducts\/\",\"https:\/\/www.instagram.com\/amanprana\/\",\"https:\/\/nl.pinterest.com\/amanprana\/pins\/\"]}]}<\/script>\n<!-- \/ Yoast SEO plugin. -->","yoast_head_json":{"title":"Respira m\u00e1s libre con Rudolf! de Amanprana con ingredientes naturales","description":"Rudolf! Tiene un efecto calmante en el tracto respiratorio y proporciona alivio para respirar m\u00e1s libremente y est\u00e1 formulado s\u00f3lo con ingredientes naturales y org\u00e1nicos. Rudolf! contiene 10 aceites esenciales.","robots":{"index":"index","follow":"follow","max-snippet":"max-snippet:-1","max-image-preview":"max-image-preview:large","max-video-preview":"max-video-preview:-1"},"canonical":"https:\/\/www.amanprana.eu\/es\/producto\/cuidado\/respira-libre\/","og_locale":"es_ES","og_type":"article","og_title":"Respira m\u00e1s libre con Rudolf! de Amanprana con ingredientes naturales","og_description":"Rudolf! Tiene un efecto calmante en el tracto respiratorio y proporciona alivio para respirar m\u00e1s libremente y est\u00e1 formulado s\u00f3lo con ingredientes naturales y org\u00e1nicos. Rudolf! contiene 10 aceites esenciales.","og_url":"https:\/\/www.amanprana.eu\/es\/producto\/cuidado\/respira-libre\/","og_site_name":"Amanprana","article_publisher":"https:\/\/www.facebook.com\/Amanpranaproducts\/","article_modified_time":"2022-01-31T10:57:07+00:00","og_image":[{"width":2362,"height":2362,"url":"https:\/\/www.amanprana.eu\/wp-content\/uploads\/hires-amanprana-logo.jpg","type":"image\/jpeg"}],"twitter_card":"summary_large_image","schema":{"@context":"https:\/\/schema.org","@graph":[{"@type":"WebPage","@id":"https:\/\/www.amanprana.eu\/es\/producto\/cuidado\/respira-libre\/","url":"https:\/\/www.amanprana.eu\/es\/producto\/cuidado\/respira-libre\/","name":"Respira m\u00e1s libre con Rudolf! de Amanprana con ingredientes naturales","isPartOf":{"@id":"https:\/\/www.amanprana.eu\/es\/#website"},"datePublished":"2021-01-05T09:34:49+00:00","dateModified":"2022-01-31T10:57:07+00:00","description":"Rudolf! Tiene un efecto calmante en el tracto respiratorio y proporciona alivio para respirar m\u00e1s libremente y est\u00e1 formulado s\u00f3lo con ingredientes naturales y org\u00e1nicos. Rudolf! contiene 10 aceites esenciales.","breadcrumb":{"@id":"https:\/\/www.amanprana.eu\/es\/producto\/cuidado\/respira-libre\/#breadcrumb"},"inLanguage":"es","potentialAction":[{"@type":"ReadAction","target":["https:\/\/www.amanprana.eu\/es\/producto\/cuidado\/respira-libre\/"]}]},{"@type":"BreadcrumbList","@id":"https:\/\/www.amanprana.eu\/es\/producto\/cuidado\/respira-libre\/#breadcrumb","itemListElement":[{"@type":"ListItem","position":1,"name":"Amanprana.eu","item":"https:\/\/www.amanprana.eu\/es\/"},{"@type":"ListItem","position":2,"name":"Cuidado","item":"https:\/\/www.amanprana.eu\/es\/productos\/cuidado\/"},{"@type":"ListItem","position":3,"name":"Respira libre"}]},{"@type":"WebSite","@id":"https:\/\/www.amanprana.eu\/es\/#website","url":"https:\/\/www.amanprana.eu\/es\/","name":"Amanprana","description":"Serene levenskracht","publisher":{"@id":"https:\/\/www.amanprana.eu\/es\/#organization"},"potentialAction":[{"@type":"SearchAction","target":{"@type":"EntryPoint","urlTemplate":"https:\/\/www.amanprana.eu\/es\/?s={search_term_string}"},"query-input":{"@type":"PropertyValueSpecification","valueRequired":true,"valueName":"search_term_string"}}],"inLanguage":"es"},{"@type":"Organization","@id":"https:\/\/www.amanprana.eu\/es\/#organization","name":"Amanprana","url":"https:\/\/www.amanprana.eu\/es\/","logo":{"@type":"ImageObject","inLanguage":"es","@id":"https:\/\/www.amanprana.eu\/es\/#\/schema\/logo\/image\/","url":"https:\/\/www.amanprana.eu\/wp-content\/uploads\/webres-amanprana-logo.jpg","contentUrl":"https:\/\/www.amanprana.eu\/wp-content\/uploads\/webres-amanprana-logo.jpg","width":300,"height":300,"caption":"Amanprana"},"image":{"@id":"https:\/\/www.amanprana.eu\/es\/#\/schema\/logo\/image\/"},"sameAs":["https:\/\/www.facebook.com\/Amanpranaproducts\/","https:\/\/www.instagram.com\/amanprana\/","https:\/\/nl.pinterest.com\/amanprana\/pins\/"]}]}},"multi-rating":{"mr_rating_results":[]},"_links":{"self":[{"href":"https:\/\/www.amanprana.eu\/es\/wp-json\/wp\/v2\/product\/61234","targetHints":{"allow":["GET"]}}],"collection":[{"href":"https:\/\/www.amanprana.eu\/es\/wp-json\/wp\/v2\/product"}],"about":[{"href":"https:\/\/www.amanprana.eu\/es\/wp-json\/wp\/v2\/types\/product"}],"wp:attachment":[{"href":"https:\/\/www.amanprana.eu\/es\/wp-json\/wp\/v2\/media?parent=61234"}],"wp:term":[{"taxonomy":"post_tag","embeddable":true,"href":"https:\/\/www.amanprana.eu\/es\/wp-json\/wp\/v2\/tags?post=61234"},{"taxonomy":"product_category","embeddable":true,"href":"https:\/\/www.amanprana.eu\/es\/wp-json\/wp\/v2\/product_category?post=61234"}],"curies":[{"name":"wp","href":"https:\/\/api.w.org\/{rel}","templated":true}]}}