

{"id":119382,"date":"2025-01-21T11:45:28","date_gmt":"2025-01-21T10:45:28","guid":{"rendered":"https:\/\/www.amanprana.eu\/meilleure-huile-olive-biologique-amanprana-verde-salud-gagnante-avec-35-prix\/"},"modified":"2025-01-21T11:45:28","modified_gmt":"2025-01-21T10:45:28","slug":"meilleure-huile-olive-biologique-amanprana-verde-salud-gagnante-avec-35-prix","status":"publish","type":"page","link":"https:\/\/www.amanprana.eu\/fr\/meilleure-huile-olive-biologique-amanprana-verde-salud-gagnante-avec-35-prix\/","title":{"rendered":"Meilleure huile d&rsquo;olive biologique : Amanprana Verde Salud re\u00e7oit 35 prix"},"content":{"rendered":"<p>Chaque goutte d&rsquo;Amanprana Verde Salud raconte une histoire de tradition, de d\u00e9vouement et de qualit\u00e9 in\u00e9gal\u00e9e. Des oliviers centenaires aux sc\u00e8nes internationales prestigieuses, Verde Salud a montr\u00e9 au monde ce que repr\u00e9sente une v\u00e9ritable huile d&rsquo;olive extra vierge biologique. Cette huile d&rsquo;olive unique a remport\u00e9 un impressionnant total de <strong>35 r\u00e9compenses internationales<\/strong>, t\u00e9moignage de notre passion et de notre savoir-faire.<\/p>\n<p>Curieux de conna\u00eetre la liste impressionnante des distinctions ? D\u00e9couvrez les r\u00e9compenses qui ont fait de Verde Salud une ic\u00f4ne dans le monde de l&rsquo;huile d&rsquo;olive.<\/p>\n<hr>\n<h2>Points Forts de Nos R\u00e9alisations<\/h2>\n<ul>\n<li>\ud83e\udd47 <strong>M\u00e9daille d&rsquo;Or, Ecotrama Medalla Gran Oro (2019)<\/strong><\/li>\n<li>\ud83e\udd47 <strong>Prix Alcuza d&rsquo;Or (2025)<\/strong><\/li>\n<li>\ud83e\udd47 <strong>Prix Lechuza d&rsquo;Or (2024)<\/strong><\/li>\n<li>\ud83e\udd47 <strong>Prix EcoTrama : Meilleure Huile d&rsquo;Olive Extra Vierge Biologique de Petits Producteurs (2022)<\/strong><\/li>\n<li>\ud83e\udd48 <strong>M\u00e9daille d&rsquo;Argent, XV Concours International d&rsquo;Huile d&rsquo;Olive Extra Vierge Biologique (2016)<\/strong><\/li>\n<\/ul>\n<hr>\n<h2>Liste Compl\u00e8te des R\u00e9compenses par Ann\u00e9e<\/h2>\n<h3>2025<\/h3>\n<ul>\n<li>\ud83e\udd47 Prix Alcuza d&rsquo;Or<\/li>\n<\/ul>\n<h3>2024<\/h3>\n<ul>\n<li>\ud83e\udd47 Prix Lechuza d&rsquo;Or<\/li>\n<li>\ud83e\udd47 Prix Alcuza d&rsquo;Or<\/li>\n<\/ul>\n<h3>2023<\/h3>\n<ul>\n<li>\ud83e\udd47 Prix Lechuza d&rsquo;Or<\/li>\n<li>\ud83e\udd47 Prix Alcuza d&rsquo;Or<\/li>\n<\/ul>\n<h3>2022<\/h3>\n<ul>\n<li>\ud83e\udd47 Prix EcoTrama (Meilleure Huile d&rsquo;Olive Extra Vierge Biologique de Petits Producteurs)<\/li>\n<li>\ud83e\udd47 Prix Lechuza d&rsquo;Or<\/li>\n<\/ul>\n<h3>2020-2021<\/h3>\n<ul>\n<li>\ud83e\udd47 Prix Lechuza d&rsquo;Or<\/li>\n<\/ul>\n<h3>2019<\/h3>\n<ul>\n<li>\ud83e\udd47 M\u00e9daille d&rsquo;Or, Ecotrama Medalla Gran Oro<\/li>\n<li>\ud83e\udd49 M\u00e9daille de Bronze, Premio Mezquita<\/li>\n<\/ul>\n<h3>2017<\/h3>\n<ul>\n<li>\ud83e\udd47 Prix Lechuza d&rsquo;Or<\/li>\n<\/ul>\n<h3>2016<\/h3>\n<ul>\n<li>\ud83e\udd48 Prix Lechuza d&rsquo;Argent<\/li>\n<li>\ud83e\udd48 M\u00e9daille d&rsquo;Argent, XV Concours International d&rsquo;Huile d&rsquo;Olive Extra Vierge Biologique<\/li>\n<\/ul>\n<h3>2015<\/h3>\n<ul>\n<li>\ud83e\udd47 Prix Alcuza d&rsquo;Or pour la Meilleure Huile avec Appellation d&rsquo;Origine Sierra M\u00e1gina<\/li>\n<li>\ud83e\udd47 M\u00e9daille d&rsquo;Or, XIV Concours International d&rsquo;Huile d&rsquo;Olive Extra Vierge Biologique<\/li>\n<\/ul>\n<h3>2014<\/h3>\n<ul>\n<li>\ud83e\udd47 Prix Lechuza d&rsquo;Or<\/li>\n<li>\ud83e\udd48 M\u00e9daille d&rsquo;Argent pour la Meilleure Huile Verte Biologique \u00e0 la XVI Fira Natura<\/li>\n<\/ul>\n<h3>2012<\/h3>\n<ul>\n<li>\ud83e\udd48 Prix Alcuza d&rsquo;Argent<\/li>\n<li>\ud83e\udd48 Prix Lechuza d&rsquo;Argent<\/li>\n<\/ul>\n<h3>2011<\/h3>\n<ul>\n<li>\ud83e\udd48 Prix Alcuza d&rsquo;Argent<\/li>\n<\/ul>\n<h3>2010<\/h3>\n<ul>\n<li>\ud83e\udd47 Prix Alcuza d&rsquo;Or<\/li>\n<li>\ud83e\udd48 Prix Lechuza d&rsquo;Argent<\/li>\n<\/ul>\n<h3>2009<\/h3>\n<ul>\n<li>Prix Preg\u00f3nero<\/li>\n<li>\ud83e\udd47 Prix Alcuza d&rsquo;Or<\/li>\n<\/ul>\n<h3>2008<\/h3>\n<ul>\n<li>\ud83e\udd47 Prix Lechuza d&rsquo;Or<\/li>\n<li>\ud83e\udd48 Prix Alcuza d&rsquo;Argent<\/li>\n<\/ul>\n<h3>2006<\/h3>\n<ul>\n<li>\ud83e\udd47 Prix Lechuza d&rsquo;Or<\/li>\n<li>Prix pour le D\u00e9veloppement Durable du Parc Naturel de la Sierra M\u00e1gina<\/li>\n<\/ul>\n<h3>2005<\/h3>\n<ul>\n<li>\ud83e\udd47 Prix Lechuza d&rsquo;Or<\/li>\n<li>\ud83e\udd47 Prix Alcuza d&rsquo;Or, VI Festival Mondial de l&rsquo;Olivier<\/li>\n<\/ul>\n<h3>2003<\/h3>\n<ul>\n<li>\ud83e\udd48 Prix Alcuza d&rsquo;Argent<\/li>\n<li>Reconnaissance par le Minist\u00e8re de l&rsquo;Agriculture<\/li>\n<\/ul>\n<h3>2001, 2002 et 2003<\/h3>\n<ul>\n<li>\ud83e\udd47 Prix Lechuza d&rsquo;Or<\/li>\n<\/ul>\n<hr>\n<h2>Exp\u00e9rimentez-le Vous-M\u00eame : Essayez Amanprana Verde Salud<\/h2>\n<p>Ces r\u00e9compenses confirment qu&rsquo;Amanprana Verde Salud est un choix exceptionnel pour tous ceux qui appr\u00e9cient l&rsquo;huile d&rsquo;olive extra vierge pure et biologique. Ajoutez cette huile extraordinaire \u00e0 votre cuisine et go\u00fbtez la diff\u00e9rence.<\/p>\n<p><a href=\"https:\/\/www.amanprana.eu\/fr\/produit\/alimentation\/huile-olive-verde-salud\/\" class=\"btn btn-primary\">Commandez Verde Salud Maintenant<\/a><\/p>\n","protected":false},"excerpt":{"rendered":"<p>Chaque goutte d&rsquo;Amanprana Verde Salud raconte une histoire de tradition, de d\u00e9vouement et de qualit\u00e9 in\u00e9gal\u00e9e. Des oliviers centenaires aux sc\u00e8nes internationales prestigieuses, Verde Salud a montr\u00e9 au monde ce &#8230;<\/p>\n","protected":false},"author":12,"featured_media":0,"parent":0,"menu_order":3,"comment_status":"closed","ping_status":"closed","template":"","meta":{"_acf_changed":false,"rating_form_position":"","rating_results_position":"","mr_structured_data_type":"","footnotes":""},"class_list":["post-119382","page","type-page","status-publish","hentry","no-post-thumbnail"],"acf":[],"yoast_head":"<!-- This site is optimized with the Yoast SEO plugin v24.7 - https:\/\/yoast.com\/wordpress\/plugins\/seo\/ -->\n<title>Meilleure huile d&#039;olive biologique : Amanprana Verde Salud re\u00e7oit 35 prix - Amanprana<\/title>\n<meta name=\"description\" content=\"D\u00e9couvrez pourquoi Amanprana Verde Salud, r\u00e9compens\u00e9e par 35 prix internationaux, est le meilleur choix d&#039;huile d&#039;olive extra vierge biologique. Commandez maintenant et go\u00fbtez la diff\u00e9rence !\" \/>\n<meta name=\"robots\" content=\"index, follow, max-snippet:-1, max-image-preview:large, max-video-preview:-1\" \/>\n<link rel=\"canonical\" href=\"https:\/\/www.amanprana.eu\/fr\/meilleure-huile-olive-biologique-amanprana-verde-salud-gagnante-avec-35-prix\/\" \/>\n<meta property=\"og:locale\" content=\"fr_FR\" \/>\n<meta property=\"og:type\" content=\"article\" \/>\n<meta property=\"og:title\" content=\"Meilleure huile d&#039;olive biologique : Amanprana Verde Salud re\u00e7oit 35 prix - Amanprana\" \/>\n<meta property=\"og:description\" content=\"D\u00e9couvrez pourquoi Amanprana Verde Salud, r\u00e9compens\u00e9e par 35 prix internationaux, est le meilleur choix d&#039;huile d&#039;olive extra vierge biologique. Commandez maintenant et go\u00fbtez la diff\u00e9rence !\" \/>\n<meta property=\"og:url\" content=\"https:\/\/www.amanprana.eu\/fr\/meilleure-huile-olive-biologique-amanprana-verde-salud-gagnante-avec-35-prix\/\" \/>\n<meta property=\"og:site_name\" content=\"Amanprana\" \/>\n<meta property=\"article:publisher\" content=\"https:\/\/www.facebook.com\/Amanpranaproducts\/\" \/>\n<meta property=\"og:image\" content=\"https:\/\/www.amanprana.eu\/wp-content\/uploads\/hires-amanprana-logo.jpg\" \/>\n\t<meta property=\"og:image:width\" content=\"2362\" \/>\n\t<meta property=\"og:image:height\" content=\"2362\" \/>\n\t<meta property=\"og:image:type\" content=\"image\/jpeg\" \/>\n<meta name=\"twitter:card\" content=\"summary_large_image\" \/>\n<meta name=\"twitter:label1\" content=\"Dur\u00e9e de lecture estim\u00e9e\" \/>\n\t<meta name=\"twitter:data1\" content=\"2 minutes\" \/>\n<script type=\"application\/ld+json\" class=\"yoast-schema-graph\">{\"@context\":\"https:\/\/schema.org\",\"@graph\":[{\"@type\":\"WebPage\",\"@id\":\"https:\/\/www.amanprana.eu\/fr\/meilleure-huile-olive-biologique-amanprana-verde-salud-gagnante-avec-35-prix\/\",\"url\":\"https:\/\/www.amanprana.eu\/fr\/meilleure-huile-olive-biologique-amanprana-verde-salud-gagnante-avec-35-prix\/\",\"name\":\"Meilleure huile d'olive biologique : Amanprana Verde Salud re\u00e7oit 35 prix - Amanprana\",\"isPartOf\":{\"@id\":\"https:\/\/www.amanprana.eu\/fr\/#website\"},\"datePublished\":\"2025-01-21T10:45:28+00:00\",\"description\":\"D\u00e9couvrez pourquoi Amanprana Verde Salud, r\u00e9compens\u00e9e par 35 prix internationaux, est le meilleur choix d'huile d'olive extra vierge biologique. Commandez maintenant et go\u00fbtez la diff\u00e9rence !\",\"breadcrumb\":{\"@id\":\"https:\/\/www.amanprana.eu\/fr\/meilleure-huile-olive-biologique-amanprana-verde-salud-gagnante-avec-35-prix\/#breadcrumb\"},\"inLanguage\":\"fr-FR\",\"potentialAction\":[{\"@type\":\"ReadAction\",\"target\":[\"https:\/\/www.amanprana.eu\/fr\/meilleure-huile-olive-biologique-amanprana-verde-salud-gagnante-avec-35-prix\/\"]}]},{\"@type\":\"BreadcrumbList\",\"@id\":\"https:\/\/www.amanprana.eu\/fr\/meilleure-huile-olive-biologique-amanprana-verde-salud-gagnante-avec-35-prix\/#breadcrumb\",\"itemListElement\":[{\"@type\":\"ListItem\",\"position\":1,\"name\":\"Amanprana.eu\",\"item\":\"https:\/\/www.amanprana.eu\/fr\/\"},{\"@type\":\"ListItem\",\"position\":2,\"name\":\"Meilleure huile d&#8217;olive biologique : Amanprana Verde Salud re\u00e7oit 35 prix\"}]},{\"@type\":\"WebSite\",\"@id\":\"https:\/\/www.amanprana.eu\/fr\/#website\",\"url\":\"https:\/\/www.amanprana.eu\/fr\/\",\"name\":\"Amanprana\",\"description\":\"Serene levenskracht\",\"publisher\":{\"@id\":\"https:\/\/www.amanprana.eu\/fr\/#organization\"},\"potentialAction\":[{\"@type\":\"SearchAction\",\"target\":{\"@type\":\"EntryPoint\",\"urlTemplate\":\"https:\/\/www.amanprana.eu\/fr\/?s={search_term_string}\"},\"query-input\":{\"@type\":\"PropertyValueSpecification\",\"valueRequired\":true,\"valueName\":\"search_term_string\"}}],\"inLanguage\":\"fr-FR\"},{\"@type\":\"Organization\",\"@id\":\"https:\/\/www.amanprana.eu\/fr\/#organization\",\"name\":\"Amanprana\",\"url\":\"https:\/\/www.amanprana.eu\/fr\/\",\"logo\":{\"@type\":\"ImageObject\",\"inLanguage\":\"fr-FR\",\"@id\":\"https:\/\/www.amanprana.eu\/fr\/#\/schema\/logo\/image\/\",\"url\":\"https:\/\/www.amanprana.eu\/wp-content\/uploads\/webres-amanprana-logo.jpg\",\"contentUrl\":\"https:\/\/www.amanprana.eu\/wp-content\/uploads\/webres-amanprana-logo.jpg\",\"width\":300,\"height\":300,\"caption\":\"Amanprana\"},\"image\":{\"@id\":\"https:\/\/www.amanprana.eu\/fr\/#\/schema\/logo\/image\/\"},\"sameAs\":[\"https:\/\/www.facebook.com\/Amanpranaproducts\/\",\"https:\/\/www.instagram.com\/amanprana\/\",\"https:\/\/nl.pinterest.com\/amanprana\/pins\/\"]}]}<\/script>\n<!-- \/ Yoast SEO plugin. -->","yoast_head_json":{"title":"Meilleure huile d'olive biologique : Amanprana Verde Salud re\u00e7oit 35 prix - Amanprana","description":"D\u00e9couvrez pourquoi Amanprana Verde Salud, r\u00e9compens\u00e9e par 35 prix internationaux, est le meilleur choix d'huile d'olive extra vierge biologique. Commandez maintenant et go\u00fbtez la diff\u00e9rence !","robots":{"index":"index","follow":"follow","max-snippet":"max-snippet:-1","max-image-preview":"max-image-preview:large","max-video-preview":"max-video-preview:-1"},"canonical":"https:\/\/www.amanprana.eu\/fr\/meilleure-huile-olive-biologique-amanprana-verde-salud-gagnante-avec-35-prix\/","og_locale":"fr_FR","og_type":"article","og_title":"Meilleure huile d'olive biologique : Amanprana Verde Salud re\u00e7oit 35 prix - Amanprana","og_description":"D\u00e9couvrez pourquoi Amanprana Verde Salud, r\u00e9compens\u00e9e par 35 prix internationaux, est le meilleur choix d'huile d'olive extra vierge biologique. Commandez maintenant et go\u00fbtez la diff\u00e9rence !","og_url":"https:\/\/www.amanprana.eu\/fr\/meilleure-huile-olive-biologique-amanprana-verde-salud-gagnante-avec-35-prix\/","og_site_name":"Amanprana","article_publisher":"https:\/\/www.facebook.com\/Amanpranaproducts\/","og_image":[{"width":2362,"height":2362,"url":"https:\/\/www.amanprana.eu\/wp-content\/uploads\/hires-amanprana-logo.jpg","type":"image\/jpeg"}],"twitter_card":"summary_large_image","twitter_misc":{"Dur\u00e9e de lecture estim\u00e9e":"2 minutes"},"schema":{"@context":"https:\/\/schema.org","@graph":[{"@type":"WebPage","@id":"https:\/\/www.amanprana.eu\/fr\/meilleure-huile-olive-biologique-amanprana-verde-salud-gagnante-avec-35-prix\/","url":"https:\/\/www.amanprana.eu\/fr\/meilleure-huile-olive-biologique-amanprana-verde-salud-gagnante-avec-35-prix\/","name":"Meilleure huile d'olive biologique : Amanprana Verde Salud re\u00e7oit 35 prix - Amanprana","isPartOf":{"@id":"https:\/\/www.amanprana.eu\/fr\/#website"},"datePublished":"2025-01-21T10:45:28+00:00","description":"D\u00e9couvrez pourquoi Amanprana Verde Salud, r\u00e9compens\u00e9e par 35 prix internationaux, est le meilleur choix d'huile d'olive extra vierge biologique. Commandez maintenant et go\u00fbtez la diff\u00e9rence !","breadcrumb":{"@id":"https:\/\/www.amanprana.eu\/fr\/meilleure-huile-olive-biologique-amanprana-verde-salud-gagnante-avec-35-prix\/#breadcrumb"},"inLanguage":"fr-FR","potentialAction":[{"@type":"ReadAction","target":["https:\/\/www.amanprana.eu\/fr\/meilleure-huile-olive-biologique-amanprana-verde-salud-gagnante-avec-35-prix\/"]}]},{"@type":"BreadcrumbList","@id":"https:\/\/www.amanprana.eu\/fr\/meilleure-huile-olive-biologique-amanprana-verde-salud-gagnante-avec-35-prix\/#breadcrumb","itemListElement":[{"@type":"ListItem","position":1,"name":"Amanprana.eu","item":"https:\/\/www.amanprana.eu\/fr\/"},{"@type":"ListItem","position":2,"name":"Meilleure huile d&#8217;olive biologique : Amanprana Verde Salud re\u00e7oit 35 prix"}]},{"@type":"WebSite","@id":"https:\/\/www.amanprana.eu\/fr\/#website","url":"https:\/\/www.amanprana.eu\/fr\/","name":"Amanprana","description":"Serene levenskracht","publisher":{"@id":"https:\/\/www.amanprana.eu\/fr\/#organization"},"potentialAction":[{"@type":"SearchAction","target":{"@type":"EntryPoint","urlTemplate":"https:\/\/www.amanprana.eu\/fr\/?s={search_term_string}"},"query-input":{"@type":"PropertyValueSpecification","valueRequired":true,"valueName":"search_term_string"}}],"inLanguage":"fr-FR"},{"@type":"Organization","@id":"https:\/\/www.amanprana.eu\/fr\/#organization","name":"Amanprana","url":"https:\/\/www.amanprana.eu\/fr\/","logo":{"@type":"ImageObject","inLanguage":"fr-FR","@id":"https:\/\/www.amanprana.eu\/fr\/#\/schema\/logo\/image\/","url":"https:\/\/www.amanprana.eu\/wp-content\/uploads\/webres-amanprana-logo.jpg","contentUrl":"https:\/\/www.amanprana.eu\/wp-content\/uploads\/webres-amanprana-logo.jpg","width":300,"height":300,"caption":"Amanprana"},"image":{"@id":"https:\/\/www.amanprana.eu\/fr\/#\/schema\/logo\/image\/"},"sameAs":["https:\/\/www.facebook.com\/Amanpranaproducts\/","https:\/\/www.instagram.com\/amanprana\/","https:\/\/nl.pinterest.com\/amanprana\/pins\/"]}]}},"multi-rating":{"mr_rating_results":[]},"_links":{"self":[{"href":"https:\/\/www.amanprana.eu\/fr\/wp-json\/wp\/v2\/pages\/119382","targetHints":{"allow":["GET"]}}],"collection":[{"href":"https:\/\/www.amanprana.eu\/fr\/wp-json\/wp\/v2\/pages"}],"about":[{"href":"https:\/\/www.amanprana.eu\/fr\/wp-json\/wp\/v2\/types\/page"}],"author":[{"embeddable":true,"href":"https:\/\/www.amanprana.eu\/fr\/wp-json\/wp\/v2\/users\/12"}],"replies":[{"embeddable":true,"href":"https:\/\/www.amanprana.eu\/fr\/wp-json\/wp\/v2\/comments?post=119382"}],"version-history":[{"count":0,"href":"https:\/\/www.amanprana.eu\/fr\/wp-json\/wp\/v2\/pages\/119382\/revisions"}],"wp:attachment":[{"href":"https:\/\/www.amanprana.eu\/fr\/wp-json\/wp\/v2\/media?parent=119382"}],"curies":[{"name":"wp","href":"https:\/\/api.w.org\/{rel}","templated":true}]}}