

{"id":28616,"date":"2018-06-14T14:08:27","date_gmt":"2018-06-14T12:08:27","guid":{"rendered":"https:\/\/www.amanprana.eu\/brochure-de-produit\/"},"modified":"2021-12-08T10:00:17","modified_gmt":"2021-12-08T09:00:17","slug":"brochure-de-produit","status":"publish","type":"page","link":"https:\/\/www.amanprana.eu\/fr\/brochure-de-produit\/","title":{"rendered":"Brochure de produit"},"content":{"rendered":"\n<p><a href=\"https:\/\/www.amanprana.eu\/wp-content\/uploads\/Brochure-2021-FR-2.pdf\" download=\"\"><img decoding=\"async\" class=\"wp-image-13082 size-medium\" src=\"https:\/\/www.amanprana.eu\/wp-content\/uploads\/\/Brochure-2021-front-NL-149x300.jpg\" alt=\"\" width=\"150\" height=\"300\"\/><\/a><br\/><a href=\"https:\/\/www.amanprana.eu\/wp-content\/uploads\/Brochure-2021-FR-2.pdf\" download=\"\">T\u00e9l\u00e9charger la plaquette 2022 <\/a><\/p>\n\n<p><a href=\"https:\/\/www.amanprana.eu\/wp-content\/uploads\/20180606-FR-Gammabrochure-2018-2019.pdf\" download=\"\"><img decoding=\"async\" class=\"wp-image-13082 size-medium\" src=\"https:\/\/www.amanprana.eu\/wp-content\/uploads\/\/gammabrochure-2018-2019-150x300.jpg\" alt=\"\" width=\"150\" height=\"300\"\/><\/a><br\/><a href=\"https:\/\/www.amanprana.eu\/wp-content\/uploads\/20180606-NL-Gammabrochure-2018-2019.pdf\" download=\"\">T\u00e9l\u00e9charger la brochure 2018-2019<\/a><\/p>\n\n<p><a href=\"https:\/\/www.amanprana.eu\/wp-content\/uploads\/Productfolder-NL.pdf\" download=\"\"><img decoding=\"async\" class=\"wp-image-13082 size-medium\" src=\"https:\/\/www.amanprana.eu\/wp-content\/uploads\/\/gammabrochure-2015-2016-150x300.jpg\" alt=\"\" width=\"150\" height=\"300\" srcset=\"https:\/\/www.amanprana.eu\/wp-content\/uploads\/2015-2016-150x300.jpg 150w, https:\/\/www.amanprana.eu\/wp-content\/uploads\/2015-2016-510x1024.jpg 510w, https:\/\/www.amanprana.eu\/wp-content\/uploads\/2015-2016-100x201.jpg 100w, https:\/\/www.amanprana.eu\/wp-content\/uploads\/2015-2016.jpg 756w\" sizes=\"(max-width: 150px) 100vw, 150px\" \/><\/a><br\/><a href=\"https:\/\/www.amanprana.eu\/wp-content\/uploads\/Productfolder-NL.pdf\" download=\"\">T\u00e9l\u00e9charger la brochure 2015-2016<\/a><\/p>\n","protected":false},"excerpt":{"rendered":"<p>T\u00e9l\u00e9charger la plaquette 2022 T\u00e9l\u00e9charger la brochure 2018-2019 T\u00e9l\u00e9charger la brochure 2015-2016<\/p>\n","protected":false},"author":9,"featured_media":0,"parent":0,"menu_order":93,"comment_status":"closed","ping_status":"closed","template":"","meta":{"_acf_changed":false,"rating_form_position":"","rating_results_position":"","mr_structured_data_type":"","footnotes":""},"class_list":["post-28616","page","type-page","status-publish","hentry","no-post-thumbnail"],"acf":[],"yoast_head":"<!-- This site is optimized with the Yoast SEO plugin v24.7 - https:\/\/yoast.com\/wordpress\/plugins\/seo\/ -->\n<title>T\u00e9l\u00e9chargez la brochure produit Amanprana sur cette page<\/title>\n<meta name=\"description\" content=\"Vous souhaitez lire notre brochure produit ? T\u00e9l\u00e9chargez-le au format PDF \u00e0 partir de cette page pour le consulter en ligne.\" \/>\n<meta name=\"robots\" content=\"index, follow, max-snippet:-1, max-image-preview:large, max-video-preview:-1\" \/>\n<link rel=\"canonical\" href=\"https:\/\/www.amanprana.eu\/fr\/brochure-de-produit\/\" \/>\n<meta property=\"og:locale\" content=\"fr_FR\" \/>\n<meta property=\"og:type\" content=\"article\" \/>\n<meta property=\"og:title\" content=\"T\u00e9l\u00e9chargez la brochure produit Amanprana sur cette page\" \/>\n<meta property=\"og:description\" content=\"Vous souhaitez lire notre brochure produit ? T\u00e9l\u00e9chargez-le au format PDF \u00e0 partir de cette page pour le consulter en ligne.\" \/>\n<meta property=\"og:url\" content=\"https:\/\/www.amanprana.eu\/fr\/brochure-de-produit\/\" \/>\n<meta property=\"og:site_name\" content=\"Amanprana\" \/>\n<meta property=\"article:publisher\" content=\"https:\/\/www.facebook.com\/Amanpranaproducts\/\" \/>\n<meta property=\"article:modified_time\" content=\"2021-12-08T09:00:17+00:00\" \/>\n<meta property=\"og:image\" content=\"https:\/\/www.amanprana.eu\/wp-content\/uploads\/\/Brochure-2021-front-NL-149x300.jpg\" \/>\n<meta name=\"twitter:card\" content=\"summary_large_image\" \/>\n<meta name=\"twitter:label1\" content=\"Dur\u00e9e de lecture estim\u00e9e\" \/>\n\t<meta name=\"twitter:data1\" content=\"1 minute\" \/>\n<script type=\"application\/ld+json\" class=\"yoast-schema-graph\">{\"@context\":\"https:\/\/schema.org\",\"@graph\":[{\"@type\":\"WebPage\",\"@id\":\"https:\/\/www.amanprana.eu\/fr\/brochure-de-produit\/\",\"url\":\"https:\/\/www.amanprana.eu\/fr\/brochure-de-produit\/\",\"name\":\"T\u00e9l\u00e9chargez la brochure produit Amanprana sur cette page\",\"isPartOf\":{\"@id\":\"https:\/\/www.amanprana.eu\/fr\/#website\"},\"primaryImageOfPage\":{\"@id\":\"https:\/\/www.amanprana.eu\/fr\/brochure-de-produit\/#primaryimage\"},\"image\":{\"@id\":\"https:\/\/www.amanprana.eu\/fr\/brochure-de-produit\/#primaryimage\"},\"thumbnailUrl\":\"https:\/\/www.amanprana.eu\/wp-content\/uploads\/\/Brochure-2021-front-NL-149x300.jpg\",\"datePublished\":\"2018-06-14T12:08:27+00:00\",\"dateModified\":\"2021-12-08T09:00:17+00:00\",\"description\":\"Vous souhaitez lire notre brochure produit ? T\u00e9l\u00e9chargez-le au format PDF \u00e0 partir de cette page pour le consulter en ligne.\",\"breadcrumb\":{\"@id\":\"https:\/\/www.amanprana.eu\/fr\/brochure-de-produit\/#breadcrumb\"},\"inLanguage\":\"fr-FR\",\"potentialAction\":[{\"@type\":\"ReadAction\",\"target\":[\"https:\/\/www.amanprana.eu\/fr\/brochure-de-produit\/\"]}]},{\"@type\":\"ImageObject\",\"inLanguage\":\"fr-FR\",\"@id\":\"https:\/\/www.amanprana.eu\/fr\/brochure-de-produit\/#primaryimage\",\"url\":\"https:\/\/www.amanprana.eu\/wp-content\/uploads\/\/Brochure-2021-front-NL-149x300.jpg\",\"contentUrl\":\"https:\/\/www.amanprana.eu\/wp-content\/uploads\/\/Brochure-2021-front-NL-149x300.jpg\"},{\"@type\":\"BreadcrumbList\",\"@id\":\"https:\/\/www.amanprana.eu\/fr\/brochure-de-produit\/#breadcrumb\",\"itemListElement\":[{\"@type\":\"ListItem\",\"position\":1,\"name\":\"Amanprana.eu\",\"item\":\"https:\/\/www.amanprana.eu\/fr\/\"},{\"@type\":\"ListItem\",\"position\":2,\"name\":\"Brochure de produit\"}]},{\"@type\":\"WebSite\",\"@id\":\"https:\/\/www.amanprana.eu\/fr\/#website\",\"url\":\"https:\/\/www.amanprana.eu\/fr\/\",\"name\":\"Amanprana\",\"description\":\"Serene levenskracht\",\"publisher\":{\"@id\":\"https:\/\/www.amanprana.eu\/fr\/#organization\"},\"potentialAction\":[{\"@type\":\"SearchAction\",\"target\":{\"@type\":\"EntryPoint\",\"urlTemplate\":\"https:\/\/www.amanprana.eu\/fr\/?s={search_term_string}\"},\"query-input\":{\"@type\":\"PropertyValueSpecification\",\"valueRequired\":true,\"valueName\":\"search_term_string\"}}],\"inLanguage\":\"fr-FR\"},{\"@type\":\"Organization\",\"@id\":\"https:\/\/www.amanprana.eu\/fr\/#organization\",\"name\":\"Amanprana\",\"url\":\"https:\/\/www.amanprana.eu\/fr\/\",\"logo\":{\"@type\":\"ImageObject\",\"inLanguage\":\"fr-FR\",\"@id\":\"https:\/\/www.amanprana.eu\/fr\/#\/schema\/logo\/image\/\",\"url\":\"https:\/\/www.amanprana.eu\/wp-content\/uploads\/webres-amanprana-logo.jpg\",\"contentUrl\":\"https:\/\/www.amanprana.eu\/wp-content\/uploads\/webres-amanprana-logo.jpg\",\"width\":300,\"height\":300,\"caption\":\"Amanprana\"},\"image\":{\"@id\":\"https:\/\/www.amanprana.eu\/fr\/#\/schema\/logo\/image\/\"},\"sameAs\":[\"https:\/\/www.facebook.com\/Amanpranaproducts\/\",\"https:\/\/www.instagram.com\/amanprana\/\",\"https:\/\/nl.pinterest.com\/amanprana\/pins\/\"]}]}<\/script>\n<!-- \/ Yoast SEO plugin. -->","yoast_head_json":{"title":"T\u00e9l\u00e9chargez la brochure produit Amanprana sur cette page","description":"Vous souhaitez lire notre brochure produit ? T\u00e9l\u00e9chargez-le au format PDF \u00e0 partir de cette page pour le consulter en ligne.","robots":{"index":"index","follow":"follow","max-snippet":"max-snippet:-1","max-image-preview":"max-image-preview:large","max-video-preview":"max-video-preview:-1"},"canonical":"https:\/\/www.amanprana.eu\/fr\/brochure-de-produit\/","og_locale":"fr_FR","og_type":"article","og_title":"T\u00e9l\u00e9chargez la brochure produit Amanprana sur cette page","og_description":"Vous souhaitez lire notre brochure produit ? T\u00e9l\u00e9chargez-le au format PDF \u00e0 partir de cette page pour le consulter en ligne.","og_url":"https:\/\/www.amanprana.eu\/fr\/brochure-de-produit\/","og_site_name":"Amanprana","article_publisher":"https:\/\/www.facebook.com\/Amanpranaproducts\/","article_modified_time":"2021-12-08T09:00:17+00:00","og_image":[{"url":"https:\/\/www.amanprana.eu\/wp-content\/uploads\/\/Brochure-2021-front-NL-149x300.jpg","type":"","width":"","height":""}],"twitter_card":"summary_large_image","twitter_misc":{"Dur\u00e9e de lecture estim\u00e9e":"1 minute"},"schema":{"@context":"https:\/\/schema.org","@graph":[{"@type":"WebPage","@id":"https:\/\/www.amanprana.eu\/fr\/brochure-de-produit\/","url":"https:\/\/www.amanprana.eu\/fr\/brochure-de-produit\/","name":"T\u00e9l\u00e9chargez la brochure produit Amanprana sur cette page","isPartOf":{"@id":"https:\/\/www.amanprana.eu\/fr\/#website"},"primaryImageOfPage":{"@id":"https:\/\/www.amanprana.eu\/fr\/brochure-de-produit\/#primaryimage"},"image":{"@id":"https:\/\/www.amanprana.eu\/fr\/brochure-de-produit\/#primaryimage"},"thumbnailUrl":"https:\/\/www.amanprana.eu\/wp-content\/uploads\/\/Brochure-2021-front-NL-149x300.jpg","datePublished":"2018-06-14T12:08:27+00:00","dateModified":"2021-12-08T09:00:17+00:00","description":"Vous souhaitez lire notre brochure produit ? T\u00e9l\u00e9chargez-le au format PDF \u00e0 partir de cette page pour le consulter en ligne.","breadcrumb":{"@id":"https:\/\/www.amanprana.eu\/fr\/brochure-de-produit\/#breadcrumb"},"inLanguage":"fr-FR","potentialAction":[{"@type":"ReadAction","target":["https:\/\/www.amanprana.eu\/fr\/brochure-de-produit\/"]}]},{"@type":"ImageObject","inLanguage":"fr-FR","@id":"https:\/\/www.amanprana.eu\/fr\/brochure-de-produit\/#primaryimage","url":"https:\/\/www.amanprana.eu\/wp-content\/uploads\/\/Brochure-2021-front-NL-149x300.jpg","contentUrl":"https:\/\/www.amanprana.eu\/wp-content\/uploads\/\/Brochure-2021-front-NL-149x300.jpg"},{"@type":"BreadcrumbList","@id":"https:\/\/www.amanprana.eu\/fr\/brochure-de-produit\/#breadcrumb","itemListElement":[{"@type":"ListItem","position":1,"name":"Amanprana.eu","item":"https:\/\/www.amanprana.eu\/fr\/"},{"@type":"ListItem","position":2,"name":"Brochure de produit"}]},{"@type":"WebSite","@id":"https:\/\/www.amanprana.eu\/fr\/#website","url":"https:\/\/www.amanprana.eu\/fr\/","name":"Amanprana","description":"Serene levenskracht","publisher":{"@id":"https:\/\/www.amanprana.eu\/fr\/#organization"},"potentialAction":[{"@type":"SearchAction","target":{"@type":"EntryPoint","urlTemplate":"https:\/\/www.amanprana.eu\/fr\/?s={search_term_string}"},"query-input":{"@type":"PropertyValueSpecification","valueRequired":true,"valueName":"search_term_string"}}],"inLanguage":"fr-FR"},{"@type":"Organization","@id":"https:\/\/www.amanprana.eu\/fr\/#organization","name":"Amanprana","url":"https:\/\/www.amanprana.eu\/fr\/","logo":{"@type":"ImageObject","inLanguage":"fr-FR","@id":"https:\/\/www.amanprana.eu\/fr\/#\/schema\/logo\/image\/","url":"https:\/\/www.amanprana.eu\/wp-content\/uploads\/webres-amanprana-logo.jpg","contentUrl":"https:\/\/www.amanprana.eu\/wp-content\/uploads\/webres-amanprana-logo.jpg","width":300,"height":300,"caption":"Amanprana"},"image":{"@id":"https:\/\/www.amanprana.eu\/fr\/#\/schema\/logo\/image\/"},"sameAs":["https:\/\/www.facebook.com\/Amanpranaproducts\/","https:\/\/www.instagram.com\/amanprana\/","https:\/\/nl.pinterest.com\/amanprana\/pins\/"]}]}},"multi-rating":{"mr_rating_results":[]},"_links":{"self":[{"href":"https:\/\/www.amanprana.eu\/fr\/wp-json\/wp\/v2\/pages\/28616","targetHints":{"allow":["GET"]}}],"collection":[{"href":"https:\/\/www.amanprana.eu\/fr\/wp-json\/wp\/v2\/pages"}],"about":[{"href":"https:\/\/www.amanprana.eu\/fr\/wp-json\/wp\/v2\/types\/page"}],"author":[{"embeddable":true,"href":"https:\/\/www.amanprana.eu\/fr\/wp-json\/wp\/v2\/users\/9"}],"replies":[{"embeddable":true,"href":"https:\/\/www.amanprana.eu\/fr\/wp-json\/wp\/v2\/comments?post=28616"}],"version-history":[{"count":4,"href":"https:\/\/www.amanprana.eu\/fr\/wp-json\/wp\/v2\/pages\/28616\/revisions"}],"predecessor-version":[{"id":70529,"href":"https:\/\/www.amanprana.eu\/fr\/wp-json\/wp\/v2\/pages\/28616\/revisions\/70529"}],"wp:attachment":[{"href":"https:\/\/www.amanprana.eu\/fr\/wp-json\/wp\/v2\/media?parent=28616"}],"curies":[{"name":"wp","href":"https:\/\/api.w.org\/{rel}","templated":true}]}}