

{"id":28710,"date":"2018-06-20T17:46:41","date_gmt":"2018-06-20T15:46:41","guid":{"rendered":"https:\/\/www.amanprana.eu\/inscription-a-la-newsletter\/"},"modified":"2021-10-01T11:17:34","modified_gmt":"2021-10-01T09:17:34","slug":"inscription-a-la-newsletter","status":"publish","type":"page","link":"https:\/\/www.amanprana.eu\/fr\/inscription-a-la-newsletter\/","title":{"rendered":"Inscription \u00e0 la newsletter"},"content":{"rendered":"\n<p>Nous aimons surprendre nos clients avec des informations exclusives et les derni\u00e8res nouvelles. Ne manquez pas d\u2019articles de fond sur la nutrition comme la m\u00e9decine et les soins du corps naturel. La newsletter d\u2019Amanprana concerne votre sant\u00e9. Compl\u00e9t\u00e9 avec de d\u00e9licieuses recettes et des conseils utiles. Inscrivez-vous maintenant \u00e0 la newsletter Amanprana, nous vous tiendrons inform\u00e9s et vous ne manquerez plus rien.&#13;\n<\/p>\n\n<div class=\"wp-block-columns is-layout-flex wp-container-core-columns-is-layout-1 wp-block-columns-is-layout-flex\">\n<div class=\"wp-block-column is-layout-flow wp-block-column-is-layout-flow\">\n<h4 class=\"wp-block-heading\">Conseils exclusifs<\/h4>\n\n\n\n<p>Seulement pour les lecteurs de la newsletter<\/p>\n<\/div>\n\n\n\n<div class=\"wp-block-column is-layout-flow wp-block-column-is-layout-flow\">\n<h4 class=\"wp-block-heading\">Les derniers produits<\/h4>\n\n\n\n<p>Premier inform\u00e9<\/p>\n<\/div>\n\n\n\n<div class=\"wp-block-column is-layout-flow wp-block-column-is-layout-flow\">\n<h4 class=\"wp-block-heading\">Recettes d\u00e9licieuses<\/h4>\n\n\n\n<p>D\u00e9couvrez nos recommandations<\/p>\n<\/div>\n<\/div>\n\n<p><\/p>\n","protected":false},"excerpt":{"rendered":"<p>Nous aimons surprendre nos clients avec des informations exclusives et les derni\u00e8res nouvelles. Ne manquez pas d\u2019articles de fond sur la nutrition comme la m\u00e9decine et les soins du corps &#8230;<\/p>\n","protected":false},"author":9,"featured_media":0,"parent":0,"menu_order":76,"comment_status":"closed","ping_status":"closed","template":"","meta":{"_acf_changed":false,"rating_form_position":"","rating_results_position":"","mr_structured_data_type":"","footnotes":""},"class_list":["post-28710","page","type-page","status-publish","hentry","no-post-thumbnail"],"acf":[],"yoast_head":"<!-- This site is optimized with the Yoast SEO plugin v24.7 - https:\/\/yoast.com\/wordpress\/plugins\/seo\/ -->\n<title>Abonnez-vous \u00e0 la newsletter mensuelle d&#039;Amanprana<\/title>\n<meta name=\"description\" content=\"La newsletter Amanprana vous informe tous les mois sur la nutrition en tant que m\u00e9dicament et soin du corps naturel, avec des conseils utiles et des recettes saines et savoureuses\" \/>\n<meta name=\"robots\" content=\"index, follow, max-snippet:-1, max-image-preview:large, max-video-preview:-1\" \/>\n<link rel=\"canonical\" href=\"https:\/\/www.amanprana.eu\/fr\/inscription-a-la-newsletter\/\" \/>\n<meta property=\"og:locale\" content=\"fr_FR\" \/>\n<meta property=\"og:type\" content=\"article\" \/>\n<meta property=\"og:title\" content=\"Abonnez-vous \u00e0 la newsletter mensuelle d&#039;Amanprana\" \/>\n<meta property=\"og:description\" content=\"La newsletter Amanprana vous informe tous les mois sur la nutrition en tant que m\u00e9dicament et soin du corps naturel, avec des conseils utiles et des recettes saines et savoureuses\" \/>\n<meta property=\"og:url\" content=\"https:\/\/www.amanprana.eu\/fr\/inscription-a-la-newsletter\/\" \/>\n<meta property=\"og:site_name\" content=\"Amanprana\" \/>\n<meta property=\"article:publisher\" content=\"https:\/\/www.facebook.com\/Amanpranaproducts\/\" \/>\n<meta property=\"article:modified_time\" content=\"2021-10-01T09:17:34+00:00\" \/>\n<meta property=\"og:image\" content=\"https:\/\/www.amanprana.eu\/wp-content\/uploads\/hires-amanprana-logo.jpg\" \/>\n\t<meta property=\"og:image:width\" content=\"2362\" \/>\n\t<meta property=\"og:image:height\" content=\"2362\" \/>\n\t<meta property=\"og:image:type\" content=\"image\/jpeg\" \/>\n<meta name=\"twitter:card\" content=\"summary_large_image\" \/>\n<script type=\"application\/ld+json\" class=\"yoast-schema-graph\">{\"@context\":\"https:\/\/schema.org\",\"@graph\":[{\"@type\":\"WebPage\",\"@id\":\"https:\/\/www.amanprana.eu\/fr\/inscription-a-la-newsletter\/\",\"url\":\"https:\/\/www.amanprana.eu\/fr\/inscription-a-la-newsletter\/\",\"name\":\"Abonnez-vous \u00e0 la newsletter mensuelle d'Amanprana\",\"isPartOf\":{\"@id\":\"https:\/\/www.amanprana.eu\/fr\/#website\"},\"datePublished\":\"2018-06-20T15:46:41+00:00\",\"dateModified\":\"2021-10-01T09:17:34+00:00\",\"description\":\"La newsletter Amanprana vous informe tous les mois sur la nutrition en tant que m\u00e9dicament et soin du corps naturel, avec des conseils utiles et des recettes saines et savoureuses\",\"breadcrumb\":{\"@id\":\"https:\/\/www.amanprana.eu\/fr\/inscription-a-la-newsletter\/#breadcrumb\"},\"inLanguage\":\"fr-FR\",\"potentialAction\":[{\"@type\":\"ReadAction\",\"target\":[\"https:\/\/www.amanprana.eu\/fr\/inscription-a-la-newsletter\/\"]}]},{\"@type\":\"BreadcrumbList\",\"@id\":\"https:\/\/www.amanprana.eu\/fr\/inscription-a-la-newsletter\/#breadcrumb\",\"itemListElement\":[{\"@type\":\"ListItem\",\"position\":1,\"name\":\"Amanprana.eu\",\"item\":\"https:\/\/www.amanprana.eu\/fr\/\"},{\"@type\":\"ListItem\",\"position\":2,\"name\":\"Inscription \u00e0 la newsletter\"}]},{\"@type\":\"WebSite\",\"@id\":\"https:\/\/www.amanprana.eu\/fr\/#website\",\"url\":\"https:\/\/www.amanprana.eu\/fr\/\",\"name\":\"Amanprana\",\"description\":\"Serene levenskracht\",\"publisher\":{\"@id\":\"https:\/\/www.amanprana.eu\/fr\/#organization\"},\"potentialAction\":[{\"@type\":\"SearchAction\",\"target\":{\"@type\":\"EntryPoint\",\"urlTemplate\":\"https:\/\/www.amanprana.eu\/fr\/?s={search_term_string}\"},\"query-input\":{\"@type\":\"PropertyValueSpecification\",\"valueRequired\":true,\"valueName\":\"search_term_string\"}}],\"inLanguage\":\"fr-FR\"},{\"@type\":\"Organization\",\"@id\":\"https:\/\/www.amanprana.eu\/fr\/#organization\",\"name\":\"Amanprana\",\"url\":\"https:\/\/www.amanprana.eu\/fr\/\",\"logo\":{\"@type\":\"ImageObject\",\"inLanguage\":\"fr-FR\",\"@id\":\"https:\/\/www.amanprana.eu\/fr\/#\/schema\/logo\/image\/\",\"url\":\"https:\/\/www.amanprana.eu\/wp-content\/uploads\/webres-amanprana-logo.jpg\",\"contentUrl\":\"https:\/\/www.amanprana.eu\/wp-content\/uploads\/webres-amanprana-logo.jpg\",\"width\":300,\"height\":300,\"caption\":\"Amanprana\"},\"image\":{\"@id\":\"https:\/\/www.amanprana.eu\/fr\/#\/schema\/logo\/image\/\"},\"sameAs\":[\"https:\/\/www.facebook.com\/Amanpranaproducts\/\",\"https:\/\/www.instagram.com\/amanprana\/\",\"https:\/\/nl.pinterest.com\/amanprana\/pins\/\"]}]}<\/script>\n<!-- \/ Yoast SEO plugin. -->","yoast_head_json":{"title":"Abonnez-vous \u00e0 la newsletter mensuelle d'Amanprana","description":"La newsletter Amanprana vous informe tous les mois sur la nutrition en tant que m\u00e9dicament et soin du corps naturel, avec des conseils utiles et des recettes saines et savoureuses","robots":{"index":"index","follow":"follow","max-snippet":"max-snippet:-1","max-image-preview":"max-image-preview:large","max-video-preview":"max-video-preview:-1"},"canonical":"https:\/\/www.amanprana.eu\/fr\/inscription-a-la-newsletter\/","og_locale":"fr_FR","og_type":"article","og_title":"Abonnez-vous \u00e0 la newsletter mensuelle d'Amanprana","og_description":"La newsletter Amanprana vous informe tous les mois sur la nutrition en tant que m\u00e9dicament et soin du corps naturel, avec des conseils utiles et des recettes saines et savoureuses","og_url":"https:\/\/www.amanprana.eu\/fr\/inscription-a-la-newsletter\/","og_site_name":"Amanprana","article_publisher":"https:\/\/www.facebook.com\/Amanpranaproducts\/","article_modified_time":"2021-10-01T09:17:34+00:00","og_image":[{"width":2362,"height":2362,"url":"https:\/\/www.amanprana.eu\/wp-content\/uploads\/hires-amanprana-logo.jpg","type":"image\/jpeg"}],"twitter_card":"summary_large_image","schema":{"@context":"https:\/\/schema.org","@graph":[{"@type":"WebPage","@id":"https:\/\/www.amanprana.eu\/fr\/inscription-a-la-newsletter\/","url":"https:\/\/www.amanprana.eu\/fr\/inscription-a-la-newsletter\/","name":"Abonnez-vous \u00e0 la newsletter mensuelle d'Amanprana","isPartOf":{"@id":"https:\/\/www.amanprana.eu\/fr\/#website"},"datePublished":"2018-06-20T15:46:41+00:00","dateModified":"2021-10-01T09:17:34+00:00","description":"La newsletter Amanprana vous informe tous les mois sur la nutrition en tant que m\u00e9dicament et soin du corps naturel, avec des conseils utiles et des recettes saines et savoureuses","breadcrumb":{"@id":"https:\/\/www.amanprana.eu\/fr\/inscription-a-la-newsletter\/#breadcrumb"},"inLanguage":"fr-FR","potentialAction":[{"@type":"ReadAction","target":["https:\/\/www.amanprana.eu\/fr\/inscription-a-la-newsletter\/"]}]},{"@type":"BreadcrumbList","@id":"https:\/\/www.amanprana.eu\/fr\/inscription-a-la-newsletter\/#breadcrumb","itemListElement":[{"@type":"ListItem","position":1,"name":"Amanprana.eu","item":"https:\/\/www.amanprana.eu\/fr\/"},{"@type":"ListItem","position":2,"name":"Inscription \u00e0 la newsletter"}]},{"@type":"WebSite","@id":"https:\/\/www.amanprana.eu\/fr\/#website","url":"https:\/\/www.amanprana.eu\/fr\/","name":"Amanprana","description":"Serene levenskracht","publisher":{"@id":"https:\/\/www.amanprana.eu\/fr\/#organization"},"potentialAction":[{"@type":"SearchAction","target":{"@type":"EntryPoint","urlTemplate":"https:\/\/www.amanprana.eu\/fr\/?s={search_term_string}"},"query-input":{"@type":"PropertyValueSpecification","valueRequired":true,"valueName":"search_term_string"}}],"inLanguage":"fr-FR"},{"@type":"Organization","@id":"https:\/\/www.amanprana.eu\/fr\/#organization","name":"Amanprana","url":"https:\/\/www.amanprana.eu\/fr\/","logo":{"@type":"ImageObject","inLanguage":"fr-FR","@id":"https:\/\/www.amanprana.eu\/fr\/#\/schema\/logo\/image\/","url":"https:\/\/www.amanprana.eu\/wp-content\/uploads\/webres-amanprana-logo.jpg","contentUrl":"https:\/\/www.amanprana.eu\/wp-content\/uploads\/webres-amanprana-logo.jpg","width":300,"height":300,"caption":"Amanprana"},"image":{"@id":"https:\/\/www.amanprana.eu\/fr\/#\/schema\/logo\/image\/"},"sameAs":["https:\/\/www.facebook.com\/Amanpranaproducts\/","https:\/\/www.instagram.com\/amanprana\/","https:\/\/nl.pinterest.com\/amanprana\/pins\/"]}]}},"multi-rating":{"mr_rating_results":[]},"_links":{"self":[{"href":"https:\/\/www.amanprana.eu\/fr\/wp-json\/wp\/v2\/pages\/28710","targetHints":{"allow":["GET"]}}],"collection":[{"href":"https:\/\/www.amanprana.eu\/fr\/wp-json\/wp\/v2\/pages"}],"about":[{"href":"https:\/\/www.amanprana.eu\/fr\/wp-json\/wp\/v2\/types\/page"}],"author":[{"embeddable":true,"href":"https:\/\/www.amanprana.eu\/fr\/wp-json\/wp\/v2\/users\/9"}],"replies":[{"embeddable":true,"href":"https:\/\/www.amanprana.eu\/fr\/wp-json\/wp\/v2\/comments?post=28710"}],"version-history":[{"count":4,"href":"https:\/\/www.amanprana.eu\/fr\/wp-json\/wp\/v2\/pages\/28710\/revisions"}],"predecessor-version":[{"id":64218,"href":"https:\/\/www.amanprana.eu\/fr\/wp-json\/wp\/v2\/pages\/28710\/revisions\/64218"}],"wp:attachment":[{"href":"https:\/\/www.amanprana.eu\/fr\/wp-json\/wp\/v2\/media?parent=28710"}],"curies":[{"name":"wp","href":"https:\/\/api.w.org\/{rel}","templated":true}]}}