

{"id":31991,"date":"2018-08-30T11:01:26","date_gmt":"2018-08-30T09:01:26","guid":{"rendered":"https:\/\/www.amanprana.eu\/philosophie\/bureaux-durables-amanprana\/"},"modified":"2021-09-20T12:29:08","modified_gmt":"2021-09-20T10:29:08","slug":"bureaux-durables-amanprana","status":"publish","type":"page","link":"https:\/\/www.amanprana.eu\/fr\/philosophie\/bureaux-durables-amanprana\/","title":{"rendered":"Les bureaux de Amanprana"},"content":{"rendered":"\n<p>Maurice Le Clef, qui a assur\u00e9 le suivi du projet en est fier: \u00ab Chez Amanprana, nous nous effor\u00e7ons de vivre, de travailler et de produire de fa\u00e7on durable et \u00e9cologiquement responsable. Aussi, nous avons voulu construire et organiser notre nouvel environnement de travail conform\u00e9ment \u00e0 notre philosophie et cr\u00e9er un environnement de travail plus agr\u00e9able. \u00bb<\/p>\n\n<div class=\"wp-block-image wp-image-31994 size-medium\"><figure class=\"alignright\"><img decoding=\"async\" width=\"300\" height=\"193\" src=\"https:\/\/www.amanprana.eu\/wp-content\/uploads\/\/Duurzame_kantoren_Amanprana-300x193.jpg\" alt=\"Des bureaux durables pour Amanprana\" class=\"wp-image-31994\" srcset=\"https:\/\/www.amanprana.eu\/wp-content\/uploads\/Duurzame_kantoren_Amanprana-300x193.jpg 300w, https:\/\/www.amanprana.eu\/wp-content\/uploads\/Duurzame_kantoren_Amanprana-100x64.jpg 100w, https:\/\/www.amanprana.eu\/wp-content\/uploads\/Duurzame_kantoren_Amanprana.jpg 457w\" sizes=\"(max-width: 300px) 100vw, 300px\" \/><figcaption>Des bureaux durables pour Amanprana<\/figcaption><\/figure><\/div>\n\n<p>Pour la construction, seuls des mat\u00e9riaux durables et \u00e9cologiques ont \u00e9t\u00e9 utilis\u00e9s. Par exemple, le sol, les murs et le squelette sont en bois FSC durable. Beaucoup de lumi\u00e8re naturelle est mise \u00e0 profit et l\u2019\u00e9clairage artificiel est issu de la technologie LED \u00e0 100%. \u00abCette lumi\u00e8re est peu \u00e9nergivore et probablement la plus naturelle et la plus saine.\u00bb<\/p>\n\n<p>Pour la finition, seuls des peintures \u00e9cologiques \u00e0 base d\u2019eau et sans solvants ont \u00e9t\u00e9 utilis\u00e9es. Cons\u00e9quence: pas d\u2019odeurs et pas de fum\u00e9es toxiques. Le mobilier de bureau quant lui est fabriqu\u00e9 \u00e0 partir de teck recycl\u00e9.&#13;\n&#13;\n\u00abAmanprana propose une gamme de produits biologiques et \u00e9quitables certifi\u00e9s qui stimulent et renforcent une vitalit\u00e9 sereine sans porter atteinte aux r\u00e9serves de notre corps, ni de notre esprit. En bref, en douceur et sans exc\u00e8s.\u00bb<\/p>\n\n<h2 class=\"wp-block-heading\">Les bureaux de Amanprana aussi vont \u00e0 pr\u00e9sent fonctionner gr\u00e2ce \u00e0 des ressources fournies \u00e0 100% par l\u2019\u00e9nergie solaire et \u00e9olienne.<\/h2>\n\n<p>Le b\u00e2timent principal de Noble House \u00e0 Brasschaat est, \u00e0 partir du 08 ao\u00fbt 2014, enti\u00e8rement chauff\u00e9 et \u00e9clair\u00e9 \u00e0 l\u2019\u00e9nergie solaire et \u00e9olienne. L\u2019\u00e9clairage y fonctionnera principalement par LED, une \u00e9nergie renouvelable \u00e0 100%. Les bureaux d\u2019Amanprana seront fourni en \u00e9nergie verte par Eneco. Selon Greenpeace, Eneco est le meilleur \u00e9l\u00e8ve de la classe des fournisseurs d\u2019\u00e9nergie verte et fournit 100% d\u2019\u00e9nergie renouvelable produite \u00e0 100% par le vent et le soleil. Amanprana soutient l\u2019initiative du WWF de r\u00e9duire les \u00e9missions de CO2. Ensemble, nous choisissons une voie durable.&#13;\n&#13;\n<\/p>\n\n<h2 class=\"wp-block-heading\">Plus sur amanprana<\/h2>\n<style type=\"text\/css\">.eg-washington-element-3{text-shadow:2px 2px 4px #000000}a.eg-henryharrison-element-1,a.eg-henryharrison-element-2{-webkit-transition:all .4s linear;-moz-transition:all .4s linear;-o-transition:all .4s linear;-ms-transition:all .4s linear;transition:all .4s linear}.eg-jimmy-carter-element-11 i:before{margin-left:0px;margin-right:0px}.eg-harding-element-17{letter-spacing:1px}.eg-harding-wrapper .esg-entry-media{overflow:hidden;box-sizing:border-box;-webkit-box-sizing:border-box;-moz-box-sizing:border-box;padding:30px 30px 0px 30px}.eg-harding-wrapper .esg-media-poster{overflow:hidden;border-radius:50%;-webkit-border-radius:50%;-moz-border-radius:50%}.eg-ulysses-s-grant-wrapper .esg-entry-media{overflow:hidden;box-sizing:border-box;-webkit-box-sizing:border-box;-moz-box-sizing:border-box;padding:30px 30px 0px 30px}.eg-ulysses-s-grant-wrapper .esg-media-poster{overflow:hidden;border-radius:50%;-webkit-border-radius:50%;-moz-border-radius:50%}.eg-richard-nixon-wrapper .esg-entry-media{overflow:hidden;box-sizing:border-box;-webkit-box-sizing:border-box;-moz-box-sizing:border-box;padding:30px 30px 0px 30px}.eg-richard-nixon-wrapper .esg-media-poster{overflow:hidden;border-radius:50%;-webkit-border-radius:50%;-moz-border-radius:50%}.eg-herbert-hoover-wrapper .esg-media-poster{filter:url(\"data:image\/svg+xml;utf8,<svg xmlns='http:\/\/www.w3.org\/2000\/svg'><filter id='grayscale'><feColorMatrix type='matrix' values='0.3333 0.3333 0.3333 0 0 0.3333 0.3333 0.3333 0 0 0.3333 0.3333 0.3333 0 0 0 0 0 1 0'\/><\/filter><\/svg>#grayscale\");filter:gray;-webkit-filter:grayscale(100%)}.eg-herbert-hoover-wrapper:hover .esg-media-poster{filter:url(\"data:image\/svg+xml;utf8,<svg xmlns='http:\/\/www.w3.org\/2000\/svg'><filter id='grayscale'><feColorMatrix type='matrix' values='1 0 0 0 0,0 1 0 0 0,0 0 1 0 0,0 0 0 1 0'\/><\/filter><\/svg>#grayscale\");-webkit-filter:grayscale(0%)}.eg-lyndon-johnson-wrapper .esg-media-poster{filter:url(\"data:image\/svg+xml;utf8,<svg xmlns='http:\/\/www.w3.org\/2000\/svg'><filter id='grayscale'><feColorMatrix type='matrix' values='0.3333 0.3333 0.3333 0 0 0.3333 0.3333 0.3333 0 0 0.3333 0.3333 0.3333 0 0 0 0 0 1 0'\/><\/filter><\/svg>#grayscale\");filter:gray;-webkit-filter:grayscale(100%)}.eg-lyndon-johnson-wrapper:hover .esg-media-poster{filter:url(\"data:image\/svg+xml;utf8,<svg xmlns='http:\/\/www.w3.org\/2000\/svg'><filter id='grayscale'><feColorMatrix type='matrix' values='1 0 0 0 0,0 1 0 0 0,0 0 1 0 0,0 0 0 1 0'\/><\/filter><\/svg>#grayscale\");-webkit-filter:grayscale(0%)}.esg-overlay.eg-related-container {background:-moz-linear-gradient(top,rgba(116,97,88,0) 86%,rgba(116,97,88,0.83) 40%,rgba(116,97,88,0.85) 100%);background:-webkit-gradient(linear,left top,left bottom,color-stop(86%,rgba(116,97,88,0)),color-stop(40%,rgba(116,97,88,0.83)),color-stop(100%,rgba(116,97,88,0.85)));background:-webkit-linear-gradient(top,rgba(0,0,0,0) 86%,rgba(116,97,88,0.83) 40%,rgba(116,97,88,0.85) 100%);background:-o-linear-gradient(top,rgba(0,0,0,0) 86%,rgba(116,97,88,0.83) 40%,rgba(116,97,88,0.85) 100%);background:-ms-linear-gradient(top,rgba(0,0,0,0) 86%,rgba(116,97,88,0.83) 40%,rgba(116,97,88,0.85) 100%);background:linear-gradient(to bottom,rgba(0,0,0,0) 86%,rgba(116,97,88,0.74) 40%,rgba(116,97,88) 100%);filter:progid:DXImageTransform.Microsoft.gradient( startColorstr='#00000000',endColorstr='#d9000000',GradientType=0 )}.eg-georgebush-wrapper .esg-entry-cover {background:-moz-linear-gradient(top,rgba(0,0,0,0) 50%,rgba(0,0,0,0.83) 99%,rgba(0,0,0,0.85) 100%);background:-webkit-gradient(linear,left top,left bottom,color-stop(50%,rgba(0,0,0,0)),color-stop(99%,rgba(0,0,0,0.83)),color-stop(100%,rgba(0,0,0,0.85)));background:-webkit-linear-gradient(top,rgba(0,0,0,0) 50%,rgba(0,0,0,0.83) 99%,rgba(0,0,0,0.85) 100%);background:-o-linear-gradient(top,rgba(0,0,0,0) 50%,rgba(0,0,0,0.83) 99%,rgba(0,0,0,0.85) 100%);background:-ms-linear-gradient(top,rgba(0,0,0,0) 50%,rgba(0,0,0,0.83) 99%,rgba(0,0,0,0.85) 100%);background:linear-gradient(to bottom,rgba(0,0,0,0) 50%,rgba(0,0,0,0.83) 99%,rgba(0,0,0,0.85) 100%);filter:progid:DXImageTransform.Microsoft.gradient( startColorstr='#00000000',endColorstr='#d9000000',GradientType=0 )}.eg-jefferson-wrapper{-webkit-border-radius:5px !important;-moz-border-radius:5px !important;border-radius:5px !important;-webkit-mask-image:url(data:image\/png;base64,iVBORw0KGgoAAAANSUhEUgAAAAEAAAABCAIAAACQd1PeAAAAGXRFWHRTb2Z0d2FyZQBBZG9iZSBJbWFnZVJlYWR5ccllPAAAAA5JREFUeNpiYGBgAAgwAAAEAAGbA+oJAAAAAElFTkSuQmCC) !important}.eg-monroe-element-1{text-shadow:0px 1px 3px rgba(0,0,0,0.1)}.eg-lyndon-johnson-wrapper .esg-entry-cover{background:-moz-radial-gradient(center,ellipse cover,rgba(0,0,0,0.35) 0%,rgba(18,18,18,0) 96%,rgba(19,19,19,0) 100%);background:-webkit-gradient(radial,center center,0px,center center,100%,color-stop(0%,rgba(0,0,0,0.35)),color-stop(96%,rgba(18,18,18,0)),color-stop(100%,rgba(19,19,19,0)));background:-webkit-radial-gradient(center,ellipse cover,rgba(0,0,0,0.35) 0%,rgba(18,18,18,0) 96%,rgba(19,19,19,0) 100%);background:-o-radial-gradient(center,ellipse cover,rgba(0,0,0,0.35) 0%,rgba(18,18,18,0) 96%,rgba(19,19,19,0) 100%);background:-ms-radial-gradient(center,ellipse cover,rgba(0,0,0,0.35) 0%,rgba(18,18,18,0) 96%,rgba(19,19,19,0) 100%);background:radial-gradient(ellipse at center,rgba(0,0,0,0.35) 0%,rgba(18,18,18,0) 96%,rgba(19,19,19,0) 100%);filter:progid:DXImageTransform.Microsoft.gradient( startColorstr='#59000000',endColorstr='#00131313',GradientType=1 )}.eg-wilbert-wrapper .esg-entry-cover{background:-moz-radial-gradient(center,ellipse cover,rgba(0,0,0,0.35) 0%,rgba(18,18,18,0) 96%,rgba(19,19,19,0) 100%);background:-webkit-gradient(radial,center center,0px,center center,100%,color-stop(0%,rgba(0,0,0,0.35)),color-stop(96%,rgba(18,18,18,0)),color-stop(100%,rgba(19,19,19,0)));background:-webkit-radial-gradient(center,ellipse cover,rgba(0,0,0,0.35) 0%,rgba(18,18,18,0) 96%,rgba(19,19,19,0) 100%);background:-o-radial-gradient(center,ellipse cover,rgba(0,0,0,0.35) 0%,rgba(18,18,18,0) 96%,rgba(19,19,19,0) 100%);background:-ms-radial-gradient(center,ellipse cover,rgba(0,0,0,0.35) 0%,rgba(18,18,18,0) 96%,rgba(19,19,19,0) 100%);background:radial-gradient(ellipse at center,rgba(0,0,0,0.35) 0%,rgba(18,18,18,0) 96%,rgba(19,19,19,0) 100%);filter:progid:DXImageTransform.Microsoft.gradient( startColorstr='#59000000',endColorstr='#00131313',GradientType=1 )}.eg-wilbert-wrapper .esg-media-poster{-webkit-transition:0.4s ease-in-out;-moz-transition:0.4s ease-in-out;-o-transition:0.4s ease-in-out;transition:0.4s ease-in-out;filter:url(\"data:image\/svg+xml;utf8,<svg xmlns='http:\/\/www.w3.org\/2000\/svg'><filter id='grayscale'><feColorMatrix type='matrix' values='0.3333 0.3333 0.3333 0 0 0.3333 0.3333 0.3333 0 0 0.3333 0.3333 0.3333 0 0 0 0 0 1 0'\/><\/filter><\/svg>#grayscale\");filter:gray;-webkit-filter:grayscale(100%)}.eg-wilbert-wrapper:hover .esg-media-poster{filter:url(\"data:image\/svg+xml;utf8,<svg xmlns='http:\/\/www.w3.org\/2000\/svg'><filter id='grayscale'><feColorMatrix type='matrix' values='1 0 0 0 0,0 1 0 0 0,0 0 1 0 0,0 0 0 1 0'\/><\/filter><\/svg>#grayscale\");-webkit-filter:grayscale(0%)}.eg-phillie-element-3:after{content:\" \";width:0px;height:0px;border-style:solid;border-width:5px 5px 0 5px;border-color:#000 transparent transparent transparent;left:50%;margin-left:-5px;bottom:-5px;position:absolute}.eg-howardtaft-wrapper .esg-media-poster,.eg-howardtaft-wrapper .esg-media-poster{filter:url(\"data:image\/svg+xml;utf8,<svg xmlns='http:\/\/www.w3.org\/2000\/svg'><filter id='grayscale'><feColorMatrix type='matrix' values='1 0 0 0 0,0 1 0 0 0,0 0 1 0 0,0 0 0 1 0'\/><\/filter><\/svg>#grayscale\");-webkit-filter:grayscale(0%)}.eg-howardtaft-wrapper:hover .esg-media-poster,.eg-howardtaft-wrapper:hover .esg-media-poster{filter:url(\"data:image\/svg+xml;utf8,<svg xmlns='http:\/\/www.w3.org\/2000\/svg'><filter id='grayscale'><feColorMatrix type='matrix' values='0.3333 0.3333 0.3333 0 0 0.3333 0.3333 0.3333 0 0 0.3333 0.3333 0.3333 0 0 0 0 0 1 0'\/><\/filter><\/svg>#grayscale\");filter:gray;-webkit-filter:grayscale(100%)}.myportfolio-container .added_to_cart.wc-forward{font-family:\"Open Sans\";font-size:13px;color:#fff;margin-top:10px}.esgbox-title.esgbox-title-outside-wrap{font-size:15px;font-weight:700;text-align:center}.esgbox-title.esgbox-title-inside-wrap{padding-bottom:10px;font-size:15px;font-weight:700;text-align:center}.esg-content.eg-twitterstream-element-33-a{display:inline-block}.eg-twitterstream-element-35{word-break:break-all}.esg-overlay.eg-twitterstream-container {background:-moz-linear-gradient(top,rgba(0,0,0,0) 50%,rgba(0,0,0,0.83) 99%,rgba(0,0,0,0.85) 100%);background:-webkit-gradient(linear,left top,left bottom,color-stop(50%,rgba(0,0,0,0)),color-stop(99%,rgba(0,0,0,0.83)),color-stop(100%,rgba(0,0,0,0.85)));background:-webkit-linear-gradient(top,rgba(0,0,0,0) 50%,rgba(0,0,0,0.83) 99%,rgba(0,0,0,0.85) 100%);background:-o-linear-gradient(top,rgba(0,0,0,0) 50%,rgba(0,0,0,0.83) 99%,rgba(0,0,0,0.85) 100%);background:-ms-linear-gradient(top,rgba(0,0,0,0) 50%,rgba(0,0,0,0.83) 99%,rgba(0,0,0,0.85) 100%);background:linear-gradient(to bottom,rgba(0,0,0,0) 50%,rgba(0,0,0,0.83) 99%,rgba(0,0,0,0.85) 100%);filter:progid:DXImageTransform.Microsoft.gradient( startColorstr='#00000000',endColorstr='#d9000000',GradientType=0 )}.esg-content.eg-facebookstream-element-33-a{display:inline-block}.eg-facebookstream-element-0{word-break:break-all}.esg-overlay.eg-flickrstream-container {background:-moz-linear-gradient(top,rgba(0,0,0,0) 50%,rgba(0,0,0,0.83) 99%,rgba(0,0,0,0.85) 100%);background:-webkit-gradient(linear,left top,left bottom,color-stop(50%,rgba(0,0,0,0)),color-stop(99%,rgba(0,0,0,0.83)),color-stop(100%,rgba(0,0,0,0.85)));background:-webkit-linear-gradient(top,rgba(0,0,0,0) 50%,rgba(0,0,0,0.83) 99%,rgba(0,0,0,0.85) 100%);background:-o-linear-gradient(top,rgba(0,0,0,0) 50%,rgba(0,0,0,0.83) 99%,rgba(0,0,0,0.85) 100%);background:-ms-linear-gradient(top,rgba(0,0,0,0) 50%,rgba(0,0,0,0.83) 99%,rgba(0,0,0,0.85) 100%);background:linear-gradient(to bottom,rgba(0,0,0,0) 50%,rgba(0,0,0,0.83) 99%,rgba(0,0,0,0.85) 100%);filter:progid:DXImageTransform.Microsoft.gradient( startColorstr='#00000000',endColorstr='#d9000000',GradientType=0 )}<\/style>\n\n","protected":false},"excerpt":{"rendered":"<p>Maurice Le Clef, qui a assur\u00e9 le suivi du projet en est fier: \u00ab Chez Amanprana, nous nous effor\u00e7ons de vivre, de travailler et de produire de fa\u00e7on durable et &#8230;<\/p>\n","protected":false},"author":9,"featured_media":31992,"parent":31931,"menu_order":27,"comment_status":"closed","ping_status":"closed","template":"","meta":{"_acf_changed":false,"rating_form_position":"","rating_results_position":"","mr_structured_data_type":"","footnotes":""},"class_list":["post-31991","page","type-page","status-publish","has-post-thumbnail","hentry"],"acf":[],"yoast_head":"<!-- This site is optimized with the Yoast SEO plugin v24.7 - https:\/\/yoast.com\/wordpress\/plugins\/seo\/ -->\n<title>Vivre, travailler et produire de fa\u00e7on durable et \u00e9cologique.<\/title>\n<meta name=\"description\" content=\"Le b\u00e2timent principal de Noble House est, \u00e0 partir du 08 ao\u00fbt 2014, enti\u00e8rement chauff\u00e9 et \u00e9clair\u00e9 \u00e0 l&#039;\u00e9nergie solaire et \u00e9olienne.\" \/>\n<meta name=\"robots\" content=\"index, follow, max-snippet:-1, max-image-preview:large, max-video-preview:-1\" \/>\n<link rel=\"canonical\" href=\"https:\/\/www.amanprana.eu\/fr\/philosophie\/bureaux-durables-amanprana\/\" \/>\n<meta property=\"og:locale\" content=\"fr_FR\" \/>\n<meta property=\"og:type\" content=\"article\" \/>\n<meta property=\"og:title\" content=\"Vivre, travailler et produire de fa\u00e7on durable et \u00e9cologique.\" \/>\n<meta property=\"og:description\" content=\"Le b\u00e2timent principal de Noble House est, \u00e0 partir du 08 ao\u00fbt 2014, enti\u00e8rement chauff\u00e9 et \u00e9clair\u00e9 \u00e0 l&#039;\u00e9nergie solaire et \u00e9olienne.\" \/>\n<meta property=\"og:url\" content=\"https:\/\/www.amanprana.eu\/fr\/philosophie\/bureaux-durables-amanprana\/\" \/>\n<meta property=\"og:site_name\" content=\"Amanprana\" \/>\n<meta property=\"article:publisher\" content=\"https:\/\/www.facebook.com\/Amanpranaproducts\/\" \/>\n<meta property=\"article:modified_time\" content=\"2021-09-20T10:29:08+00:00\" \/>\n<meta property=\"og:image\" content=\"https:\/\/www.amanprana.eu\/wp-content\/uploads\/Duurzame_kantoren_Amanprana.jpg\" \/>\n\t<meta property=\"og:image:width\" content=\"457\" \/>\n\t<meta property=\"og:image:height\" content=\"294\" \/>\n\t<meta property=\"og:image:type\" content=\"image\/jpeg\" \/>\n<meta name=\"twitter:card\" content=\"summary_large_image\" \/>\n<meta name=\"twitter:label1\" content=\"Dur\u00e9e de lecture estim\u00e9e\" \/>\n\t<meta name=\"twitter:data1\" content=\"2 minutes\" \/>\n<script type=\"application\/ld+json\" class=\"yoast-schema-graph\">{\"@context\":\"https:\/\/schema.org\",\"@graph\":[{\"@type\":\"WebPage\",\"@id\":\"https:\/\/www.amanprana.eu\/fr\/philosophie\/bureaux-durables-amanprana\/\",\"url\":\"https:\/\/www.amanprana.eu\/fr\/philosophie\/bureaux-durables-amanprana\/\",\"name\":\"Vivre, travailler et produire de fa\u00e7on durable et \u00e9cologique.\",\"isPartOf\":{\"@id\":\"https:\/\/www.amanprana.eu\/fr\/#website\"},\"primaryImageOfPage\":{\"@id\":\"https:\/\/www.amanprana.eu\/fr\/philosophie\/bureaux-durables-amanprana\/#primaryimage\"},\"image\":{\"@id\":\"https:\/\/www.amanprana.eu\/fr\/philosophie\/bureaux-durables-amanprana\/#primaryimage\"},\"thumbnailUrl\":\"https:\/\/www.amanprana.eu\/wp-content\/uploads\/Duurzame_kantoren_Amanprana.jpg\",\"datePublished\":\"2018-08-30T09:01:26+00:00\",\"dateModified\":\"2021-09-20T10:29:08+00:00\",\"description\":\"Le b\u00e2timent principal de Noble House est, \u00e0 partir du 08 ao\u00fbt 2014, enti\u00e8rement chauff\u00e9 et \u00e9clair\u00e9 \u00e0 l'\u00e9nergie solaire et \u00e9olienne.\",\"breadcrumb\":{\"@id\":\"https:\/\/www.amanprana.eu\/fr\/philosophie\/bureaux-durables-amanprana\/#breadcrumb\"},\"inLanguage\":\"fr-FR\",\"potentialAction\":[{\"@type\":\"ReadAction\",\"target\":[\"https:\/\/www.amanprana.eu\/fr\/philosophie\/bureaux-durables-amanprana\/\"]}]},{\"@type\":\"ImageObject\",\"inLanguage\":\"fr-FR\",\"@id\":\"https:\/\/www.amanprana.eu\/fr\/philosophie\/bureaux-durables-amanprana\/#primaryimage\",\"url\":\"https:\/\/www.amanprana.eu\/wp-content\/uploads\/Duurzame_kantoren_Amanprana.jpg\",\"contentUrl\":\"https:\/\/www.amanprana.eu\/wp-content\/uploads\/Duurzame_kantoren_Amanprana.jpg\",\"width\":457,\"height\":294,\"caption\":\"Des bureaux durables pour Amanprana\"},{\"@type\":\"BreadcrumbList\",\"@id\":\"https:\/\/www.amanprana.eu\/fr\/philosophie\/bureaux-durables-amanprana\/#breadcrumb\",\"itemListElement\":[{\"@type\":\"ListItem\",\"position\":1,\"name\":\"Amanprana.eu\",\"item\":\"https:\/\/www.amanprana.eu\/fr\/\"},{\"@type\":\"ListItem\",\"position\":2,\"name\":\"Philosophie\",\"item\":\"https:\/\/www.amanprana.eu\/fr\/philosophie\/\"},{\"@type\":\"ListItem\",\"position\":3,\"name\":\"Les bureaux de Amanprana\"}]},{\"@type\":\"WebSite\",\"@id\":\"https:\/\/www.amanprana.eu\/fr\/#website\",\"url\":\"https:\/\/www.amanprana.eu\/fr\/\",\"name\":\"Amanprana\",\"description\":\"Serene levenskracht\",\"publisher\":{\"@id\":\"https:\/\/www.amanprana.eu\/fr\/#organization\"},\"potentialAction\":[{\"@type\":\"SearchAction\",\"target\":{\"@type\":\"EntryPoint\",\"urlTemplate\":\"https:\/\/www.amanprana.eu\/fr\/?s={search_term_string}\"},\"query-input\":{\"@type\":\"PropertyValueSpecification\",\"valueRequired\":true,\"valueName\":\"search_term_string\"}}],\"inLanguage\":\"fr-FR\"},{\"@type\":\"Organization\",\"@id\":\"https:\/\/www.amanprana.eu\/fr\/#organization\",\"name\":\"Amanprana\",\"url\":\"https:\/\/www.amanprana.eu\/fr\/\",\"logo\":{\"@type\":\"ImageObject\",\"inLanguage\":\"fr-FR\",\"@id\":\"https:\/\/www.amanprana.eu\/fr\/#\/schema\/logo\/image\/\",\"url\":\"https:\/\/www.amanprana.eu\/wp-content\/uploads\/webres-amanprana-logo.jpg\",\"contentUrl\":\"https:\/\/www.amanprana.eu\/wp-content\/uploads\/webres-amanprana-logo.jpg\",\"width\":300,\"height\":300,\"caption\":\"Amanprana\"},\"image\":{\"@id\":\"https:\/\/www.amanprana.eu\/fr\/#\/schema\/logo\/image\/\"},\"sameAs\":[\"https:\/\/www.facebook.com\/Amanpranaproducts\/\",\"https:\/\/www.instagram.com\/amanprana\/\",\"https:\/\/nl.pinterest.com\/amanprana\/pins\/\"]}]}<\/script>\n<!-- \/ Yoast SEO plugin. -->","yoast_head_json":{"title":"Vivre, travailler et produire de fa\u00e7on durable et \u00e9cologique.","description":"Le b\u00e2timent principal de Noble House est, \u00e0 partir du 08 ao\u00fbt 2014, enti\u00e8rement chauff\u00e9 et \u00e9clair\u00e9 \u00e0 l'\u00e9nergie solaire et \u00e9olienne.","robots":{"index":"index","follow":"follow","max-snippet":"max-snippet:-1","max-image-preview":"max-image-preview:large","max-video-preview":"max-video-preview:-1"},"canonical":"https:\/\/www.amanprana.eu\/fr\/philosophie\/bureaux-durables-amanprana\/","og_locale":"fr_FR","og_type":"article","og_title":"Vivre, travailler et produire de fa\u00e7on durable et \u00e9cologique.","og_description":"Le b\u00e2timent principal de Noble House est, \u00e0 partir du 08 ao\u00fbt 2014, enti\u00e8rement chauff\u00e9 et \u00e9clair\u00e9 \u00e0 l'\u00e9nergie solaire et \u00e9olienne.","og_url":"https:\/\/www.amanprana.eu\/fr\/philosophie\/bureaux-durables-amanprana\/","og_site_name":"Amanprana","article_publisher":"https:\/\/www.facebook.com\/Amanpranaproducts\/","article_modified_time":"2021-09-20T10:29:08+00:00","og_image":[{"width":457,"height":294,"url":"https:\/\/www.amanprana.eu\/wp-content\/uploads\/Duurzame_kantoren_Amanprana.jpg","type":"image\/jpeg"}],"twitter_card":"summary_large_image","twitter_misc":{"Dur\u00e9e de lecture estim\u00e9e":"2 minutes"},"schema":{"@context":"https:\/\/schema.org","@graph":[{"@type":"WebPage","@id":"https:\/\/www.amanprana.eu\/fr\/philosophie\/bureaux-durables-amanprana\/","url":"https:\/\/www.amanprana.eu\/fr\/philosophie\/bureaux-durables-amanprana\/","name":"Vivre, travailler et produire de fa\u00e7on durable et \u00e9cologique.","isPartOf":{"@id":"https:\/\/www.amanprana.eu\/fr\/#website"},"primaryImageOfPage":{"@id":"https:\/\/www.amanprana.eu\/fr\/philosophie\/bureaux-durables-amanprana\/#primaryimage"},"image":{"@id":"https:\/\/www.amanprana.eu\/fr\/philosophie\/bureaux-durables-amanprana\/#primaryimage"},"thumbnailUrl":"https:\/\/www.amanprana.eu\/wp-content\/uploads\/Duurzame_kantoren_Amanprana.jpg","datePublished":"2018-08-30T09:01:26+00:00","dateModified":"2021-09-20T10:29:08+00:00","description":"Le b\u00e2timent principal de Noble House est, \u00e0 partir du 08 ao\u00fbt 2014, enti\u00e8rement chauff\u00e9 et \u00e9clair\u00e9 \u00e0 l'\u00e9nergie solaire et \u00e9olienne.","breadcrumb":{"@id":"https:\/\/www.amanprana.eu\/fr\/philosophie\/bureaux-durables-amanprana\/#breadcrumb"},"inLanguage":"fr-FR","potentialAction":[{"@type":"ReadAction","target":["https:\/\/www.amanprana.eu\/fr\/philosophie\/bureaux-durables-amanprana\/"]}]},{"@type":"ImageObject","inLanguage":"fr-FR","@id":"https:\/\/www.amanprana.eu\/fr\/philosophie\/bureaux-durables-amanprana\/#primaryimage","url":"https:\/\/www.amanprana.eu\/wp-content\/uploads\/Duurzame_kantoren_Amanprana.jpg","contentUrl":"https:\/\/www.amanprana.eu\/wp-content\/uploads\/Duurzame_kantoren_Amanprana.jpg","width":457,"height":294,"caption":"Des bureaux durables pour Amanprana"},{"@type":"BreadcrumbList","@id":"https:\/\/www.amanprana.eu\/fr\/philosophie\/bureaux-durables-amanprana\/#breadcrumb","itemListElement":[{"@type":"ListItem","position":1,"name":"Amanprana.eu","item":"https:\/\/www.amanprana.eu\/fr\/"},{"@type":"ListItem","position":2,"name":"Philosophie","item":"https:\/\/www.amanprana.eu\/fr\/philosophie\/"},{"@type":"ListItem","position":3,"name":"Les bureaux de Amanprana"}]},{"@type":"WebSite","@id":"https:\/\/www.amanprana.eu\/fr\/#website","url":"https:\/\/www.amanprana.eu\/fr\/","name":"Amanprana","description":"Serene levenskracht","publisher":{"@id":"https:\/\/www.amanprana.eu\/fr\/#organization"},"potentialAction":[{"@type":"SearchAction","target":{"@type":"EntryPoint","urlTemplate":"https:\/\/www.amanprana.eu\/fr\/?s={search_term_string}"},"query-input":{"@type":"PropertyValueSpecification","valueRequired":true,"valueName":"search_term_string"}}],"inLanguage":"fr-FR"},{"@type":"Organization","@id":"https:\/\/www.amanprana.eu\/fr\/#organization","name":"Amanprana","url":"https:\/\/www.amanprana.eu\/fr\/","logo":{"@type":"ImageObject","inLanguage":"fr-FR","@id":"https:\/\/www.amanprana.eu\/fr\/#\/schema\/logo\/image\/","url":"https:\/\/www.amanprana.eu\/wp-content\/uploads\/webres-amanprana-logo.jpg","contentUrl":"https:\/\/www.amanprana.eu\/wp-content\/uploads\/webres-amanprana-logo.jpg","width":300,"height":300,"caption":"Amanprana"},"image":{"@id":"https:\/\/www.amanprana.eu\/fr\/#\/schema\/logo\/image\/"},"sameAs":["https:\/\/www.facebook.com\/Amanpranaproducts\/","https:\/\/www.instagram.com\/amanprana\/","https:\/\/nl.pinterest.com\/amanprana\/pins\/"]}]}},"multi-rating":{"mr_rating_results":[]},"_links":{"self":[{"href":"https:\/\/www.amanprana.eu\/fr\/wp-json\/wp\/v2\/pages\/31991","targetHints":{"allow":["GET"]}}],"collection":[{"href":"https:\/\/www.amanprana.eu\/fr\/wp-json\/wp\/v2\/pages"}],"about":[{"href":"https:\/\/www.amanprana.eu\/fr\/wp-json\/wp\/v2\/types\/page"}],"author":[{"embeddable":true,"href":"https:\/\/www.amanprana.eu\/fr\/wp-json\/wp\/v2\/users\/9"}],"replies":[{"embeddable":true,"href":"https:\/\/www.amanprana.eu\/fr\/wp-json\/wp\/v2\/comments?post=31991"}],"version-history":[{"count":4,"href":"https:\/\/www.amanprana.eu\/fr\/wp-json\/wp\/v2\/pages\/31991\/revisions"}],"predecessor-version":[{"id":63474,"href":"https:\/\/www.amanprana.eu\/fr\/wp-json\/wp\/v2\/pages\/31991\/revisions\/63474"}],"up":[{"embeddable":true,"href":"https:\/\/www.amanprana.eu\/fr\/wp-json\/wp\/v2\/pages\/31931"}],"wp:featuredmedia":[{"embeddable":true,"href":"https:\/\/www.amanprana.eu\/fr\/wp-json\/wp\/v2\/media\/31992"}],"wp:attachment":[{"href":"https:\/\/www.amanprana.eu\/fr\/wp-json\/wp\/v2\/media?parent=31991"}],"curies":[{"name":"wp","href":"https:\/\/api.w.org\/{rel}","templated":true}]}}