

{"id":40458,"date":"2018-06-06T15:58:56","date_gmt":"2018-06-06T13:58:56","guid":{"rendered":"https:\/\/www.amanprana.eu\/vacatures\/"},"modified":"2022-02-16T11:57:21","modified_gmt":"2022-02-16T10:57:21","slug":"offres-d-emploi","status":"publish","type":"page","link":"https:\/\/www.amanprana.eu\/fr\/offres-d-emploi\/","title":{"rendered":"Offres d&#8217;emploi"},"content":{"rendered":"\n<p>Amanprana appartient au groupe Noble-House nv. Noble-House est un producteur et distributeur belge de produits biologiques (superaliments) en Europe. Nous sommes une jeune entreprise \u00e9thique et \u00e9cologique qui se d\u00e9veloppe rapidement. Leader du march\u00e9 des superaliments et des soins du corps bio. 90% sont export\u00e9s en Europe. Notre devise est \u00ab La nutrition en tant que m\u00e9dicament \u00bb.&#13;\n&#13;\n<\/p>\n\n<h2 class=\"wp-block-heading\" id=\"openstaande-vacatures\">Postes vacants<\/h2>\n\n<div class=\"wp-block-buttons is-layout-flex wp-block-buttons-is-layout-flex\">\n<div class=\"wp-block-button\"><a class=\"wp-block-button__link has-background\" href=\"https:\/\/www.amanprana.eu\/wp-content\/uploads\/20200110-Vacature-operator-productiemedewerker.pdf\" style=\"background-color:#638c5f\" target=\"_blank\" rel=\"noreferrer noopener\">Employ\u00e9 de production op\u00e9rateur (h\/f)<\/a><\/div>\n<\/div>\n\n<br\/>\r\n\n<div class=\"wp-block-buttons is-layout-flex wp-block-buttons-is-layout-flex\">\n<div class=\"wp-block-button\"><a class=\"wp-block-button__link has-background\" href=\"https:\/\/www.amanprana.eu\/wp-content\/uploads\/jobstudent-en-flexi-jobber-gezocht.pdf\" style=\"background-color:#638c5f\" target=\"_blank\" rel=\"noreferrer noopener\">Job \u00e9tudiant et flexi-jobber recherch\u00e9 (h\/f)<\/a><\/div>\n<\/div>\n\n<br\/>\r\n\n<div class=\"wp-block-buttons is-layout-flex wp-block-buttons-is-layout-flex\">\n<div class=\"wp-block-button\"><a class=\"wp-block-button__link has-background\" href=\"https:\/\/www.amanprana.eu\/wp-content\/uploads\/Vacature-Boekhouder-Brasschaatse-film.pdf\" style=\"background-color:#638c5f\">Comptable (h\/f)<\/a><\/div>\n<\/div>\n\n<h2 class=\"wp-block-heading\" id=\"open-sollicitatie\">Application ouverte<\/h2>\n\n<p>Enthousiaste \u00e0 propos d\u2019Amanprana \/ Noble-House nv. pour commencer mais n\u2019y a-t-il pas de poste vacant?&#13;\nEnvoyez un courrier \u00e9lectronique \u00e0\u00a0<a href=\"mailto:chantal.voets@noble-house.tk\">chantal.voets@noble-house.tk<\/a>.<\/p>\n","protected":false},"excerpt":{"rendered":"<p>Amanprana appartient au groupe Noble-House nv. Noble-House est un producteur et distributeur belge de produits biologiques (superaliments) en Europe. Nous sommes une jeune entreprise \u00e9thique et \u00e9cologique qui se d\u00e9veloppe &#8230;<\/p>\n","protected":false},"author":9,"featured_media":0,"parent":0,"menu_order":107,"comment_status":"closed","ping_status":"closed","template":"","meta":{"_acf_changed":false,"rating_form_position":"","rating_results_position":"","mr_structured_data_type":"","footnotes":""},"class_list":["post-40458","page","type-page","status-publish","hentry","no-post-thumbnail"],"acf":[],"yoast_head":"<!-- This site is optimized with the Yoast SEO plugin v24.7 - https:\/\/yoast.com\/wordpress\/plugins\/seo\/ -->\n<title>Offres d&#039;emploi bij Noble House - Amanprana<\/title>\n<meta name=\"description\" content=\"Voir les postes \u00e0 pourvoir actuels chez Amanprana. Amanprana appartient au groupe Noble-House SA, un producteur et distributeur belge de produits biologiques.\" \/>\n<meta name=\"robots\" content=\"index, follow, max-snippet:-1, max-image-preview:large, max-video-preview:-1\" \/>\n<link rel=\"canonical\" href=\"https:\/\/www.amanprana.eu\/fr\/offres-d-emploi\/\" \/>\n<meta property=\"og:locale\" content=\"fr_FR\" \/>\n<meta property=\"og:type\" content=\"article\" \/>\n<meta property=\"og:title\" content=\"Offres d&#039;emploi bij Noble House - Amanprana\" \/>\n<meta property=\"og:description\" content=\"Voir les postes \u00e0 pourvoir actuels chez Amanprana. Amanprana appartient au groupe Noble-House SA, un producteur et distributeur belge de produits biologiques.\" \/>\n<meta property=\"og:url\" content=\"https:\/\/www.amanprana.eu\/fr\/offres-d-emploi\/\" \/>\n<meta property=\"og:site_name\" content=\"Amanprana\" \/>\n<meta property=\"article:publisher\" content=\"https:\/\/www.facebook.com\/Amanpranaproducts\/\" \/>\n<meta property=\"article:modified_time\" content=\"2022-02-16T10:57:21+00:00\" \/>\n<meta property=\"og:image\" content=\"https:\/\/www.amanprana.eu\/wp-content\/uploads\/hires-amanprana-logo.jpg\" \/>\n\t<meta property=\"og:image:width\" content=\"2362\" \/>\n\t<meta property=\"og:image:height\" content=\"2362\" \/>\n\t<meta property=\"og:image:type\" content=\"image\/jpeg\" \/>\n<meta name=\"twitter:card\" content=\"summary_large_image\" \/>\n<meta name=\"twitter:label1\" content=\"Dur\u00e9e de lecture estim\u00e9e\" \/>\n\t<meta name=\"twitter:data1\" content=\"1 minute\" \/>\n<script type=\"application\/ld+json\" class=\"yoast-schema-graph\">{\"@context\":\"https:\/\/schema.org\",\"@graph\":[{\"@type\":\"WebPage\",\"@id\":\"https:\/\/www.amanprana.eu\/fr\/offres-d-emploi\/\",\"url\":\"https:\/\/www.amanprana.eu\/fr\/offres-d-emploi\/\",\"name\":\"Offres d'emploi bij Noble House - Amanprana\",\"isPartOf\":{\"@id\":\"https:\/\/www.amanprana.eu\/fr\/#website\"},\"datePublished\":\"2018-06-06T13:58:56+00:00\",\"dateModified\":\"2022-02-16T10:57:21+00:00\",\"description\":\"Voir les postes \u00e0 pourvoir actuels chez Amanprana. Amanprana appartient au groupe Noble-House SA, un producteur et distributeur belge de produits biologiques.\",\"breadcrumb\":{\"@id\":\"https:\/\/www.amanprana.eu\/fr\/offres-d-emploi\/#breadcrumb\"},\"inLanguage\":\"fr-FR\",\"potentialAction\":[{\"@type\":\"ReadAction\",\"target\":[\"https:\/\/www.amanprana.eu\/fr\/offres-d-emploi\/\"]}]},{\"@type\":\"BreadcrumbList\",\"@id\":\"https:\/\/www.amanprana.eu\/fr\/offres-d-emploi\/#breadcrumb\",\"itemListElement\":[{\"@type\":\"ListItem\",\"position\":1,\"name\":\"Amanprana.eu\",\"item\":\"https:\/\/www.amanprana.eu\/fr\/\"},{\"@type\":\"ListItem\",\"position\":2,\"name\":\"Offres d&#8217;emploi\"}]},{\"@type\":\"WebSite\",\"@id\":\"https:\/\/www.amanprana.eu\/fr\/#website\",\"url\":\"https:\/\/www.amanprana.eu\/fr\/\",\"name\":\"Amanprana\",\"description\":\"Serene levenskracht\",\"publisher\":{\"@id\":\"https:\/\/www.amanprana.eu\/fr\/#organization\"},\"potentialAction\":[{\"@type\":\"SearchAction\",\"target\":{\"@type\":\"EntryPoint\",\"urlTemplate\":\"https:\/\/www.amanprana.eu\/fr\/?s={search_term_string}\"},\"query-input\":{\"@type\":\"PropertyValueSpecification\",\"valueRequired\":true,\"valueName\":\"search_term_string\"}}],\"inLanguage\":\"fr-FR\"},{\"@type\":\"Organization\",\"@id\":\"https:\/\/www.amanprana.eu\/fr\/#organization\",\"name\":\"Amanprana\",\"url\":\"https:\/\/www.amanprana.eu\/fr\/\",\"logo\":{\"@type\":\"ImageObject\",\"inLanguage\":\"fr-FR\",\"@id\":\"https:\/\/www.amanprana.eu\/fr\/#\/schema\/logo\/image\/\",\"url\":\"https:\/\/www.amanprana.eu\/wp-content\/uploads\/webres-amanprana-logo.jpg\",\"contentUrl\":\"https:\/\/www.amanprana.eu\/wp-content\/uploads\/webres-amanprana-logo.jpg\",\"width\":300,\"height\":300,\"caption\":\"Amanprana\"},\"image\":{\"@id\":\"https:\/\/www.amanprana.eu\/fr\/#\/schema\/logo\/image\/\"},\"sameAs\":[\"https:\/\/www.facebook.com\/Amanpranaproducts\/\",\"https:\/\/www.instagram.com\/amanprana\/\",\"https:\/\/nl.pinterest.com\/amanprana\/pins\/\"]}]}<\/script>\n<!-- \/ Yoast SEO plugin. -->","yoast_head_json":{"title":"Offres d'emploi bij Noble House - Amanprana","description":"Voir les postes \u00e0 pourvoir actuels chez Amanprana. Amanprana appartient au groupe Noble-House SA, un producteur et distributeur belge de produits biologiques.","robots":{"index":"index","follow":"follow","max-snippet":"max-snippet:-1","max-image-preview":"max-image-preview:large","max-video-preview":"max-video-preview:-1"},"canonical":"https:\/\/www.amanprana.eu\/fr\/offres-d-emploi\/","og_locale":"fr_FR","og_type":"article","og_title":"Offres d'emploi bij Noble House - Amanprana","og_description":"Voir les postes \u00e0 pourvoir actuels chez Amanprana. Amanprana appartient au groupe Noble-House SA, un producteur et distributeur belge de produits biologiques.","og_url":"https:\/\/www.amanprana.eu\/fr\/offres-d-emploi\/","og_site_name":"Amanprana","article_publisher":"https:\/\/www.facebook.com\/Amanpranaproducts\/","article_modified_time":"2022-02-16T10:57:21+00:00","og_image":[{"width":2362,"height":2362,"url":"https:\/\/www.amanprana.eu\/wp-content\/uploads\/hires-amanprana-logo.jpg","type":"image\/jpeg"}],"twitter_card":"summary_large_image","twitter_misc":{"Dur\u00e9e de lecture estim\u00e9e":"1 minute"},"schema":{"@context":"https:\/\/schema.org","@graph":[{"@type":"WebPage","@id":"https:\/\/www.amanprana.eu\/fr\/offres-d-emploi\/","url":"https:\/\/www.amanprana.eu\/fr\/offres-d-emploi\/","name":"Offres d'emploi bij Noble House - Amanprana","isPartOf":{"@id":"https:\/\/www.amanprana.eu\/fr\/#website"},"datePublished":"2018-06-06T13:58:56+00:00","dateModified":"2022-02-16T10:57:21+00:00","description":"Voir les postes \u00e0 pourvoir actuels chez Amanprana. Amanprana appartient au groupe Noble-House SA, un producteur et distributeur belge de produits biologiques.","breadcrumb":{"@id":"https:\/\/www.amanprana.eu\/fr\/offres-d-emploi\/#breadcrumb"},"inLanguage":"fr-FR","potentialAction":[{"@type":"ReadAction","target":["https:\/\/www.amanprana.eu\/fr\/offres-d-emploi\/"]}]},{"@type":"BreadcrumbList","@id":"https:\/\/www.amanprana.eu\/fr\/offres-d-emploi\/#breadcrumb","itemListElement":[{"@type":"ListItem","position":1,"name":"Amanprana.eu","item":"https:\/\/www.amanprana.eu\/fr\/"},{"@type":"ListItem","position":2,"name":"Offres d&#8217;emploi"}]},{"@type":"WebSite","@id":"https:\/\/www.amanprana.eu\/fr\/#website","url":"https:\/\/www.amanprana.eu\/fr\/","name":"Amanprana","description":"Serene levenskracht","publisher":{"@id":"https:\/\/www.amanprana.eu\/fr\/#organization"},"potentialAction":[{"@type":"SearchAction","target":{"@type":"EntryPoint","urlTemplate":"https:\/\/www.amanprana.eu\/fr\/?s={search_term_string}"},"query-input":{"@type":"PropertyValueSpecification","valueRequired":true,"valueName":"search_term_string"}}],"inLanguage":"fr-FR"},{"@type":"Organization","@id":"https:\/\/www.amanprana.eu\/fr\/#organization","name":"Amanprana","url":"https:\/\/www.amanprana.eu\/fr\/","logo":{"@type":"ImageObject","inLanguage":"fr-FR","@id":"https:\/\/www.amanprana.eu\/fr\/#\/schema\/logo\/image\/","url":"https:\/\/www.amanprana.eu\/wp-content\/uploads\/webres-amanprana-logo.jpg","contentUrl":"https:\/\/www.amanprana.eu\/wp-content\/uploads\/webres-amanprana-logo.jpg","width":300,"height":300,"caption":"Amanprana"},"image":{"@id":"https:\/\/www.amanprana.eu\/fr\/#\/schema\/logo\/image\/"},"sameAs":["https:\/\/www.facebook.com\/Amanpranaproducts\/","https:\/\/www.instagram.com\/amanprana\/","https:\/\/nl.pinterest.com\/amanprana\/pins\/"]}]}},"multi-rating":{"mr_rating_results":[]},"_links":{"self":[{"href":"https:\/\/www.amanprana.eu\/fr\/wp-json\/wp\/v2\/pages\/40458","targetHints":{"allow":["GET"]}}],"collection":[{"href":"https:\/\/www.amanprana.eu\/fr\/wp-json\/wp\/v2\/pages"}],"about":[{"href":"https:\/\/www.amanprana.eu\/fr\/wp-json\/wp\/v2\/types\/page"}],"author":[{"embeddable":true,"href":"https:\/\/www.amanprana.eu\/fr\/wp-json\/wp\/v2\/users\/9"}],"replies":[{"embeddable":true,"href":"https:\/\/www.amanprana.eu\/fr\/wp-json\/wp\/v2\/comments?post=40458"}],"version-history":[{"count":4,"href":"https:\/\/www.amanprana.eu\/fr\/wp-json\/wp\/v2\/pages\/40458\/revisions"}],"predecessor-version":[{"id":73394,"href":"https:\/\/www.amanprana.eu\/fr\/wp-json\/wp\/v2\/pages\/40458\/revisions\/73394"}],"wp:attachment":[{"href":"https:\/\/www.amanprana.eu\/fr\/wp-json\/wp\/v2\/media?parent=40458"}],"curies":[{"name":"wp","href":"https:\/\/api.w.org\/{rel}","templated":true}]}}