

{"id":60165,"date":"2020-12-08T16:04:38","date_gmt":"2020-12-08T15:04:38","guid":{"rendered":"https:\/\/www.amanprana.eu\/?page_id=60165"},"modified":"2025-06-10T16:42:11","modified_gmt":"2025-06-10T14:42:11","slug":"certificats","status":"publish","type":"page","link":"https:\/\/www.amanprana.eu\/fr\/certificats\/","title":{"rendered":"Certificats"},"content":{"rendered":"&#13;\n<h1 class=\"wp-block-heading\">Certificats d&rsquo;Amanprana<\/h1>&#13;\n&#13;\n<p>Les termes \u00ab bio \u00bb et \u00ab biologique \u00bb sont des labels prot\u00e9g\u00e9s. Si, en tant qu\u2019entreprise, vous souhaitez utiliser ces labels, vos produits doivent \u00eatre conformes et sont soumis au contr\u00f4le d\u2019un organisme accr\u00e9dit\u00e9. <\/p>&#13;\n&#13;\n<p><a href=\"https:\/\/www.tuv-nord.com\/\">T\u00dcV NORD INTEGRA<\/a> est un organisme d&rsquo;inspection reconnu et ind\u00e9pendant qui inspecte nos produits chaque ann\u00e9e.<\/p>&#13;\n&#13;\n<p>Nous recevons \u00e9galement le certificat Natrue. Pour que nous puissions donner \u00e0 nos produits de soins le label <a href=\"https:\/\/www.natrue.org\/fr\/\">Natrue<\/a>. Natrue est une organisation qui prot\u00e8ge et valorise les produits de soins naturels et biologiques.<\/p>&#13;\n","protected":false},"excerpt":{"rendered":"<p>&#13; Certificats d&rsquo;Amanprana &#13; &#13; Les termes \u00ab bio \u00bb et \u00ab biologique \u00bb sont des labels prot\u00e9g\u00e9s. Si, en tant qu\u2019entreprise, vous souhaitez utiliser ces labels, vos produits doivent &#8230;<\/p>\n","protected":false},"author":15,"featured_media":0,"parent":0,"menu_order":35,"comment_status":"closed","ping_status":"closed","template":"page-certificaat.php","meta":{"_acf_changed":false,"rating_form_position":"","rating_results_position":"","mr_structured_data_type":"","footnotes":""},"class_list":["post-60165","page","type-page","status-publish","hentry","no-post-thumbnail"],"acf":[],"yoast_head":"<!-- This site is optimized with the Yoast SEO plugin v24.7 - https:\/\/yoast.com\/wordpress\/plugins\/seo\/ -->\n<title>Voir les certificats Amanprana | Biologique | Natrue | Kascher<\/title>\n<meta name=\"description\" content=\"Les termes \u00abbio\u00bb et \u00abbiologique\u00bb sont des termes prot\u00e9g\u00e9s. Tout le monde ne peut pas utiliser ces noms comme \u00e7a. Voir les certificats Amanprana\" \/>\n<meta name=\"robots\" content=\"noindex, nofollow\" \/>\n<meta property=\"og:locale\" content=\"fr_FR\" \/>\n<meta property=\"og:type\" content=\"article\" \/>\n<meta property=\"og:title\" content=\"Voir les certificats Amanprana | Biologique | Natrue | Kascher\" \/>\n<meta property=\"og:description\" content=\"Les termes \u00abbio\u00bb et \u00abbiologique\u00bb sont des termes prot\u00e9g\u00e9s. Tout le monde ne peut pas utiliser ces noms comme \u00e7a. Voir les certificats Amanprana\" \/>\n<meta property=\"og:url\" content=\"https:\/\/www.amanprana.eu\/fr\/certificats\/\" \/>\n<meta property=\"og:site_name\" content=\"Amanprana\" \/>\n<meta property=\"article:publisher\" content=\"https:\/\/www.facebook.com\/Amanpranaproducts\/\" \/>\n<meta property=\"article:modified_time\" content=\"2025-06-10T14:42:11+00:00\" \/>\n<meta property=\"og:image\" content=\"https:\/\/www.amanprana.eu\/wp-content\/uploads\/hires-amanprana-logo.jpg\" \/>\n\t<meta property=\"og:image:width\" content=\"2362\" \/>\n\t<meta property=\"og:image:height\" content=\"2362\" \/>\n\t<meta property=\"og:image:type\" content=\"image\/jpeg\" \/>\n<meta name=\"twitter:card\" content=\"summary_large_image\" \/>\n<script type=\"application\/ld+json\" class=\"yoast-schema-graph\">{\"@context\":\"https:\/\/schema.org\",\"@graph\":[{\"@type\":\"WebPage\",\"@id\":\"https:\/\/www.amanprana.eu\/fr\/certificats\/\",\"url\":\"https:\/\/www.amanprana.eu\/fr\/certificats\/\",\"name\":\"Voir les certificats Amanprana | Biologique | Natrue | Kascher\",\"isPartOf\":{\"@id\":\"https:\/\/www.amanprana.eu\/fr\/#website\"},\"datePublished\":\"2020-12-08T15:04:38+00:00\",\"dateModified\":\"2025-06-10T14:42:11+00:00\",\"description\":\"Les termes \u00abbio\u00bb et \u00abbiologique\u00bb sont des termes prot\u00e9g\u00e9s. Tout le monde ne peut pas utiliser ces noms comme \u00e7a. Voir les certificats Amanprana\",\"breadcrumb\":{\"@id\":\"https:\/\/www.amanprana.eu\/fr\/certificats\/#breadcrumb\"},\"inLanguage\":\"fr-FR\",\"potentialAction\":[{\"@type\":\"ReadAction\",\"target\":[\"https:\/\/www.amanprana.eu\/fr\/certificats\/\"]}]},{\"@type\":\"BreadcrumbList\",\"@id\":\"https:\/\/www.amanprana.eu\/fr\/certificats\/#breadcrumb\",\"itemListElement\":[{\"@type\":\"ListItem\",\"position\":1,\"name\":\"Amanprana.eu\",\"item\":\"https:\/\/www.amanprana.eu\/fr\/\"},{\"@type\":\"ListItem\",\"position\":2,\"name\":\"Certificats\"}]},{\"@type\":\"WebSite\",\"@id\":\"https:\/\/www.amanprana.eu\/fr\/#website\",\"url\":\"https:\/\/www.amanprana.eu\/fr\/\",\"name\":\"Amanprana\",\"description\":\"Serene levenskracht\",\"publisher\":{\"@id\":\"https:\/\/www.amanprana.eu\/fr\/#organization\"},\"potentialAction\":[{\"@type\":\"SearchAction\",\"target\":{\"@type\":\"EntryPoint\",\"urlTemplate\":\"https:\/\/www.amanprana.eu\/fr\/?s={search_term_string}\"},\"query-input\":{\"@type\":\"PropertyValueSpecification\",\"valueRequired\":true,\"valueName\":\"search_term_string\"}}],\"inLanguage\":\"fr-FR\"},{\"@type\":\"Organization\",\"@id\":\"https:\/\/www.amanprana.eu\/fr\/#organization\",\"name\":\"Amanprana\",\"url\":\"https:\/\/www.amanprana.eu\/fr\/\",\"logo\":{\"@type\":\"ImageObject\",\"inLanguage\":\"fr-FR\",\"@id\":\"https:\/\/www.amanprana.eu\/fr\/#\/schema\/logo\/image\/\",\"url\":\"https:\/\/www.amanprana.eu\/wp-content\/uploads\/webres-amanprana-logo.jpg\",\"contentUrl\":\"https:\/\/www.amanprana.eu\/wp-content\/uploads\/webres-amanprana-logo.jpg\",\"width\":300,\"height\":300,\"caption\":\"Amanprana\"},\"image\":{\"@id\":\"https:\/\/www.amanprana.eu\/fr\/#\/schema\/logo\/image\/\"},\"sameAs\":[\"https:\/\/www.facebook.com\/Amanpranaproducts\/\",\"https:\/\/www.instagram.com\/amanprana\/\",\"https:\/\/nl.pinterest.com\/amanprana\/pins\/\"]}]}<\/script>\n<!-- \/ Yoast SEO plugin. -->","yoast_head_json":{"title":"Voir les certificats Amanprana | Biologique | Natrue | Kascher","description":"Les termes \u00abbio\u00bb et \u00abbiologique\u00bb sont des termes prot\u00e9g\u00e9s. Tout le monde ne peut pas utiliser ces noms comme \u00e7a. Voir les certificats Amanprana","robots":{"index":"noindex","follow":"nofollow"},"og_locale":"fr_FR","og_type":"article","og_title":"Voir les certificats Amanprana | Biologique | Natrue | Kascher","og_description":"Les termes \u00abbio\u00bb et \u00abbiologique\u00bb sont des termes prot\u00e9g\u00e9s. Tout le monde ne peut pas utiliser ces noms comme \u00e7a. Voir les certificats Amanprana","og_url":"https:\/\/www.amanprana.eu\/fr\/certificats\/","og_site_name":"Amanprana","article_publisher":"https:\/\/www.facebook.com\/Amanpranaproducts\/","article_modified_time":"2025-06-10T14:42:11+00:00","og_image":[{"width":2362,"height":2362,"url":"https:\/\/www.amanprana.eu\/wp-content\/uploads\/hires-amanprana-logo.jpg","type":"image\/jpeg"}],"twitter_card":"summary_large_image","schema":{"@context":"https:\/\/schema.org","@graph":[{"@type":"WebPage","@id":"https:\/\/www.amanprana.eu\/fr\/certificats\/","url":"https:\/\/www.amanprana.eu\/fr\/certificats\/","name":"Voir les certificats Amanprana | Biologique | Natrue | Kascher","isPartOf":{"@id":"https:\/\/www.amanprana.eu\/fr\/#website"},"datePublished":"2020-12-08T15:04:38+00:00","dateModified":"2025-06-10T14:42:11+00:00","description":"Les termes \u00abbio\u00bb et \u00abbiologique\u00bb sont des termes prot\u00e9g\u00e9s. Tout le monde ne peut pas utiliser ces noms comme \u00e7a. Voir les certificats Amanprana","breadcrumb":{"@id":"https:\/\/www.amanprana.eu\/fr\/certificats\/#breadcrumb"},"inLanguage":"fr-FR","potentialAction":[{"@type":"ReadAction","target":["https:\/\/www.amanprana.eu\/fr\/certificats\/"]}]},{"@type":"BreadcrumbList","@id":"https:\/\/www.amanprana.eu\/fr\/certificats\/#breadcrumb","itemListElement":[{"@type":"ListItem","position":1,"name":"Amanprana.eu","item":"https:\/\/www.amanprana.eu\/fr\/"},{"@type":"ListItem","position":2,"name":"Certificats"}]},{"@type":"WebSite","@id":"https:\/\/www.amanprana.eu\/fr\/#website","url":"https:\/\/www.amanprana.eu\/fr\/","name":"Amanprana","description":"Serene levenskracht","publisher":{"@id":"https:\/\/www.amanprana.eu\/fr\/#organization"},"potentialAction":[{"@type":"SearchAction","target":{"@type":"EntryPoint","urlTemplate":"https:\/\/www.amanprana.eu\/fr\/?s={search_term_string}"},"query-input":{"@type":"PropertyValueSpecification","valueRequired":true,"valueName":"search_term_string"}}],"inLanguage":"fr-FR"},{"@type":"Organization","@id":"https:\/\/www.amanprana.eu\/fr\/#organization","name":"Amanprana","url":"https:\/\/www.amanprana.eu\/fr\/","logo":{"@type":"ImageObject","inLanguage":"fr-FR","@id":"https:\/\/www.amanprana.eu\/fr\/#\/schema\/logo\/image\/","url":"https:\/\/www.amanprana.eu\/wp-content\/uploads\/webres-amanprana-logo.jpg","contentUrl":"https:\/\/www.amanprana.eu\/wp-content\/uploads\/webres-amanprana-logo.jpg","width":300,"height":300,"caption":"Amanprana"},"image":{"@id":"https:\/\/www.amanprana.eu\/fr\/#\/schema\/logo\/image\/"},"sameAs":["https:\/\/www.facebook.com\/Amanpranaproducts\/","https:\/\/www.instagram.com\/amanprana\/","https:\/\/nl.pinterest.com\/amanprana\/pins\/"]}]}},"multi-rating":{"mr_rating_results":[]},"_links":{"self":[{"href":"https:\/\/www.amanprana.eu\/fr\/wp-json\/wp\/v2\/pages\/60165","targetHints":{"allow":["GET"]}}],"collection":[{"href":"https:\/\/www.amanprana.eu\/fr\/wp-json\/wp\/v2\/pages"}],"about":[{"href":"https:\/\/www.amanprana.eu\/fr\/wp-json\/wp\/v2\/types\/page"}],"author":[{"embeddable":true,"href":"https:\/\/www.amanprana.eu\/fr\/wp-json\/wp\/v2\/users\/15"}],"replies":[{"embeddable":true,"href":"https:\/\/www.amanprana.eu\/fr\/wp-json\/wp\/v2\/comments?post=60165"}],"version-history":[{"count":4,"href":"https:\/\/www.amanprana.eu\/fr\/wp-json\/wp\/v2\/pages\/60165\/revisions"}],"predecessor-version":[{"id":117249,"href":"https:\/\/www.amanprana.eu\/fr\/wp-json\/wp\/v2\/pages\/60165\/revisions\/117249"}],"wp:attachment":[{"href":"https:\/\/www.amanprana.eu\/fr\/wp-json\/wp\/v2\/media?parent=60165"}],"curies":[{"name":"wp","href":"https:\/\/api.w.org\/{rel}","templated":true}]}}