

{"id":61501,"date":"2021-01-08T12:18:46","date_gmt":"2021-01-08T11:18:46","guid":{"rendered":"https:\/\/www.amanprana.eu\/emballages-durables\/"},"modified":"2022-06-29T18:42:38","modified_gmt":"2022-06-29T16:42:38","slug":"emballages-durables","status":"publish","type":"page","link":"https:\/\/www.amanprana.eu\/fr\/philosophie\/emballages-durables\/","title":{"rendered":"Des emballages durables"},"content":{"rendered":"\n<p><strong>Des emballages en verre plut\u00f4t qu&rsquo;en plastique, du papier \u00e9cologique et aucun \u00e9chantillon.<\/strong><\/p>\n\n<p>Chez Amanprana, nous pr\u00e9f\u00e9rons le verre au plastique, et si possible, nous imprimons avec des encres v\u00e9g\u00e9tales sur du papier \u00e9cologique. Nous accordons une grande attention \u00e0 des emballages \u00e9cologiques et sains. Nous croyons dans l&rsquo;ensemble et non dans les parties distinctes, et par cons\u00e9quent, nos produits sont aussi peu que possible transform\u00e9s. Pendant le processus de production, nous essayons \u00e9galement de tenir compte de l&rsquo;environnement.<\/p>\n\n<h2 class=\"wp-block-heading\">Principe Cradle-to-cradle <\/h2>\n\n<p>Chez Amanprana, nous croyons fermement au principe du cradle to cradle (du berceau au berceau). Le principe du cradle-to-cradle est une vision r\u00e9volutionnaire de la conception de produits con\u00e7ue par le chimiste allemand Michael Braungart et l&rsquo;architecte am\u00e9ricain William McDonough (2002). Les d\u00e9chets d&rsquo;un produit sont la mati\u00e8re premi\u00e8re de l&rsquo;autre.<\/p>\n\n<p>Le principe du cradle-to-cradle distingue cinq \u00e9tapes sur la voie de la conception de produits \u00e9co-efficaces:<\/p>\n\n<ol class=\"wp-block-list\"><li>N&rsquo;utilisez pas de substances connues pour \u00eatre nocives.<\/li><li>Dans les cas o\u00f9 une certitude \u00e0 100% quant \u00e0 l&rsquo;innocuit\u00e9 d&rsquo;un produit ou d&rsquo;une substance n&rsquo;est pas r\u00e9alisable, essayez d&rsquo;\u00eatre au moins aussi certain que possible.<\/li><li>Mettre en place une \u00abliste positive\u00bb avec des substances dont l&rsquo;innocuit\u00e9 et la s\u00e9curit\u00e9 d&rsquo;utilisation ont \u00e9t\u00e9 prouv\u00e9es.<\/li><li>N&rsquo;utilisez que des produits ou des substances de la liste positive.<\/li><li>Trouvez le produit \u00e0 nouveau.<\/li><\/ol>\n\n<h2 class=\"wp-block-heading\">Pourquoi un emballage en verre ? <\/h2>\n\n<p>Les emballages en verre, meilleurs pour votre sant\u00e9 et pour l&rsquo;environnement.<\/p>\n\n<p>Un emballage en verre est non seulement meilleur pour votre sant\u00e9, mais aussi pour l&rsquo;environnement. Le verre est fabriqu\u00e9 \u00e0 partir de mati\u00e8res premi\u00e8res naturelles. Il ne contient pas de substances toxiques que vous pouvez retrouver dans des bouteilles en plastique. Pensez par exemple \u00e0 des substances telles que le chlorure de vinyle et les dioxines. Celles-ci sont lib\u00e9r\u00e9es dans l&rsquo;air quand le plastique est br\u00fbl\u00e9. Et le verre ne reste pas dans l&rsquo;environnement.<\/p>\n\n<h2 class=\"wp-block-heading\">Processus de production, entretien et papier FSC. <\/h2>\n\n<p>Les \u00e9tiquettes et les emballages en carton des\u00a0produits d&rsquo;Amanprana\u00a0sont fabriqu\u00e9s \u00e0 partir de papier bio. Les \u00e9tiquettes sont fabriqu\u00e9es en fibres de canne \u00e0 sucre. Le papier en fibres de canne \u00e0 sucre est fabriqu\u00e9 \u00e0 partir de d\u00e9chets de plantations de canne \u00e0 sucre. Cela veut signifie qu&rsquo;apr\u00e8s extraction du sucre, la fibre est utilis\u00e9e pour fabriquer du papier. Pour ce faire, aucun arbre n&rsquo;est coup\u00e9 ou de la nourriture sacrifi\u00e9e. Il est \u00e9galement durable, car le mat\u00e9riau ne n\u00e9cessite qu&rsquo;un traitement mineur pour \u00eatre transform\u00e9 en papier, de sorte qu&rsquo;il reste aussi proche que possible de la nature et est facilement compostable. L&rsquo;\u00e9tiquette pos\u00e9e sur l&#8217;emballage en verre avec de la colle bio est belle, efficace et respectueuse de l&rsquo;environnement et inscrit ainsi dans la strat\u00e9gie durable d&rsquo;Amanprana.<\/p>\n\n<h2 class=\"wp-block-heading\">Des emballages durables d&rsquo;Amanprana<\/h2>\n\n<p>Pendant le processus de production, nous essayons \u00e9galement de tenir compte de l&rsquo;environnement. Par exemple, les produits de nettoyage utilis\u00e9s dans le proc\u00e9d\u00e9 de production, mais \u00e9galement \u00e0 l&rsquo;ext\u00e9rieur, sont, dans la mesure du possible, des ingr\u00e9dients v\u00e9g\u00e9taux. Tout le papier utilis\u00e9 dans nos bureaux a un label FSC, n&rsquo;est inutilement imprim\u00e9 et termine autant que possible dans le broyeur \u00e0 papier pour \u00eatre ensuite utilis\u00e9 pour rembourrer et s\u00e9curiser l&rsquo;envoi des colis.<\/p>\n\n<h2 class=\"wp-block-heading\">Amanprana n&rsquo;a pas de \u00e9chantillons\/ testeurs<\/h2>\n\n<p>Outre ses emballages durables, Amanprana proscrit les \u00e9chantillons. Ceci est un choix conscient. Cela permet d&rsquo;\u00e9conomiser sur l&#8217;emballage, et d&rsquo;\u00e9viter un processus de production suppl\u00e9mentaire \u00e0 celui pour les produits vendus. Parce que nous comprenons que vous, en tant que client, (potentiel) aimez tester nos produits, ceux-ci peuvent \u00eatre test\u00e9s sur place dans diff\u00e9rents\u00a0<a class=\"redbackgr\" href=\"https:\/\/www.noble-house.tk\/fr\/pointes-de-ventes\"><em>points de vente<\/em><\/a>. Demandez au commer\u00e7ant s&rsquo;ils sont disponibles.<\/p>\n\n<h2 class=\"wp-block-heading\">Chantal Voets choisit un papier et une impression responsables pour son livre Bien manger, \u00e7a fait du bien<\/h2>\n\n<p>Influence asiatique sur la couverture du livre Mangez bien, \u00e7a fait du bien de Chantal Voets Chantal a opt\u00e9 pour un livre reli\u00e9 avec un dos ouvert et une couverture qui s&rsquo;ouvre sur le c\u00f4t\u00e9 gauche. En raison de nombreux voyages en Asie et de son affinit\u00e9 avec les philosophies orientales et la cuisine orientale, la couverture est d&rsquo;inspiration japonaise. Chantal : \u00ab Nous nous inspirons aussi de l&rsquo;Orient pour nos produits Amanprana. Le livre en est le reflet. \u00bb<\/p>\n\n<p>Voir le livre<\/p>\n\n<div class=\"wp-block-media-text alignwide is-stacked-on-mobile\" style=\"grid-template-columns:20% auto\"><figure class=\"wp-block-media-text__media\"><img decoding=\"async\" width=\"219\" height=\"250\" src=\"https:\/\/www.amanprana.eu\/wp-content\/uploads\/Milieuvriendelijke-papier-met-FSC-keurmerk.jpg\" alt=\"Papier respectueux de l&#039;environnement avec la marque de qualit\u00e9 FSC utilis\u00e9 chez l&#039;imprimeur Mangez bien, \u00e7a fait du bien\" class=\"wp-image-32955 size-full\"\/><\/figure><div class=\"wp-block-media-text__content\">\n<p class=\"has-medium-font-size\">Papier respectueux de l&rsquo;environnement avec label de qualit\u00e9 FSC utilis\u00e9 par l&rsquo;imprimeur Mangez bien, \u00e7a vous fait du bien Le papier est du papier Bioset qui est sans bois, non couch\u00e9 et naturel. Seuls 3l d&rsquo;eau sont utilis\u00e9s dans la production de papier 1gk (10l est courant). Le papier est certifi\u00e9 FSC et produit sans chlore (TCF); Le fabricant du papier (Arctic Paper) est une entreprise respectueuse du CO2 avec une approbation EMA (Eco Management and Audit Scheme)<\/p>\n<\/div><\/div>\n\n<p>Drukkerij Graphius \u00e0 Gand se rend compte que l&rsquo;environnement est important : l&rsquo;un des imprimeurs les plus respectueux de l&rsquo;environnement en Belgique.Le livre a \u00e9t\u00e9 imprim\u00e9 chez Drukkerij Graphius \u00e0 Gand. Ils sont tr\u00e8s conscients que leurs activit\u00e9s peuvent affecter l&rsquo;environnement. En cons\u00e9quence, ils sont tr\u00e8s stricts avec toutes les normes et r\u00e9glementations et ils minimisent tous les effets n\u00e9gatifs. Le livre Bien manger qui fait du bien est imprim\u00e9 sans alcool avec des encres v\u00e9g\u00e9tales, de l&rsquo;\u00e9lectricit\u00e9 verte et l&rsquo;utilisation la plus \u00e9conomique de l&rsquo;encre.<\/p>\n","protected":false},"excerpt":{"rendered":"<p>Des emballages en verre plut\u00f4t qu&rsquo;en plastique, du papier \u00e9cologique et aucun \u00e9chantillon. Chez Amanprana, nous pr\u00e9f\u00e9rons le verre au plastique, et si possible, nous imprimons avec des encres v\u00e9g\u00e9tales &#8230;<\/p>\n","protected":false},"author":9,"featured_media":0,"parent":31931,"menu_order":53,"comment_status":"closed","ping_status":"closed","template":"","meta":{"_acf_changed":false,"rating_form_position":"","rating_results_position":"","mr_structured_data_type":"","footnotes":""},"class_list":["post-61501","page","type-page","status-publish","hentry","no-post-thumbnail"],"acf":[],"yoast_head":"<!-- This site is optimized with the Yoast SEO plugin v24.7 - https:\/\/yoast.com\/wordpress\/plugins\/seo\/ -->\n<title>Qu&#039;est-ce qui rend l&#039;emballage des produits Amanprana durable?<\/title>\n<meta name=\"description\" content=\"Un mat\u00e9riau d&#039;emballage durable signifie pour Amanprana: du verre sur un emballage en plastique, du papier \u00e9cologique et aucun \u00e9chantillon d&#039;essai.\" \/>\n<meta name=\"robots\" content=\"index, follow, max-snippet:-1, max-image-preview:large, max-video-preview:-1\" \/>\n<link rel=\"canonical\" href=\"https:\/\/www.amanprana.eu\/fr\/philosophie\/emballages-durables\/\" \/>\n<meta property=\"og:locale\" content=\"fr_FR\" \/>\n<meta property=\"og:type\" content=\"article\" \/>\n<meta property=\"og:title\" content=\"Qu&#039;est-ce qui rend l&#039;emballage des produits Amanprana durable?\" \/>\n<meta property=\"og:description\" content=\"Un mat\u00e9riau d&#039;emballage durable signifie pour Amanprana: du verre sur un emballage en plastique, du papier \u00e9cologique et aucun \u00e9chantillon d&#039;essai.\" \/>\n<meta property=\"og:url\" content=\"https:\/\/www.amanprana.eu\/fr\/philosophie\/emballages-durables\/\" \/>\n<meta property=\"og:site_name\" content=\"Amanprana\" \/>\n<meta property=\"article:publisher\" content=\"https:\/\/www.facebook.com\/Amanpranaproducts\/\" \/>\n<meta property=\"article:modified_time\" content=\"2022-06-29T16:42:38+00:00\" \/>\n<meta property=\"og:image\" content=\"https:\/\/www.amanprana.eu\/wp-content\/uploads\/Milieuvriendelijke-papier-met-FSC-keurmerk.jpg\" \/>\n<meta name=\"twitter:card\" content=\"summary_large_image\" \/>\n<meta name=\"twitter:label1\" content=\"Dur\u00e9e de lecture estim\u00e9e\" \/>\n\t<meta name=\"twitter:data1\" content=\"4 minutes\" \/>\n<script type=\"application\/ld+json\" class=\"yoast-schema-graph\">{\"@context\":\"https:\/\/schema.org\",\"@graph\":[{\"@type\":\"WebPage\",\"@id\":\"https:\/\/www.amanprana.eu\/fr\/philosophie\/emballages-durables\/\",\"url\":\"https:\/\/www.amanprana.eu\/fr\/philosophie\/emballages-durables\/\",\"name\":\"Qu'est-ce qui rend l'emballage des produits Amanprana durable?\",\"isPartOf\":{\"@id\":\"https:\/\/www.amanprana.eu\/fr\/#website\"},\"primaryImageOfPage\":{\"@id\":\"https:\/\/www.amanprana.eu\/fr\/philosophie\/emballages-durables\/#primaryimage\"},\"image\":{\"@id\":\"https:\/\/www.amanprana.eu\/fr\/philosophie\/emballages-durables\/#primaryimage\"},\"thumbnailUrl\":\"https:\/\/www.amanprana.eu\/wp-content\/uploads\/Milieuvriendelijke-papier-met-FSC-keurmerk.jpg\",\"datePublished\":\"2021-01-08T11:18:46+00:00\",\"dateModified\":\"2022-06-29T16:42:38+00:00\",\"description\":\"Un mat\u00e9riau d'emballage durable signifie pour Amanprana: du verre sur un emballage en plastique, du papier \u00e9cologique et aucun \u00e9chantillon d'essai.\",\"breadcrumb\":{\"@id\":\"https:\/\/www.amanprana.eu\/fr\/philosophie\/emballages-durables\/#breadcrumb\"},\"inLanguage\":\"fr-FR\",\"potentialAction\":[{\"@type\":\"ReadAction\",\"target\":[\"https:\/\/www.amanprana.eu\/fr\/philosophie\/emballages-durables\/\"]}]},{\"@type\":\"ImageObject\",\"inLanguage\":\"fr-FR\",\"@id\":\"https:\/\/www.amanprana.eu\/fr\/philosophie\/emballages-durables\/#primaryimage\",\"url\":\"https:\/\/www.amanprana.eu\/wp-content\/uploads\/Milieuvriendelijke-papier-met-FSC-keurmerk.jpg\",\"contentUrl\":\"https:\/\/www.amanprana.eu\/wp-content\/uploads\/Milieuvriendelijke-papier-met-FSC-keurmerk.jpg\"},{\"@type\":\"BreadcrumbList\",\"@id\":\"https:\/\/www.amanprana.eu\/fr\/philosophie\/emballages-durables\/#breadcrumb\",\"itemListElement\":[{\"@type\":\"ListItem\",\"position\":1,\"name\":\"Amanprana.eu\",\"item\":\"https:\/\/www.amanprana.eu\/fr\/\"},{\"@type\":\"ListItem\",\"position\":2,\"name\":\"Philosophie\",\"item\":\"https:\/\/www.amanprana.eu\/fr\/philosophie\/\"},{\"@type\":\"ListItem\",\"position\":3,\"name\":\"Des emballages durables\"}]},{\"@type\":\"WebSite\",\"@id\":\"https:\/\/www.amanprana.eu\/fr\/#website\",\"url\":\"https:\/\/www.amanprana.eu\/fr\/\",\"name\":\"Amanprana\",\"description\":\"Serene levenskracht\",\"publisher\":{\"@id\":\"https:\/\/www.amanprana.eu\/fr\/#organization\"},\"potentialAction\":[{\"@type\":\"SearchAction\",\"target\":{\"@type\":\"EntryPoint\",\"urlTemplate\":\"https:\/\/www.amanprana.eu\/fr\/?s={search_term_string}\"},\"query-input\":{\"@type\":\"PropertyValueSpecification\",\"valueRequired\":true,\"valueName\":\"search_term_string\"}}],\"inLanguage\":\"fr-FR\"},{\"@type\":\"Organization\",\"@id\":\"https:\/\/www.amanprana.eu\/fr\/#organization\",\"name\":\"Amanprana\",\"url\":\"https:\/\/www.amanprana.eu\/fr\/\",\"logo\":{\"@type\":\"ImageObject\",\"inLanguage\":\"fr-FR\",\"@id\":\"https:\/\/www.amanprana.eu\/fr\/#\/schema\/logo\/image\/\",\"url\":\"https:\/\/www.amanprana.eu\/wp-content\/uploads\/webres-amanprana-logo.jpg\",\"contentUrl\":\"https:\/\/www.amanprana.eu\/wp-content\/uploads\/webres-amanprana-logo.jpg\",\"width\":300,\"height\":300,\"caption\":\"Amanprana\"},\"image\":{\"@id\":\"https:\/\/www.amanprana.eu\/fr\/#\/schema\/logo\/image\/\"},\"sameAs\":[\"https:\/\/www.facebook.com\/Amanpranaproducts\/\",\"https:\/\/www.instagram.com\/amanprana\/\",\"https:\/\/nl.pinterest.com\/amanprana\/pins\/\"]}]}<\/script>\n<!-- \/ Yoast SEO plugin. -->","yoast_head_json":{"title":"Qu'est-ce qui rend l'emballage des produits Amanprana durable?","description":"Un mat\u00e9riau d'emballage durable signifie pour Amanprana: du verre sur un emballage en plastique, du papier \u00e9cologique et aucun \u00e9chantillon d'essai.","robots":{"index":"index","follow":"follow","max-snippet":"max-snippet:-1","max-image-preview":"max-image-preview:large","max-video-preview":"max-video-preview:-1"},"canonical":"https:\/\/www.amanprana.eu\/fr\/philosophie\/emballages-durables\/","og_locale":"fr_FR","og_type":"article","og_title":"Qu'est-ce qui rend l'emballage des produits Amanprana durable?","og_description":"Un mat\u00e9riau d'emballage durable signifie pour Amanprana: du verre sur un emballage en plastique, du papier \u00e9cologique et aucun \u00e9chantillon d'essai.","og_url":"https:\/\/www.amanprana.eu\/fr\/philosophie\/emballages-durables\/","og_site_name":"Amanprana","article_publisher":"https:\/\/www.facebook.com\/Amanpranaproducts\/","article_modified_time":"2022-06-29T16:42:38+00:00","og_image":[{"url":"https:\/\/www.amanprana.eu\/wp-content\/uploads\/Milieuvriendelijke-papier-met-FSC-keurmerk.jpg","type":"","width":"","height":""}],"twitter_card":"summary_large_image","twitter_misc":{"Dur\u00e9e de lecture estim\u00e9e":"4 minutes"},"schema":{"@context":"https:\/\/schema.org","@graph":[{"@type":"WebPage","@id":"https:\/\/www.amanprana.eu\/fr\/philosophie\/emballages-durables\/","url":"https:\/\/www.amanprana.eu\/fr\/philosophie\/emballages-durables\/","name":"Qu'est-ce qui rend l'emballage des produits Amanprana durable?","isPartOf":{"@id":"https:\/\/www.amanprana.eu\/fr\/#website"},"primaryImageOfPage":{"@id":"https:\/\/www.amanprana.eu\/fr\/philosophie\/emballages-durables\/#primaryimage"},"image":{"@id":"https:\/\/www.amanprana.eu\/fr\/philosophie\/emballages-durables\/#primaryimage"},"thumbnailUrl":"https:\/\/www.amanprana.eu\/wp-content\/uploads\/Milieuvriendelijke-papier-met-FSC-keurmerk.jpg","datePublished":"2021-01-08T11:18:46+00:00","dateModified":"2022-06-29T16:42:38+00:00","description":"Un mat\u00e9riau d'emballage durable signifie pour Amanprana: du verre sur un emballage en plastique, du papier \u00e9cologique et aucun \u00e9chantillon d'essai.","breadcrumb":{"@id":"https:\/\/www.amanprana.eu\/fr\/philosophie\/emballages-durables\/#breadcrumb"},"inLanguage":"fr-FR","potentialAction":[{"@type":"ReadAction","target":["https:\/\/www.amanprana.eu\/fr\/philosophie\/emballages-durables\/"]}]},{"@type":"ImageObject","inLanguage":"fr-FR","@id":"https:\/\/www.amanprana.eu\/fr\/philosophie\/emballages-durables\/#primaryimage","url":"https:\/\/www.amanprana.eu\/wp-content\/uploads\/Milieuvriendelijke-papier-met-FSC-keurmerk.jpg","contentUrl":"https:\/\/www.amanprana.eu\/wp-content\/uploads\/Milieuvriendelijke-papier-met-FSC-keurmerk.jpg"},{"@type":"BreadcrumbList","@id":"https:\/\/www.amanprana.eu\/fr\/philosophie\/emballages-durables\/#breadcrumb","itemListElement":[{"@type":"ListItem","position":1,"name":"Amanprana.eu","item":"https:\/\/www.amanprana.eu\/fr\/"},{"@type":"ListItem","position":2,"name":"Philosophie","item":"https:\/\/www.amanprana.eu\/fr\/philosophie\/"},{"@type":"ListItem","position":3,"name":"Des emballages durables"}]},{"@type":"WebSite","@id":"https:\/\/www.amanprana.eu\/fr\/#website","url":"https:\/\/www.amanprana.eu\/fr\/","name":"Amanprana","description":"Serene levenskracht","publisher":{"@id":"https:\/\/www.amanprana.eu\/fr\/#organization"},"potentialAction":[{"@type":"SearchAction","target":{"@type":"EntryPoint","urlTemplate":"https:\/\/www.amanprana.eu\/fr\/?s={search_term_string}"},"query-input":{"@type":"PropertyValueSpecification","valueRequired":true,"valueName":"search_term_string"}}],"inLanguage":"fr-FR"},{"@type":"Organization","@id":"https:\/\/www.amanprana.eu\/fr\/#organization","name":"Amanprana","url":"https:\/\/www.amanprana.eu\/fr\/","logo":{"@type":"ImageObject","inLanguage":"fr-FR","@id":"https:\/\/www.amanprana.eu\/fr\/#\/schema\/logo\/image\/","url":"https:\/\/www.amanprana.eu\/wp-content\/uploads\/webres-amanprana-logo.jpg","contentUrl":"https:\/\/www.amanprana.eu\/wp-content\/uploads\/webres-amanprana-logo.jpg","width":300,"height":300,"caption":"Amanprana"},"image":{"@id":"https:\/\/www.amanprana.eu\/fr\/#\/schema\/logo\/image\/"},"sameAs":["https:\/\/www.facebook.com\/Amanpranaproducts\/","https:\/\/www.instagram.com\/amanprana\/","https:\/\/nl.pinterest.com\/amanprana\/pins\/"]}]}},"multi-rating":{"mr_rating_results":[]},"_links":{"self":[{"href":"https:\/\/www.amanprana.eu\/fr\/wp-json\/wp\/v2\/pages\/61501","targetHints":{"allow":["GET"]}}],"collection":[{"href":"https:\/\/www.amanprana.eu\/fr\/wp-json\/wp\/v2\/pages"}],"about":[{"href":"https:\/\/www.amanprana.eu\/fr\/wp-json\/wp\/v2\/types\/page"}],"author":[{"embeddable":true,"href":"https:\/\/www.amanprana.eu\/fr\/wp-json\/wp\/v2\/users\/9"}],"replies":[{"embeddable":true,"href":"https:\/\/www.amanprana.eu\/fr\/wp-json\/wp\/v2\/comments?post=61501"}],"version-history":[{"count":4,"href":"https:\/\/www.amanprana.eu\/fr\/wp-json\/wp\/v2\/pages\/61501\/revisions"}],"predecessor-version":[{"id":80848,"href":"https:\/\/www.amanprana.eu\/fr\/wp-json\/wp\/v2\/pages\/61501\/revisions\/80848"}],"up":[{"embeddable":true,"href":"https:\/\/www.amanprana.eu\/fr\/wp-json\/wp\/v2\/pages\/31931"}],"wp:attachment":[{"href":"https:\/\/www.amanprana.eu\/fr\/wp-json\/wp\/v2\/media?parent=61501"}],"curies":[{"name":"wp","href":"https:\/\/api.w.org\/{rel}","templated":true}]}}