

{"id":60585,"date":"2020-12-29T12:36:58","date_gmt":"2020-12-29T11:36:58","guid":{"rendered":"https:\/\/www.amanprana.eu\/product\/%product_category%\/germes-de-ble-et-depeautre\/"},"modified":"2022-08-17T10:38:04","modified_gmt":"2022-08-17T08:38:04","slug":"germes-de-ble-et-depeautre","status":"publish","type":"product","link":"https:\/\/www.amanprana.eu\/fr\/produit\/alimentation\/germes-de-ble-et-depeautre\/","title":{"rendered":"Germes de bl\u00e9 et d&rsquo;\u00e9peautre"},"template":"","tags":[2232,2233,2235,1307,2234,2236],"product_category":[1611],"class_list":["post-60585","product","type-product","status-publish","hentry","tag-germe-de-ble","tag-germes-depeautre","tag-les-nutriments","tag-antioxydants","tag-omega-fr","tag-proteine","product_category-alimentation","no-post-thumbnail"],"acf":[],"yoast_head":"<!-- This site is optimized with the Yoast SEO plugin v24.7 - https:\/\/yoast.com\/wordpress\/plugins\/seo\/ -->\n<title>Que sont les germes de bl\u00e9 et pourquoi les n\u00f4tres sont-ils si bons ?<\/title>\n<meta name=\"description\" content=\"Le germe de bl\u00e9 est l&#039;essence m\u00eame du grain de bl\u00e9. Y sont stock\u00e9s, des fibres, des vitamines, des min\u00e9raux et encore beaucoup d&#039;autres bons nutriments\" \/>\n<meta name=\"robots\" content=\"index, follow, max-snippet:-1, max-image-preview:large, max-video-preview:-1\" \/>\n<link rel=\"canonical\" href=\"https:\/\/www.amanprana.eu\/fr\/produit\/alimentation\/germes-de-ble-et-depeautre\/\" \/>\n<meta property=\"og:locale\" content=\"fr_FR\" \/>\n<meta property=\"og:type\" content=\"article\" \/>\n<meta property=\"og:title\" content=\"Que sont les germes de bl\u00e9 et pourquoi les n\u00f4tres sont-ils si bons ?\" \/>\n<meta property=\"og:description\" content=\"Le germe de bl\u00e9 est l&#039;essence m\u00eame du grain de bl\u00e9. Y sont stock\u00e9s, des fibres, des vitamines, des min\u00e9raux et encore beaucoup d&#039;autres bons nutriments\" \/>\n<meta property=\"og:url\" content=\"https:\/\/www.amanprana.eu\/fr\/produit\/alimentation\/germes-de-ble-et-depeautre\/\" \/>\n<meta property=\"og:site_name\" content=\"Amanprana\" \/>\n<meta property=\"article:publisher\" content=\"https:\/\/www.facebook.com\/Amanpranaproducts\/\" \/>\n<meta property=\"article:modified_time\" content=\"2022-08-17T08:38:04+00:00\" \/>\n<meta property=\"og:image\" content=\"https:\/\/www.amanprana.eu\/wp-content\/uploads\/hires-amanprana-logo.jpg\" \/>\n\t<meta property=\"og:image:width\" content=\"2362\" \/>\n\t<meta property=\"og:image:height\" content=\"2362\" \/>\n\t<meta property=\"og:image:type\" content=\"image\/jpeg\" \/>\n<meta name=\"twitter:card\" content=\"summary_large_image\" \/>\n<script type=\"application\/ld+json\" class=\"yoast-schema-graph\">{\"@context\":\"https:\/\/schema.org\",\"@graph\":[{\"@type\":\"WebPage\",\"@id\":\"https:\/\/www.amanprana.eu\/fr\/produit\/alimentation\/germes-de-ble-et-depeautre\/\",\"url\":\"https:\/\/www.amanprana.eu\/fr\/produit\/alimentation\/germes-de-ble-et-depeautre\/\",\"name\":\"Que sont les germes de bl\u00e9 et pourquoi les n\u00f4tres sont-ils si bons ?\",\"isPartOf\":{\"@id\":\"https:\/\/www.amanprana.eu\/fr\/#website\"},\"datePublished\":\"2020-12-29T11:36:58+00:00\",\"dateModified\":\"2022-08-17T08:38:04+00:00\",\"description\":\"Le germe de bl\u00e9 est l'essence m\u00eame du grain de bl\u00e9. Y sont stock\u00e9s, des fibres, des vitamines, des min\u00e9raux et encore beaucoup d'autres bons nutriments\",\"breadcrumb\":{\"@id\":\"https:\/\/www.amanprana.eu\/fr\/produit\/alimentation\/germes-de-ble-et-depeautre\/#breadcrumb\"},\"inLanguage\":\"fr-FR\",\"potentialAction\":[{\"@type\":\"ReadAction\",\"target\":[\"https:\/\/www.amanprana.eu\/fr\/produit\/alimentation\/germes-de-ble-et-depeautre\/\"]}]},{\"@type\":\"BreadcrumbList\",\"@id\":\"https:\/\/www.amanprana.eu\/fr\/produit\/alimentation\/germes-de-ble-et-depeautre\/#breadcrumb\",\"itemListElement\":[{\"@type\":\"ListItem\",\"position\":1,\"name\":\"Amanprana.eu\",\"item\":\"https:\/\/www.amanprana.eu\/fr\/\"},{\"@type\":\"ListItem\",\"position\":2,\"name\":\"Alimentation\",\"item\":\"https:\/\/www.amanprana.eu\/fr\/produits\/alimentation\/\"},{\"@type\":\"ListItem\",\"position\":3,\"name\":\"Germes de bl\u00e9 et d&rsquo;\u00e9peautre\"}]},{\"@type\":\"WebSite\",\"@id\":\"https:\/\/www.amanprana.eu\/fr\/#website\",\"url\":\"https:\/\/www.amanprana.eu\/fr\/\",\"name\":\"Amanprana\",\"description\":\"Serene levenskracht\",\"publisher\":{\"@id\":\"https:\/\/www.amanprana.eu\/fr\/#organization\"},\"potentialAction\":[{\"@type\":\"SearchAction\",\"target\":{\"@type\":\"EntryPoint\",\"urlTemplate\":\"https:\/\/www.amanprana.eu\/fr\/?s={search_term_string}\"},\"query-input\":{\"@type\":\"PropertyValueSpecification\",\"valueRequired\":true,\"valueName\":\"search_term_string\"}}],\"inLanguage\":\"fr-FR\"},{\"@type\":\"Organization\",\"@id\":\"https:\/\/www.amanprana.eu\/fr\/#organization\",\"name\":\"Amanprana\",\"url\":\"https:\/\/www.amanprana.eu\/fr\/\",\"logo\":{\"@type\":\"ImageObject\",\"inLanguage\":\"fr-FR\",\"@id\":\"https:\/\/www.amanprana.eu\/fr\/#\/schema\/logo\/image\/\",\"url\":\"https:\/\/www.amanprana.eu\/wp-content\/uploads\/webres-amanprana-logo.jpg\",\"contentUrl\":\"https:\/\/www.amanprana.eu\/wp-content\/uploads\/webres-amanprana-logo.jpg\",\"width\":300,\"height\":300,\"caption\":\"Amanprana\"},\"image\":{\"@id\":\"https:\/\/www.amanprana.eu\/fr\/#\/schema\/logo\/image\/\"},\"sameAs\":[\"https:\/\/www.facebook.com\/Amanpranaproducts\/\",\"https:\/\/www.instagram.com\/amanprana\/\",\"https:\/\/nl.pinterest.com\/amanprana\/pins\/\"]}]}<\/script>\n<!-- \/ Yoast SEO plugin. -->","yoast_head_json":{"title":"Que sont les germes de bl\u00e9 et pourquoi les n\u00f4tres sont-ils si bons ?","description":"Le germe de bl\u00e9 est l'essence m\u00eame du grain de bl\u00e9. Y sont stock\u00e9s, des fibres, des vitamines, des min\u00e9raux et encore beaucoup d'autres bons nutriments","robots":{"index":"index","follow":"follow","max-snippet":"max-snippet:-1","max-image-preview":"max-image-preview:large","max-video-preview":"max-video-preview:-1"},"canonical":"https:\/\/www.amanprana.eu\/fr\/produit\/alimentation\/germes-de-ble-et-depeautre\/","og_locale":"fr_FR","og_type":"article","og_title":"Que sont les germes de bl\u00e9 et pourquoi les n\u00f4tres sont-ils si bons ?","og_description":"Le germe de bl\u00e9 est l'essence m\u00eame du grain de bl\u00e9. Y sont stock\u00e9s, des fibres, des vitamines, des min\u00e9raux et encore beaucoup d'autres bons nutriments","og_url":"https:\/\/www.amanprana.eu\/fr\/produit\/alimentation\/germes-de-ble-et-depeautre\/","og_site_name":"Amanprana","article_publisher":"https:\/\/www.facebook.com\/Amanpranaproducts\/","article_modified_time":"2022-08-17T08:38:04+00:00","og_image":[{"width":2362,"height":2362,"url":"https:\/\/www.amanprana.eu\/wp-content\/uploads\/hires-amanprana-logo.jpg","type":"image\/jpeg"}],"twitter_card":"summary_large_image","schema":{"@context":"https:\/\/schema.org","@graph":[{"@type":"WebPage","@id":"https:\/\/www.amanprana.eu\/fr\/produit\/alimentation\/germes-de-ble-et-depeautre\/","url":"https:\/\/www.amanprana.eu\/fr\/produit\/alimentation\/germes-de-ble-et-depeautre\/","name":"Que sont les germes de bl\u00e9 et pourquoi les n\u00f4tres sont-ils si bons ?","isPartOf":{"@id":"https:\/\/www.amanprana.eu\/fr\/#website"},"datePublished":"2020-12-29T11:36:58+00:00","dateModified":"2022-08-17T08:38:04+00:00","description":"Le germe de bl\u00e9 est l'essence m\u00eame du grain de bl\u00e9. Y sont stock\u00e9s, des fibres, des vitamines, des min\u00e9raux et encore beaucoup d'autres bons nutriments","breadcrumb":{"@id":"https:\/\/www.amanprana.eu\/fr\/produit\/alimentation\/germes-de-ble-et-depeautre\/#breadcrumb"},"inLanguage":"fr-FR","potentialAction":[{"@type":"ReadAction","target":["https:\/\/www.amanprana.eu\/fr\/produit\/alimentation\/germes-de-ble-et-depeautre\/"]}]},{"@type":"BreadcrumbList","@id":"https:\/\/www.amanprana.eu\/fr\/produit\/alimentation\/germes-de-ble-et-depeautre\/#breadcrumb","itemListElement":[{"@type":"ListItem","position":1,"name":"Amanprana.eu","item":"https:\/\/www.amanprana.eu\/fr\/"},{"@type":"ListItem","position":2,"name":"Alimentation","item":"https:\/\/www.amanprana.eu\/fr\/produits\/alimentation\/"},{"@type":"ListItem","position":3,"name":"Germes de bl\u00e9 et d&rsquo;\u00e9peautre"}]},{"@type":"WebSite","@id":"https:\/\/www.amanprana.eu\/fr\/#website","url":"https:\/\/www.amanprana.eu\/fr\/","name":"Amanprana","description":"Serene levenskracht","publisher":{"@id":"https:\/\/www.amanprana.eu\/fr\/#organization"},"potentialAction":[{"@type":"SearchAction","target":{"@type":"EntryPoint","urlTemplate":"https:\/\/www.amanprana.eu\/fr\/?s={search_term_string}"},"query-input":{"@type":"PropertyValueSpecification","valueRequired":true,"valueName":"search_term_string"}}],"inLanguage":"fr-FR"},{"@type":"Organization","@id":"https:\/\/www.amanprana.eu\/fr\/#organization","name":"Amanprana","url":"https:\/\/www.amanprana.eu\/fr\/","logo":{"@type":"ImageObject","inLanguage":"fr-FR","@id":"https:\/\/www.amanprana.eu\/fr\/#\/schema\/logo\/image\/","url":"https:\/\/www.amanprana.eu\/wp-content\/uploads\/webres-amanprana-logo.jpg","contentUrl":"https:\/\/www.amanprana.eu\/wp-content\/uploads\/webres-amanprana-logo.jpg","width":300,"height":300,"caption":"Amanprana"},"image":{"@id":"https:\/\/www.amanprana.eu\/fr\/#\/schema\/logo\/image\/"},"sameAs":["https:\/\/www.facebook.com\/Amanpranaproducts\/","https:\/\/www.instagram.com\/amanprana\/","https:\/\/nl.pinterest.com\/amanprana\/pins\/"]}]}},"multi-rating":{"mr_rating_results":[]},"_links":{"self":[{"href":"https:\/\/www.amanprana.eu\/fr\/wp-json\/wp\/v2\/product\/60585","targetHints":{"allow":["GET"]}}],"collection":[{"href":"https:\/\/www.amanprana.eu\/fr\/wp-json\/wp\/v2\/product"}],"about":[{"href":"https:\/\/www.amanprana.eu\/fr\/wp-json\/wp\/v2\/types\/product"}],"wp:attachment":[{"href":"https:\/\/www.amanprana.eu\/fr\/wp-json\/wp\/v2\/media?parent=60585"}],"wp:term":[{"taxonomy":"post_tag","embeddable":true,"href":"https:\/\/www.amanprana.eu\/fr\/wp-json\/wp\/v2\/tags?post=60585"},{"taxonomy":"product_category","embeddable":true,"href":"https:\/\/www.amanprana.eu\/fr\/wp-json\/wp\/v2\/product_category?post=60585"}],"curies":[{"name":"wp","href":"https:\/\/api.w.org\/{rel}","templated":true}]}}