

{"id":60674,"date":"2020-12-30T08:29:18","date_gmt":"2020-12-30T07:29:18","guid":{"rendered":"https:\/\/www.amanprana.eu\/product\/%product_category%\/huiles-omega\/"},"modified":"2022-06-28T17:44:36","modified_gmt":"2022-06-28T15:44:36","slug":"huiles-omega","status":"publish","type":"product","link":"https:\/\/www.amanprana.eu\/fr\/produit\/alimentation\/huiles-omega\/","title":{"rendered":"Huiles om\u00e9ga"},"template":"","tags":[2347,2350,2348,2349],"product_category":[1611],"class_list":["post-60674","product","type-product","status-publish","hentry","tag-huile-omega","tag-huile-omega-vegan","tag-omega-3-fr","tag-omega-3-vegetale","product_category-alimentation","no-post-thumbnail"],"acf":[],"yoast_head":"<!-- This site is optimized with the Yoast SEO plugin v24.7 - https:\/\/yoast.com\/wordpress\/plugins\/seo\/ -->\n<title>Les huiles om\u00e9ga d&#039;Amanprana sont 100% bio et v\u00e9gan<\/title>\n<meta name=\"description\" content=\"Les huiles bio om\u00e9ga 3-6-9 Okinawa d&#039;Amanprana sont 100% \u00e0 base de v\u00e9g\u00e9taux et s&#039;adaptent parfaitement \u00e0 un r\u00e9gime v\u00e9gan. Un bon \u00e9quilibre des dosages quotidiens en om\u00e9ga est un d\u00e9fi consid\u00e9rable pour notre r\u00e9gime alimentaire occidental. Amanprana aide \u00e0 trouver cet \u00e9quilibre.\" \/>\n<meta name=\"robots\" content=\"index, follow, max-snippet:-1, max-image-preview:large, max-video-preview:-1\" \/>\n<link rel=\"canonical\" href=\"https:\/\/www.amanprana.eu\/fr\/produit\/alimentation\/huiles-omega\/\" \/>\n<meta property=\"og:locale\" content=\"fr_FR\" \/>\n<meta property=\"og:type\" content=\"article\" \/>\n<meta property=\"og:title\" content=\"Les huiles om\u00e9ga d&#039;Amanprana sont 100% bio et v\u00e9gan\" \/>\n<meta property=\"og:description\" content=\"Les huiles bio om\u00e9ga 3-6-9 Okinawa d&#039;Amanprana sont 100% \u00e0 base de v\u00e9g\u00e9taux et s&#039;adaptent parfaitement \u00e0 un r\u00e9gime v\u00e9gan. Un bon \u00e9quilibre des dosages quotidiens en om\u00e9ga est un d\u00e9fi consid\u00e9rable pour notre r\u00e9gime alimentaire occidental. Amanprana aide \u00e0 trouver cet \u00e9quilibre.\" \/>\n<meta property=\"og:url\" content=\"https:\/\/www.amanprana.eu\/fr\/produit\/alimentation\/huiles-omega\/\" \/>\n<meta property=\"og:site_name\" content=\"Amanprana\" \/>\n<meta property=\"article:publisher\" content=\"https:\/\/www.facebook.com\/Amanpranaproducts\/\" \/>\n<meta property=\"article:modified_time\" content=\"2022-06-28T15:44:36+00:00\" \/>\n<meta property=\"og:image\" content=\"https:\/\/www.amanprana.eu\/wp-content\/uploads\/hires-amanprana-logo.jpg\" \/>\n\t<meta property=\"og:image:width\" content=\"2362\" \/>\n\t<meta property=\"og:image:height\" content=\"2362\" \/>\n\t<meta property=\"og:image:type\" content=\"image\/jpeg\" \/>\n<meta name=\"twitter:card\" content=\"summary_large_image\" \/>\n<script type=\"application\/ld+json\" class=\"yoast-schema-graph\">{\"@context\":\"https:\/\/schema.org\",\"@graph\":[{\"@type\":\"WebPage\",\"@id\":\"https:\/\/www.amanprana.eu\/fr\/produit\/alimentation\/huiles-omega\/\",\"url\":\"https:\/\/www.amanprana.eu\/fr\/produit\/alimentation\/huiles-omega\/\",\"name\":\"Les huiles om\u00e9ga d'Amanprana sont 100% bio et v\u00e9gan\",\"isPartOf\":{\"@id\":\"https:\/\/www.amanprana.eu\/fr\/#website\"},\"datePublished\":\"2020-12-30T07:29:18+00:00\",\"dateModified\":\"2022-06-28T15:44:36+00:00\",\"description\":\"Les huiles bio om\u00e9ga 3-6-9 Okinawa d'Amanprana sont 100% \u00e0 base de v\u00e9g\u00e9taux et s'adaptent parfaitement \u00e0 un r\u00e9gime v\u00e9gan. Un bon \u00e9quilibre des dosages quotidiens en om\u00e9ga est un d\u00e9fi consid\u00e9rable pour notre r\u00e9gime alimentaire occidental. Amanprana aide \u00e0 trouver cet \u00e9quilibre.\",\"breadcrumb\":{\"@id\":\"https:\/\/www.amanprana.eu\/fr\/produit\/alimentation\/huiles-omega\/#breadcrumb\"},\"inLanguage\":\"fr-FR\",\"potentialAction\":[{\"@type\":\"ReadAction\",\"target\":[\"https:\/\/www.amanprana.eu\/fr\/produit\/alimentation\/huiles-omega\/\"]}]},{\"@type\":\"BreadcrumbList\",\"@id\":\"https:\/\/www.amanprana.eu\/fr\/produit\/alimentation\/huiles-omega\/#breadcrumb\",\"itemListElement\":[{\"@type\":\"ListItem\",\"position\":1,\"name\":\"Amanprana.eu\",\"item\":\"https:\/\/www.amanprana.eu\/fr\/\"},{\"@type\":\"ListItem\",\"position\":2,\"name\":\"Alimentation\",\"item\":\"https:\/\/www.amanprana.eu\/fr\/produits\/alimentation\/\"},{\"@type\":\"ListItem\",\"position\":3,\"name\":\"Huiles om\u00e9ga\"}]},{\"@type\":\"WebSite\",\"@id\":\"https:\/\/www.amanprana.eu\/fr\/#website\",\"url\":\"https:\/\/www.amanprana.eu\/fr\/\",\"name\":\"Amanprana\",\"description\":\"Serene levenskracht\",\"publisher\":{\"@id\":\"https:\/\/www.amanprana.eu\/fr\/#organization\"},\"potentialAction\":[{\"@type\":\"SearchAction\",\"target\":{\"@type\":\"EntryPoint\",\"urlTemplate\":\"https:\/\/www.amanprana.eu\/fr\/?s={search_term_string}\"},\"query-input\":{\"@type\":\"PropertyValueSpecification\",\"valueRequired\":true,\"valueName\":\"search_term_string\"}}],\"inLanguage\":\"fr-FR\"},{\"@type\":\"Organization\",\"@id\":\"https:\/\/www.amanprana.eu\/fr\/#organization\",\"name\":\"Amanprana\",\"url\":\"https:\/\/www.amanprana.eu\/fr\/\",\"logo\":{\"@type\":\"ImageObject\",\"inLanguage\":\"fr-FR\",\"@id\":\"https:\/\/www.amanprana.eu\/fr\/#\/schema\/logo\/image\/\",\"url\":\"https:\/\/www.amanprana.eu\/wp-content\/uploads\/webres-amanprana-logo.jpg\",\"contentUrl\":\"https:\/\/www.amanprana.eu\/wp-content\/uploads\/webres-amanprana-logo.jpg\",\"width\":300,\"height\":300,\"caption\":\"Amanprana\"},\"image\":{\"@id\":\"https:\/\/www.amanprana.eu\/fr\/#\/schema\/logo\/image\/\"},\"sameAs\":[\"https:\/\/www.facebook.com\/Amanpranaproducts\/\",\"https:\/\/www.instagram.com\/amanprana\/\",\"https:\/\/nl.pinterest.com\/amanprana\/pins\/\"]}]}<\/script>\n<!-- \/ Yoast SEO plugin. -->","yoast_head_json":{"title":"Les huiles om\u00e9ga d'Amanprana sont 100% bio et v\u00e9gan","description":"Les huiles bio om\u00e9ga 3-6-9 Okinawa d'Amanprana sont 100% \u00e0 base de v\u00e9g\u00e9taux et s'adaptent parfaitement \u00e0 un r\u00e9gime v\u00e9gan. Un bon \u00e9quilibre des dosages quotidiens en om\u00e9ga est un d\u00e9fi consid\u00e9rable pour notre r\u00e9gime alimentaire occidental. Amanprana aide \u00e0 trouver cet \u00e9quilibre.","robots":{"index":"index","follow":"follow","max-snippet":"max-snippet:-1","max-image-preview":"max-image-preview:large","max-video-preview":"max-video-preview:-1"},"canonical":"https:\/\/www.amanprana.eu\/fr\/produit\/alimentation\/huiles-omega\/","og_locale":"fr_FR","og_type":"article","og_title":"Les huiles om\u00e9ga d'Amanprana sont 100% bio et v\u00e9gan","og_description":"Les huiles bio om\u00e9ga 3-6-9 Okinawa d'Amanprana sont 100% \u00e0 base de v\u00e9g\u00e9taux et s'adaptent parfaitement \u00e0 un r\u00e9gime v\u00e9gan. Un bon \u00e9quilibre des dosages quotidiens en om\u00e9ga est un d\u00e9fi consid\u00e9rable pour notre r\u00e9gime alimentaire occidental. Amanprana aide \u00e0 trouver cet \u00e9quilibre.","og_url":"https:\/\/www.amanprana.eu\/fr\/produit\/alimentation\/huiles-omega\/","og_site_name":"Amanprana","article_publisher":"https:\/\/www.facebook.com\/Amanpranaproducts\/","article_modified_time":"2022-06-28T15:44:36+00:00","og_image":[{"width":2362,"height":2362,"url":"https:\/\/www.amanprana.eu\/wp-content\/uploads\/hires-amanprana-logo.jpg","type":"image\/jpeg"}],"twitter_card":"summary_large_image","schema":{"@context":"https:\/\/schema.org","@graph":[{"@type":"WebPage","@id":"https:\/\/www.amanprana.eu\/fr\/produit\/alimentation\/huiles-omega\/","url":"https:\/\/www.amanprana.eu\/fr\/produit\/alimentation\/huiles-omega\/","name":"Les huiles om\u00e9ga d'Amanprana sont 100% bio et v\u00e9gan","isPartOf":{"@id":"https:\/\/www.amanprana.eu\/fr\/#website"},"datePublished":"2020-12-30T07:29:18+00:00","dateModified":"2022-06-28T15:44:36+00:00","description":"Les huiles bio om\u00e9ga 3-6-9 Okinawa d'Amanprana sont 100% \u00e0 base de v\u00e9g\u00e9taux et s'adaptent parfaitement \u00e0 un r\u00e9gime v\u00e9gan. Un bon \u00e9quilibre des dosages quotidiens en om\u00e9ga est un d\u00e9fi consid\u00e9rable pour notre r\u00e9gime alimentaire occidental. Amanprana aide \u00e0 trouver cet \u00e9quilibre.","breadcrumb":{"@id":"https:\/\/www.amanprana.eu\/fr\/produit\/alimentation\/huiles-omega\/#breadcrumb"},"inLanguage":"fr-FR","potentialAction":[{"@type":"ReadAction","target":["https:\/\/www.amanprana.eu\/fr\/produit\/alimentation\/huiles-omega\/"]}]},{"@type":"BreadcrumbList","@id":"https:\/\/www.amanprana.eu\/fr\/produit\/alimentation\/huiles-omega\/#breadcrumb","itemListElement":[{"@type":"ListItem","position":1,"name":"Amanprana.eu","item":"https:\/\/www.amanprana.eu\/fr\/"},{"@type":"ListItem","position":2,"name":"Alimentation","item":"https:\/\/www.amanprana.eu\/fr\/produits\/alimentation\/"},{"@type":"ListItem","position":3,"name":"Huiles om\u00e9ga"}]},{"@type":"WebSite","@id":"https:\/\/www.amanprana.eu\/fr\/#website","url":"https:\/\/www.amanprana.eu\/fr\/","name":"Amanprana","description":"Serene levenskracht","publisher":{"@id":"https:\/\/www.amanprana.eu\/fr\/#organization"},"potentialAction":[{"@type":"SearchAction","target":{"@type":"EntryPoint","urlTemplate":"https:\/\/www.amanprana.eu\/fr\/?s={search_term_string}"},"query-input":{"@type":"PropertyValueSpecification","valueRequired":true,"valueName":"search_term_string"}}],"inLanguage":"fr-FR"},{"@type":"Organization","@id":"https:\/\/www.amanprana.eu\/fr\/#organization","name":"Amanprana","url":"https:\/\/www.amanprana.eu\/fr\/","logo":{"@type":"ImageObject","inLanguage":"fr-FR","@id":"https:\/\/www.amanprana.eu\/fr\/#\/schema\/logo\/image\/","url":"https:\/\/www.amanprana.eu\/wp-content\/uploads\/webres-amanprana-logo.jpg","contentUrl":"https:\/\/www.amanprana.eu\/wp-content\/uploads\/webres-amanprana-logo.jpg","width":300,"height":300,"caption":"Amanprana"},"image":{"@id":"https:\/\/www.amanprana.eu\/fr\/#\/schema\/logo\/image\/"},"sameAs":["https:\/\/www.facebook.com\/Amanpranaproducts\/","https:\/\/www.instagram.com\/amanprana\/","https:\/\/nl.pinterest.com\/amanprana\/pins\/"]}]}},"multi-rating":{"mr_rating_results":[]},"_links":{"self":[{"href":"https:\/\/www.amanprana.eu\/fr\/wp-json\/wp\/v2\/product\/60674","targetHints":{"allow":["GET"]}}],"collection":[{"href":"https:\/\/www.amanprana.eu\/fr\/wp-json\/wp\/v2\/product"}],"about":[{"href":"https:\/\/www.amanprana.eu\/fr\/wp-json\/wp\/v2\/types\/product"}],"wp:attachment":[{"href":"https:\/\/www.amanprana.eu\/fr\/wp-json\/wp\/v2\/media?parent=60674"}],"wp:term":[{"taxonomy":"post_tag","embeddable":true,"href":"https:\/\/www.amanprana.eu\/fr\/wp-json\/wp\/v2\/tags?post=60674"},{"taxonomy":"product_category","embeddable":true,"href":"https:\/\/www.amanprana.eu\/fr\/wp-json\/wp\/v2\/product_category?post=60674"}],"curies":[{"name":"wp","href":"https:\/\/api.w.org\/{rel}","templated":true}]}}