

{"id":60695,"date":"2020-12-30T10:59:04","date_gmt":"2020-12-30T09:59:04","guid":{"rendered":"https:\/\/www.amanprana.eu\/product\/%product_category%\/melanges-dherbes-aromatiques\/"},"modified":"2024-10-25T09:39:22","modified_gmt":"2024-10-25T07:39:22","slug":"melanges-dherbes-aromatiques","status":"publish","type":"product","link":"https:\/\/www.amanprana.eu\/fr\/produit\/alimentation\/melanges-dherbes-aromatiques\/","title":{"rendered":"M\u00e9langes d&rsquo;herbes aromatiques"},"template":"","tags":[3024,2264,2263,1570,2207,2205,2206,2265,2262],"product_category":[1611],"class_list":["post-60695","product","type-product","status-publish","hentry","tag-lalimentation-comme-medicament","tag-herbes","tag-melange-depices","tag-melanges-depices","tag-nourriture-naturelle","tag-alimentation-biologique","tag-alimentation","tag-sante","tag-botanico-fr","product_category-alimentation","no-post-thumbnail"],"acf":[],"yoast_head":"<!-- This site is optimized with the Yoast SEO plugin v24.7 - https:\/\/yoast.com\/wordpress\/plugins\/seo\/ -->\n<title>Les m\u00e9langes d&#039;herbes aromatiques sont bio et bons pour ta sant\u00e9 !<\/title>\n<meta name=\"description\" content=\"Les m\u00e9langes d&#039;herbes sont non seulement tr\u00e8s savoureux, mais aussi sp\u00e9cifiques ayant chacune ses propres nutriments et des propri\u00e9t\u00e9s uniques.\" \/>\n<meta name=\"robots\" content=\"index, follow, max-snippet:-1, max-image-preview:large, max-video-preview:-1\" \/>\n<link rel=\"canonical\" href=\"https:\/\/www.amanprana.eu\/fr\/produit\/alimentation\/melanges-dherbes-aromatiques\/\" \/>\n<meta property=\"og:locale\" content=\"fr_FR\" \/>\n<meta property=\"og:type\" content=\"article\" \/>\n<meta property=\"og:title\" content=\"Les m\u00e9langes d&#039;herbes aromatiques sont bio et bons pour ta sant\u00e9 !\" \/>\n<meta property=\"og:description\" content=\"Les m\u00e9langes d&#039;herbes sont non seulement tr\u00e8s savoureux, mais aussi sp\u00e9cifiques ayant chacune ses propres nutriments et des propri\u00e9t\u00e9s uniques.\" \/>\n<meta property=\"og:url\" content=\"https:\/\/www.amanprana.eu\/fr\/produit\/alimentation\/melanges-dherbes-aromatiques\/\" \/>\n<meta property=\"og:site_name\" content=\"Amanprana\" \/>\n<meta property=\"article:publisher\" content=\"https:\/\/www.facebook.com\/Amanpranaproducts\/\" \/>\n<meta property=\"article:modified_time\" content=\"2024-10-25T07:39:22+00:00\" \/>\n<meta property=\"og:image\" content=\"https:\/\/www.amanprana.eu\/wp-content\/uploads\/hires-amanprana-logo.jpg\" \/>\n\t<meta property=\"og:image:width\" content=\"2362\" \/>\n\t<meta property=\"og:image:height\" content=\"2362\" \/>\n\t<meta property=\"og:image:type\" content=\"image\/jpeg\" \/>\n<meta name=\"twitter:card\" content=\"summary_large_image\" \/>\n<script type=\"application\/ld+json\" class=\"yoast-schema-graph\">{\"@context\":\"https:\/\/schema.org\",\"@graph\":[{\"@type\":\"WebPage\",\"@id\":\"https:\/\/www.amanprana.eu\/fr\/produit\/alimentation\/melanges-dherbes-aromatiques\/\",\"url\":\"https:\/\/www.amanprana.eu\/fr\/produit\/alimentation\/melanges-dherbes-aromatiques\/\",\"name\":\"Les m\u00e9langes d'herbes aromatiques sont bio et bons pour ta sant\u00e9 !\",\"isPartOf\":{\"@id\":\"https:\/\/www.amanprana.eu\/fr\/#website\"},\"datePublished\":\"2020-12-30T09:59:04+00:00\",\"dateModified\":\"2024-10-25T07:39:22+00:00\",\"description\":\"Les m\u00e9langes d'herbes sont non seulement tr\u00e8s savoureux, mais aussi sp\u00e9cifiques ayant chacune ses propres nutriments et des propri\u00e9t\u00e9s uniques.\",\"breadcrumb\":{\"@id\":\"https:\/\/www.amanprana.eu\/fr\/produit\/alimentation\/melanges-dherbes-aromatiques\/#breadcrumb\"},\"inLanguage\":\"fr-FR\",\"potentialAction\":[{\"@type\":\"ReadAction\",\"target\":[\"https:\/\/www.amanprana.eu\/fr\/produit\/alimentation\/melanges-dherbes-aromatiques\/\"]}]},{\"@type\":\"BreadcrumbList\",\"@id\":\"https:\/\/www.amanprana.eu\/fr\/produit\/alimentation\/melanges-dherbes-aromatiques\/#breadcrumb\",\"itemListElement\":[{\"@type\":\"ListItem\",\"position\":1,\"name\":\"Amanprana.eu\",\"item\":\"https:\/\/www.amanprana.eu\/fr\/\"},{\"@type\":\"ListItem\",\"position\":2,\"name\":\"Alimentation\",\"item\":\"https:\/\/www.amanprana.eu\/fr\/produits\/alimentation\/\"},{\"@type\":\"ListItem\",\"position\":3,\"name\":\"M\u00e9langes d&#8217;herbes aromatiques\"}]},{\"@type\":\"WebSite\",\"@id\":\"https:\/\/www.amanprana.eu\/fr\/#website\",\"url\":\"https:\/\/www.amanprana.eu\/fr\/\",\"name\":\"Amanprana\",\"description\":\"Serene levenskracht\",\"publisher\":{\"@id\":\"https:\/\/www.amanprana.eu\/fr\/#organization\"},\"potentialAction\":[{\"@type\":\"SearchAction\",\"target\":{\"@type\":\"EntryPoint\",\"urlTemplate\":\"https:\/\/www.amanprana.eu\/fr\/?s={search_term_string}\"},\"query-input\":{\"@type\":\"PropertyValueSpecification\",\"valueRequired\":true,\"valueName\":\"search_term_string\"}}],\"inLanguage\":\"fr-FR\"},{\"@type\":\"Organization\",\"@id\":\"https:\/\/www.amanprana.eu\/fr\/#organization\",\"name\":\"Amanprana\",\"url\":\"https:\/\/www.amanprana.eu\/fr\/\",\"logo\":{\"@type\":\"ImageObject\",\"inLanguage\":\"fr-FR\",\"@id\":\"https:\/\/www.amanprana.eu\/fr\/#\/schema\/logo\/image\/\",\"url\":\"https:\/\/www.amanprana.eu\/wp-content\/uploads\/webres-amanprana-logo.jpg\",\"contentUrl\":\"https:\/\/www.amanprana.eu\/wp-content\/uploads\/webres-amanprana-logo.jpg\",\"width\":300,\"height\":300,\"caption\":\"Amanprana\"},\"image\":{\"@id\":\"https:\/\/www.amanprana.eu\/fr\/#\/schema\/logo\/image\/\"},\"sameAs\":[\"https:\/\/www.facebook.com\/Amanpranaproducts\/\",\"https:\/\/www.instagram.com\/amanprana\/\",\"https:\/\/nl.pinterest.com\/amanprana\/pins\/\"]}]}<\/script>\n<!-- \/ Yoast SEO plugin. -->","yoast_head_json":{"title":"Les m\u00e9langes d'herbes aromatiques sont bio et bons pour ta sant\u00e9 !","description":"Les m\u00e9langes d'herbes sont non seulement tr\u00e8s savoureux, mais aussi sp\u00e9cifiques ayant chacune ses propres nutriments et des propri\u00e9t\u00e9s uniques.","robots":{"index":"index","follow":"follow","max-snippet":"max-snippet:-1","max-image-preview":"max-image-preview:large","max-video-preview":"max-video-preview:-1"},"canonical":"https:\/\/www.amanprana.eu\/fr\/produit\/alimentation\/melanges-dherbes-aromatiques\/","og_locale":"fr_FR","og_type":"article","og_title":"Les m\u00e9langes d'herbes aromatiques sont bio et bons pour ta sant\u00e9 !","og_description":"Les m\u00e9langes d'herbes sont non seulement tr\u00e8s savoureux, mais aussi sp\u00e9cifiques ayant chacune ses propres nutriments et des propri\u00e9t\u00e9s uniques.","og_url":"https:\/\/www.amanprana.eu\/fr\/produit\/alimentation\/melanges-dherbes-aromatiques\/","og_site_name":"Amanprana","article_publisher":"https:\/\/www.facebook.com\/Amanpranaproducts\/","article_modified_time":"2024-10-25T07:39:22+00:00","og_image":[{"width":2362,"height":2362,"url":"https:\/\/www.amanprana.eu\/wp-content\/uploads\/hires-amanprana-logo.jpg","type":"image\/jpeg"}],"twitter_card":"summary_large_image","schema":{"@context":"https:\/\/schema.org","@graph":[{"@type":"WebPage","@id":"https:\/\/www.amanprana.eu\/fr\/produit\/alimentation\/melanges-dherbes-aromatiques\/","url":"https:\/\/www.amanprana.eu\/fr\/produit\/alimentation\/melanges-dherbes-aromatiques\/","name":"Les m\u00e9langes d'herbes aromatiques sont bio et bons pour ta sant\u00e9 !","isPartOf":{"@id":"https:\/\/www.amanprana.eu\/fr\/#website"},"datePublished":"2020-12-30T09:59:04+00:00","dateModified":"2024-10-25T07:39:22+00:00","description":"Les m\u00e9langes d'herbes sont non seulement tr\u00e8s savoureux, mais aussi sp\u00e9cifiques ayant chacune ses propres nutriments et des propri\u00e9t\u00e9s uniques.","breadcrumb":{"@id":"https:\/\/www.amanprana.eu\/fr\/produit\/alimentation\/melanges-dherbes-aromatiques\/#breadcrumb"},"inLanguage":"fr-FR","potentialAction":[{"@type":"ReadAction","target":["https:\/\/www.amanprana.eu\/fr\/produit\/alimentation\/melanges-dherbes-aromatiques\/"]}]},{"@type":"BreadcrumbList","@id":"https:\/\/www.amanprana.eu\/fr\/produit\/alimentation\/melanges-dherbes-aromatiques\/#breadcrumb","itemListElement":[{"@type":"ListItem","position":1,"name":"Amanprana.eu","item":"https:\/\/www.amanprana.eu\/fr\/"},{"@type":"ListItem","position":2,"name":"Alimentation","item":"https:\/\/www.amanprana.eu\/fr\/produits\/alimentation\/"},{"@type":"ListItem","position":3,"name":"M\u00e9langes d&#8217;herbes aromatiques"}]},{"@type":"WebSite","@id":"https:\/\/www.amanprana.eu\/fr\/#website","url":"https:\/\/www.amanprana.eu\/fr\/","name":"Amanprana","description":"Serene levenskracht","publisher":{"@id":"https:\/\/www.amanprana.eu\/fr\/#organization"},"potentialAction":[{"@type":"SearchAction","target":{"@type":"EntryPoint","urlTemplate":"https:\/\/www.amanprana.eu\/fr\/?s={search_term_string}"},"query-input":{"@type":"PropertyValueSpecification","valueRequired":true,"valueName":"search_term_string"}}],"inLanguage":"fr-FR"},{"@type":"Organization","@id":"https:\/\/www.amanprana.eu\/fr\/#organization","name":"Amanprana","url":"https:\/\/www.amanprana.eu\/fr\/","logo":{"@type":"ImageObject","inLanguage":"fr-FR","@id":"https:\/\/www.amanprana.eu\/fr\/#\/schema\/logo\/image\/","url":"https:\/\/www.amanprana.eu\/wp-content\/uploads\/webres-amanprana-logo.jpg","contentUrl":"https:\/\/www.amanprana.eu\/wp-content\/uploads\/webres-amanprana-logo.jpg","width":300,"height":300,"caption":"Amanprana"},"image":{"@id":"https:\/\/www.amanprana.eu\/fr\/#\/schema\/logo\/image\/"},"sameAs":["https:\/\/www.facebook.com\/Amanpranaproducts\/","https:\/\/www.instagram.com\/amanprana\/","https:\/\/nl.pinterest.com\/amanprana\/pins\/"]}]}},"multi-rating":{"mr_rating_results":[]},"_links":{"self":[{"href":"https:\/\/www.amanprana.eu\/fr\/wp-json\/wp\/v2\/product\/60695","targetHints":{"allow":["GET"]}}],"collection":[{"href":"https:\/\/www.amanprana.eu\/fr\/wp-json\/wp\/v2\/product"}],"about":[{"href":"https:\/\/www.amanprana.eu\/fr\/wp-json\/wp\/v2\/types\/product"}],"wp:attachment":[{"href":"https:\/\/www.amanprana.eu\/fr\/wp-json\/wp\/v2\/media?parent=60695"}],"wp:term":[{"taxonomy":"post_tag","embeddable":true,"href":"https:\/\/www.amanprana.eu\/fr\/wp-json\/wp\/v2\/tags?post=60695"},{"taxonomy":"product_category","embeddable":true,"href":"https:\/\/www.amanprana.eu\/fr\/wp-json\/wp\/v2\/product_category?post=60695"}],"curies":[{"name":"wp","href":"https:\/\/api.w.org\/{rel}","templated":true}]}}