

{"id":61035,"date":"2021-01-04T15:03:03","date_gmt":"2021-01-04T14:03:03","guid":{"rendered":"https:\/\/www.amanprana.eu\/product\/%product_category%\/huile-de-soin-pour-enfant\/"},"modified":"2022-01-28T16:16:51","modified_gmt":"2022-01-28T15:16:51","slug":"huile-de-soin-pour-enfant","status":"publish","type":"product","link":"https:\/\/www.amanprana.eu\/fr\/produit\/soins-du-corps\/huile-de-soin-pour-enfant\/","title":{"rendered":"Huile de soin pour enfant"},"template":"","tags":[2103,1844,2106,2105,2104],"product_category":[1615],"class_list":["post-61035","product","type-product","status-publish","hentry","tag-les-enfants","tag-soin-bio","tag-soin-de-la-peau","tag-soins-naturels-de-la-peau","tag-toilettage","product_category-soins-du-corps","no-post-thumbnail"],"acf":[],"yoast_head":"<!-- This site is optimized with the Yoast SEO plugin v24.7 - https:\/\/yoast.com\/wordpress\/plugins\/seo\/ -->\n<title>L&#039;huile de soin pour enfants d&#039;Amanprana est 100% naturelle et bio<\/title>\n<meta name=\"description\" content=\"Babaluna est une huile pour le visage et le corps qui a \u00e9t\u00e9 d\u00e9velopp\u00e9e sp\u00e9cialement pour la peau sensible des enfants. Utilise dans le bain et sous la douche\" \/>\n<meta name=\"robots\" content=\"index, follow, max-snippet:-1, max-image-preview:large, max-video-preview:-1\" \/>\n<link rel=\"canonical\" href=\"https:\/\/www.amanprana.eu\/fr\/produit\/soins-du-corps\/huile-de-soin-pour-enfant\/\" \/>\n<meta property=\"og:locale\" content=\"fr_FR\" \/>\n<meta property=\"og:type\" content=\"article\" \/>\n<meta property=\"og:title\" content=\"L&#039;huile de soin pour enfants d&#039;Amanprana est 100% naturelle et bio\" \/>\n<meta property=\"og:description\" content=\"Babaluna est une huile pour le visage et le corps qui a \u00e9t\u00e9 d\u00e9velopp\u00e9e sp\u00e9cialement pour la peau sensible des enfants. Utilise dans le bain et sous la douche\" \/>\n<meta property=\"og:url\" content=\"https:\/\/www.amanprana.eu\/fr\/produit\/soins-du-corps\/huile-de-soin-pour-enfant\/\" \/>\n<meta property=\"og:site_name\" content=\"Amanprana\" \/>\n<meta property=\"article:publisher\" content=\"https:\/\/www.facebook.com\/Amanpranaproducts\/\" \/>\n<meta property=\"article:modified_time\" content=\"2022-01-28T15:16:51+00:00\" \/>\n<meta property=\"og:image\" content=\"https:\/\/www.amanprana.eu\/wp-content\/uploads\/hires-amanprana-logo.jpg\" \/>\n\t<meta property=\"og:image:width\" content=\"2362\" \/>\n\t<meta property=\"og:image:height\" content=\"2362\" \/>\n\t<meta property=\"og:image:type\" content=\"image\/jpeg\" \/>\n<meta name=\"twitter:card\" content=\"summary_large_image\" \/>\n<script type=\"application\/ld+json\" class=\"yoast-schema-graph\">{\"@context\":\"https:\/\/schema.org\",\"@graph\":[{\"@type\":\"WebPage\",\"@id\":\"https:\/\/www.amanprana.eu\/fr\/produit\/soins-du-corps\/huile-de-soin-pour-enfant\/\",\"url\":\"https:\/\/www.amanprana.eu\/fr\/produit\/soins-du-corps\/huile-de-soin-pour-enfant\/\",\"name\":\"L'huile de soin pour enfants d'Amanprana est 100% naturelle et bio\",\"isPartOf\":{\"@id\":\"https:\/\/www.amanprana.eu\/fr\/#website\"},\"datePublished\":\"2021-01-04T14:03:03+00:00\",\"dateModified\":\"2022-01-28T15:16:51+00:00\",\"description\":\"Babaluna est une huile pour le visage et le corps qui a \u00e9t\u00e9 d\u00e9velopp\u00e9e sp\u00e9cialement pour la peau sensible des enfants. Utilise dans le bain et sous la douche\",\"breadcrumb\":{\"@id\":\"https:\/\/www.amanprana.eu\/fr\/produit\/soins-du-corps\/huile-de-soin-pour-enfant\/#breadcrumb\"},\"inLanguage\":\"fr-FR\",\"potentialAction\":[{\"@type\":\"ReadAction\",\"target\":[\"https:\/\/www.amanprana.eu\/fr\/produit\/soins-du-corps\/huile-de-soin-pour-enfant\/\"]}]},{\"@type\":\"BreadcrumbList\",\"@id\":\"https:\/\/www.amanprana.eu\/fr\/produit\/soins-du-corps\/huile-de-soin-pour-enfant\/#breadcrumb\",\"itemListElement\":[{\"@type\":\"ListItem\",\"position\":1,\"name\":\"Amanprana.eu\",\"item\":\"https:\/\/www.amanprana.eu\/fr\/\"},{\"@type\":\"ListItem\",\"position\":2,\"name\":\"Soins du corps\",\"item\":\"https:\/\/www.amanprana.eu\/fr\/produits\/soins-du-corps\/\"},{\"@type\":\"ListItem\",\"position\":3,\"name\":\"Huile de soin pour enfant\"}]},{\"@type\":\"WebSite\",\"@id\":\"https:\/\/www.amanprana.eu\/fr\/#website\",\"url\":\"https:\/\/www.amanprana.eu\/fr\/\",\"name\":\"Amanprana\",\"description\":\"Serene levenskracht\",\"publisher\":{\"@id\":\"https:\/\/www.amanprana.eu\/fr\/#organization\"},\"potentialAction\":[{\"@type\":\"SearchAction\",\"target\":{\"@type\":\"EntryPoint\",\"urlTemplate\":\"https:\/\/www.amanprana.eu\/fr\/?s={search_term_string}\"},\"query-input\":{\"@type\":\"PropertyValueSpecification\",\"valueRequired\":true,\"valueName\":\"search_term_string\"}}],\"inLanguage\":\"fr-FR\"},{\"@type\":\"Organization\",\"@id\":\"https:\/\/www.amanprana.eu\/fr\/#organization\",\"name\":\"Amanprana\",\"url\":\"https:\/\/www.amanprana.eu\/fr\/\",\"logo\":{\"@type\":\"ImageObject\",\"inLanguage\":\"fr-FR\",\"@id\":\"https:\/\/www.amanprana.eu\/fr\/#\/schema\/logo\/image\/\",\"url\":\"https:\/\/www.amanprana.eu\/wp-content\/uploads\/webres-amanprana-logo.jpg\",\"contentUrl\":\"https:\/\/www.amanprana.eu\/wp-content\/uploads\/webres-amanprana-logo.jpg\",\"width\":300,\"height\":300,\"caption\":\"Amanprana\"},\"image\":{\"@id\":\"https:\/\/www.amanprana.eu\/fr\/#\/schema\/logo\/image\/\"},\"sameAs\":[\"https:\/\/www.facebook.com\/Amanpranaproducts\/\",\"https:\/\/www.instagram.com\/amanprana\/\",\"https:\/\/nl.pinterest.com\/amanprana\/pins\/\"]}]}<\/script>\n<!-- \/ Yoast SEO plugin. -->","yoast_head_json":{"title":"L'huile de soin pour enfants d'Amanprana est 100% naturelle et bio","description":"Babaluna est une huile pour le visage et le corps qui a \u00e9t\u00e9 d\u00e9velopp\u00e9e sp\u00e9cialement pour la peau sensible des enfants. Utilise dans le bain et sous la douche","robots":{"index":"index","follow":"follow","max-snippet":"max-snippet:-1","max-image-preview":"max-image-preview:large","max-video-preview":"max-video-preview:-1"},"canonical":"https:\/\/www.amanprana.eu\/fr\/produit\/soins-du-corps\/huile-de-soin-pour-enfant\/","og_locale":"fr_FR","og_type":"article","og_title":"L'huile de soin pour enfants d'Amanprana est 100% naturelle et bio","og_description":"Babaluna est une huile pour le visage et le corps qui a \u00e9t\u00e9 d\u00e9velopp\u00e9e sp\u00e9cialement pour la peau sensible des enfants. Utilise dans le bain et sous la douche","og_url":"https:\/\/www.amanprana.eu\/fr\/produit\/soins-du-corps\/huile-de-soin-pour-enfant\/","og_site_name":"Amanprana","article_publisher":"https:\/\/www.facebook.com\/Amanpranaproducts\/","article_modified_time":"2022-01-28T15:16:51+00:00","og_image":[{"width":2362,"height":2362,"url":"https:\/\/www.amanprana.eu\/wp-content\/uploads\/hires-amanprana-logo.jpg","type":"image\/jpeg"}],"twitter_card":"summary_large_image","schema":{"@context":"https:\/\/schema.org","@graph":[{"@type":"WebPage","@id":"https:\/\/www.amanprana.eu\/fr\/produit\/soins-du-corps\/huile-de-soin-pour-enfant\/","url":"https:\/\/www.amanprana.eu\/fr\/produit\/soins-du-corps\/huile-de-soin-pour-enfant\/","name":"L'huile de soin pour enfants d'Amanprana est 100% naturelle et bio","isPartOf":{"@id":"https:\/\/www.amanprana.eu\/fr\/#website"},"datePublished":"2021-01-04T14:03:03+00:00","dateModified":"2022-01-28T15:16:51+00:00","description":"Babaluna est une huile pour le visage et le corps qui a \u00e9t\u00e9 d\u00e9velopp\u00e9e sp\u00e9cialement pour la peau sensible des enfants. Utilise dans le bain et sous la douche","breadcrumb":{"@id":"https:\/\/www.amanprana.eu\/fr\/produit\/soins-du-corps\/huile-de-soin-pour-enfant\/#breadcrumb"},"inLanguage":"fr-FR","potentialAction":[{"@type":"ReadAction","target":["https:\/\/www.amanprana.eu\/fr\/produit\/soins-du-corps\/huile-de-soin-pour-enfant\/"]}]},{"@type":"BreadcrumbList","@id":"https:\/\/www.amanprana.eu\/fr\/produit\/soins-du-corps\/huile-de-soin-pour-enfant\/#breadcrumb","itemListElement":[{"@type":"ListItem","position":1,"name":"Amanprana.eu","item":"https:\/\/www.amanprana.eu\/fr\/"},{"@type":"ListItem","position":2,"name":"Soins du corps","item":"https:\/\/www.amanprana.eu\/fr\/produits\/soins-du-corps\/"},{"@type":"ListItem","position":3,"name":"Huile de soin pour enfant"}]},{"@type":"WebSite","@id":"https:\/\/www.amanprana.eu\/fr\/#website","url":"https:\/\/www.amanprana.eu\/fr\/","name":"Amanprana","description":"Serene levenskracht","publisher":{"@id":"https:\/\/www.amanprana.eu\/fr\/#organization"},"potentialAction":[{"@type":"SearchAction","target":{"@type":"EntryPoint","urlTemplate":"https:\/\/www.amanprana.eu\/fr\/?s={search_term_string}"},"query-input":{"@type":"PropertyValueSpecification","valueRequired":true,"valueName":"search_term_string"}}],"inLanguage":"fr-FR"},{"@type":"Organization","@id":"https:\/\/www.amanprana.eu\/fr\/#organization","name":"Amanprana","url":"https:\/\/www.amanprana.eu\/fr\/","logo":{"@type":"ImageObject","inLanguage":"fr-FR","@id":"https:\/\/www.amanprana.eu\/fr\/#\/schema\/logo\/image\/","url":"https:\/\/www.amanprana.eu\/wp-content\/uploads\/webres-amanprana-logo.jpg","contentUrl":"https:\/\/www.amanprana.eu\/wp-content\/uploads\/webres-amanprana-logo.jpg","width":300,"height":300,"caption":"Amanprana"},"image":{"@id":"https:\/\/www.amanprana.eu\/fr\/#\/schema\/logo\/image\/"},"sameAs":["https:\/\/www.facebook.com\/Amanpranaproducts\/","https:\/\/www.instagram.com\/amanprana\/","https:\/\/nl.pinterest.com\/amanprana\/pins\/"]}]}},"multi-rating":{"mr_rating_results":[]},"_links":{"self":[{"href":"https:\/\/www.amanprana.eu\/fr\/wp-json\/wp\/v2\/product\/61035","targetHints":{"allow":["GET"]}}],"collection":[{"href":"https:\/\/www.amanprana.eu\/fr\/wp-json\/wp\/v2\/product"}],"about":[{"href":"https:\/\/www.amanprana.eu\/fr\/wp-json\/wp\/v2\/types\/product"}],"wp:attachment":[{"href":"https:\/\/www.amanprana.eu\/fr\/wp-json\/wp\/v2\/media?parent=61035"}],"wp:term":[{"taxonomy":"post_tag","embeddable":true,"href":"https:\/\/www.amanprana.eu\/fr\/wp-json\/wp\/v2\/tags?post=61035"},{"taxonomy":"product_category","embeddable":true,"href":"https:\/\/www.amanprana.eu\/fr\/wp-json\/wp\/v2\/product_category?post=61035"}],"curies":[{"name":"wp","href":"https:\/\/api.w.org\/{rel}","templated":true}]}}