

{"id":74812,"date":"2022-04-28T15:10:53","date_gmt":"2022-04-28T13:10:53","guid":{"rendered":"https:\/\/www.amanprana.eu\/product\/%product_category%\/boissons-rooibos\/"},"modified":"2025-04-24T10:22:40","modified_gmt":"2025-04-24T08:22:40","slug":"latte-lakritzrooibos","status":"publish","type":"product","link":"https:\/\/www.amanprana.eu\/fr\/produit\/alimentation\/latte-lakritzrooibos\/","title":{"rendered":"Latte Lakritz &#038; Rooibos"},"template":"","tags":[4041,3145],"product_category":[1611],"class_list":["post-74812","product","type-product","status-publish","hentry","tag-boissons-rooibos","tag-rooibos-fr","product_category-alimentation","no-post-thumbnail"],"acf":[],"yoast_head":"<!-- This site is optimized with the Yoast SEO plugin v24.7 - https:\/\/yoast.com\/wordpress\/plugins\/seo\/ -->\n<title>D\u00e9couvrez le Latte Lakritz &amp; Rooibos d&#039;Amanprana<\/title>\n<meta name=\"description\" content=\"Le rooibos est hydratant et a un go\u00fbt naturellement plus doux que le th\u00e9 vert ou noir. Le Rooibos d&#039;Amanprana est certifi\u00e9 biologique.\" \/>\n<meta name=\"robots\" content=\"index, follow, max-snippet:-1, max-image-preview:large, max-video-preview:-1\" \/>\n<link rel=\"canonical\" href=\"https:\/\/www.amanprana.eu\/fr\/produit\/alimentation\/latte-lakritzrooibos\/\" \/>\n<meta property=\"og:locale\" content=\"fr_FR\" \/>\n<meta property=\"og:type\" content=\"article\" \/>\n<meta property=\"og:title\" content=\"D\u00e9couvrez le Latte Lakritz &amp; Rooibos d&#039;Amanprana\" \/>\n<meta property=\"og:description\" content=\"Le rooibos est hydratant et a un go\u00fbt naturellement plus doux que le th\u00e9 vert ou noir. Le Rooibos d&#039;Amanprana est certifi\u00e9 biologique.\" \/>\n<meta property=\"og:url\" content=\"https:\/\/www.amanprana.eu\/fr\/produit\/alimentation\/latte-lakritzrooibos\/\" \/>\n<meta property=\"og:site_name\" content=\"Amanprana\" \/>\n<meta property=\"article:publisher\" content=\"https:\/\/www.facebook.com\/Amanpranaproducts\/\" \/>\n<meta property=\"article:modified_time\" content=\"2025-04-24T08:22:40+00:00\" \/>\n<meta property=\"og:image\" content=\"https:\/\/www.amanprana.eu\/wp-content\/uploads\/hires-amanprana-logo.jpg\" \/>\n\t<meta property=\"og:image:width\" content=\"2362\" \/>\n\t<meta property=\"og:image:height\" content=\"2362\" \/>\n\t<meta property=\"og:image:type\" content=\"image\/jpeg\" \/>\n<meta name=\"twitter:card\" content=\"summary_large_image\" \/>\n<script type=\"application\/ld+json\" class=\"yoast-schema-graph\">{\"@context\":\"https:\/\/schema.org\",\"@graph\":[{\"@type\":\"WebPage\",\"@id\":\"https:\/\/www.amanprana.eu\/fr\/produit\/alimentation\/latte-lakritzrooibos\/\",\"url\":\"https:\/\/www.amanprana.eu\/fr\/produit\/alimentation\/latte-lakritzrooibos\/\",\"name\":\"D\u00e9couvrez le Latte Lakritz & Rooibos d'Amanprana\",\"isPartOf\":{\"@id\":\"https:\/\/www.amanprana.eu\/fr\/#website\"},\"datePublished\":\"2022-04-28T13:10:53+00:00\",\"dateModified\":\"2025-04-24T08:22:40+00:00\",\"description\":\"Le rooibos est hydratant et a un go\u00fbt naturellement plus doux que le th\u00e9 vert ou noir. Le Rooibos d'Amanprana est certifi\u00e9 biologique.\",\"breadcrumb\":{\"@id\":\"https:\/\/www.amanprana.eu\/fr\/produit\/alimentation\/latte-lakritzrooibos\/#breadcrumb\"},\"inLanguage\":\"fr-FR\",\"potentialAction\":[{\"@type\":\"ReadAction\",\"target\":[\"https:\/\/www.amanprana.eu\/fr\/produit\/alimentation\/latte-lakritzrooibos\/\"]}]},{\"@type\":\"BreadcrumbList\",\"@id\":\"https:\/\/www.amanprana.eu\/fr\/produit\/alimentation\/latte-lakritzrooibos\/#breadcrumb\",\"itemListElement\":[{\"@type\":\"ListItem\",\"position\":1,\"name\":\"Amanprana.eu\",\"item\":\"https:\/\/www.amanprana.eu\/fr\/\"},{\"@type\":\"ListItem\",\"position\":2,\"name\":\"Alimentation\",\"item\":\"https:\/\/www.amanprana.eu\/fr\/produits\/alimentation\/\"},{\"@type\":\"ListItem\",\"position\":3,\"name\":\"Latte Lakritz &#038; Rooibos\"}]},{\"@type\":\"WebSite\",\"@id\":\"https:\/\/www.amanprana.eu\/fr\/#website\",\"url\":\"https:\/\/www.amanprana.eu\/fr\/\",\"name\":\"Amanprana\",\"description\":\"Serene levenskracht\",\"publisher\":{\"@id\":\"https:\/\/www.amanprana.eu\/fr\/#organization\"},\"potentialAction\":[{\"@type\":\"SearchAction\",\"target\":{\"@type\":\"EntryPoint\",\"urlTemplate\":\"https:\/\/www.amanprana.eu\/fr\/?s={search_term_string}\"},\"query-input\":{\"@type\":\"PropertyValueSpecification\",\"valueRequired\":true,\"valueName\":\"search_term_string\"}}],\"inLanguage\":\"fr-FR\"},{\"@type\":\"Organization\",\"@id\":\"https:\/\/www.amanprana.eu\/fr\/#organization\",\"name\":\"Amanprana\",\"url\":\"https:\/\/www.amanprana.eu\/fr\/\",\"logo\":{\"@type\":\"ImageObject\",\"inLanguage\":\"fr-FR\",\"@id\":\"https:\/\/www.amanprana.eu\/fr\/#\/schema\/logo\/image\/\",\"url\":\"https:\/\/www.amanprana.eu\/wp-content\/uploads\/webres-amanprana-logo.jpg\",\"contentUrl\":\"https:\/\/www.amanprana.eu\/wp-content\/uploads\/webres-amanprana-logo.jpg\",\"width\":300,\"height\":300,\"caption\":\"Amanprana\"},\"image\":{\"@id\":\"https:\/\/www.amanprana.eu\/fr\/#\/schema\/logo\/image\/\"},\"sameAs\":[\"https:\/\/www.facebook.com\/Amanpranaproducts\/\",\"https:\/\/www.instagram.com\/amanprana\/\",\"https:\/\/nl.pinterest.com\/amanprana\/pins\/\"]}]}<\/script>\n<!-- \/ Yoast SEO plugin. -->","yoast_head_json":{"title":"D\u00e9couvrez le Latte Lakritz & Rooibos d'Amanprana","description":"Le rooibos est hydratant et a un go\u00fbt naturellement plus doux que le th\u00e9 vert ou noir. Le Rooibos d'Amanprana est certifi\u00e9 biologique.","robots":{"index":"index","follow":"follow","max-snippet":"max-snippet:-1","max-image-preview":"max-image-preview:large","max-video-preview":"max-video-preview:-1"},"canonical":"https:\/\/www.amanprana.eu\/fr\/produit\/alimentation\/latte-lakritzrooibos\/","og_locale":"fr_FR","og_type":"article","og_title":"D\u00e9couvrez le Latte Lakritz & Rooibos d'Amanprana","og_description":"Le rooibos est hydratant et a un go\u00fbt naturellement plus doux que le th\u00e9 vert ou noir. Le Rooibos d'Amanprana est certifi\u00e9 biologique.","og_url":"https:\/\/www.amanprana.eu\/fr\/produit\/alimentation\/latte-lakritzrooibos\/","og_site_name":"Amanprana","article_publisher":"https:\/\/www.facebook.com\/Amanpranaproducts\/","article_modified_time":"2025-04-24T08:22:40+00:00","og_image":[{"width":2362,"height":2362,"url":"https:\/\/www.amanprana.eu\/wp-content\/uploads\/hires-amanprana-logo.jpg","type":"image\/jpeg"}],"twitter_card":"summary_large_image","schema":{"@context":"https:\/\/schema.org","@graph":[{"@type":"WebPage","@id":"https:\/\/www.amanprana.eu\/fr\/produit\/alimentation\/latte-lakritzrooibos\/","url":"https:\/\/www.amanprana.eu\/fr\/produit\/alimentation\/latte-lakritzrooibos\/","name":"D\u00e9couvrez le Latte Lakritz & Rooibos d'Amanprana","isPartOf":{"@id":"https:\/\/www.amanprana.eu\/fr\/#website"},"datePublished":"2022-04-28T13:10:53+00:00","dateModified":"2025-04-24T08:22:40+00:00","description":"Le rooibos est hydratant et a un go\u00fbt naturellement plus doux que le th\u00e9 vert ou noir. Le Rooibos d'Amanprana est certifi\u00e9 biologique.","breadcrumb":{"@id":"https:\/\/www.amanprana.eu\/fr\/produit\/alimentation\/latte-lakritzrooibos\/#breadcrumb"},"inLanguage":"fr-FR","potentialAction":[{"@type":"ReadAction","target":["https:\/\/www.amanprana.eu\/fr\/produit\/alimentation\/latte-lakritzrooibos\/"]}]},{"@type":"BreadcrumbList","@id":"https:\/\/www.amanprana.eu\/fr\/produit\/alimentation\/latte-lakritzrooibos\/#breadcrumb","itemListElement":[{"@type":"ListItem","position":1,"name":"Amanprana.eu","item":"https:\/\/www.amanprana.eu\/fr\/"},{"@type":"ListItem","position":2,"name":"Alimentation","item":"https:\/\/www.amanprana.eu\/fr\/produits\/alimentation\/"},{"@type":"ListItem","position":3,"name":"Latte Lakritz &#038; Rooibos"}]},{"@type":"WebSite","@id":"https:\/\/www.amanprana.eu\/fr\/#website","url":"https:\/\/www.amanprana.eu\/fr\/","name":"Amanprana","description":"Serene levenskracht","publisher":{"@id":"https:\/\/www.amanprana.eu\/fr\/#organization"},"potentialAction":[{"@type":"SearchAction","target":{"@type":"EntryPoint","urlTemplate":"https:\/\/www.amanprana.eu\/fr\/?s={search_term_string}"},"query-input":{"@type":"PropertyValueSpecification","valueRequired":true,"valueName":"search_term_string"}}],"inLanguage":"fr-FR"},{"@type":"Organization","@id":"https:\/\/www.amanprana.eu\/fr\/#organization","name":"Amanprana","url":"https:\/\/www.amanprana.eu\/fr\/","logo":{"@type":"ImageObject","inLanguage":"fr-FR","@id":"https:\/\/www.amanprana.eu\/fr\/#\/schema\/logo\/image\/","url":"https:\/\/www.amanprana.eu\/wp-content\/uploads\/webres-amanprana-logo.jpg","contentUrl":"https:\/\/www.amanprana.eu\/wp-content\/uploads\/webres-amanprana-logo.jpg","width":300,"height":300,"caption":"Amanprana"},"image":{"@id":"https:\/\/www.amanprana.eu\/fr\/#\/schema\/logo\/image\/"},"sameAs":["https:\/\/www.facebook.com\/Amanpranaproducts\/","https:\/\/www.instagram.com\/amanprana\/","https:\/\/nl.pinterest.com\/amanprana\/pins\/"]}]}},"multi-rating":{"mr_rating_results":[]},"_links":{"self":[{"href":"https:\/\/www.amanprana.eu\/fr\/wp-json\/wp\/v2\/product\/74812","targetHints":{"allow":["GET"]}}],"collection":[{"href":"https:\/\/www.amanprana.eu\/fr\/wp-json\/wp\/v2\/product"}],"about":[{"href":"https:\/\/www.amanprana.eu\/fr\/wp-json\/wp\/v2\/types\/product"}],"wp:attachment":[{"href":"https:\/\/www.amanprana.eu\/fr\/wp-json\/wp\/v2\/media?parent=74812"}],"wp:term":[{"taxonomy":"post_tag","embeddable":true,"href":"https:\/\/www.amanprana.eu\/fr\/wp-json\/wp\/v2\/tags?post=74812"},{"taxonomy":"product_category","embeddable":true,"href":"https:\/\/www.amanprana.eu\/fr\/wp-json\/wp\/v2\/product_category?post=74812"}],"curies":[{"name":"wp","href":"https:\/\/api.w.org\/{rel}","templated":true}]}}