

{"id":46882,"date":"2019-05-09T12:00:29","date_gmt":"2019-05-09T10:00:29","guid":{"rendered":"https:\/\/www.amanprana.eu\/amanprana-okologisk\/"},"modified":"2022-06-29T18:38:27","modified_gmt":"2022-06-29T16:38:27","slug":"amanprana-okologisk","status":"publish","type":"page","link":"https:\/\/www.amanprana.eu\/nb\/filosofi\/amanprana-okologisk\/","title":{"rendered":"\u00d8kologiske Amanprana"},"content":{"rendered":"\n<p>Amanprana deler id\u00e9ene til Hippokrates om at \u2018Mat er medisin\u2019. Amanprana har alltid v\u00e6rt stolte over \u00e5 v\u00e6re organiske, siden sunne matvaner er gode for b\u00e5de kropp og sjel. For \u00e5 opprettholde god helse er det avgj\u00f8rende med et sunt kosthold. Hos Amanprana tar vi til takke med det naturen gir til oss. Raffinerte matvareprodukter skaper mange kvaler i Vesten, og fremmer d\u00e5rlige helsevaner. Nettopp av denne grunn er Amanprana 100 % \u00f8kologiske. B\u00e5de med\u00a0<em><a href=\"https:\/\/www.amanprana.eu\/nb\/produkter\/matvarer\/\">matvareproduktene v\u00e5re<\/a><\/em>, hvor vi ser p\u00e5 \u2018Mat som medisin\u2019, og\u00a0<em><a href=\"https:\/\/www.amanprana.eu\/nb\/produkter\/kroppspleie\/\">kroppspleieproduktene<\/a><\/em>, hvor vi mener at \u2018Man ikke sm\u00f8rer p\u00e5 huden det man ikke ville spist\u2019.<\/p>\n\n<h2 class=\"wp-block-heading\">Hva er \u00f8ko? En forklaring av \u00f8kologisk mat og \u00f8kologiske produkter<\/h2>\n<div class=\"wp-block-image wp-image-46884 size-medium\">\n<figure class=\"alignright\"><img decoding=\"async\" width=\"300\" height=\"199\" src=\"https:\/\/www.amanprana.eu\/wp-content\/uploads\/\/Europees-Keurmerk-Biologisch-eten-Amanprana-300x199.jpg\" alt=\"Amanprana har det europeiske kvalitetsmerket for &#xF8;kologisk mat\" class=\"wp-image-46884\" srcset=\"https:\/\/www.amanprana.eu\/wp-content\/uploads\/Europees-Keurmerk-Biologisch-eten-Amanprana-300x199.jpg 300w, https:\/\/www.amanprana.eu\/wp-content\/uploads\/Europees-Keurmerk-Biologisch-eten-Amanprana-100x66.jpg 100w, https:\/\/www.amanprana.eu\/wp-content\/uploads\/Europees-Keurmerk-Biologisch-eten-Amanprana.jpg 498w\" sizes=\"(max-width: 300px) 100vw, 300px\" \/><figcaption>\u00d8kologisk sertifisering i Europa<\/figcaption><\/figure><\/div>\n<p>Hos Amanprana h\u00e5ndterer vi kun 100 % \u00f8kologiske produkter. Men hva betyr egentlig \u00f8kologisk? \u00d8kologiske produkter kommer fra et \u00f8kologisk landbruk. Dette inneb\u00e6rer landbruk med respekt for b\u00e5de naturen og dyrene. De som velger \u00f8kologiske produkter, velger milj\u00f8- og dyrevennlige produksjonsmetoder. Tiln\u00e6rmingsmetoden til \u00f8kologisk landbruk er \u00e5 mate jorda, ikke planten. Et \u00f8kologisk landbruk anvender ikke kjemiske plantevernmidler, gj\u00f8dsel eller forebyggende antibiotika. Det blir heller ikke benyttet genetisk modifiserte organismer. P\u00e5 denne m\u00e5ten har maten det sterkeste b\u00e5ndet med naturen.<\/p>\n\n<h2 class=\"wp-block-heading\">Amanprana 100 % \u00f8kologiske matvarer og kroppspleieprodukter<\/h2>\n\n<p>\u00d8kologisk sertifisert i Europa. Kvalitetsmerker for \u00f8kologisk mat og \u00f8kologiske produkter. Bedrifter som \u00f8nsker \u00e5 representere det \u00f8kologiske m\u00e5 v\u00e6re i besittelse av sertifikater som kun utstedes n\u00e5r strenge betingelser er oppfylte. Hos Amanprana er alle produkter 100 % \u00f8kologiske og sertifiserte.&#13;\n&#13;\n<\/p>\n","protected":false},"excerpt":{"rendered":"<p>Amanprana deler id\u00e9ene til Hippokrates om at \u2018Mat er medisin\u2019. Amanprana har alltid v\u00e6rt stolte over \u00e5 v\u00e6re organiske, siden sunne matvaner er gode for b\u00e5de kropp og sjel. For &#8230;<\/p>\n","protected":false},"author":9,"featured_media":46884,"parent":48697,"menu_order":24,"comment_status":"closed","ping_status":"closed","template":"","meta":{"_acf_changed":false,"rating_form_position":"","rating_results_position":"","mr_structured_data_type":"","footnotes":""},"class_list":["post-46882","page","type-page","status-publish","has-post-thumbnail","hentry"],"acf":[],"yoast_head":"<!-- This site is optimized with the Yoast SEO plugin v24.7 - https:\/\/yoast.com\/wordpress\/plugins\/seo\/ -->\n<title>100% \u00f8kologisk og naturlig mat og omsorg<\/title>\n<meta name=\"description\" content=\"Amanpranas produkter er 100 % \u00f8kologiske. I tillegg til \u00f8kologiske matvarer, tilbyr vi ogs\u00e5 \u00f8kologiske kroppspleieprodukter. \u00d8kologisk mat er ikke bare sunt, men ogs\u00e5 sv\u00e6rt velsmakende\" \/>\n<meta name=\"robots\" content=\"index, follow, max-snippet:-1, max-image-preview:large, max-video-preview:-1\" \/>\n<link rel=\"canonical\" href=\"https:\/\/www.amanprana.eu\/nb\/filosofi\/amanprana-okologisk\/\" \/>\n<meta property=\"og:locale\" content=\"nb_NO\" \/>\n<meta property=\"og:type\" content=\"article\" \/>\n<meta property=\"og:title\" content=\"100% \u00f8kologisk og naturlig mat og omsorg\" \/>\n<meta property=\"og:description\" content=\"Amanpranas produkter er 100 % \u00f8kologiske. I tillegg til \u00f8kologiske matvarer, tilbyr vi ogs\u00e5 \u00f8kologiske kroppspleieprodukter. \u00d8kologisk mat er ikke bare sunt, men ogs\u00e5 sv\u00e6rt velsmakende\" \/>\n<meta property=\"og:url\" content=\"https:\/\/www.amanprana.eu\/nb\/filosofi\/amanprana-okologisk\/\" \/>\n<meta property=\"og:site_name\" content=\"Amanprana\" \/>\n<meta property=\"article:publisher\" content=\"https:\/\/www.facebook.com\/Amanpranaproducts\/\" \/>\n<meta property=\"article:modified_time\" content=\"2022-06-29T16:38:27+00:00\" \/>\n<meta property=\"og:image\" content=\"https:\/\/www.amanprana.eu\/wp-content\/uploads\/Europees-Keurmerk-Biologisch-eten-Amanprana.jpg\" \/>\n\t<meta property=\"og:image:width\" content=\"498\" \/>\n\t<meta property=\"og:image:height\" content=\"330\" \/>\n\t<meta property=\"og:image:type\" content=\"image\/jpeg\" \/>\n<meta name=\"twitter:card\" content=\"summary_large_image\" \/>\n<meta name=\"twitter:label1\" content=\"Ansl. lesetid\" \/>\n\t<meta name=\"twitter:data1\" content=\"1 minutt\" \/>\n<script type=\"application\/ld+json\" class=\"yoast-schema-graph\">{\"@context\":\"https:\/\/schema.org\",\"@graph\":[{\"@type\":\"WebPage\",\"@id\":\"https:\/\/www.amanprana.eu\/nb\/filosofi\/amanprana-okologisk\/\",\"url\":\"https:\/\/www.amanprana.eu\/nb\/filosofi\/amanprana-okologisk\/\",\"name\":\"100% \u00f8kologisk og naturlig mat og omsorg\",\"isPartOf\":{\"@id\":\"https:\/\/www.amanprana.eu\/nb\/#website\"},\"primaryImageOfPage\":{\"@id\":\"https:\/\/www.amanprana.eu\/nb\/filosofi\/amanprana-okologisk\/#primaryimage\"},\"image\":{\"@id\":\"https:\/\/www.amanprana.eu\/nb\/filosofi\/amanprana-okologisk\/#primaryimage\"},\"thumbnailUrl\":\"https:\/\/www.amanprana.eu\/wp-content\/uploads\/Europees-Keurmerk-Biologisch-eten-Amanprana.jpg\",\"datePublished\":\"2019-05-09T10:00:29+00:00\",\"dateModified\":\"2022-06-29T16:38:27+00:00\",\"description\":\"Amanpranas produkter er 100 % \u00f8kologiske. I tillegg til \u00f8kologiske matvarer, tilbyr vi ogs\u00e5 \u00f8kologiske kroppspleieprodukter. \u00d8kologisk mat er ikke bare sunt, men ogs\u00e5 sv\u00e6rt velsmakende\",\"breadcrumb\":{\"@id\":\"https:\/\/www.amanprana.eu\/nb\/filosofi\/amanprana-okologisk\/#breadcrumb\"},\"inLanguage\":\"nb-NO\",\"potentialAction\":[{\"@type\":\"ReadAction\",\"target\":[\"https:\/\/www.amanprana.eu\/nb\/filosofi\/amanprana-okologisk\/\"]}]},{\"@type\":\"ImageObject\",\"inLanguage\":\"nb-NO\",\"@id\":\"https:\/\/www.amanprana.eu\/nb\/filosofi\/amanprana-okologisk\/#primaryimage\",\"url\":\"https:\/\/www.amanprana.eu\/wp-content\/uploads\/Europees-Keurmerk-Biologisch-eten-Amanprana.jpg\",\"contentUrl\":\"https:\/\/www.amanprana.eu\/wp-content\/uploads\/Europees-Keurmerk-Biologisch-eten-Amanprana.jpg\",\"width\":498,\"height\":330,\"caption\":\"\u00d8kologisk sertifisering i Europa\"},{\"@type\":\"BreadcrumbList\",\"@id\":\"https:\/\/www.amanprana.eu\/nb\/filosofi\/amanprana-okologisk\/#breadcrumb\",\"itemListElement\":[{\"@type\":\"ListItem\",\"position\":1,\"name\":\"Amanprana.eu\",\"item\":\"https:\/\/www.amanprana.eu\/nb\/\"},{\"@type\":\"ListItem\",\"position\":2,\"name\":\"Filosofi\",\"item\":\"https:\/\/www.amanprana.eu\/nb\/filosofi\/\"},{\"@type\":\"ListItem\",\"position\":3,\"name\":\"\u00d8kologiske Amanprana\"}]},{\"@type\":\"WebSite\",\"@id\":\"https:\/\/www.amanprana.eu\/nb\/#website\",\"url\":\"https:\/\/www.amanprana.eu\/nb\/\",\"name\":\"Amanprana\",\"description\":\"Serene levenskracht\",\"publisher\":{\"@id\":\"https:\/\/www.amanprana.eu\/nb\/#organization\"},\"potentialAction\":[{\"@type\":\"SearchAction\",\"target\":{\"@type\":\"EntryPoint\",\"urlTemplate\":\"https:\/\/www.amanprana.eu\/nb\/?s={search_term_string}\"},\"query-input\":{\"@type\":\"PropertyValueSpecification\",\"valueRequired\":true,\"valueName\":\"search_term_string\"}}],\"inLanguage\":\"nb-NO\"},{\"@type\":\"Organization\",\"@id\":\"https:\/\/www.amanprana.eu\/nb\/#organization\",\"name\":\"Amanprana\",\"url\":\"https:\/\/www.amanprana.eu\/nb\/\",\"logo\":{\"@type\":\"ImageObject\",\"inLanguage\":\"nb-NO\",\"@id\":\"https:\/\/www.amanprana.eu\/nb\/#\/schema\/logo\/image\/\",\"url\":\"https:\/\/www.amanprana.eu\/wp-content\/uploads\/webres-amanprana-logo.jpg\",\"contentUrl\":\"https:\/\/www.amanprana.eu\/wp-content\/uploads\/webres-amanprana-logo.jpg\",\"width\":300,\"height\":300,\"caption\":\"Amanprana\"},\"image\":{\"@id\":\"https:\/\/www.amanprana.eu\/nb\/#\/schema\/logo\/image\/\"},\"sameAs\":[\"https:\/\/www.facebook.com\/Amanpranaproducts\/\",\"https:\/\/www.instagram.com\/amanprana\/\",\"https:\/\/nl.pinterest.com\/amanprana\/pins\/\"]}]}<\/script>\n<!-- \/ Yoast SEO plugin. -->","yoast_head_json":{"title":"100% \u00f8kologisk og naturlig mat og omsorg","description":"Amanpranas produkter er 100 % \u00f8kologiske. I tillegg til \u00f8kologiske matvarer, tilbyr vi ogs\u00e5 \u00f8kologiske kroppspleieprodukter. \u00d8kologisk mat er ikke bare sunt, men ogs\u00e5 sv\u00e6rt velsmakende","robots":{"index":"index","follow":"follow","max-snippet":"max-snippet:-1","max-image-preview":"max-image-preview:large","max-video-preview":"max-video-preview:-1"},"canonical":"https:\/\/www.amanprana.eu\/nb\/filosofi\/amanprana-okologisk\/","og_locale":"nb_NO","og_type":"article","og_title":"100% \u00f8kologisk og naturlig mat og omsorg","og_description":"Amanpranas produkter er 100 % \u00f8kologiske. I tillegg til \u00f8kologiske matvarer, tilbyr vi ogs\u00e5 \u00f8kologiske kroppspleieprodukter. \u00d8kologisk mat er ikke bare sunt, men ogs\u00e5 sv\u00e6rt velsmakende","og_url":"https:\/\/www.amanprana.eu\/nb\/filosofi\/amanprana-okologisk\/","og_site_name":"Amanprana","article_publisher":"https:\/\/www.facebook.com\/Amanpranaproducts\/","article_modified_time":"2022-06-29T16:38:27+00:00","og_image":[{"width":498,"height":330,"url":"https:\/\/www.amanprana.eu\/wp-content\/uploads\/Europees-Keurmerk-Biologisch-eten-Amanprana.jpg","type":"image\/jpeg"}],"twitter_card":"summary_large_image","twitter_misc":{"Ansl. lesetid":"1 minutt"},"schema":{"@context":"https:\/\/schema.org","@graph":[{"@type":"WebPage","@id":"https:\/\/www.amanprana.eu\/nb\/filosofi\/amanprana-okologisk\/","url":"https:\/\/www.amanprana.eu\/nb\/filosofi\/amanprana-okologisk\/","name":"100% \u00f8kologisk og naturlig mat og omsorg","isPartOf":{"@id":"https:\/\/www.amanprana.eu\/nb\/#website"},"primaryImageOfPage":{"@id":"https:\/\/www.amanprana.eu\/nb\/filosofi\/amanprana-okologisk\/#primaryimage"},"image":{"@id":"https:\/\/www.amanprana.eu\/nb\/filosofi\/amanprana-okologisk\/#primaryimage"},"thumbnailUrl":"https:\/\/www.amanprana.eu\/wp-content\/uploads\/Europees-Keurmerk-Biologisch-eten-Amanprana.jpg","datePublished":"2019-05-09T10:00:29+00:00","dateModified":"2022-06-29T16:38:27+00:00","description":"Amanpranas produkter er 100 % \u00f8kologiske. I tillegg til \u00f8kologiske matvarer, tilbyr vi ogs\u00e5 \u00f8kologiske kroppspleieprodukter. \u00d8kologisk mat er ikke bare sunt, men ogs\u00e5 sv\u00e6rt velsmakende","breadcrumb":{"@id":"https:\/\/www.amanprana.eu\/nb\/filosofi\/amanprana-okologisk\/#breadcrumb"},"inLanguage":"nb-NO","potentialAction":[{"@type":"ReadAction","target":["https:\/\/www.amanprana.eu\/nb\/filosofi\/amanprana-okologisk\/"]}]},{"@type":"ImageObject","inLanguage":"nb-NO","@id":"https:\/\/www.amanprana.eu\/nb\/filosofi\/amanprana-okologisk\/#primaryimage","url":"https:\/\/www.amanprana.eu\/wp-content\/uploads\/Europees-Keurmerk-Biologisch-eten-Amanprana.jpg","contentUrl":"https:\/\/www.amanprana.eu\/wp-content\/uploads\/Europees-Keurmerk-Biologisch-eten-Amanprana.jpg","width":498,"height":330,"caption":"\u00d8kologisk sertifisering i Europa"},{"@type":"BreadcrumbList","@id":"https:\/\/www.amanprana.eu\/nb\/filosofi\/amanprana-okologisk\/#breadcrumb","itemListElement":[{"@type":"ListItem","position":1,"name":"Amanprana.eu","item":"https:\/\/www.amanprana.eu\/nb\/"},{"@type":"ListItem","position":2,"name":"Filosofi","item":"https:\/\/www.amanprana.eu\/nb\/filosofi\/"},{"@type":"ListItem","position":3,"name":"\u00d8kologiske Amanprana"}]},{"@type":"WebSite","@id":"https:\/\/www.amanprana.eu\/nb\/#website","url":"https:\/\/www.amanprana.eu\/nb\/","name":"Amanprana","description":"Serene levenskracht","publisher":{"@id":"https:\/\/www.amanprana.eu\/nb\/#organization"},"potentialAction":[{"@type":"SearchAction","target":{"@type":"EntryPoint","urlTemplate":"https:\/\/www.amanprana.eu\/nb\/?s={search_term_string}"},"query-input":{"@type":"PropertyValueSpecification","valueRequired":true,"valueName":"search_term_string"}}],"inLanguage":"nb-NO"},{"@type":"Organization","@id":"https:\/\/www.amanprana.eu\/nb\/#organization","name":"Amanprana","url":"https:\/\/www.amanprana.eu\/nb\/","logo":{"@type":"ImageObject","inLanguage":"nb-NO","@id":"https:\/\/www.amanprana.eu\/nb\/#\/schema\/logo\/image\/","url":"https:\/\/www.amanprana.eu\/wp-content\/uploads\/webres-amanprana-logo.jpg","contentUrl":"https:\/\/www.amanprana.eu\/wp-content\/uploads\/webres-amanprana-logo.jpg","width":300,"height":300,"caption":"Amanprana"},"image":{"@id":"https:\/\/www.amanprana.eu\/nb\/#\/schema\/logo\/image\/"},"sameAs":["https:\/\/www.facebook.com\/Amanpranaproducts\/","https:\/\/www.instagram.com\/amanprana\/","https:\/\/nl.pinterest.com\/amanprana\/pins\/"]}]}},"multi-rating":{"mr_rating_results":[]},"_links":{"self":[{"href":"https:\/\/www.amanprana.eu\/nb\/wp-json\/wp\/v2\/pages\/46882","targetHints":{"allow":["GET"]}}],"collection":[{"href":"https:\/\/www.amanprana.eu\/nb\/wp-json\/wp\/v2\/pages"}],"about":[{"href":"https:\/\/www.amanprana.eu\/nb\/wp-json\/wp\/v2\/types\/page"}],"author":[{"embeddable":true,"href":"https:\/\/www.amanprana.eu\/nb\/wp-json\/wp\/v2\/users\/9"}],"replies":[{"embeddable":true,"href":"https:\/\/www.amanprana.eu\/nb\/wp-json\/wp\/v2\/comments?post=46882"}],"version-history":[{"count":4,"href":"https:\/\/www.amanprana.eu\/nb\/wp-json\/wp\/v2\/pages\/46882\/revisions"}],"predecessor-version":[{"id":80836,"href":"https:\/\/www.amanprana.eu\/nb\/wp-json\/wp\/v2\/pages\/46882\/revisions\/80836"}],"up":[{"embeddable":true,"href":"https:\/\/www.amanprana.eu\/nb\/wp-json\/wp\/v2\/pages\/48697"}],"wp:featuredmedia":[{"embeddable":true,"href":"https:\/\/www.amanprana.eu\/nb\/wp-json\/wp\/v2\/media\/46884"}],"wp:attachment":[{"href":"https:\/\/www.amanprana.eu\/nb\/wp-json\/wp\/v2\/media?parent=46882"}],"curies":[{"name":"wp","href":"https:\/\/api.w.org\/{rel}","templated":true}]}}