

{"id":47185,"date":"2019-05-22T09:37:49","date_gmt":"2019-05-22T07:37:49","guid":{"rendered":"https:\/\/www.amanprana.eu\/opphav-kvalitet\/"},"modified":"2021-09-20T12:51:50","modified_gmt":"2021-09-20T10:51:50","slug":"opphav-kvalitet","status":"publish","type":"page","link":"https:\/\/www.amanprana.eu\/nb\/filosofi\/opphav-kvalitet\/","title":{"rendered":"Opphav og kvalitet"},"content":{"rendered":"\n<div class=\"wp-block-image\"><figure class=\"alignright size-full\"><img decoding=\"async\" width=\"480\" height=\"480\" src=\"https:\/\/www.amanprana.eu\/wp-content\/uploads\/dekseletiket-aapjes.png\" alt=\"kokosn\u00f8tter uten h\u00f8steaper\" class=\"wp-image-56295\" srcset=\"https:\/\/www.amanprana.eu\/wp-content\/uploads\/dekseletiket-aapjes.png 480w, https:\/\/www.amanprana.eu\/wp-content\/uploads\/dekseletiket-aapjes-300x300.png 300w, https:\/\/www.amanprana.eu\/wp-content\/uploads\/dekseletiket-aapjes-250x250.png 250w, https:\/\/www.amanprana.eu\/wp-content\/uploads\/dekseletiket-aapjes-75x75.png 75w, https:\/\/www.amanprana.eu\/wp-content\/uploads\/dekseletiket-aapjes-100x100.png 100w\" sizes=\"(max-width: 480px) 100vw, 480px\" \/><\/figure><\/div>\n\n\n\n<p>Opprinnelsen til Amanpranas Fair Trade-sertifiserte extra virgin kokosn\u00f8ttolje fra Sri Lanka. Amanpranas kokosn\u00f8ttolje er av ypperste kvalitet. Amanpranas kokosn\u00f8ttolje kommer fra plantasjer i Puttalam-regionen i Sri Lanka. Puttalam ligger i midten av Kokostrekanten (Kurunegala, Puttalam og Colombo). Smaken og kvaliteten p\u00e5 kokosn\u00f8ttoljen er jo selvsagt delvis avhengig av regionen der palmetr\u00e6rne vokser, og givende jord kombinert optimale v\u00e6rforhold s\u00f8rger sammen for en herlig kokosn\u00f8ttolje.\r\n\r\n<\/p>\n\n\n\n<h3 class=\"wp-block-heading\">Hvordan fremstilles Amanpranas kokosn\u00f8ttolje?<\/h3>\n\n\n\n<p>Kokosn\u00f8ttene hentes f\u00f8rst ned fra tr\u00e6rne. De blir deretter skrelt; kokosn\u00f8ttvannet tappes fra kjernen og det harde brune ytterlaget fjernes. P\u00e5 dette viset er det kokosn\u00f8ttens hvite kj\u00f8tt som er igjen. Kokosn\u00f8ttoljen blir mekanisk kaldpresset fra dette saftige r\u00e5materialet. Kokosn\u00f8ttoljen blir deretter filtrert og forpakket. Kokosn\u00f8ttoljen v\u00e5r er 100 % pur natur, uten noen form for forstyrrelser eller syntetiske tilsetninger.\r\n\r\n<\/p>\n\n\n\n<h3 class=\"wp-block-heading\">Amanpranas kokosn\u00f8ttolje er Fair Trade, \u00f8kologiske og b\u00e6rekraftig<\/h3>\n\n\n\n<p>Hos Amanprana mener vi det er viktig \u00e5 gi tilbake til b\u00e5de medmenneskene v\u00e5re og jorden vi alle lever p\u00e5. Kokosn\u00f8ttoljen fra Amanprana er Fair Trade. Mer enn 300 familier p\u00e5 Filippinene og Sri Lanka er ansatt med rettferdig l\u00f8nn takket v\u00e6re Amanpranas eget Fair Trade-charter. Det vi pleide \u00e5 betale til offisielle sertifiserings- og kontrollorganisasjoner, investerer vi n\u00e5 heller ekstra i Fair Trade Fonds. 5 % i stedet for tidligere 3 % g\u00e5r n\u00e5 direkte inn i fondene fra hvert kj\u00f8p av kokosn\u00f8ttoljen som finner sted.\r\n\r\n<\/p>\n\n\n\n<p>Pengene som Amanprana gj\u00f8r tilgjengelig blir videref\u00f8rt til utdanningsmuligheter, bedre helsevesen, milj\u00f8vern, forbedret infrastruktur, flere produksjonsmidler for b\u00f8nder, arbeidere og leverand\u00f8rer. Alle familier som arbeider p\u00e5 grunn av oss kan stole p\u00e5 \u00e5 motta en garantert minimumspris som dekker alle kostnader for videre b\u00e6rekraftig produksjon.\r\n\r\n<\/p>\n\n\n\n<p>.<\/p>\n\n\n\n<h2 class=\"wp-block-heading\">Opprinnelsen til Amanpranas b\u00e6rekraftige r\u00f8de palmeolje fra Colombia<\/h2>\n\n\n\n<div class=\"wp-block-image size-medium wp-image-46069\"><figure class=\"alignright\"><img decoding=\"async\" width=\"296\" height=\"300\" src=\"https:\/\/www.amanprana.eu\/wp-content\/uploads\/\/RSPO_Trademark_Logo-296x300.png\" alt=\"\" class=\"wp-image-46069\" srcset=\"https:\/\/www.amanprana.eu\/wp-content\/uploads\/RSPO_Trademark_Logo-296x300.png 296w, https:\/\/www.amanprana.eu\/wp-content\/uploads\/RSPO_Trademark_Logo-768x778.png 768w, https:\/\/www.amanprana.eu\/wp-content\/uploads\/RSPO_Trademark_Logo-1011x1024.png 1011w, https:\/\/www.amanprana.eu\/wp-content\/uploads\/RSPO_Trademark_Logo-75x75.png 75w, https:\/\/www.amanprana.eu\/wp-content\/uploads\/RSPO_Trademark_Logo-100x101.png 100w, https:\/\/www.amanprana.eu\/wp-content\/uploads\/RSPO_Trademark_Logo-862x873.png 862w, https:\/\/www.amanprana.eu\/wp-content\/uploads\/RSPO_Trademark_Logo-1170x1185.png 1170w\" sizes=\"(max-width: 296px) 100vw, 296px\" \/><figcaption>RSPO-sertifikat 2016 lisensnummer: 9-1443-16-100-00<\/figcaption><\/figure><\/div>\n\n\n\n<p>V\u00e5r r\u00f8de palmeolje kommer fra det harde arbeidet til familier i Magdalena- og Bolivar-regionene i Colombia. V\u00e5r r\u00f8de palmeolje har mottatt sertifisering for \u00e5 v\u00e6re b\u00e6rekraftig palmeolje fra RSPO (Roundtable for Sustainable Palm Oil) lisensnummer: 9-1443-16-100-00. Amanprana donerer ogs\u00e5 plantingen av et nytt tre i den colombianske regnskogen for hver liter r\u00f8d palmeolje som selges via WorldLandTrust og ProAves.\r\n\r\n<\/p>\n\n\n\n<h3 class=\"wp-block-heading\">Amanprana introduserte den f\u00f8rste b\u00e6rekraftige og etisk riktig produserte r\u00f8de palmeoljen p\u00e5 storskala<\/h3>\n\n\n\n<p>I boken \u00abVerre Schoonheid\u00bb (opprinnelig italiensk \u00abL\u2019arte Del Corpo\u00bb) fotograferte Bertie og Dos Winkel personen fullstendig integrert i milj\u00f8et sitt. En person som ikke kan eksistere videre uten sin gruppe og kamerater. Isolerte stammer er i faresonen p\u00e5 grunn av vestlige p\u00e5virkninger. Akkurat som biologisk mangfold utrydningstrues som f\u00f8lge av utbyggingen av monokulturer. Ut av respekt for lokale ritualer vil vi gj\u00f8re den vestlige verden mer oppmerksom p\u00e5 at alle er faktisk unike sandkorn i det biologiske mangfoldet. Derfor bruker Amanprana et av bildene fra denne fantastiske boken for \u00e5 bringe mer oppmerksomhet til denne stadig relevante utfordringen: \u00c5 bevare og respektere det biologiske mangfoldet mellom mennesker, kulturer og stammer. Det er mer enn 600 palmetrestyper som er i fare for \u00e5 bli utryddede p\u00e5 grunn av monokulturer innen palmeoljeproduksjon.\r\n\r\n<\/p>\n\n\n\n<h3 class=\"wp-block-heading\">Redd regnskogen og det biologiske mangfoldet i Colombia<\/h3>\n\n\n\n<p>Amanprana st\u00f8tter gjennom WorldLandTrust den colombianske milj\u00f8organisasjonen ProAves. Organisasjonen beskytter fuglenes habitater (f.eks. den gul\u00f8rede parakitten) og utryddelsestruede amfibier. M\u00e5let er \u00e5 holde Colombias naturlige ressurser og biologiske mangfold intakte ved \u00e5 sette en stopper for villkj\u00f8ret og all avskogingen. bes\u00f8k nettsiden til ProAves for mer informasjon.\r\n\r\n<\/p>\n\n\n\n<h3 class=\"wp-block-heading\">Per 1 liter r\u00f8d palmeolje kj\u00f8pt = 1 tre plantet i regnskogen<\/h3>\n\n\n\n<p>Sir David Attenborough har investert stort i World Land Trust (WLT) og sammen f\u00f8ler de seg forpliktede til \u00e5 beskytte regnskogen og alle de 10 millioner plantene og dyr som sammen lever der. For hvert liter \u00f8kologisk r\u00f8d palmeolje fra Amanprana som kj\u00f8pes vil 1 tre bli s\u00e5dd i jorden. Takket v\u00e6re Amanprana og alle st\u00f8ttere har ProAves allerede kunnet kj\u00f8pe hele 39 hektar av den colombianske regnskogen (omtrent 80 fotballbaner).\r\n\r\n<\/p>\n\n\n\n<h3 class=\"wp-block-heading\">St\u00f8tt menneskerettighetene i Colombia<\/h3>\n\n\n\n<p>Amanpranas r\u00f8de palmeolje kommer fra hardtarbeidende colombianske palmetresavlere og deres familier i Magdalena- og Bolivar-regionene. Takket v\u00e6re Amanpranas foresp\u00f8rsel fikk de tilegnet seg et \u00f8ko-sertifikat. Den lille organisasjonen \u2018Allianties voor de Vrede\u2019 (Alliansene for fred) er en modell for den \u00f8konomiske utviklingen av fattige samfunn.\r\n\r\n<\/p>\n\n\n\n<h3 class=\"wp-block-heading\">Kvalitet og b\u00e6rekraftighet g\u00e5r h\u00e5nd i h\u00e5nd<\/h3>\n\n\n\n<p>\u00abDe Allianties\u00bb (de Allierte) kjemper for \u00e5 oppn\u00e5 ren \u00f8kologi, god utdanning, bedre helse og langsiktig b\u00e6rekraft. All palmefrukten kommer fra sm\u00e5produserende allianser i Daabon, som presser den i tr\u00e5d med kunstens regler. Kort sagt: Alle er glade: Du, produsentene og Amanprana.\r\n\r\n<\/p>\n\n\n\n<h3 class=\"wp-block-heading\">R\u00f8d palmeolje: Sunt eller usunt? B\u00e6rekraftig eller ikke b\u00e6rekraftig?<\/h3>\n\n\n\n<p>Hvit palmeolje i organiske og ikke-organiske produkter er i f\u00f8lge Amanprana og mange andre en usunn olje. Palmeolje er oransje-r\u00f8d av natur. Gjennom nedbrytningsprosessen g\u00e5r mye karoten og vitamin E tapt. 95 % av all palmeolje som brukes i \u00f8kologisk og ikke-\u00f8kologisk mat er ikke b\u00e6rekraftig i v\u00e5re \u00f8yne. Vi tror ogs\u00e5 at RSPO-merkeetiketten ikke er b\u00e6rekraftig nok.\r\n\r\n<\/p>\n\n\n\n<p><\/p>\n","protected":false},"excerpt":{"rendered":"<p>Opprinnelsen til Amanpranas Fair Trade-sertifiserte extra virgin kokosn\u00f8ttolje fra Sri Lanka. Amanpranas kokosn\u00f8ttolje er av ypperste kvalitet. Amanpranas kokosn\u00f8ttolje kommer fra plantasjer i Puttalam-regionen i Sri Lanka. Puttalam ligger i &#8230;<\/p>\n","protected":false},"author":9,"featured_media":0,"parent":48697,"menu_order":73,"comment_status":"closed","ping_status":"closed","template":"","meta":{"_acf_changed":false,"rating_form_position":"","rating_results_position":"","mr_structured_data_type":"","footnotes":""},"class_list":["post-47185","page","type-page","status-publish","hentry","no-post-thumbnail"],"acf":[],"yoast_head":"<!-- This site is optimized with the Yoast SEO plugin v24.7 - https:\/\/yoast.com\/wordpress\/plugins\/seo\/ -->\n<title>Oppstandelseshistorie: Fair Trade kokosn\u00f8ttolje fra Amanprana<\/title>\n<meta name=\"description\" content=\"Hvor kommer egentlig Amanpranas extra virgin og Fair Trade-sertifiserte kokosn\u00f8ttolje fra? Her kan du lese om opprinnelsen til kokosn\u00f8ttoljen og l\u00e6re mer om Fair Trade-prosjektet.\" \/>\n<meta name=\"robots\" content=\"index, follow, max-snippet:-1, max-image-preview:large, max-video-preview:-1\" \/>\n<link rel=\"canonical\" href=\"https:\/\/www.amanprana.eu\/nb\/filosofi\/opphav-kvalitet\/\" \/>\n<meta property=\"og:locale\" content=\"nb_NO\" \/>\n<meta property=\"og:type\" content=\"article\" \/>\n<meta property=\"og:title\" content=\"Oppstandelseshistorie: Fair Trade kokosn\u00f8ttolje fra Amanprana\" \/>\n<meta property=\"og:description\" content=\"Hvor kommer egentlig Amanpranas extra virgin og Fair Trade-sertifiserte kokosn\u00f8ttolje fra? Her kan du lese om opprinnelsen til kokosn\u00f8ttoljen og l\u00e6re mer om Fair Trade-prosjektet.\" \/>\n<meta property=\"og:url\" content=\"https:\/\/www.amanprana.eu\/nb\/filosofi\/opphav-kvalitet\/\" \/>\n<meta property=\"og:site_name\" content=\"Amanprana\" \/>\n<meta property=\"article:publisher\" content=\"https:\/\/www.facebook.com\/Amanpranaproducts\/\" \/>\n<meta property=\"article:modified_time\" content=\"2021-09-20T10:51:50+00:00\" \/>\n<meta property=\"og:image\" content=\"https:\/\/www.amanprana.eu\/wp-content\/uploads\/dekseletiket-aapjes.png\" \/>\n<meta name=\"twitter:card\" content=\"summary_large_image\" \/>\n<meta name=\"twitter:label1\" content=\"Ansl. lesetid\" \/>\n\t<meta name=\"twitter:data1\" content=\"4 minutter\" \/>\n<script type=\"application\/ld+json\" class=\"yoast-schema-graph\">{\"@context\":\"https:\/\/schema.org\",\"@graph\":[{\"@type\":\"WebPage\",\"@id\":\"https:\/\/www.amanprana.eu\/nb\/filosofi\/opphav-kvalitet\/\",\"url\":\"https:\/\/www.amanprana.eu\/nb\/filosofi\/opphav-kvalitet\/\",\"name\":\"Oppstandelseshistorie: Fair Trade kokosn\u00f8ttolje fra Amanprana\",\"isPartOf\":{\"@id\":\"https:\/\/www.amanprana.eu\/nb\/#website\"},\"primaryImageOfPage\":{\"@id\":\"https:\/\/www.amanprana.eu\/nb\/filosofi\/opphav-kvalitet\/#primaryimage\"},\"image\":{\"@id\":\"https:\/\/www.amanprana.eu\/nb\/filosofi\/opphav-kvalitet\/#primaryimage\"},\"thumbnailUrl\":\"https:\/\/www.amanprana.eu\/wp-content\/uploads\/dekseletiket-aapjes.png\",\"datePublished\":\"2019-05-22T07:37:49+00:00\",\"dateModified\":\"2021-09-20T10:51:50+00:00\",\"description\":\"Hvor kommer egentlig Amanpranas extra virgin og Fair Trade-sertifiserte kokosn\u00f8ttolje fra? Her kan du lese om opprinnelsen til kokosn\u00f8ttoljen og l\u00e6re mer om Fair Trade-prosjektet.\",\"breadcrumb\":{\"@id\":\"https:\/\/www.amanprana.eu\/nb\/filosofi\/opphav-kvalitet\/#breadcrumb\"},\"inLanguage\":\"nb-NO\",\"potentialAction\":[{\"@type\":\"ReadAction\",\"target\":[\"https:\/\/www.amanprana.eu\/nb\/filosofi\/opphav-kvalitet\/\"]}]},{\"@type\":\"ImageObject\",\"inLanguage\":\"nb-NO\",\"@id\":\"https:\/\/www.amanprana.eu\/nb\/filosofi\/opphav-kvalitet\/#primaryimage\",\"url\":\"https:\/\/www.amanprana.eu\/wp-content\/uploads\/dekseletiket-aapjes.png\",\"contentUrl\":\"https:\/\/www.amanprana.eu\/wp-content\/uploads\/dekseletiket-aapjes.png\"},{\"@type\":\"BreadcrumbList\",\"@id\":\"https:\/\/www.amanprana.eu\/nb\/filosofi\/opphav-kvalitet\/#breadcrumb\",\"itemListElement\":[{\"@type\":\"ListItem\",\"position\":1,\"name\":\"Amanprana.eu\",\"item\":\"https:\/\/www.amanprana.eu\/nb\/\"},{\"@type\":\"ListItem\",\"position\":2,\"name\":\"Filosofi\",\"item\":\"https:\/\/www.amanprana.eu\/nb\/filosofi\/\"},{\"@type\":\"ListItem\",\"position\":3,\"name\":\"Opphav og kvalitet\"}]},{\"@type\":\"WebSite\",\"@id\":\"https:\/\/www.amanprana.eu\/nb\/#website\",\"url\":\"https:\/\/www.amanprana.eu\/nb\/\",\"name\":\"Amanprana\",\"description\":\"Serene levenskracht\",\"publisher\":{\"@id\":\"https:\/\/www.amanprana.eu\/nb\/#organization\"},\"potentialAction\":[{\"@type\":\"SearchAction\",\"target\":{\"@type\":\"EntryPoint\",\"urlTemplate\":\"https:\/\/www.amanprana.eu\/nb\/?s={search_term_string}\"},\"query-input\":{\"@type\":\"PropertyValueSpecification\",\"valueRequired\":true,\"valueName\":\"search_term_string\"}}],\"inLanguage\":\"nb-NO\"},{\"@type\":\"Organization\",\"@id\":\"https:\/\/www.amanprana.eu\/nb\/#organization\",\"name\":\"Amanprana\",\"url\":\"https:\/\/www.amanprana.eu\/nb\/\",\"logo\":{\"@type\":\"ImageObject\",\"inLanguage\":\"nb-NO\",\"@id\":\"https:\/\/www.amanprana.eu\/nb\/#\/schema\/logo\/image\/\",\"url\":\"https:\/\/www.amanprana.eu\/wp-content\/uploads\/webres-amanprana-logo.jpg\",\"contentUrl\":\"https:\/\/www.amanprana.eu\/wp-content\/uploads\/webres-amanprana-logo.jpg\",\"width\":300,\"height\":300,\"caption\":\"Amanprana\"},\"image\":{\"@id\":\"https:\/\/www.amanprana.eu\/nb\/#\/schema\/logo\/image\/\"},\"sameAs\":[\"https:\/\/www.facebook.com\/Amanpranaproducts\/\",\"https:\/\/www.instagram.com\/amanprana\/\",\"https:\/\/nl.pinterest.com\/amanprana\/pins\/\"]}]}<\/script>\n<!-- \/ Yoast SEO plugin. -->","yoast_head_json":{"title":"Oppstandelseshistorie: Fair Trade kokosn\u00f8ttolje fra Amanprana","description":"Hvor kommer egentlig Amanpranas extra virgin og Fair Trade-sertifiserte kokosn\u00f8ttolje fra? Her kan du lese om opprinnelsen til kokosn\u00f8ttoljen og l\u00e6re mer om Fair Trade-prosjektet.","robots":{"index":"index","follow":"follow","max-snippet":"max-snippet:-1","max-image-preview":"max-image-preview:large","max-video-preview":"max-video-preview:-1"},"canonical":"https:\/\/www.amanprana.eu\/nb\/filosofi\/opphav-kvalitet\/","og_locale":"nb_NO","og_type":"article","og_title":"Oppstandelseshistorie: Fair Trade kokosn\u00f8ttolje fra Amanprana","og_description":"Hvor kommer egentlig Amanpranas extra virgin og Fair Trade-sertifiserte kokosn\u00f8ttolje fra? Her kan du lese om opprinnelsen til kokosn\u00f8ttoljen og l\u00e6re mer om Fair Trade-prosjektet.","og_url":"https:\/\/www.amanprana.eu\/nb\/filosofi\/opphav-kvalitet\/","og_site_name":"Amanprana","article_publisher":"https:\/\/www.facebook.com\/Amanpranaproducts\/","article_modified_time":"2021-09-20T10:51:50+00:00","og_image":[{"url":"https:\/\/www.amanprana.eu\/wp-content\/uploads\/dekseletiket-aapjes.png","type":"","width":"","height":""}],"twitter_card":"summary_large_image","twitter_misc":{"Ansl. lesetid":"4 minutter"},"schema":{"@context":"https:\/\/schema.org","@graph":[{"@type":"WebPage","@id":"https:\/\/www.amanprana.eu\/nb\/filosofi\/opphav-kvalitet\/","url":"https:\/\/www.amanprana.eu\/nb\/filosofi\/opphav-kvalitet\/","name":"Oppstandelseshistorie: Fair Trade kokosn\u00f8ttolje fra Amanprana","isPartOf":{"@id":"https:\/\/www.amanprana.eu\/nb\/#website"},"primaryImageOfPage":{"@id":"https:\/\/www.amanprana.eu\/nb\/filosofi\/opphav-kvalitet\/#primaryimage"},"image":{"@id":"https:\/\/www.amanprana.eu\/nb\/filosofi\/opphav-kvalitet\/#primaryimage"},"thumbnailUrl":"https:\/\/www.amanprana.eu\/wp-content\/uploads\/dekseletiket-aapjes.png","datePublished":"2019-05-22T07:37:49+00:00","dateModified":"2021-09-20T10:51:50+00:00","description":"Hvor kommer egentlig Amanpranas extra virgin og Fair Trade-sertifiserte kokosn\u00f8ttolje fra? Her kan du lese om opprinnelsen til kokosn\u00f8ttoljen og l\u00e6re mer om Fair Trade-prosjektet.","breadcrumb":{"@id":"https:\/\/www.amanprana.eu\/nb\/filosofi\/opphav-kvalitet\/#breadcrumb"},"inLanguage":"nb-NO","potentialAction":[{"@type":"ReadAction","target":["https:\/\/www.amanprana.eu\/nb\/filosofi\/opphav-kvalitet\/"]}]},{"@type":"ImageObject","inLanguage":"nb-NO","@id":"https:\/\/www.amanprana.eu\/nb\/filosofi\/opphav-kvalitet\/#primaryimage","url":"https:\/\/www.amanprana.eu\/wp-content\/uploads\/dekseletiket-aapjes.png","contentUrl":"https:\/\/www.amanprana.eu\/wp-content\/uploads\/dekseletiket-aapjes.png"},{"@type":"BreadcrumbList","@id":"https:\/\/www.amanprana.eu\/nb\/filosofi\/opphav-kvalitet\/#breadcrumb","itemListElement":[{"@type":"ListItem","position":1,"name":"Amanprana.eu","item":"https:\/\/www.amanprana.eu\/nb\/"},{"@type":"ListItem","position":2,"name":"Filosofi","item":"https:\/\/www.amanprana.eu\/nb\/filosofi\/"},{"@type":"ListItem","position":3,"name":"Opphav og kvalitet"}]},{"@type":"WebSite","@id":"https:\/\/www.amanprana.eu\/nb\/#website","url":"https:\/\/www.amanprana.eu\/nb\/","name":"Amanprana","description":"Serene levenskracht","publisher":{"@id":"https:\/\/www.amanprana.eu\/nb\/#organization"},"potentialAction":[{"@type":"SearchAction","target":{"@type":"EntryPoint","urlTemplate":"https:\/\/www.amanprana.eu\/nb\/?s={search_term_string}"},"query-input":{"@type":"PropertyValueSpecification","valueRequired":true,"valueName":"search_term_string"}}],"inLanguage":"nb-NO"},{"@type":"Organization","@id":"https:\/\/www.amanprana.eu\/nb\/#organization","name":"Amanprana","url":"https:\/\/www.amanprana.eu\/nb\/","logo":{"@type":"ImageObject","inLanguage":"nb-NO","@id":"https:\/\/www.amanprana.eu\/nb\/#\/schema\/logo\/image\/","url":"https:\/\/www.amanprana.eu\/wp-content\/uploads\/webres-amanprana-logo.jpg","contentUrl":"https:\/\/www.amanprana.eu\/wp-content\/uploads\/webres-amanprana-logo.jpg","width":300,"height":300,"caption":"Amanprana"},"image":{"@id":"https:\/\/www.amanprana.eu\/nb\/#\/schema\/logo\/image\/"},"sameAs":["https:\/\/www.facebook.com\/Amanpranaproducts\/","https:\/\/www.instagram.com\/amanprana\/","https:\/\/nl.pinterest.com\/amanprana\/pins\/"]}]}},"multi-rating":{"mr_rating_results":[]},"_links":{"self":[{"href":"https:\/\/www.amanprana.eu\/nb\/wp-json\/wp\/v2\/pages\/47185","targetHints":{"allow":["GET"]}}],"collection":[{"href":"https:\/\/www.amanprana.eu\/nb\/wp-json\/wp\/v2\/pages"}],"about":[{"href":"https:\/\/www.amanprana.eu\/nb\/wp-json\/wp\/v2\/types\/page"}],"author":[{"embeddable":true,"href":"https:\/\/www.amanprana.eu\/nb\/wp-json\/wp\/v2\/users\/9"}],"replies":[{"embeddable":true,"href":"https:\/\/www.amanprana.eu\/nb\/wp-json\/wp\/v2\/comments?post=47185"}],"version-history":[{"count":4,"href":"https:\/\/www.amanprana.eu\/nb\/wp-json\/wp\/v2\/pages\/47185\/revisions"}],"predecessor-version":[{"id":63498,"href":"https:\/\/www.amanprana.eu\/nb\/wp-json\/wp\/v2\/pages\/47185\/revisions\/63498"}],"up":[{"embeddable":true,"href":"https:\/\/www.amanprana.eu\/nb\/wp-json\/wp\/v2\/pages\/48697"}],"wp:attachment":[{"href":"https:\/\/www.amanprana.eu\/nb\/wp-json\/wp\/v2\/media?parent=47185"}],"curies":[{"name":"wp","href":"https:\/\/api.w.org\/{rel}","templated":true}]}}