

{"id":48652,"date":"2019-07-24T17:07:39","date_gmt":"2019-07-24T15:07:39","guid":{"rendered":"https:\/\/www.amanprana.eu\/stillinger\/"},"modified":"2022-02-16T12:03:44","modified_gmt":"2022-02-16T11:03:44","slug":"stillinger","status":"publish","type":"page","link":"https:\/\/www.amanprana.eu\/nb\/stillinger\/","title":{"rendered":"Stillinger"},"content":{"rendered":"\n<p>Noble-House er en belgisk produsent og distribut\u00f8r av \u00f8kologiske produkter (supermat) i Europa. Vi er et ungt, etisk og \u00f8kologisk selskap som vokser raskt. Markedsleder innen supermat og biologisk kroppspleie. 90% blir eksportert i Europa. Mottoet v\u00e5rt er \u00abErn\u00e6ring som medisin\u00bb.&#13;\n&#13;\n<\/p>\n\n<h2 class=\"wp-block-heading\" id=\"openstaande-vacatures\">\u00c5pne ledige stillinger<\/h2>\n\n<div class=\"wp-block-buttons is-layout-flex wp-block-buttons-is-layout-flex\">\n<div class=\"wp-block-button\"><a class=\"wp-block-button__link has-background\" href=\"https:\/\/www.amanprana.eu\/wp-content\/uploads\/20200110-Vacature-operator-productiemedewerker.pdf\" style=\"background-color:#638c5f\" target=\"_blank\" rel=\"noreferrer noopener\">Operat\u00f8r produksjonsmedarbeider (m\/k)<\/a><\/div>\n<\/div>\n\n<br\/>\r\n\n<div class=\"wp-block-buttons is-layout-flex wp-block-buttons-is-layout-flex\">\n<div class=\"wp-block-button\"><a class=\"wp-block-button__link has-background\" href=\"https:\/\/www.amanprana.eu\/wp-content\/uploads\/jobstudent-en-flexi-jobber-gezocht.pdf\" style=\"background-color:#638c5f\" target=\"_blank\" rel=\"noreferrer noopener\">Jobbstudent og fleksijobber s\u00f8kes (m\/k)<\/a><\/div>\n<\/div>\n\n<br\/>\r\n\n<div class=\"wp-block-buttons is-layout-flex wp-block-buttons-is-layout-flex\">\n<div class=\"wp-block-button\"><a class=\"wp-block-button__link has-background\" href=\"https:\/\/www.amanprana.eu\/wp-content\/uploads\/Vacature-Boekhouder-Brasschaatse-film.pdf\" style=\"background-color:#638c5f\">Bokholder (m\/k)<\/a><\/div>\n<\/div>\n\n<h2 class=\"wp-block-heading\" id=\"open-sollicitatie\">\u00c5pen oppfordring<\/h2>\n\n<p>Entusiastisk med Amanprana \/ Noble-House nv. for \u00e5 komme i gang, men det er ingen ledige stillinger som matcher?&#13;\nSend s\u00e5 en e-post til\u00a0<a href=\"mailto:chantal.voets@noble-house.tk\">chantal.voets@noble-house.tk<\/a>.<\/p>\n","protected":false},"excerpt":{"rendered":"<p>Noble-House er en belgisk produsent og distribut\u00f8r av \u00f8kologiske produkter (supermat) i Europa. Vi er et ungt, etisk og \u00f8kologisk selskap som vokser raskt. Markedsleder innen supermat og biologisk kroppspleie. &#8230;<\/p>\n","protected":false},"author":9,"featured_media":0,"parent":0,"menu_order":105,"comment_status":"closed","ping_status":"closed","template":"","meta":{"_acf_changed":false,"rating_form_position":"","rating_results_position":"","mr_structured_data_type":"","footnotes":""},"class_list":["post-48652","page","type-page","status-publish","hentry","no-post-thumbnail"],"acf":[],"yoast_head":"<!-- This site is optimized with the Yoast SEO plugin v24.7 - https:\/\/yoast.com\/wordpress\/plugins\/seo\/ -->\n<title>Stillinger bij Noble House - Amanprana<\/title>\n<meta name=\"description\" content=\"Se n\u00e5v\u00e6rende ledige stillinger p\u00e5 Amanprana. Amanprana faller inn under Noble-House nv-gruppen, en belgisk produsent og distribut\u00f8r av \u00f8kologiske produkter.\" \/>\n<meta name=\"robots\" content=\"index, follow, max-snippet:-1, max-image-preview:large, max-video-preview:-1\" \/>\n<link rel=\"canonical\" href=\"https:\/\/www.amanprana.eu\/nb\/stillinger\/\" \/>\n<meta property=\"og:locale\" content=\"nb_NO\" \/>\n<meta property=\"og:type\" content=\"article\" \/>\n<meta property=\"og:title\" content=\"Stillinger bij Noble House - Amanprana\" \/>\n<meta property=\"og:description\" content=\"Se n\u00e5v\u00e6rende ledige stillinger p\u00e5 Amanprana. Amanprana faller inn under Noble-House nv-gruppen, en belgisk produsent og distribut\u00f8r av \u00f8kologiske produkter.\" \/>\n<meta property=\"og:url\" content=\"https:\/\/www.amanprana.eu\/nb\/stillinger\/\" \/>\n<meta property=\"og:site_name\" content=\"Amanprana\" \/>\n<meta property=\"article:publisher\" content=\"https:\/\/www.facebook.com\/Amanpranaproducts\/\" \/>\n<meta property=\"article:modified_time\" content=\"2022-02-16T11:03:44+00:00\" \/>\n<meta property=\"og:image\" content=\"https:\/\/www.amanprana.eu\/wp-content\/uploads\/hires-amanprana-logo.jpg\" \/>\n\t<meta property=\"og:image:width\" content=\"2362\" \/>\n\t<meta property=\"og:image:height\" content=\"2362\" \/>\n\t<meta property=\"og:image:type\" content=\"image\/jpeg\" \/>\n<meta name=\"twitter:card\" content=\"summary_large_image\" \/>\n<script type=\"application\/ld+json\" class=\"yoast-schema-graph\">{\"@context\":\"https:\/\/schema.org\",\"@graph\":[{\"@type\":\"WebPage\",\"@id\":\"https:\/\/www.amanprana.eu\/nb\/stillinger\/\",\"url\":\"https:\/\/www.amanprana.eu\/nb\/stillinger\/\",\"name\":\"Stillinger bij Noble House - Amanprana\",\"isPartOf\":{\"@id\":\"https:\/\/www.amanprana.eu\/nb\/#website\"},\"datePublished\":\"2019-07-24T15:07:39+00:00\",\"dateModified\":\"2022-02-16T11:03:44+00:00\",\"description\":\"Se n\u00e5v\u00e6rende ledige stillinger p\u00e5 Amanprana. Amanprana faller inn under Noble-House nv-gruppen, en belgisk produsent og distribut\u00f8r av \u00f8kologiske produkter.\",\"breadcrumb\":{\"@id\":\"https:\/\/www.amanprana.eu\/nb\/stillinger\/#breadcrumb\"},\"inLanguage\":\"nb-NO\",\"potentialAction\":[{\"@type\":\"ReadAction\",\"target\":[\"https:\/\/www.amanprana.eu\/nb\/stillinger\/\"]}]},{\"@type\":\"BreadcrumbList\",\"@id\":\"https:\/\/www.amanprana.eu\/nb\/stillinger\/#breadcrumb\",\"itemListElement\":[{\"@type\":\"ListItem\",\"position\":1,\"name\":\"Amanprana.eu\",\"item\":\"https:\/\/www.amanprana.eu\/nb\/\"},{\"@type\":\"ListItem\",\"position\":2,\"name\":\"Stillinger\"}]},{\"@type\":\"WebSite\",\"@id\":\"https:\/\/www.amanprana.eu\/nb\/#website\",\"url\":\"https:\/\/www.amanprana.eu\/nb\/\",\"name\":\"Amanprana\",\"description\":\"Serene levenskracht\",\"publisher\":{\"@id\":\"https:\/\/www.amanprana.eu\/nb\/#organization\"},\"potentialAction\":[{\"@type\":\"SearchAction\",\"target\":{\"@type\":\"EntryPoint\",\"urlTemplate\":\"https:\/\/www.amanprana.eu\/nb\/?s={search_term_string}\"},\"query-input\":{\"@type\":\"PropertyValueSpecification\",\"valueRequired\":true,\"valueName\":\"search_term_string\"}}],\"inLanguage\":\"nb-NO\"},{\"@type\":\"Organization\",\"@id\":\"https:\/\/www.amanprana.eu\/nb\/#organization\",\"name\":\"Amanprana\",\"url\":\"https:\/\/www.amanprana.eu\/nb\/\",\"logo\":{\"@type\":\"ImageObject\",\"inLanguage\":\"nb-NO\",\"@id\":\"https:\/\/www.amanprana.eu\/nb\/#\/schema\/logo\/image\/\",\"url\":\"https:\/\/www.amanprana.eu\/wp-content\/uploads\/webres-amanprana-logo.jpg\",\"contentUrl\":\"https:\/\/www.amanprana.eu\/wp-content\/uploads\/webres-amanprana-logo.jpg\",\"width\":300,\"height\":300,\"caption\":\"Amanprana\"},\"image\":{\"@id\":\"https:\/\/www.amanprana.eu\/nb\/#\/schema\/logo\/image\/\"},\"sameAs\":[\"https:\/\/www.facebook.com\/Amanpranaproducts\/\",\"https:\/\/www.instagram.com\/amanprana\/\",\"https:\/\/nl.pinterest.com\/amanprana\/pins\/\"]}]}<\/script>\n<!-- \/ Yoast SEO plugin. -->","yoast_head_json":{"title":"Stillinger bij Noble House - Amanprana","description":"Se n\u00e5v\u00e6rende ledige stillinger p\u00e5 Amanprana. Amanprana faller inn under Noble-House nv-gruppen, en belgisk produsent og distribut\u00f8r av \u00f8kologiske produkter.","robots":{"index":"index","follow":"follow","max-snippet":"max-snippet:-1","max-image-preview":"max-image-preview:large","max-video-preview":"max-video-preview:-1"},"canonical":"https:\/\/www.amanprana.eu\/nb\/stillinger\/","og_locale":"nb_NO","og_type":"article","og_title":"Stillinger bij Noble House - Amanprana","og_description":"Se n\u00e5v\u00e6rende ledige stillinger p\u00e5 Amanprana. Amanprana faller inn under Noble-House nv-gruppen, en belgisk produsent og distribut\u00f8r av \u00f8kologiske produkter.","og_url":"https:\/\/www.amanprana.eu\/nb\/stillinger\/","og_site_name":"Amanprana","article_publisher":"https:\/\/www.facebook.com\/Amanpranaproducts\/","article_modified_time":"2022-02-16T11:03:44+00:00","og_image":[{"width":2362,"height":2362,"url":"https:\/\/www.amanprana.eu\/wp-content\/uploads\/hires-amanprana-logo.jpg","type":"image\/jpeg"}],"twitter_card":"summary_large_image","schema":{"@context":"https:\/\/schema.org","@graph":[{"@type":"WebPage","@id":"https:\/\/www.amanprana.eu\/nb\/stillinger\/","url":"https:\/\/www.amanprana.eu\/nb\/stillinger\/","name":"Stillinger bij Noble House - Amanprana","isPartOf":{"@id":"https:\/\/www.amanprana.eu\/nb\/#website"},"datePublished":"2019-07-24T15:07:39+00:00","dateModified":"2022-02-16T11:03:44+00:00","description":"Se n\u00e5v\u00e6rende ledige stillinger p\u00e5 Amanprana. Amanprana faller inn under Noble-House nv-gruppen, en belgisk produsent og distribut\u00f8r av \u00f8kologiske produkter.","breadcrumb":{"@id":"https:\/\/www.amanprana.eu\/nb\/stillinger\/#breadcrumb"},"inLanguage":"nb-NO","potentialAction":[{"@type":"ReadAction","target":["https:\/\/www.amanprana.eu\/nb\/stillinger\/"]}]},{"@type":"BreadcrumbList","@id":"https:\/\/www.amanprana.eu\/nb\/stillinger\/#breadcrumb","itemListElement":[{"@type":"ListItem","position":1,"name":"Amanprana.eu","item":"https:\/\/www.amanprana.eu\/nb\/"},{"@type":"ListItem","position":2,"name":"Stillinger"}]},{"@type":"WebSite","@id":"https:\/\/www.amanprana.eu\/nb\/#website","url":"https:\/\/www.amanprana.eu\/nb\/","name":"Amanprana","description":"Serene levenskracht","publisher":{"@id":"https:\/\/www.amanprana.eu\/nb\/#organization"},"potentialAction":[{"@type":"SearchAction","target":{"@type":"EntryPoint","urlTemplate":"https:\/\/www.amanprana.eu\/nb\/?s={search_term_string}"},"query-input":{"@type":"PropertyValueSpecification","valueRequired":true,"valueName":"search_term_string"}}],"inLanguage":"nb-NO"},{"@type":"Organization","@id":"https:\/\/www.amanprana.eu\/nb\/#organization","name":"Amanprana","url":"https:\/\/www.amanprana.eu\/nb\/","logo":{"@type":"ImageObject","inLanguage":"nb-NO","@id":"https:\/\/www.amanprana.eu\/nb\/#\/schema\/logo\/image\/","url":"https:\/\/www.amanprana.eu\/wp-content\/uploads\/webres-amanprana-logo.jpg","contentUrl":"https:\/\/www.amanprana.eu\/wp-content\/uploads\/webres-amanprana-logo.jpg","width":300,"height":300,"caption":"Amanprana"},"image":{"@id":"https:\/\/www.amanprana.eu\/nb\/#\/schema\/logo\/image\/"},"sameAs":["https:\/\/www.facebook.com\/Amanpranaproducts\/","https:\/\/www.instagram.com\/amanprana\/","https:\/\/nl.pinterest.com\/amanprana\/pins\/"]}]}},"multi-rating":{"mr_rating_results":[]},"_links":{"self":[{"href":"https:\/\/www.amanprana.eu\/nb\/wp-json\/wp\/v2\/pages\/48652","targetHints":{"allow":["GET"]}}],"collection":[{"href":"https:\/\/www.amanprana.eu\/nb\/wp-json\/wp\/v2\/pages"}],"about":[{"href":"https:\/\/www.amanprana.eu\/nb\/wp-json\/wp\/v2\/types\/page"}],"author":[{"embeddable":true,"href":"https:\/\/www.amanprana.eu\/nb\/wp-json\/wp\/v2\/users\/9"}],"replies":[{"embeddable":true,"href":"https:\/\/www.amanprana.eu\/nb\/wp-json\/wp\/v2\/comments?post=48652"}],"version-history":[{"count":4,"href":"https:\/\/www.amanprana.eu\/nb\/wp-json\/wp\/v2\/pages\/48652\/revisions"}],"predecessor-version":[{"id":73396,"href":"https:\/\/www.amanprana.eu\/nb\/wp-json\/wp\/v2\/pages\/48652\/revisions\/73396"}],"wp:attachment":[{"href":"https:\/\/www.amanprana.eu\/nb\/wp-json\/wp\/v2\/media?parent=48652"}],"curies":[{"name":"wp","href":"https:\/\/api.w.org\/{rel}","templated":true}]}}