

{"id":60169,"date":"2020-12-08T16:04:59","date_gmt":"2020-12-08T15:04:59","guid":{"rendered":"https:\/\/www.amanprana.eu\/?page_id=60169"},"modified":"2022-07-19T10:18:05","modified_gmt":"2022-07-19T08:18:05","slug":"sertifikater","status":"publish","type":"page","link":"https:\/\/www.amanprana.eu\/nb\/sertifikater\/","title":{"rendered":"Sertifikater"},"content":{"rendered":"\n<h1 class=\"wp-block-heading\">Amanprana sertifikater<\/h1>\n\n<p>Begrepene &laquo;bio&raquo; og &laquo;organisk&raquo; er beskyttede termer. Ikke alle kan bruke disse navnene akkurat slik. Hvis du vil bruke disse vilk\u00e5rene som et selskap, m\u00e5 produktene dine v\u00e6re i samsvar med produksjonsreglene som fastsatt i lovgivningen. I tillegg er du forpliktet til \u00e5 la inspeksjonen utf\u00f8res av et anerkjent inspeksjonsorgan.<\/p>\n\n<p><a href=\"https:\/\/www.tuv-nord.com\/\">T\u00dcV NORD INTEGRA<\/a> er et anerkjent og uavhengig inspeksjonsorgan som inspiserer produktene v\u00e5re hvert \u00e5r.<\/p>\n\n<p>Vi mottar ogs\u00e5 Natrue-sertifikatet. Slik at vi kan gi pleieproduktene v\u00e5re Natrue-merket. <strong><a href=\"https:\/\/www.natrue.org\/\">Natrue<\/a> <\/strong>er en organisasjon som beskytter og markedsf\u00f8rer naturlige og organiske pleieprodukter.<\/p>\n","protected":false},"excerpt":{"rendered":"<p>Amanprana sertifikater Begrepene &laquo;bio&raquo; og &laquo;organisk&raquo; er beskyttede termer. Ikke alle kan bruke disse navnene akkurat slik. Hvis du vil bruke disse vilk\u00e5rene som et selskap, m\u00e5 produktene dine v\u00e6re &#8230;<\/p>\n","protected":false},"author":15,"featured_media":0,"parent":0,"menu_order":35,"comment_status":"closed","ping_status":"closed","template":"page-certificaat.php","meta":{"_acf_changed":false,"rating_form_position":"","rating_results_position":"","mr_structured_data_type":"","footnotes":""},"class_list":["post-60169","page","type-page","status-publish","hentry","no-post-thumbnail"],"acf":[],"yoast_head":"<!-- This site is optimized with the Yoast SEO plugin v24.7 - https:\/\/yoast.com\/wordpress\/plugins\/seo\/ -->\n<title>Vis Amanprana-sertifikater | Organisk | Natrue | Kosher<\/title>\n<meta name=\"description\" content=\"Begrepene &quot;bio&quot; og &quot;organisk&quot; er beskyttede termer. Ikke alle kan bruke disse navnene akkurat slik. Vis Amanprana-sertifikater\" \/>\n<meta name=\"robots\" content=\"noindex, nofollow\" \/>\n<meta property=\"og:locale\" content=\"nb_NO\" \/>\n<meta property=\"og:type\" content=\"article\" \/>\n<meta property=\"og:title\" content=\"Vis Amanprana-sertifikater | Organisk | Natrue | Kosher\" \/>\n<meta property=\"og:description\" content=\"Begrepene &quot;bio&quot; og &quot;organisk&quot; er beskyttede termer. Ikke alle kan bruke disse navnene akkurat slik. Vis Amanprana-sertifikater\" \/>\n<meta property=\"og:url\" content=\"https:\/\/www.amanprana.eu\/nb\/sertifikater\/\" \/>\n<meta property=\"og:site_name\" content=\"Amanprana\" \/>\n<meta property=\"article:publisher\" content=\"https:\/\/www.facebook.com\/Amanpranaproducts\/\" \/>\n<meta property=\"article:modified_time\" content=\"2022-07-19T08:18:05+00:00\" \/>\n<meta property=\"og:image\" content=\"https:\/\/www.amanprana.eu\/wp-content\/uploads\/hires-amanprana-logo.jpg\" \/>\n\t<meta property=\"og:image:width\" content=\"2362\" \/>\n\t<meta property=\"og:image:height\" content=\"2362\" \/>\n\t<meta property=\"og:image:type\" content=\"image\/jpeg\" \/>\n<meta name=\"twitter:card\" content=\"summary_large_image\" \/>\n<script type=\"application\/ld+json\" class=\"yoast-schema-graph\">{\"@context\":\"https:\/\/schema.org\",\"@graph\":[{\"@type\":\"WebPage\",\"@id\":\"https:\/\/www.amanprana.eu\/nb\/sertifikater\/\",\"url\":\"https:\/\/www.amanprana.eu\/nb\/sertifikater\/\",\"name\":\"Vis Amanprana-sertifikater | Organisk | Natrue | Kosher\",\"isPartOf\":{\"@id\":\"https:\/\/www.amanprana.eu\/nb\/#website\"},\"datePublished\":\"2020-12-08T15:04:59+00:00\",\"dateModified\":\"2022-07-19T08:18:05+00:00\",\"description\":\"Begrepene \\\"bio\\\" og \\\"organisk\\\" er beskyttede termer. Ikke alle kan bruke disse navnene akkurat slik. Vis Amanprana-sertifikater\",\"breadcrumb\":{\"@id\":\"https:\/\/www.amanprana.eu\/nb\/sertifikater\/#breadcrumb\"},\"inLanguage\":\"nb-NO\",\"potentialAction\":[{\"@type\":\"ReadAction\",\"target\":[\"https:\/\/www.amanprana.eu\/nb\/sertifikater\/\"]}]},{\"@type\":\"BreadcrumbList\",\"@id\":\"https:\/\/www.amanprana.eu\/nb\/sertifikater\/#breadcrumb\",\"itemListElement\":[{\"@type\":\"ListItem\",\"position\":1,\"name\":\"Amanprana.eu\",\"item\":\"https:\/\/www.amanprana.eu\/nb\/\"},{\"@type\":\"ListItem\",\"position\":2,\"name\":\"Sertifikater\"}]},{\"@type\":\"WebSite\",\"@id\":\"https:\/\/www.amanprana.eu\/nb\/#website\",\"url\":\"https:\/\/www.amanprana.eu\/nb\/\",\"name\":\"Amanprana\",\"description\":\"Serene levenskracht\",\"publisher\":{\"@id\":\"https:\/\/www.amanprana.eu\/nb\/#organization\"},\"potentialAction\":[{\"@type\":\"SearchAction\",\"target\":{\"@type\":\"EntryPoint\",\"urlTemplate\":\"https:\/\/www.amanprana.eu\/nb\/?s={search_term_string}\"},\"query-input\":{\"@type\":\"PropertyValueSpecification\",\"valueRequired\":true,\"valueName\":\"search_term_string\"}}],\"inLanguage\":\"nb-NO\"},{\"@type\":\"Organization\",\"@id\":\"https:\/\/www.amanprana.eu\/nb\/#organization\",\"name\":\"Amanprana\",\"url\":\"https:\/\/www.amanprana.eu\/nb\/\",\"logo\":{\"@type\":\"ImageObject\",\"inLanguage\":\"nb-NO\",\"@id\":\"https:\/\/www.amanprana.eu\/nb\/#\/schema\/logo\/image\/\",\"url\":\"https:\/\/www.amanprana.eu\/wp-content\/uploads\/webres-amanprana-logo.jpg\",\"contentUrl\":\"https:\/\/www.amanprana.eu\/wp-content\/uploads\/webres-amanprana-logo.jpg\",\"width\":300,\"height\":300,\"caption\":\"Amanprana\"},\"image\":{\"@id\":\"https:\/\/www.amanprana.eu\/nb\/#\/schema\/logo\/image\/\"},\"sameAs\":[\"https:\/\/www.facebook.com\/Amanpranaproducts\/\",\"https:\/\/www.instagram.com\/amanprana\/\",\"https:\/\/nl.pinterest.com\/amanprana\/pins\/\"]}]}<\/script>\n<!-- \/ Yoast SEO plugin. -->","yoast_head_json":{"title":"Vis Amanprana-sertifikater | Organisk | Natrue | Kosher","description":"Begrepene \"bio\" og \"organisk\" er beskyttede termer. Ikke alle kan bruke disse navnene akkurat slik. Vis Amanprana-sertifikater","robots":{"index":"noindex","follow":"nofollow"},"og_locale":"nb_NO","og_type":"article","og_title":"Vis Amanprana-sertifikater | Organisk | Natrue | Kosher","og_description":"Begrepene \"bio\" og \"organisk\" er beskyttede termer. Ikke alle kan bruke disse navnene akkurat slik. Vis Amanprana-sertifikater","og_url":"https:\/\/www.amanprana.eu\/nb\/sertifikater\/","og_site_name":"Amanprana","article_publisher":"https:\/\/www.facebook.com\/Amanpranaproducts\/","article_modified_time":"2022-07-19T08:18:05+00:00","og_image":[{"width":2362,"height":2362,"url":"https:\/\/www.amanprana.eu\/wp-content\/uploads\/hires-amanprana-logo.jpg","type":"image\/jpeg"}],"twitter_card":"summary_large_image","schema":{"@context":"https:\/\/schema.org","@graph":[{"@type":"WebPage","@id":"https:\/\/www.amanprana.eu\/nb\/sertifikater\/","url":"https:\/\/www.amanprana.eu\/nb\/sertifikater\/","name":"Vis Amanprana-sertifikater | Organisk | Natrue | Kosher","isPartOf":{"@id":"https:\/\/www.amanprana.eu\/nb\/#website"},"datePublished":"2020-12-08T15:04:59+00:00","dateModified":"2022-07-19T08:18:05+00:00","description":"Begrepene \"bio\" og \"organisk\" er beskyttede termer. Ikke alle kan bruke disse navnene akkurat slik. Vis Amanprana-sertifikater","breadcrumb":{"@id":"https:\/\/www.amanprana.eu\/nb\/sertifikater\/#breadcrumb"},"inLanguage":"nb-NO","potentialAction":[{"@type":"ReadAction","target":["https:\/\/www.amanprana.eu\/nb\/sertifikater\/"]}]},{"@type":"BreadcrumbList","@id":"https:\/\/www.amanprana.eu\/nb\/sertifikater\/#breadcrumb","itemListElement":[{"@type":"ListItem","position":1,"name":"Amanprana.eu","item":"https:\/\/www.amanprana.eu\/nb\/"},{"@type":"ListItem","position":2,"name":"Sertifikater"}]},{"@type":"WebSite","@id":"https:\/\/www.amanprana.eu\/nb\/#website","url":"https:\/\/www.amanprana.eu\/nb\/","name":"Amanprana","description":"Serene levenskracht","publisher":{"@id":"https:\/\/www.amanprana.eu\/nb\/#organization"},"potentialAction":[{"@type":"SearchAction","target":{"@type":"EntryPoint","urlTemplate":"https:\/\/www.amanprana.eu\/nb\/?s={search_term_string}"},"query-input":{"@type":"PropertyValueSpecification","valueRequired":true,"valueName":"search_term_string"}}],"inLanguage":"nb-NO"},{"@type":"Organization","@id":"https:\/\/www.amanprana.eu\/nb\/#organization","name":"Amanprana","url":"https:\/\/www.amanprana.eu\/nb\/","logo":{"@type":"ImageObject","inLanguage":"nb-NO","@id":"https:\/\/www.amanprana.eu\/nb\/#\/schema\/logo\/image\/","url":"https:\/\/www.amanprana.eu\/wp-content\/uploads\/webres-amanprana-logo.jpg","contentUrl":"https:\/\/www.amanprana.eu\/wp-content\/uploads\/webres-amanprana-logo.jpg","width":300,"height":300,"caption":"Amanprana"},"image":{"@id":"https:\/\/www.amanprana.eu\/nb\/#\/schema\/logo\/image\/"},"sameAs":["https:\/\/www.facebook.com\/Amanpranaproducts\/","https:\/\/www.instagram.com\/amanprana\/","https:\/\/nl.pinterest.com\/amanprana\/pins\/"]}]}},"multi-rating":{"mr_rating_results":[]},"_links":{"self":[{"href":"https:\/\/www.amanprana.eu\/nb\/wp-json\/wp\/v2\/pages\/60169","targetHints":{"allow":["GET"]}}],"collection":[{"href":"https:\/\/www.amanprana.eu\/nb\/wp-json\/wp\/v2\/pages"}],"about":[{"href":"https:\/\/www.amanprana.eu\/nb\/wp-json\/wp\/v2\/types\/page"}],"author":[{"embeddable":true,"href":"https:\/\/www.amanprana.eu\/nb\/wp-json\/wp\/v2\/users\/15"}],"replies":[{"embeddable":true,"href":"https:\/\/www.amanprana.eu\/nb\/wp-json\/wp\/v2\/comments?post=60169"}],"version-history":[{"count":4,"href":"https:\/\/www.amanprana.eu\/nb\/wp-json\/wp\/v2\/pages\/60169\/revisions"}],"predecessor-version":[{"id":82838,"href":"https:\/\/www.amanprana.eu\/nb\/wp-json\/wp\/v2\/pages\/60169\/revisions\/82838"}],"wp:attachment":[{"href":"https:\/\/www.amanprana.eu\/nb\/wp-json\/wp\/v2\/media?parent=60169"}],"curies":[{"name":"wp","href":"https:\/\/api.w.org\/{rel}","templated":true}]}}