

{"id":61505,"date":"2021-01-08T13:29:01","date_gmt":"2021-01-08T12:29:01","guid":{"rendered":"https:\/\/www.amanprana.eu\/baerekraftig-emballasjemateriale\/"},"modified":"2022-06-29T18:42:28","modified_gmt":"2022-06-29T16:42:28","slug":"baerekraftig-emballasjemateriale","status":"publish","type":"page","link":"https:\/\/www.amanprana.eu\/nb\/filosofi\/baerekraftig-emballasjemateriale\/","title":{"rendered":"B\u00e6rekraftig emballasjemateriale"},"content":{"rendered":"\n<p><strong>For oss vil b\u00e6rekraftige emballasjematerialer si at i stedet for plastemballasje, velger vi glass, \u00f8kologisk papir og ingen varepr\u00f8ver.<\/strong><\/p>\n\n<p>Hos Amanprana foretrekker vi glass fremfor plast. Vi fors\u00f8ker kun \u00e5 skrive ut dokumenter med klimavennlig blekk p\u00e5 \u00f8kologisk papir. Vi ser p\u00e5 det som en n\u00f8dvendighet \u00e5 ta i bruk \u00f8kologisk og sunn emballasje. Vi er investert i helheten, f.eks. hvordan alle separate hendelser kan belaste milj\u00f8et og kloden vi bor p\u00e5; derfor har produktene v\u00e5re blitt behandlet s\u00e5 lite som mulig, og p\u00e5 en \u00f8kologisk og klimavennlig m\u00e5te. Vi tar hensyn til mennesker, dyr og milj\u00f8et s\u00e5 mye som mulig under produksjonsprosessene v\u00e5re.<\/p>\n\n<h2 class=\"wp-block-heading\">Vugge-til-vugge-prinsippet<\/h2>\n\n<p>Hos Amanprana tror vi sterkt p\u00e5 vugge-til-vugge-prinsippet (cradle-to-cradle). Vugge-til-vugge-prinsippet er en revolusjonerende visjon om produktbehandling utviklet av den tyske kjemikeren Michael Braungart og den amerikanske arkitekten William McDonough i 2002. Visjonens kjernebeskjed er: Avfall = mat. Avfallet fra ett produkt blir r\u00e5varen til det neste.<\/p>\n\n<p>Vugge-til-vugge-prinsippet differensierer mellom fem steg p\u00e5 vei mot milj\u00f8vennlig produktdesign:<\/p>\n\n<ol class=\"wp-block-list\"><li>Ikke bruk stoffer som er kjent for \u00e5 v\u00e6re skadelige.<\/li><li>I de tilfeller der 100 % sikkerhet om skaderisiko i forbindelse med et produkt eller et stoff ikke er mulig, m\u00e5 du fors\u00f8ke \u00e5 v\u00e6re s\u00e5 sikker som mulig i valgene dine.&#13;\n<\/li><li>Opprett en &laquo;Positiv liste&raquo; med stoffer som har vist seg \u00e5 v\u00e6re ufarlige og trygge \u00e5 bruke.&#13;\n<\/li><li>Kun anvend deg av stoffer fra den Positive listen.<\/li><li>Gj\u00f8r det samme p\u00e5 nytt igjen.<\/li><\/ol>\n\n<h2 class=\"wp-block-heading\">Hvorfor en glassbeholder som emballasje?<\/h2>\n\n<p>Glassemballasje er bedre for b\u00e5de helsen din og milj\u00f8et v\u00e5rt.<\/p>\n\n<p>Produkter med glassemballasje er ikke bare bedre for helsen din, men ogs\u00e5 en vinner for milj\u00f8et. Glass er laget av naturlige r\u00e5materialer. Det er ingen giftige stoffer \u00e5 finne, i motsetning til de mengder som du finner i plastflasker. Tenk p\u00e5 stoffer som vinylklorid og dioksiner. Disse kommer begge til \u00e5 v\u00e6re i luften vi puster inn hver gang det brennes plast. Glass blir ikke liggende igjen i milj\u00f8et som en ettervirkning.<\/p>\n\n<h2 class=\"wp-block-heading\">B\u00e6rekraftige etiketter, FSC-kartongemballasje og organisk lim<\/h2>\n\n<p>Alle etiketter og all kartongemballasje som medf\u00f8lger Amanpranas produkter er laget av organisk papir. Etikettene er laget av sukkerr\u00f8rfibre. Sukkerr\u00f8rfiberpapiret er laget av avfall fra sukkerr\u00f8rplantasjer. Dette vil si at sukkeret ekstraheres og fibrene deretter anvendes til \u00e5 lage papir. Dermed ofres det ingen tr\u00e6r eller mat til dette form\u00e5l. Det er ogs\u00e5 en b\u00e6rekraftig l\u00f8sning siden materialet kun trenger \u00e5 g\u00e5 gjennom en kort behandling for \u00e5 bli omgjort til papir. P\u00e5 denne m\u00e5ten forblir produktet s\u00e5 n\u00e6rme naturen som mulig, og i etterkant sv\u00e6rt vennlig \u00e5 kompostere. Med dette sagt, kombinert med v\u00e5rt organiske lim for festing av etikettene p\u00e5 glassemballasjen, produserer vi en pen, effektiv og milj\u00f8vennlig etikett som passer rett inn i Amanpranas b\u00e6rekraftige filosofier.<\/p>\n\n<h2 class=\"wp-block-heading\">Amanprana fokuserer p\u00e5 mer enn b\u00e6rekraftig emballasjemateriale<\/h2>\n\n<p>Vi pr\u00f8ver \u00e5 ta milj\u00f8et v\u00e5rt i betraktning s\u00e5 mye som mulig under produksjonsprosessene v\u00e5re. Rengj\u00f8ringsproduktene vi bruker i produksjonsprosesser, og ellers i arbeidslivet, er produsert med plantebaserte ingredienser s\u00e5 langt det lar seg gj\u00f8re. Alt papir som vi bruker p\u00e5 kontorene v\u00e5re har et FSC-kvalitetsmerke. Vi er sv\u00e6rt bevisste p\u00e5 \u00e5 ikke skrive ut papirer un\u00f8dvendig mye, og i alle tilfeller er vi obs p\u00e5 \u00e5 gjenbruke papirdokumenter; vi legger dem til som beskyttende materialer i ordreforsendelsene v\u00e5re, for \u00e5 forhindre st\u00f8t og risting under transport.<\/p>\n\n<h2 class=\"wp-block-heading\">Amanprana har ingen varepr\u00f8ver\/samples\/testpr\u00f8ver<\/h2>\n\n<p>I tillegg til \u00e5 tilby b\u00e6rekraftig emballasjemateriale har Amanprana ingen varepr\u00f8ver \u00e5 by p\u00e5. Dette er et bevisst valg. Ikke bare spares det un\u00f8dvendig emballasje p\u00e5 denne m\u00e5ten. Dette sikrer ogs\u00e5 at i tillegg til dagens produksjonsprosess for produktene som selges, finnes det ogs\u00e5 en separat produksjonsprosess for varepr\u00f8vene. Vi forst\u00e5r at du som en (potensiell) kunde \u00f8nsker \u00e5 teste produktene v\u00e5re, s\u00e5 vi tilbyr produkter fra ulike utsalgssteder som kan testes p\u00e5 stedet. Sp\u00f8r forhandleren om denne muligheten er tilgjengelig.<\/p>\n\n<h2 class=\"wp-block-heading\">Chantal Voets velger ansvarlig papir og trykk for boken Spis godt, det gj\u00f8r deg godt<\/h2>\n\n<p>Asiatisk innflytelse p\u00e5 omslaget til boken Eat well, it does you good av Chantal Voets Chantal valgte en innbundet bok med \u00e5pen rygg og et omslag som \u00e5pnes p\u00e5 venstre side. P\u00e5 grunn av mange reiser i Asia og hennes tilh\u00f8righet til \u00f8stlige filosofier og \u00f8stlig mat, er omslaget japansk inspirert. Chantal: \u201cVi henter ogs\u00e5 inspirasjon fra \u00f8st til v\u00e5re Amanprana -produkter. Boken gjenspeiler det. &laquo;<\/p>\n\n<p>Se boken<\/p>\n\n<div class=\"wp-block-media-text alignwide is-stacked-on-mobile\" style=\"grid-template-columns:20% auto\"><figure class=\"wp-block-media-text__media\"><img decoding=\"async\" width=\"219\" height=\"250\" src=\"https:\/\/www.amanprana.eu\/wp-content\/uploads\/Milieuvriendelijke-papier-met-FSC-keurmerk.jpg\" alt=\"Milj\u00f8vennlig papir med FSC -kvalitetsmerke brukt p\u00e5 skriver Spis godt, det gj\u00f8r deg godt\" class=\"wp-image-56422 size-full\" srcset=\"https:\/\/www.amanprana.eu\/wp-content\/uploads\/Milieuvriendelijke-papier-met-FSC-keurmerk.jpg 219w, https:\/\/www.amanprana.eu\/wp-content\/uploads\/Milieuvriendelijke-papier-met-FSC-keurmerk-100x114.jpg 100w\" sizes=\"(max-width: 219px) 100vw, 219px\" \/><\/figure><div class=\"wp-block-media-text__content\">\n<p class=\"has-medium-font-size\">Milj\u00f8vennlig papir med FSC-kvalitetsmerke som brukes av skriver Spis godt, det gj\u00f8r deg godt Papiret er Bioset-papir som er trefritt, ubelagt og naturlig. Bare 3 liter vann brukes til produksjon av 1 gk papir (10 liter er vanlig). Papiret er FSC-sertifisert og klorfritt (TCF) produsert; Produsenten av papiret (Arctic Paper) er et CO2 -vennlig selskap med EMA -godkjenning (Eco Management and Audit Scheme)<\/p>\n<\/div><\/div>\n\n<p>Drukkerij Graphius i Gent innser at milj\u00f8et er viktig: en av de mest milj\u00f8vennlige trykkeriene i Belgia.Boken ble trykt p\u00e5 Drukkerij Graphius i Gent. De er veldig klar over at aktivitetene deres kan p\u00e5virke milj\u00f8et. Som et resultat er de veldig strenge med alle standarder og forskrifter, og de minimerer alle negative effekter. Boken Spis godt som gj\u00f8r deg godt, er trykt alkoholfritt med gr\u00f8nnsaksblekk, gr\u00f8nn elektrisitet og mest \u00f8konomisk bruk av blekk.<\/p>\n","protected":false},"excerpt":{"rendered":"<p>For oss vil b\u00e6rekraftige emballasjematerialer si at i stedet for plastemballasje, velger vi glass, \u00f8kologisk papir og ingen varepr\u00f8ver. Hos Amanprana foretrekker vi glass fremfor plast. Vi fors\u00f8ker kun \u00e5 &#8230;<\/p>\n","protected":false},"author":9,"featured_media":0,"parent":48697,"menu_order":56,"comment_status":"closed","ping_status":"closed","template":"","meta":{"_acf_changed":false,"rating_form_position":"","rating_results_position":"","mr_structured_data_type":"","footnotes":""},"class_list":["post-61505","page","type-page","status-publish","hentry","no-post-thumbnail"],"acf":[],"yoast_head":"<!-- This site is optimized with the Yoast SEO plugin v24.7 - https:\/\/yoast.com\/wordpress\/plugins\/seo\/ -->\n<title>Hva gj\u00f8r emballasjen til Amanpranas produkter b\u00e6rekraftig?<\/title>\n<meta name=\"description\" content=\"B\u00e6rekraftig emballasjemateriale betyr for Amanprana: Glass over plastemballasje, \u00f8kologisk papir og ingen testpr\u00f8ver.\" \/>\n<meta name=\"robots\" content=\"index, follow, max-snippet:-1, max-image-preview:large, max-video-preview:-1\" \/>\n<link rel=\"canonical\" href=\"https:\/\/www.amanprana.eu\/nb\/filosofi\/baerekraftig-emballasjemateriale\/\" \/>\n<meta property=\"og:locale\" content=\"nb_NO\" \/>\n<meta property=\"og:type\" content=\"article\" \/>\n<meta property=\"og:title\" content=\"Hva gj\u00f8r emballasjen til Amanpranas produkter b\u00e6rekraftig?\" \/>\n<meta property=\"og:description\" content=\"B\u00e6rekraftig emballasjemateriale betyr for Amanprana: Glass over plastemballasje, \u00f8kologisk papir og ingen testpr\u00f8ver.\" \/>\n<meta property=\"og:url\" content=\"https:\/\/www.amanprana.eu\/nb\/filosofi\/baerekraftig-emballasjemateriale\/\" \/>\n<meta property=\"og:site_name\" content=\"Amanprana\" \/>\n<meta property=\"article:publisher\" content=\"https:\/\/www.facebook.com\/Amanpranaproducts\/\" \/>\n<meta property=\"article:modified_time\" content=\"2022-06-29T16:42:28+00:00\" \/>\n<meta property=\"og:image\" content=\"https:\/\/www.amanprana.eu\/wp-content\/uploads\/Milieuvriendelijke-papier-met-FSC-keurmerk.jpg\" \/>\n<meta name=\"twitter:card\" content=\"summary_large_image\" \/>\n<meta name=\"twitter:label1\" content=\"Ansl. lesetid\" \/>\n\t<meta name=\"twitter:data1\" content=\"4 minutter\" \/>\n<script type=\"application\/ld+json\" class=\"yoast-schema-graph\">{\"@context\":\"https:\/\/schema.org\",\"@graph\":[{\"@type\":\"WebPage\",\"@id\":\"https:\/\/www.amanprana.eu\/nb\/filosofi\/baerekraftig-emballasjemateriale\/\",\"url\":\"https:\/\/www.amanprana.eu\/nb\/filosofi\/baerekraftig-emballasjemateriale\/\",\"name\":\"Hva gj\u00f8r emballasjen til Amanpranas produkter b\u00e6rekraftig?\",\"isPartOf\":{\"@id\":\"https:\/\/www.amanprana.eu\/nb\/#website\"},\"primaryImageOfPage\":{\"@id\":\"https:\/\/www.amanprana.eu\/nb\/filosofi\/baerekraftig-emballasjemateriale\/#primaryimage\"},\"image\":{\"@id\":\"https:\/\/www.amanprana.eu\/nb\/filosofi\/baerekraftig-emballasjemateriale\/#primaryimage\"},\"thumbnailUrl\":\"https:\/\/www.amanprana.eu\/wp-content\/uploads\/Milieuvriendelijke-papier-met-FSC-keurmerk.jpg\",\"datePublished\":\"2021-01-08T12:29:01+00:00\",\"dateModified\":\"2022-06-29T16:42:28+00:00\",\"description\":\"B\u00e6rekraftig emballasjemateriale betyr for Amanprana: Glass over plastemballasje, \u00f8kologisk papir og ingen testpr\u00f8ver.\",\"breadcrumb\":{\"@id\":\"https:\/\/www.amanprana.eu\/nb\/filosofi\/baerekraftig-emballasjemateriale\/#breadcrumb\"},\"inLanguage\":\"nb-NO\",\"potentialAction\":[{\"@type\":\"ReadAction\",\"target\":[\"https:\/\/www.amanprana.eu\/nb\/filosofi\/baerekraftig-emballasjemateriale\/\"]}]},{\"@type\":\"ImageObject\",\"inLanguage\":\"nb-NO\",\"@id\":\"https:\/\/www.amanprana.eu\/nb\/filosofi\/baerekraftig-emballasjemateriale\/#primaryimage\",\"url\":\"https:\/\/www.amanprana.eu\/wp-content\/uploads\/Milieuvriendelijke-papier-met-FSC-keurmerk.jpg\",\"contentUrl\":\"https:\/\/www.amanprana.eu\/wp-content\/uploads\/Milieuvriendelijke-papier-met-FSC-keurmerk.jpg\"},{\"@type\":\"BreadcrumbList\",\"@id\":\"https:\/\/www.amanprana.eu\/nb\/filosofi\/baerekraftig-emballasjemateriale\/#breadcrumb\",\"itemListElement\":[{\"@type\":\"ListItem\",\"position\":1,\"name\":\"Amanprana.eu\",\"item\":\"https:\/\/www.amanprana.eu\/nb\/\"},{\"@type\":\"ListItem\",\"position\":2,\"name\":\"Filosofi\",\"item\":\"https:\/\/www.amanprana.eu\/nb\/filosofi\/\"},{\"@type\":\"ListItem\",\"position\":3,\"name\":\"B\u00e6rekraftig emballasjemateriale\"}]},{\"@type\":\"WebSite\",\"@id\":\"https:\/\/www.amanprana.eu\/nb\/#website\",\"url\":\"https:\/\/www.amanprana.eu\/nb\/\",\"name\":\"Amanprana\",\"description\":\"Serene levenskracht\",\"publisher\":{\"@id\":\"https:\/\/www.amanprana.eu\/nb\/#organization\"},\"potentialAction\":[{\"@type\":\"SearchAction\",\"target\":{\"@type\":\"EntryPoint\",\"urlTemplate\":\"https:\/\/www.amanprana.eu\/nb\/?s={search_term_string}\"},\"query-input\":{\"@type\":\"PropertyValueSpecification\",\"valueRequired\":true,\"valueName\":\"search_term_string\"}}],\"inLanguage\":\"nb-NO\"},{\"@type\":\"Organization\",\"@id\":\"https:\/\/www.amanprana.eu\/nb\/#organization\",\"name\":\"Amanprana\",\"url\":\"https:\/\/www.amanprana.eu\/nb\/\",\"logo\":{\"@type\":\"ImageObject\",\"inLanguage\":\"nb-NO\",\"@id\":\"https:\/\/www.amanprana.eu\/nb\/#\/schema\/logo\/image\/\",\"url\":\"https:\/\/www.amanprana.eu\/wp-content\/uploads\/webres-amanprana-logo.jpg\",\"contentUrl\":\"https:\/\/www.amanprana.eu\/wp-content\/uploads\/webres-amanprana-logo.jpg\",\"width\":300,\"height\":300,\"caption\":\"Amanprana\"},\"image\":{\"@id\":\"https:\/\/www.amanprana.eu\/nb\/#\/schema\/logo\/image\/\"},\"sameAs\":[\"https:\/\/www.facebook.com\/Amanpranaproducts\/\",\"https:\/\/www.instagram.com\/amanprana\/\",\"https:\/\/nl.pinterest.com\/amanprana\/pins\/\"]}]}<\/script>\n<!-- \/ Yoast SEO plugin. -->","yoast_head_json":{"title":"Hva gj\u00f8r emballasjen til Amanpranas produkter b\u00e6rekraftig?","description":"B\u00e6rekraftig emballasjemateriale betyr for Amanprana: Glass over plastemballasje, \u00f8kologisk papir og ingen testpr\u00f8ver.","robots":{"index":"index","follow":"follow","max-snippet":"max-snippet:-1","max-image-preview":"max-image-preview:large","max-video-preview":"max-video-preview:-1"},"canonical":"https:\/\/www.amanprana.eu\/nb\/filosofi\/baerekraftig-emballasjemateriale\/","og_locale":"nb_NO","og_type":"article","og_title":"Hva gj\u00f8r emballasjen til Amanpranas produkter b\u00e6rekraftig?","og_description":"B\u00e6rekraftig emballasjemateriale betyr for Amanprana: Glass over plastemballasje, \u00f8kologisk papir og ingen testpr\u00f8ver.","og_url":"https:\/\/www.amanprana.eu\/nb\/filosofi\/baerekraftig-emballasjemateriale\/","og_site_name":"Amanprana","article_publisher":"https:\/\/www.facebook.com\/Amanpranaproducts\/","article_modified_time":"2022-06-29T16:42:28+00:00","og_image":[{"url":"https:\/\/www.amanprana.eu\/wp-content\/uploads\/Milieuvriendelijke-papier-met-FSC-keurmerk.jpg","type":"","width":"","height":""}],"twitter_card":"summary_large_image","twitter_misc":{"Ansl. lesetid":"4 minutter"},"schema":{"@context":"https:\/\/schema.org","@graph":[{"@type":"WebPage","@id":"https:\/\/www.amanprana.eu\/nb\/filosofi\/baerekraftig-emballasjemateriale\/","url":"https:\/\/www.amanprana.eu\/nb\/filosofi\/baerekraftig-emballasjemateriale\/","name":"Hva gj\u00f8r emballasjen til Amanpranas produkter b\u00e6rekraftig?","isPartOf":{"@id":"https:\/\/www.amanprana.eu\/nb\/#website"},"primaryImageOfPage":{"@id":"https:\/\/www.amanprana.eu\/nb\/filosofi\/baerekraftig-emballasjemateriale\/#primaryimage"},"image":{"@id":"https:\/\/www.amanprana.eu\/nb\/filosofi\/baerekraftig-emballasjemateriale\/#primaryimage"},"thumbnailUrl":"https:\/\/www.amanprana.eu\/wp-content\/uploads\/Milieuvriendelijke-papier-met-FSC-keurmerk.jpg","datePublished":"2021-01-08T12:29:01+00:00","dateModified":"2022-06-29T16:42:28+00:00","description":"B\u00e6rekraftig emballasjemateriale betyr for Amanprana: Glass over plastemballasje, \u00f8kologisk papir og ingen testpr\u00f8ver.","breadcrumb":{"@id":"https:\/\/www.amanprana.eu\/nb\/filosofi\/baerekraftig-emballasjemateriale\/#breadcrumb"},"inLanguage":"nb-NO","potentialAction":[{"@type":"ReadAction","target":["https:\/\/www.amanprana.eu\/nb\/filosofi\/baerekraftig-emballasjemateriale\/"]}]},{"@type":"ImageObject","inLanguage":"nb-NO","@id":"https:\/\/www.amanprana.eu\/nb\/filosofi\/baerekraftig-emballasjemateriale\/#primaryimage","url":"https:\/\/www.amanprana.eu\/wp-content\/uploads\/Milieuvriendelijke-papier-met-FSC-keurmerk.jpg","contentUrl":"https:\/\/www.amanprana.eu\/wp-content\/uploads\/Milieuvriendelijke-papier-met-FSC-keurmerk.jpg"},{"@type":"BreadcrumbList","@id":"https:\/\/www.amanprana.eu\/nb\/filosofi\/baerekraftig-emballasjemateriale\/#breadcrumb","itemListElement":[{"@type":"ListItem","position":1,"name":"Amanprana.eu","item":"https:\/\/www.amanprana.eu\/nb\/"},{"@type":"ListItem","position":2,"name":"Filosofi","item":"https:\/\/www.amanprana.eu\/nb\/filosofi\/"},{"@type":"ListItem","position":3,"name":"B\u00e6rekraftig emballasjemateriale"}]},{"@type":"WebSite","@id":"https:\/\/www.amanprana.eu\/nb\/#website","url":"https:\/\/www.amanprana.eu\/nb\/","name":"Amanprana","description":"Serene levenskracht","publisher":{"@id":"https:\/\/www.amanprana.eu\/nb\/#organization"},"potentialAction":[{"@type":"SearchAction","target":{"@type":"EntryPoint","urlTemplate":"https:\/\/www.amanprana.eu\/nb\/?s={search_term_string}"},"query-input":{"@type":"PropertyValueSpecification","valueRequired":true,"valueName":"search_term_string"}}],"inLanguage":"nb-NO"},{"@type":"Organization","@id":"https:\/\/www.amanprana.eu\/nb\/#organization","name":"Amanprana","url":"https:\/\/www.amanprana.eu\/nb\/","logo":{"@type":"ImageObject","inLanguage":"nb-NO","@id":"https:\/\/www.amanprana.eu\/nb\/#\/schema\/logo\/image\/","url":"https:\/\/www.amanprana.eu\/wp-content\/uploads\/webres-amanprana-logo.jpg","contentUrl":"https:\/\/www.amanprana.eu\/wp-content\/uploads\/webres-amanprana-logo.jpg","width":300,"height":300,"caption":"Amanprana"},"image":{"@id":"https:\/\/www.amanprana.eu\/nb\/#\/schema\/logo\/image\/"},"sameAs":["https:\/\/www.facebook.com\/Amanpranaproducts\/","https:\/\/www.instagram.com\/amanprana\/","https:\/\/nl.pinterest.com\/amanprana\/pins\/"]}]}},"multi-rating":{"mr_rating_results":[]},"_links":{"self":[{"href":"https:\/\/www.amanprana.eu\/nb\/wp-json\/wp\/v2\/pages\/61505","targetHints":{"allow":["GET"]}}],"collection":[{"href":"https:\/\/www.amanprana.eu\/nb\/wp-json\/wp\/v2\/pages"}],"about":[{"href":"https:\/\/www.amanprana.eu\/nb\/wp-json\/wp\/v2\/types\/page"}],"author":[{"embeddable":true,"href":"https:\/\/www.amanprana.eu\/nb\/wp-json\/wp\/v2\/users\/9"}],"replies":[{"embeddable":true,"href":"https:\/\/www.amanprana.eu\/nb\/wp-json\/wp\/v2\/comments?post=61505"}],"version-history":[{"count":4,"href":"https:\/\/www.amanprana.eu\/nb\/wp-json\/wp\/v2\/pages\/61505\/revisions"}],"predecessor-version":[{"id":80846,"href":"https:\/\/www.amanprana.eu\/nb\/wp-json\/wp\/v2\/pages\/61505\/revisions\/80846"}],"up":[{"embeddable":true,"href":"https:\/\/www.amanprana.eu\/nb\/wp-json\/wp\/v2\/pages\/48697"}],"wp:attachment":[{"href":"https:\/\/www.amanprana.eu\/nb\/wp-json\/wp\/v2\/media?parent=61505"}],"curies":[{"name":"wp","href":"https:\/\/api.w.org\/{rel}","templated":true}]}}